{"id":11130,"date":"2024-03-05T14:56:42","date_gmt":"2024-03-05T13:56:42","guid":{"rendered":"https:\/\/kliniksanktmoritz.ch\/?page_id=11130"},"modified":"2024-03-05T14:57:11","modified_gmt":"2024-03-05T13:57:11","slug":"podcast","status":"publish","type":"page","link":"https:\/\/kliniksanktmoritz.ch\/de\/podcast\/","title":{"rendered":"Podcast"},"content":{"rendered":"<section class=\"bde-section-11130-100 bde-section\">\n  \n  \n\t\n\n\n\n<div class=\"section-container\"><h1 class=\"bde-dual-heading-11130-101 bde-dual-heading\">\n\n\n            <span data-style=\"primary\" class=\"dual-heading--primary\"><\/span>\n\n            <span data-style=\"secondary\" class=\"dual-heading--secondary\">Podcast<\/span>\n\n\n\n<\/h1><div class=\"bde-rich-text-11130-102 bde-rich-text breakdance-rich-text-styles\">\n<p>Auf unserem YouTube-Kanal finden Sie unseren Podcast<\/p>\n<p><strong>Der Lebensstil eines Champions, Live<\/strong><\/p>\n<p>Champions teilen ihre Daten und sprechen \u00fcber ihren Lebensstil, um f\u00fcr immer Champions zu bleiben.<\/p>\n<p>Wie ein gesunder Lebensstil jenseits von Wettk\u00e4mpfen zu einer gesunden Lebenserwartung f\u00fchrt. Sp\u00e4ter im Leben mit dem Training zu beginnen, ist genauso wichtig f\u00fcr die Gesundheit und eine bessere Lebensqualit\u00e4t \u00fcber einen viel l\u00e4ngeren Zeitraum.<\/p>\n<p>Wir werden viele Sportler entdecken, in vielen Sportarten und in vielen Altersgruppen. Wir werden mit vielen \u00c4rzten in viele Lebensstile einsteigen, um zu sehen, wie viele M\u00f6glichkeiten zum Abnehmen, Verbessern, Verbessern und Verj\u00fcngen funktionieren.<\/p>\n<\/div><\/div>\n<\/section>","protected":false},"excerpt":{"rendered":"<p>Podcast On our YouTube channel, you will find our podcast The Lifestyle of a Champion, Live Champions share their data and talk about their lifestyle to remain champions forever. How a healthy lifestyle beyond competitions leads us to have a healthy longevity. Starting to train later in life is just as important for health and [&hellip;]<\/p>\n","protected":false},"author":1,"featured_media":0,"parent":0,"menu_order":0,"comment_status":"closed","ping_status":"closed","template":"","meta":{"_acf_changed":false,"_breakdance_hide_in_design_set":false,"_breakdance_tags":"","footnotes":"","_wordproof_timestamp":false},"class_list":["post-11130","page","type-page","status-publish","hentry"],"acf":[],"_links":{"self":[{"href":"https:\/\/kliniksanktmoritz.ch\/de\/wp-json\/wp\/v2\/pages\/11130","targetHints":{"allow":["GET"]}}],"collection":[{"href":"https:\/\/kliniksanktmoritz.ch\/de\/wp-json\/wp\/v2\/pages"}],"about":[{"href":"https:\/\/kliniksanktmoritz.ch\/de\/wp-json\/wp\/v2\/types\/page"}],"author":[{"embeddable":true,"href":"https:\/\/kliniksanktmoritz.ch\/de\/wp-json\/wp\/v2\/users\/1"}],"replies":[{"embeddable":true,"href":"https:\/\/kliniksanktmoritz.ch\/de\/wp-json\/wp\/v2\/comments?post=11130"}],"version-history":[{"count":2,"href":"https:\/\/kliniksanktmoritz.ch\/de\/wp-json\/wp\/v2\/pages\/11130\/revisions"}],"predecessor-version":[{"id":11132,"href":"https:\/\/kliniksanktmoritz.ch\/de\/wp-json\/wp\/v2\/pages\/11130\/revisions\/11132"}],"wp:attachment":[{"href":"https:\/\/kliniksanktmoritz.ch\/de\/wp-json\/wp\/v2\/media?parent=11130"}],"curies":[{"name":"wp","href":"https:\/\/api.w.org\/{rel}","templated":true}]}}