{"id":11145,"date":"2024-03-05T15:05:15","date_gmt":"2024-03-05T14:05:15","guid":{"rendered":"https:\/\/kliniksanktmoritz.ch\/?page_id=11145"},"modified":"2024-09-24T13:23:06","modified_gmt":"2024-09-24T12:23:06","slug":"heilbad","status":"publish","type":"page","link":"https:\/\/kliniksanktmoritz.ch\/de\/heilbad\/","title":{"rendered":"SPA"},"content":{"rendered":"<section class=\"bde-section-11145-103 bde-section\">\n  \n  \n\t\n\n\n\n<div class=\"section-container\"><div class=\"bde-button-11145-104 bde-button\">\n        \n    \n    \n    \n    \n            \n                    \n            \n            \n\n    \n    \n    \n    \n    \n    <a class=\"breakdance-link button-atom button-atom--secondary bde-button__button\" href=\"https:\/\/calendly.com\/ksm_darpa\/partner-clinic\" target=\"_self\" data-type=\"url\" rel=\"noopener\">\n\n    \n        <span class=\"button-atom__text\">\/Wurde Partner<\/span>\n\n        \n        \n                <\/a>\n\n    \n\n\n<\/div><div class=\"bde-columns-11145-105 bde-columns\"><div class=\"bde-column-11145-106 bde-column\">\n  \n  \n\t\n\n\n\n<h2 class=\"bde-dual-heading-11145-107 bde-dual-heading\">\n\n\n            <span data-style=\"primary\" class=\"dual-heading--primary\">Entdecken Sie die Zukunft von Wellness und Gesundheit mit <\/span>\n\n            <span data-style=\"secondary\" class=\"dual-heading--secondary\">Der digitale Zwilling der Klinik Sankt Moritz<\/span>\n\n\n\n<\/h2><div class=\"bde-text-11145-108 bde-text\">\nStellen Sie sich eine Welt vor, in der die verj\u00fcngende Erfahrung eines Luxus-Spa weit \u00fcber seine physischen Grenzen hinausreicht. Ein Ort, an dem sich Ihr Wohlbefinden nicht auf ein Wochenend-Retreat oder eine einw\u00f6chige Entgiftung beschr\u00e4nkt, sondern an dem die Vorteile eines ganzheitlichen Lebensstils in Ihre t\u00e4gliche Routine integriert werden, egal wo auf der Welt Sie sich befinden. Das ist das Versprechen der revolution\u00e4ren Digital Twin-Technologie der Klinik Sankt Moritz - eine nahtlose Mischung aus traditionellen Spa-Dienstleistungen und modernster digitaler Gesundheitsversorgung.<br><br>\n<\/div><div class=\"bde-button-11145-109 bde-button\">\n        \n    \n    \n    \n    \n            \n                    \n            \n            \n\n    \n    \n    \n    \n    \n    <a class=\"breakdance-link button-atom button-atom--secondary bde-button__button\" href=\"https:\/\/kliniksanktmoritz.ch\/de\/kliniken\/\" target=\"_self\" data-type=\"url\">\n\n    \n        <span class=\"button-atom__text\">\/Digitaler Zwilling f\u00fcr Kliniken <\/span>\n\n        \n        \n                <\/a>\n\n    \n\n\n<\/div><div class=\"bde-button-11145-110 bde-button\">\n        \n    \n    \n    \n    \n            \n                    \n            \n            \n\n    \n    \n    \n    \n    \n    <a class=\"breakdance-link button-atom button-atom--secondary bde-button__button\" href=\"https:\/\/calendly.com\/ksm_darpa\/partner-clinic\" target=\"_self\" data-type=\"url\" rel=\"noopener\">\n\n    \n        <span class=\"button-atom__text\">\/Termin buchen<\/span>\n\n        \n        \n                <\/a>\n\n    \n\n\n<\/div>\n<\/div><div class=\"bde-column-11145-111 bde-column\">\n  \n  \n\t\n\n\n\n<div class=\"bde-image-11145-112 bde-image\">\n<figure class=\"breakdance-image breakdance-image--12552\">\n\t<div class=\"breakdance-image-container\">\n\t\t<div class=\"breakdance-image-clip\"><img loading=\"lazy\" decoding=\"async\" class=\"breakdance-image-object\" src=\"https:\/\/kliniksanktmoritz.ch\/wp-content\/uploads\/2024\/09\/DALL\u00b7E-2024-09-18-12.02.56-A-futuristic-beauty-salon-where-a-beauty-professional-esthetician-is-interacting-with-a-digital-twin-system-alongside-a-client.-The-esthetician-is-u.webp\" width=\"1024\" height=\"1024\" srcset=\"https:\/\/kliniksanktmoritz.ch\/wp-content\/uploads\/2024\/09\/DALL\u00b7E-2024-09-18-12.02.56-A-futuristic-beauty-salon-where-a-beauty-professional-esthetician-is-interacting-with-a-digital-twin-system-alongside-a-client.-The-esthetician-is-u.webp 1024w, https:\/\/kliniksanktmoritz.ch\/wp-content\/uploads\/2024\/09\/DALL\u00b7E-2024-09-18-12.02.56-A-futuristic-beauty-salon-where-a-beauty-professional-esthetician-is-interacting-with-a-digital-twin-system-alongside-a-client.-The-esthetician-is-u-300x300.webp 300w, https:\/\/kliniksanktmoritz.ch\/wp-content\/uploads\/2024\/09\/DALL\u00b7E-2024-09-18-12.02.56-A-futuristic-beauty-salon-where-a-beauty-professional-esthetician-is-interacting-with-a-digital-twin-system-alongside-a-client.-The-esthetician-is-u-150x150.webp 150w, https:\/\/kliniksanktmoritz.ch\/wp-content\/uploads\/2024\/09\/DALL\u00b7E-2024-09-18-12.02.56-A-futuristic-beauty-salon-where-a-beauty-professional-esthetician-is-interacting-with-a-digital-twin-system-alongside-a-client.-The-esthetician-is-u-768x768.webp 768w, https:\/\/kliniksanktmoritz.ch\/wp-content\/uploads\/2024\/09\/DALL\u00b7E-2024-09-18-12.02.56-A-futuristic-beauty-salon-where-a-beauty-professional-esthetician-is-interacting-with-a-digital-twin-system-alongside-a-client.-The-esthetician-is-u-600x600.webp 600w\" sizes=\"auto, (max-width: 1024px) 100vw, 1024px\" alt=\"\" title=\"\"><\/div>\n\t<\/div><\/figure>\n\n<\/div>\n<\/div><\/div><div class=\"bde-text-11145-113 bde-text\">\nAn der Spitze dieses Wandels steht das Spa, das daf\u00fcr bekannt ist, eine breite Palette von Dienstleistungen anzubieten, von luxuri\u00f6sen Hautbehandlungen bis hin zu medizinisch orientierten \u00e4sthetischen Verfahren. Dabei handelt es sich nicht nur um fl\u00fcchtige Verw\u00f6hnungen, sondern um ma\u00dfgeschneiderte Erlebnisse, die Ihr inneres und \u00e4u\u00dferes Wohlbefinden steigern sollen. Das Spa ist seit langem ein Zufluchtsort f\u00fcr Gesundheit und Entspannung, ein Ort, an dem die Kunden vom Stress des Alltags abschalten und in eine Welt der Verw\u00f6hnung und Verj\u00fcngung eintauchen k\u00f6nnen.<br><br>Es gibt jedoch eine nat\u00fcrliche Grenze f\u00fcr das, was ein Spa anbieten kann. Normalerweise bleibt ein Kunde - der in diesem Zusammenhang oft als Patient betrachtet wird - f\u00fcr einen begrenzten Zeitraum, der von einem kurzen Wochenendausflug bis zu einem verw\u00f6hnenden einw\u00f6chigen R\u00fcckzug reicht. Aber was passiert, wenn die Entgiftung vorbei ist und der Kunde in seinen Alltag zur\u00fcckkehrt? Hier kommt die Magie des digitalen Zwillings ins Spiel.<br><br>Der digitale Zwilling bietet aus zwei wichtigen Gr\u00fcnden ein unvergleichliches Ma\u00df an Unterst\u00fctzung und Kontinuit\u00e4t. Erstens folgt er Ihnen nach Hause, wo auch immer auf der Welt Sie sich befinden m\u00f6gen. Das Spa kann in einer malerischen Landschaft oder in einer belebten Stadt liegen, aber der digitale Zwilling sorgt daf\u00fcr, dass seine Vorteile f\u00fcr Sie zug\u00e4nglich sind, was es zu einer wahren Verk\u00f6rperung des Gesundheitstourismus macht. Die Wirkung Ihres Spa-Erlebnisses endet nicht mehr, wenn Sie auschecken, sondern wird zu einem lebenslangen Begleiter auf Ihrem Weg zu optimaler Gesundheit.<br><br>Zweitens erm\u00f6glicht der digitale Zwilling dem Spa, ein kontinuierliches, ma\u00dfgeschneidertes Lifestyle-Programm anzubieten. Das bedeutet, dass Sie auch nach dem Verlassen der ruhigen Umgebung des Spas weiterhin die Vorteile der fachm\u00e4nnisch zusammengestellten Lebensstil-Empfehlungen genie\u00dfen k\u00f6nnen. Von Di\u00e4tpl\u00e4nen bis hin zu Wellness-Routinen \u00fcberwacht der Digitale Zwilling Ihre Einhaltung dieser Richtlinien und gibt Ihnen bei Bedarf Feedback und Anpassungen. Es ist, als h\u00e4tten Sie einen pers\u00f6nlichen Gesundheits-Concierge, der Sie auf Knopfdruck durch jeden Schritt Ihrer Wellness-Reise begleitet.<br><br>Was bedeutet das f\u00fcr Sie? Es bedeutet, dass Sie bei Ihrem Streben nach Gesundheit und Wohlbefinden nie allein sind. Mit Tools wie einer intelligenten Waage und einem digitalen Ern\u00e4hrungstagebuch kann das Spa Ihre Fortschritte \u00fcberwachen und sicherstellen, dass Sie auf dem richtigen Weg bleiben. Ganz gleich, ob Sie sich auf der anderen Seite der Welt oder gleich um die Ecke befinden, der digitale Zwilling h\u00e4lt Sie mit Ihrem pers\u00f6nlichen Wellness-Plan in Verbindung und l\u00e4dt Sie bei Bedarf zu weiteren Behandlungen oder Beratungen ins Spa ein.<br><br>Und das Beste daran? Die Patienten lieben es. Das Gef\u00fchl, umsorgt zu werden, Teil eines gr\u00f6\u00dferen Gesundheits\u00f6kosystems zu sein, wird nicht als aufdringlich empfunden, sondern eher als beruhigendes Unterst\u00fctzungssystem. Sie m\u00fcssen sich nicht mehr an jedes Detail ihrer Ern\u00e4hrung oder Hautpflege erinnern, da alles f\u00fcr sie verwaltet wird. Au\u00dferdem sind Sie dank des Zugriffs auf ein umfassendes Dashboard immer auf dem Laufenden und k\u00f6nnen sich mit \u00c4rzten, Ern\u00e4hrungsberatern und Kosmetikerinnen in Verbindung setzen. Stellen Sie sich vor, Sie erhalten Ihre bevorzugten Hautpflegeprodukte \u00fcber einen bequemen Abonnementservice, der genau auf Ihre Bed\u00fcrfnisse zugeschnitten ist und sicherstellt, dass Ihre Sch\u00f6nheitskur immer auf dem neuesten Stand ist.<br><br>Dies ist die Zukunft der personalisierten Gesundheitsversorgung und des Wohlbefindens - eine Welt, in der der digitale Zwilling als Br\u00fccke zwischen Ihnen und den luxuri\u00f6sen, lebensverbessernden Leistungen der Klinik Sankt Moritz dient. Das ist nicht nur ein technologisches Wunderwerk, sondern eine Lifestyle-Revolution. Ein bequemer, ganzheitlicher Ansatz f\u00fcr Gesundheit und Wohlbefinden, der sich an Ihr Leben, Ihren Zeitplan und Ihre Ziele anpasst und sicherstellt, dass Sie die Vorteile des Spas nicht nur f\u00fcr ein paar Tage, sondern ein Leben lang genie\u00dfen k\u00f6nnen.<br><br>Willkommen in der neuen Wellness-\u00c4ra, in der die Klinik Sankt Moritz und ihr Digitaler Zwilling das Spa-Erlebnis neu definieren und zu einem festen Bestandteil Ihrer Reise zu einem ges\u00fcnderen und gl\u00fccklicheren Leben machen.<br>\n<\/div><div class=\"bde-button-11145-114 bde-button\">\n        \n    \n    \n    \n    \n            \n                    \n            \n            \n\n    \n    \n    \n    \n    \n    <a class=\"breakdance-link button-atom button-atom--secondary bde-button__button\" href=\"https:\/\/calendly.com\/ksm_darpa\/partner-clinic\" target=\"_self\" data-type=\"url\" rel=\"noopener\">\n\n    \n        <span class=\"button-atom__text\">\/Termin buchen<\/span>\n\n        \n        \n                <\/a>\n\n    \n\n\n<\/div><\/div>\n<\/section>","protected":false},"excerpt":{"rendered":"<p>\/became a partner Discover the Future of Wellness and Healthcare with Klinik Sankt Moritz\u2019s Digital Twin Imagine a world where the rejuvenating experience of a luxury spa extends far beyond its physical boundaries. A place where your well-being is not confined to a weekend retreat or a week-long detox, but where the benefits of a [&hellip;]<\/p>\n","protected":false},"author":1,"featured_media":0,"parent":0,"menu_order":0,"comment_status":"closed","ping_status":"closed","template":"","meta":{"_acf_changed":false,"_breakdance_hide_in_design_set":false,"_breakdance_tags":"","footnotes":"","_wordproof_timestamp":false},"class_list":["post-11145","page","type-page","status-publish","hentry"],"acf":[],"_links":{"self":[{"href":"https:\/\/kliniksanktmoritz.ch\/de\/wp-json\/wp\/v2\/pages\/11145","targetHints":{"allow":["GET"]}}],"collection":[{"href":"https:\/\/kliniksanktmoritz.ch\/de\/wp-json\/wp\/v2\/pages"}],"about":[{"href":"https:\/\/kliniksanktmoritz.ch\/de\/wp-json\/wp\/v2\/types\/page"}],"author":[{"embeddable":true,"href":"https:\/\/kliniksanktmoritz.ch\/de\/wp-json\/wp\/v2\/users\/1"}],"replies":[{"embeddable":true,"href":"https:\/\/kliniksanktmoritz.ch\/de\/wp-json\/wp\/v2\/comments?post=11145"}],"version-history":[{"count":5,"href":"https:\/\/kliniksanktmoritz.ch\/de\/wp-json\/wp\/v2\/pages\/11145\/revisions"}],"predecessor-version":[{"id":12554,"href":"https:\/\/kliniksanktmoritz.ch\/de\/wp-json\/wp\/v2\/pages\/11145\/revisions\/12554"}],"wp:attachment":[{"href":"https:\/\/kliniksanktmoritz.ch\/de\/wp-json\/wp\/v2\/media?parent=11145"}],"curies":[{"name":"wp","href":"https:\/\/api.w.org\/{rel}","templated":true}]}}