{"id":11153,"date":"2024-03-05T15:10:09","date_gmt":"2024-03-05T14:10:09","guid":{"rendered":"https:\/\/kliniksanktmoritz.ch\/?page_id=11153"},"modified":"2024-03-05T15:12:08","modified_gmt":"2024-03-05T14:12:08","slug":"fitnessstudio","status":"publish","type":"page","link":"https:\/\/kliniksanktmoritz.ch\/de\/fitnessstudio\/","title":{"rendered":"GYM"},"content":{"rendered":"<section class=\"bde-section-11153-100 bde-section\">\n  \n  \n\t\n\n\n\n<div class=\"section-container\"><h1 class=\"bde-dual-heading-11153-101 bde-dual-heading\">\n\n\n            <span data-style=\"primary\" class=\"dual-heading--primary\">Erfahren Sie mehr \u00fcber<\/span>\n\n            <span data-style=\"secondary\" class=\"dual-heading--secondary\">GYM<\/span>\n\n\n\n<\/h1><div class=\"bde-rich-text-11153-102 bde-rich-text breakdance-rich-text-styles\">\n<p>Steigern Sie die Leistungsf\u00e4higkeit Ihrer Kunden mit den fortschrittlichsten Verbesserungsl\u00f6sungen.<\/p>\n<p>Sie k\u00f6nnen in Zusammenarbeit mit einer Klinik medizinische Dienstleistungen anbieten, die es Ihren Kunden erm\u00f6glichen, an Programmen zur Verl\u00e4ngerung der Lebenserwartung teilzunehmen.<\/p>\n<p>Unsere Protokolle werden untersucht, getestet und st\u00e4ndig aktualisiert, um die Leistung der Piloten bei der Dakar und in der Formel 1 zu verbessern.<\/p>\n<p>Die beste Unterst\u00fctzung, um ein intensives Training durchzuhalten. Der Digitale Zwilling zeichnet alle k\u00f6rperlichen Aktivit\u00e4ten und Ver\u00e4nderungen des K\u00f6rpers auf und dank der Molekularmedizin k\u00f6nnen wir das f\u00fcr den Kunden geeignete personalisierte Training genau bestimmen.<\/p>\n<p>Der Digitale Zwilling \u00fcberwacht st\u00e4ndig alle Daten, einschlie\u00dflich der Ern\u00e4hrung, der Nahrungserg\u00e4nzungsmittel, der K\u00f6rperform und des Stoffwechselverhaltens, und schl\u00e4gt immer die beste Anpassung auf der Grundlage Ihrer pers\u00f6nlichen Trainer und Ihrer Produkte und Dienstleistungen vor.<\/p>\n<p>High-Level-Ausbildung mit entsprechender Zertifizierung f\u00fcr Ihre Personal Trainer F\u00fcr diplomierte Personal Trainer ist ein First Level Master's Degree m\u00f6glich F\u00fcr die \u00c4rzte in Ihrem Team ist ein Second Level Master's Degree m\u00f6glich.<\/p>\n<\/div><\/div>\n<\/section>","protected":false},"excerpt":{"rendered":"<p>Learn About GYM Boost the strength of your clients with the most advanced enhancement solutions. You will be able to offer medical services in collaboration with a clinic that will allow your clients to enter longevity programs. Our protocols are studied, tested, and continuously updated to improve the performance of pilots racing in Dakar to [&hellip;]<\/p>\n","protected":false},"author":1,"featured_media":0,"parent":0,"menu_order":0,"comment_status":"closed","ping_status":"closed","template":"","meta":{"_acf_changed":false,"_breakdance_hide_in_design_set":false,"_breakdance_tags":"","footnotes":"","_wordproof_timestamp":false},"class_list":["post-11153","page","type-page","status-publish","hentry"],"acf":[],"_links":{"self":[{"href":"https:\/\/kliniksanktmoritz.ch\/de\/wp-json\/wp\/v2\/pages\/11153","targetHints":{"allow":["GET"]}}],"collection":[{"href":"https:\/\/kliniksanktmoritz.ch\/de\/wp-json\/wp\/v2\/pages"}],"about":[{"href":"https:\/\/kliniksanktmoritz.ch\/de\/wp-json\/wp\/v2\/types\/page"}],"author":[{"embeddable":true,"href":"https:\/\/kliniksanktmoritz.ch\/de\/wp-json\/wp\/v2\/users\/1"}],"replies":[{"embeddable":true,"href":"https:\/\/kliniksanktmoritz.ch\/de\/wp-json\/wp\/v2\/comments?post=11153"}],"version-history":[{"count":2,"href":"https:\/\/kliniksanktmoritz.ch\/de\/wp-json\/wp\/v2\/pages\/11153\/revisions"}],"predecessor-version":[{"id":11155,"href":"https:\/\/kliniksanktmoritz.ch\/de\/wp-json\/wp\/v2\/pages\/11153\/revisions\/11155"}],"wp:attachment":[{"href":"https:\/\/kliniksanktmoritz.ch\/de\/wp-json\/wp\/v2\/media?parent=11153"}],"curies":[{"name":"wp","href":"https:\/\/api.w.org\/{rel}","templated":true}]}}