{"id":11157,"date":"2024-03-05T15:13:51","date_gmt":"2024-03-05T14:13:51","guid":{"rendered":"https:\/\/kliniksanktmoritz.ch\/?page_id=11157"},"modified":"2025-05-27T20:51:43","modified_gmt":"2025-05-27T19:51:43","slug":"datenversion","status":"publish","type":"page","link":"https:\/\/kliniksanktmoritz.ch\/de\/datenversion\/","title":{"rendered":"Daten Version"},"content":{"rendered":"<section class=\"bde-section-11157-100 bde-section\">\n  \n  \n\t\n\n\n\n<div class=\"section-container\"><h1 class=\"bde-dual-heading-11157-101 bde-dual-heading\">\n\n\n            <span data-style=\"primary\" class=\"dual-heading--primary\">Digitaler Zwilling<\/span>\n\n            <span data-style=\"secondary\" class=\"dual-heading--secondary\">Daten Version<\/span>\n\n\n\n<\/h1><div class=\"bde-rich-text-11157-102 bde-rich-text breakdance-rich-text-styles\">\n<h1>\ud83e\udde0 Digitaler Zwilling DATA VERSION<\/h1>\n<h2>Ihr K\u00f6rper. Deine Daten. Alles an einem Ort.<\/h2>\n<h5>Jeden Tag erzeugt Ihr K\u00f6rper Informationen:<br \/>Wie viel Sie <strong>schlafen<\/strong><br \/>Wie viele <strong>Schritte<\/strong> Sie nehmen<br \/>Ihr <strong>Herz<\/strong> Satz<br \/><strong>Blut<\/strong> Pr\u00fcfergebnisse<br \/>Blut <strong>Druck<\/strong><br \/><strong>Stress<\/strong> Ebenen<br \/><strong>Kalorien<\/strong> verbrannt<br \/>Dies sind wertvolle Signale, aber sie sind oft verstreut - eine App f\u00fcr <strong>Fitness<\/strong>eine andere f\u00fcr <strong>schlafen<\/strong>, ein weiteres f\u00fcr Ihre <strong>Laborergebnisse<\/strong>.Verwirrend. Unvollst\u00e4ndig. Schwer zu folgen.<\/h5>\n<h3><a href=\"https:\/\/kliniksanktmoritz.ch\/de\/produkt\/digitale-zwillingsdatenversion\/\">Ihre Gesundheit, Ihre Daten, Ihre Energie - f\u00fcr nur 50 Franken pro Monat.<\/a><br \/><br \/><\/h3>\n<h2>\ud83d\udcca Ein einziges Dashboard f\u00fcr Ihre gesamte Gesundheit<\/h2>\n<h5>Digital Twin DATA bringt alles zusammen.Kein Springen mehr zwischen Anwendungen.Ihr <strong>Smartwatches<\/strong>, <strong>Wearables<\/strong>und <strong>medizinisch<\/strong> Ger\u00e4te werden alle in einem \u00fcbersichtlichen, einfachen Dashboard synchronisiert.Es ist wie ein Kontrollzentrum f\u00fcr Ihre Gesundheit.<br \/>Sie sehen nicht nur \"Zahlen\" - Sie sehen Trends:<br \/>Wie Ihr Schlaf mit Vitamin D zusammenh\u00e4ngt<br \/>Wie Stress Ihr Leben beeinflusst <strong>Kreatinin<\/strong><br \/>Wie <strong>Lebensmittel<\/strong>Schlaf und Anstrengung formen gemeinsam Ihren K\u00f6rper<br \/>Dies sind nicht nur Daten. Es ist ein lebendiges Bild davon, wie Ihr K\u00f6rper funktioniert.<\/h5>\n<h3><a href=\"https:\/\/kliniksanktmoritz.ch\/de\/produkt\/digitale-zwillingsdatenversion\/\">Ihre Gesundheit, Ihre Daten, Ihre Energie - f\u00fcr nur 50 Franken pro Monat.<\/a><\/h3>\n<h2>\ud83d\udd10 Eingebaute Cybersicherheit. Weil Ihre Gesundheit pers\u00f6nlich ist.<\/h2>\n<h5>Ihre Gesundheitsdaten sind mehr wert als Geld - und wir behandeln sie auch so.<br \/>\u2705 Gespeichert in einer privaten, verschl\u00fcsselten Cloud<br \/>\u2705 Nur Sie haben Zugang<br \/>\u2705 Gesch\u00fctzt vor Verlust, Diebstahl und Manipulation<br \/>\u2705 Sicher vor Hackern und Systemausf\u00e4llen<br \/>\u2705 Leicht zu teilen - aber nur, wenn Sie es wollen<br \/><br \/>Ihre Daten. Ihre Kontrolle. Ihre Regeln.<\/h5>\n<h2>\ud83d\udca1 Was unterscheidet den Digitalen Zwilling von einer Krankenakte?<\/h2>\n<h5>Medizinische Aufzeichnungen sind statisch - nur eine Liste der vergangenen Untersuchungen.Digital Twin DATA ist lebendig.<br \/>Es verwandelt medizinische Informationen in visuelle Zeitleisten:<br \/>Bewegte Diagramme<br \/>Verbundene Kurven<br \/>Gesundheitsverhalten im Laufe der Zeit<br \/>Sie erhalten nicht nur \"Ihren Bluttest vom M\u00e4rz\".Sie sehen, wie sich Ihre Gesundheit Woche f\u00fcr Woche entwickelt - und wohin sie sich entwickelt.<br \/>Zum Beispiel:Eines der ersten Warnzeichen f\u00fcr Stress oder Krankheit?Wenig Schlaf.Aber ein Arzt mit nur einem Laborbericht k\u00f6nnte es \u00fcbersehen.Mit Digital Twin DATA ist alles miteinander verbunden - und Sie erkennen die Signale fr\u00fchzeitig.<\/h5>\n<h3><a href=\"https:\/\/kliniksanktmoritz.ch\/de\/produkt\/digitale-zwillingsdatenversion\/\">Ihre Gesundheit, Ihre Daten, Ihre Energie - f\u00fcr nur 50 Franken pro Monat.<\/a><\/h3>\n<h2>\ud83d\udd17 Verbindet sich mit mehr als 300 Ger\u00e4ten (Tendenz steigend)<\/h2>\n<h5>Bereits kompatibel mit:Apple Health, Google Fit, Garmin, Fitbit, Samsung Health, Oura, Polar, Dexcom, Strava, Whoop, Withings, MyFitnessPal, Huawei Health, Suunto, Omron, Zepp, Biostrap, Freestyle Libre, und mehr.<br \/>Demn\u00e4chst verf\u00fcgbar:Tesla, Peloton, Meta Quest, Calm, Zwift, iFit, Kindle, Headspace, UberEats, Muse, Lifesum, und andere.<\/h5>\n<h2>\ud83d\udd01 Alles h\u00e4ngt zusammen. Alles ergibt einen Sinn.<\/h2>\n<h5>\ud83d\udecc Schlafen Sie weniger?\ud83d\udcc9 Verschieben sich die Blutwerte?\u26a0\ufe0f Steigt der Stress?<br \/>Ihr Digitaler Zwilling sieht die Muster, bevor Sie sie sehen.Und wenn Sie es w\u00fcnschen, kann Ihr Arzt fr\u00fchzeitig handeln - bevor die Probleme wachsen.<\/h5>\n<h5>\ud83c\udfaf F\u00fcr wen ist es gedacht?<br \/>\u2705 <strong>Athleten<\/strong> und <strong>Fitness<\/strong> Liebhaber<br \/>\u2705 Menschen mit <strong>chronisch<\/strong> Bedingungen<br \/>\u2705 Jeder, der Lust hat <strong>verhindern.<\/strong> Krankheit<br \/>\u2705 Hat jemand genug von <strong>verlieren<\/strong> ihre <strong>Daten<\/strong> oder <strong>Jonglieren<\/strong> <strong>Apps<\/strong><br \/>\u2705 Jeder, der will <strong>\u00dcbersichtlichkeit<\/strong>, <strong>Kontrolle<\/strong>und <strong>Schutz<\/strong><\/h5>\n<h2>\ud83d\udd35 Digitaler Zwilling DATA VERSION<\/h2>\n<h2>Ihr <strong>K\u00f6rper<\/strong>. Ihr <strong>Zahlen<\/strong>.Alles in einem <strong>sicher<\/strong> Ort - <strong>klar<\/strong>, <strong>verbunden<\/strong>und <strong>lebendig<\/strong>.<\/h2>\n<h1><a href=\"https:\/\/kliniksanktmoritz.ch\/de\/produkt\/digitale-zwillingsdatenversion\/\">Ihre Gesundheit, Ihre Daten, Ihre Energie - f\u00fcr nur 50 Franken pro Monat.<\/a><\/h1>\n<\/div><img decoding=\"async\" class=\"bde-image2-11157-172 bde-image2\" src=\"https:\/\/kliniksanktmoritz.ch\/wp-content\/uploads\/2025\/05\/ChatGPT-Image-May-27-2025-11_47_45-AM.jpg\" loading=\"lazy\" srcset=\"https:\/\/kliniksanktmoritz.ch\/wp-content\/uploads\/2025\/05\/ChatGPT-Image-May-27-2025-11_47_45-AM.jpg 1024w, https:\/\/kliniksanktmoritz.ch\/wp-content\/uploads\/2025\/05\/ChatGPT-Image-May-27-2025-11_47_45-AM-200x300.jpg 200w, https:\/\/kliniksanktmoritz.ch\/wp-content\/uploads\/2025\/05\/ChatGPT-Image-May-27-2025-11_47_45-AM-683x1024.jpg 683w, https:\/\/kliniksanktmoritz.ch\/wp-content\/uploads\/2025\/05\/ChatGPT-Image-May-27-2025-11_47_45-AM-768x1152.jpg 768w, https:\/\/kliniksanktmoritz.ch\/wp-content\/uploads\/2025\/05\/ChatGPT-Image-May-27-2025-11_47_45-AM-8x12.jpg 8w, https:\/\/kliniksanktmoritz.ch\/wp-content\/uploads\/2025\/05\/ChatGPT-Image-May-27-2025-11_47_45-AM-128x192.jpg 128w, https:\/\/kliniksanktmoritz.ch\/wp-content\/uploads\/2025\/05\/ChatGPT-Image-May-27-2025-11_47_45-AM-600x900.jpg 600w\" sizes=\"(max-width: 1024px) 100vw, 1024px\" alt=\"\" title=\"\"><\/div>\n<\/section>","protected":false},"excerpt":{"rendered":"<p>Digital Twin Data Version \ud83e\udde0 Digital Twin DATA VERSION Your body. Your data. All in one place. Every day, your body generates information:How much you sleepHow many steps you takeYour heart rateBlood test resultsBlood pressureStress levelsCalories burnedThese are valuable signals, but they\u2019re often scattered \u2014 one app for fitness, another for sleep, yet another for [&hellip;]<\/p>\n","protected":false},"author":1,"featured_media":0,"parent":0,"menu_order":0,"comment_status":"closed","ping_status":"closed","template":"","meta":{"_acf_changed":false,"_breakdance_hide_in_design_set":false,"_breakdance_tags":"","footnotes":"","_wordproof_timestamp":false},"class_list":["post-11157","page","type-page","status-publish","hentry"],"acf":[],"_links":{"self":[{"href":"https:\/\/kliniksanktmoritz.ch\/de\/wp-json\/wp\/v2\/pages\/11157","targetHints":{"allow":["GET"]}}],"collection":[{"href":"https:\/\/kliniksanktmoritz.ch\/de\/wp-json\/wp\/v2\/pages"}],"about":[{"href":"https:\/\/kliniksanktmoritz.ch\/de\/wp-json\/wp\/v2\/types\/page"}],"author":[{"embeddable":true,"href":"https:\/\/kliniksanktmoritz.ch\/de\/wp-json\/wp\/v2\/users\/1"}],"replies":[{"embeddable":true,"href":"https:\/\/kliniksanktmoritz.ch\/de\/wp-json\/wp\/v2\/comments?post=11157"}],"version-history":[{"count":5,"href":"https:\/\/kliniksanktmoritz.ch\/de\/wp-json\/wp\/v2\/pages\/11157\/revisions"}],"predecessor-version":[{"id":20315,"href":"https:\/\/kliniksanktmoritz.ch\/de\/wp-json\/wp\/v2\/pages\/11157\/revisions\/20315"}],"wp:attachment":[{"href":"https:\/\/kliniksanktmoritz.ch\/de\/wp-json\/wp\/v2\/media?parent=11157"}],"curies":[{"name":"wp","href":"https:\/\/api.w.org\/{rel}","templated":true}]}}