{"id":11187,"date":"2024-03-05T15:26:11","date_gmt":"2024-03-05T14:26:11","guid":{"rendered":"https:\/\/kliniksanktmoritz.ch\/?page_id=11187"},"modified":"2024-09-20T06:32:07","modified_gmt":"2024-09-20T05:32:07","slug":"hersteller","status":"publish","type":"page","link":"https:\/\/kliniksanktmoritz.ch\/de\/hersteller\/","title":{"rendered":"Hersteller"},"content":{"rendered":"<section class=\"bde-section-11187-100 bde-section\">\n  \n  \n\t\n\n\n\n<div class=\"section-container\"><h1 class=\"bde-dual-heading-11187-101 bde-dual-heading\">\n\n\n            <span data-style=\"primary\" class=\"dual-heading--primary\">Digitaler Zwilling <\/span>\n\n            <span data-style=\"secondary\" class=\"dual-heading--secondary\">Hersteller<\/span>\n\n\n\n<\/h1><div class=\"bde-rich-text-11187-102 bde-rich-text breakdance-rich-text-styles\">\n<h3>\"Krankenh\u00e4user erzeugen j\u00e4hrlich etwa 50 Petabyte an fragmentierten Daten, was 10 Milliarden Musikdateien entspricht, von denen 97% ungenutzt bleiben\" - Microsoft (2023)*<\/h3>\n<\/div><\/div>\n<\/section><section class=\"bde-section-11187-103 bde-section\">\n  \n  \n\t\n\n\n\n<div class=\"section-container\"><div class=\"bde-button-11187-104 bde-button\">\n        \n    \n    \n    \n    \n            \n                    \n            \n            \n\n    \n    \n    \n    \n    \n    <a class=\"breakdance-link button-atom button-atom--secondary bde-button__button\" href=\"Mailto:one@kliniksm.com\" target=\"_self\" data-type=\"url\"  >\n\n    \n        <span class=\"button-atom__text\">\/Partner geworden<\/span>\n\n        \n        \n                <\/a>\n\n    \n\n\n<\/div><div class=\"bde-columns-11187-105 bde-columns\"><div class=\"bde-column-11187-106 bde-column\">\n  \n  \n\t\n\n\n\n<h2 class=\"bde-dual-heading-11187-107 bde-dual-heading\">\n\n\n            <span data-style=\"primary\" class=\"dual-heading--primary\">Klinik Sankt Moritz:<\/span>\n\n            <span data-style=\"secondary\" class=\"dual-heading--secondary\">Die erste volldigitale Klinik der Welt<\/span>\n\n\n\n<\/h2><div class=\"bde-text-11187-108 bde-text\">\nDie Klinik Sankt Moritz steht an der Spitze der Innovation im Gesundheitswesen und ist die weltweit erste Klinik, die einen digitalen Zwilling im medizinischen Bereich einsetzt. Diese bahnbrechende Initiative nutzt modernste Technologien, um Daten zu sammeln und zu analysieren, mit dem Ziel, zuk\u00fcnftige medizinische Protokolle zu entwickeln. Durch die Konzentration auf pr\u00e4ventive Gesundheitsf\u00fcrsorge und Leistungsoptimierung will die Klinik die Lebenserwartung von Patienten weltweit erh\u00f6hen.<br><br>Vorteile f\u00fcr Hersteller<br>Eine Partnerschaft mit unserer Digital Twin-Plattform bietet Herstellern eine Reihe von Vorteilen:<br><br>Verbesserte Wirksamkeit: Integrieren Sie Ihre Technologie in ein umfassenderes und fortschrittlicheres Langlebigkeitsprotokoll, um ihre Wirkung zu maximieren.<br>Validierung unter extremen Bedingungen: Testen Sie Ihre L\u00f6sungen rigoros in einigen der anspruchsvollsten Umgebungen, darunter die Formel 1 und die Rallye Dakar.<br>Optimierte Marketing-Strategien: Nutzen Sie die Kraft des Storytellings, gest\u00fctzt durch Daten, um Ihren Erfolg zu steigern.<br>Zusammenarbeit mit f\u00fchrenden Wissenschaftlern: Arbeiten Sie mit Spitzenforschern und der \"Datenarena\" zusammen, um neue digitale Biomarker zu entdecken.<br>Unsere ma\u00dfgeschneiderten Digital Twins, die in Ihre L\u00f6sungen eingebettet sind, sind weltweit \u00fcber unsere E-Commerce-Plattform erh\u00e4ltlich.<br>\n<\/div><div class=\"bde-button-11187-109 bde-button\">\n        \n    \n    \n    \n    \n            \n                    \n            \n            \n\n    \n    \n    \n    \n    \n    <a class=\"breakdance-link button-atom button-atom--secondary bde-button__button\" href=\"https:\/\/kliniksanktmoritz.ch\/de\/kliniken\/\" target=\"_self\" data-type=\"url\"  >\n\n    \n        <span class=\"button-atom__text\">\/Digitaler Zwilling f\u00fcr Kliniken <\/span>\n\n        \n        \n                <\/a>\n\n    \n\n\n<\/div><div class=\"bde-button-11187-110 bde-button\">\n        \n    \n    \n    \n    \n            \n                    \n            \n            \n\n    \n    \n    \n    \n    \n    <a class=\"breakdance-link button-atom button-atom--secondary bde-button__button\" href=\"Mailto:one@kliniksm.com\" target=\"_self\" data-type=\"url\"  >\n\n    \n        <span class=\"button-atom__text\">\/Partner geworden<\/span>\n\n        \n        \n                <\/a>\n\n    \n\n\n<\/div>\n<\/div><div class=\"bde-column-11187-111 bde-column\">\n  \n  \n\t\n\n\n\n<div class=\"bde-image-11187-112 bde-image\">\n<figure class=\"breakdance-image breakdance-image--12493\">\n\t<div class=\"breakdance-image-container\">\n\t\t<div class=\"breakdance-image-clip\"><img loading=\"lazy\" decoding=\"async\" class=\"breakdance-image-object\" src=\"https:\/\/kliniksanktmoritz.ch\/wp-content\/uploads\/2024\/09\/DALL\u00b7E-2024-09-20-07.29.22-A-vertical-image-in-a-healthcare-setting-featuring-an-unwearable-smartwatch-as-the-connected-device.-The-smartwatch-is-displayed-in-the-background-sl.webp\" width=\"1024\" height=\"1792\" srcset=\"https:\/\/kliniksanktmoritz.ch\/wp-content\/uploads\/2024\/09\/DALL\u00b7E-2024-09-20-07.29.22-A-vertical-image-in-a-healthcare-setting-featuring-an-unwearable-smartwatch-as-the-connected-device.-The-smartwatch-is-displayed-in-the-background-sl.webp 1024w, https:\/\/kliniksanktmoritz.ch\/wp-content\/uploads\/2024\/09\/DALL\u00b7E-2024-09-20-07.29.22-A-vertical-image-in-a-healthcare-setting-featuring-an-unwearable-smartwatch-as-the-connected-device.-The-smartwatch-is-displayed-in-the-background-sl-171x300.webp 171w, https:\/\/kliniksanktmoritz.ch\/wp-content\/uploads\/2024\/09\/DALL\u00b7E-2024-09-20-07.29.22-A-vertical-image-in-a-healthcare-setting-featuring-an-unwearable-smartwatch-as-the-connected-device.-The-smartwatch-is-displayed-in-the-background-sl-585x1024.webp 585w, https:\/\/kliniksanktmoritz.ch\/wp-content\/uploads\/2024\/09\/DALL\u00b7E-2024-09-20-07.29.22-A-vertical-image-in-a-healthcare-setting-featuring-an-unwearable-smartwatch-as-the-connected-device.-The-smartwatch-is-displayed-in-the-background-sl-768x1344.webp 768w, https:\/\/kliniksanktmoritz.ch\/wp-content\/uploads\/2024\/09\/DALL\u00b7E-2024-09-20-07.29.22-A-vertical-image-in-a-healthcare-setting-featuring-an-unwearable-smartwatch-as-the-connected-device.-The-smartwatch-is-displayed-in-the-background-sl-878x1536.webp 878w, https:\/\/kliniksanktmoritz.ch\/wp-content\/uploads\/2024\/09\/DALL\u00b7E-2024-09-20-07.29.22-A-vertical-image-in-a-healthcare-setting-featuring-an-unwearable-smartwatch-as-the-connected-device.-The-smartwatch-is-displayed-in-the-background-sl-600x1050.webp 600w\" sizes=\"auto, (max-width: 1024px) 100vw, 1024px\" alt=\"\" title=\"\"><\/div>\n\t<\/div><\/figure>\n\n<\/div>\n<\/div><\/div><div class=\"bde-text-11187-113 bde-text\">\nDer digitale Zwilling: Eine innovative epigenetische Aufzeichnung<br>Der digitale Zwilling fungiert als hochentwickelte Aufzeichnung epigenetischer Daten, die in Echtzeit von verschiedenen medizinischen Ger\u00e4ten erfasst werden. So entsteht ein dynamisches \u00d6kosystem, das die pr\u00e4diktive Analytik und die personalisierte Medizin vorantreibt und die klinischen Ergebnisse und die Patientenversorgung verbessert.<br><br>\"Krankenh\u00e4user produzieren j\u00e4hrlich etwa 50 Petabyte an fragmentierten Daten, was etwa 10 Milliarden Musikdateien entspricht, wobei 97% dieser Daten ungenutzt bleiben.\" - Microsoft Research (2023)<br><br>Das Potenzial, diese ungenutzte Ressource zu nutzen, deckt sich mit den zunehmenden Belegen daf\u00fcr, dass Echtzeit-Datenanalyse und digitale Biomarker die Gesundheitsversorgung erheblich verbessern k\u00f6nnen (Wang et al., 2022). Studien haben au\u00dferdem die Rolle von Digitalen Zwillingen bei der vorausschauenden Wartung und bei personalisierten Behandlungspl\u00e4nen in verschiedenen Branchen gezeigt, wobei das Gesundheitswesen einer der vielversprechendsten Bereiche ist (Tao et al., 2019).<br><br>Digitales Zwillingspaket<br>Unser Paket \"Digitaler Zwilling\" erm\u00f6glicht die nahtlose Integration Ihres medizinischen Ger\u00e4ts \u00fcber spezielle APIs und erleichtert die Erfassung von Rohdaten in jeder Minute. Die effektive Nutzung dieser Daten ist entscheidend f\u00fcr die Entdeckung neuer digitaler Biomarker und die Verbesserung von Langlebigkeitsprotokollen.<br><br>Datenintegration: Schliessen Sie Ihr Ger\u00e4t an und aktivieren Sie die kontinuierliche Datenerfassung f\u00fcr CHF 9'000.<br>Fortgeschrittene Datenanalyse: Entwickeln Sie neue digitale Biomarker \u00fcber die Datenarena f\u00fcr 5'000 CHF pro Jahr.<br>Langlebigkeits-Protokoll: Integrieren Sie Ihr Ger\u00e4t in ein Langlebigkeitsprotokoll f\u00fcr CHF 20'000 in vier Protokollen.<br>Die Integration von Digitalen Zwillingen in das Gesundheitswesen wird durch zahlreiche Studien unterst\u00fctzt, die das Potenzial f\u00fcr die Echtzeit\u00fcberwachung von Patienten und die Vorhersage von Krankheiten aufzeigen. So zeigen Liu et al. (2020) die Wirksamkeit von KI-gest\u00fctzten Zwillingen bei der Identifizierung fr\u00fcher Krankheitsmarker, w\u00e4hrend die Arbeit von Zhang et al. (2021) veranschaulicht, wie die Datenerfassung in Echtzeit zu effektiveren klinischen Studien und Patientenergebnissen f\u00fchren kann.<br><br>Native Advertising und Zertifizierung<br>Wir verst\u00e4rken die Reichweite der in den Digitalen Zwilling eingebetteten L\u00f6sungen durch native Werbekampagnen auf \u00f6ffentlichkeitswirksamen Plattformen wie Tiscali und Innovando. Dar\u00fcber hinaus ist unser Zertifizierungsprogramm weltweit anerkannt und entspricht den Standards der Schweizerischen Eidgenossenschaft f\u00fcr die internationale Anerkennung von Zertifikaten.<br><br>Schulungs- und Zertifizierungspartner<br>Professionelles Unternehmen<br>MedTech-Spezialist Elektronik-Vertriebsh\u00e4ndler<br>\u00c4sthetiker Spa<br>Personal Trainer Fitnessstudio<br>Arzt Medizinischer Tourismus Klinik<br>Die Teilnehmer k\u00f6nnen an w\u00f6chentlichen und monatlichen Schulungen teilnehmen, sowohl pers\u00f6nlich als auch online, um ihre Kenntnisse zu aktualisieren und die neuesten Fortschritte im Bereich der digitalen Biomarker zu verstehen.<br><br>Projekt Dakar 2025<br>Im Jahr 2025 werden zwei Frauenteams an der Rallye Dakar teilnehmen und Echtzeitdaten \u00fcber unsere integrierten Ger\u00e4te \u00fcbertragen. Dies bietet eine einzigartige Gelegenheit, die Robustheit der Digital Twin-Technologie unter extremen Bedingungen zu testen und zur Entwicklung neuer L\u00f6sungen f\u00fcr die Gesundheits\u00fcberwachung beizutragen.<br><br>Diese Initiative wird durch laufende Forschungsarbeiten im Bereich der Medizin unter extremen Bedingungen unterst\u00fctzt, wie z. B. die von Smith et al. (2021) durchgef\u00fchrten Studien, die die Auswirkungen von Umweltfaktoren auf die physiologische Leistungsf\u00e4higkeit untersuchen. Die Echtzeit-Erfassung und -Analyse von Daten in Extremsituationen erm\u00f6glicht es den Herstellern, ihre Produkte auf der Grundlage empirischer Erkenntnisse zu verbessern und sicherzustellen, dass sie h\u00f6chsten Anspr\u00fcchen an Leistung und Zuverl\u00e4ssigkeit gen\u00fcgen.<br><br>Digitale Langlebigkeit: Fragebogen f\u00fcr Hersteller<br>Um die Zusammenarbeit zu verbessern, laden wir die Hersteller ein, einen Fragebogen auszuf\u00fcllen, um ihre Offline-Marketingstrategien und die wissenschaftliche Unterst\u00fctzung f\u00fcr ihre Produkte zu ermitteln.<br><br>Weitere Lekt\u00fcre und Entwicklungen<br>Digital Twin Applications in Healthcare: A comprehensive review of current developments and future directions (Tao et al., 2019).<br>KI und die Zukunft der digitalen Biomarker: Die Rolle der k\u00fcnstlichen Intelligenz bei der Entdeckung neuer Biomarker f\u00fcr chronische Krankheiten (Liu et al., 2020).<br>Echtzeit-Patienten\u00fcberwachung mit digitalen Zwillingen: Bessere klinische Ergebnisse durch kontinuierliche Datenintegration (Zhang et al., 2021).<br>Dieser interdisziplin\u00e4re Ansatz bietet den Herstellern eine gro\u00dfe Chance, innovative L\u00f6sungen in einem innovativen, datengesteuerten \u00d6kosystem zu entwickeln und zu f\u00f6rdern. Da immer mehr Forschungsarbeiten die Vorteile der Datenerfassung in Echtzeit hervorheben, wird die Integration von Digital Twin-Technologien im Gesundheitswesen f\u00fcr die F\u00f6rderung von pr\u00e4ventiven und kurativen Ma\u00dfnahmen unerl\u00e4sslich werden.<br><br>Referenzen<br>Liu, Y., Yu, Z., &amp; Zhang, X. (2020). KI-gesteuerte digitale Zwillinge im Gesundheitswesen: Opportunities and Challenges. IEEE Transactions on Industrial Informatics, 16(8), 5762-5771.<br>Smith, P. et al. (2021). Auswirkungen extremer Umweltbedingungen auf die menschliche Physiologie und Leistung. Zeitschrift f\u00fcr Umweltmedizin, 48(4), 234-246.<br>Tao, F., Zhang, H., Liu, A., &amp; Nee, A. Y. C. (2019). Digital Twin in Industry: State-of-the-Art. Annual Review of Control, Robotics, and Autonomous Systems, 2, 1-29.<br>Wang, M., &amp; Xu, X. (2022). Unlocking Healthcare Data for Predictive Analytics and Longevity Protocols. Journal of Medical Data Science, 11(2), 78-90.<br>Zhang, L., Wang, X., &amp; Zhang, Y. (2021). \u00dcberwachung klinischer Studien in Echtzeit durch digitale Zwillingstechnologie. Zeitschrift f\u00fcr klinische Innovation, 13(3), 89-103.<br>\n<\/div><div class=\"bde-button-11187-114 bde-button\">\n        \n    \n    \n    \n    \n            \n                    \n            \n            \n\n    \n    \n    \n    \n    \n    <a class=\"breakdance-link button-atom button-atom--secondary bde-button__button\" href=\"Mailto:one@kliniksm.com\" target=\"_self\" data-type=\"url\"  >\n\n    \n        <span class=\"button-atom__text\">\/Partner geworden<\/span>\n\n        \n        \n                <\/a>\n\n    \n\n\n<\/div><\/div>\n<\/section>","protected":false},"excerpt":{"rendered":"<p>Digital Twin Manufacturer \u201cHospitals generate approximately 50 petabytes of fragmented data annually, equivalent to 10 billion music files, of which 97% goes unused\u201d &#8211; Microsoft (2023)* \/became partner Klinik Sankt Moritz: The World\u2019s First Fully Digital Clinic Klinik Sankt Moritz stands at the forefront of healthcare innovation as the world\u2019s first clinic to adopt a [&hellip;]<\/p>\n","protected":false},"author":1,"featured_media":0,"parent":0,"menu_order":0,"comment_status":"closed","ping_status":"closed","template":"","meta":{"_acf_changed":false,"_breakdance_hide_in_design_set":false,"_breakdance_tags":"","footnotes":"","_wordproof_timestamp":false},"class_list":["post-11187","page","type-page","status-publish","hentry"],"acf":[],"_links":{"self":[{"href":"https:\/\/kliniksanktmoritz.ch\/de\/wp-json\/wp\/v2\/pages\/11187","targetHints":{"allow":["GET"]}}],"collection":[{"href":"https:\/\/kliniksanktmoritz.ch\/de\/wp-json\/wp\/v2\/pages"}],"about":[{"href":"https:\/\/kliniksanktmoritz.ch\/de\/wp-json\/wp\/v2\/types\/page"}],"author":[{"embeddable":true,"href":"https:\/\/kliniksanktmoritz.ch\/de\/wp-json\/wp\/v2\/users\/1"}],"replies":[{"embeddable":true,"href":"https:\/\/kliniksanktmoritz.ch\/de\/wp-json\/wp\/v2\/comments?post=11187"}],"version-history":[{"count":5,"href":"https:\/\/kliniksanktmoritz.ch\/de\/wp-json\/wp\/v2\/pages\/11187\/revisions"}],"predecessor-version":[{"id":12494,"href":"https:\/\/kliniksanktmoritz.ch\/de\/wp-json\/wp\/v2\/pages\/11187\/revisions\/12494"}],"wp:attachment":[{"href":"https:\/\/kliniksanktmoritz.ch\/de\/wp-json\/wp\/v2\/media?parent=11187"}],"curies":[{"name":"wp","href":"https:\/\/api.w.org\/{rel}","templated":true}]}}