{"id":11191,"date":"2024-03-05T15:28:23","date_gmt":"2024-03-05T14:28:23","guid":{"rendered":"https:\/\/kliniksanktmoritz.ch\/?page_id=11191"},"modified":"2024-11-17T10:42:54","modified_gmt":"2024-11-17T09:42:54","slug":"sponsoring","status":"publish","type":"page","link":"https:\/\/kliniksanktmoritz.ch\/de\/sponsoring\/","title":{"rendered":"Patenschaft"},"content":{"rendered":"<section class=\"bde-section-11191-100 bde-section\">\n  \n  \n\t\n\n\n\n<div class=\"section-container\"><h1 class=\"bde-dual-heading-11191-101 bde-dual-heading\">\n\n\n            <span data-style=\"primary\" class=\"dual-heading--primary\">Erfahren Sie mehr \u00fcber<\/span>\n\n            <span data-style=\"secondary\" class=\"dual-heading--secondary\">Patenschaft<\/span>\n\n\n\n<\/h1><div class=\"bde-rich-text-11191-102 bde-rich-text breakdance-rich-text-styles\">\n<p>\"Telemedizin? Nein, danke. Jedes Mal, wenn wir \u00fcber den digitalen Zwilling sprechen, verwechselt der Markt ihn mit der Telemedizin. Telemedizin dient dazu, kranke Patienten zu retten, indem man sie nach Hause schickt und Krankenhausbetten frei macht.<\/p>\n<p>Mit dem Digitalen Zwilling hingegen lassen sich Langlebigkeit und verbesserte Leistung bei gesunden Patienten erreichen. Wir sind es leid, stundenlang damit zu verbringen, Partnern, Kunden, gesunden Patienten, Universit\u00e4ten, Herstellern oder jedem anderen, den wir treffen, den Unterschied zu erkl\u00e4ren.<\/p>\n<p>Wir m\u00fcssen schneller erkl\u00e4ren, mit gr\u00f6\u00dferer Geschwindigkeit, also haben wir beschlossen, sehr schnell zu sein. Wir beschlossen, unser eigenes Rennteam mit unseren Piloten und unseren Digital Twins zu haben, um an einem extremen Rennen wie der Rallye Dakar teilzunehmen.<\/p>\n<p>Wir haben uns nicht so sehr f\u00fcr die Rennen unserer Piloten interessiert, sondern f\u00fcr ihr Training, daf\u00fcr, wie sich ihr K\u00f6rper ver\u00e4ndert und wie sie dank ihres Lebensstils Spitzenleistungen erzielen.<\/p>\n<p>Das zeigt, dass unsere Medizin nicht f\u00fcr Kranke gedacht ist.<\/p>\n<p>Unsere Medizin ist f\u00fcr diejenigen, die an der Spitze leben wollen.<\/p>\n<p>Unsere medizinische Forschung zielt darauf ab, immer besser zu werden.<br \/>Auch bei Krebs wollen wir schnell sein, so schnell wie m\u00f6glich, mit einem breit angelegten Screening in m\u00f6glichst vielen Formen.<\/p>\n<p>Wir sind in den Top-Motorsport-Meisterschaften wie der Formel E, der Formel 1 und der MotoGP vertreten und nehmen unter anderem an Laufveranstaltungen und dem Iron Man teil, darunter nat\u00fcrlich auch an der DAKAR.<\/p>\n<p>Dann unsere Pr\u00e4senz bei Luxusveranstaltungen in St. Moritz wie Snow Polo und White Turf, dann die Bull Days, die Lamborghini-Treffen und VivaTech in Paris.<\/p>\n<p>Dar\u00fcber hinaus bieten wir alle unsere Ausbildungsaktivit\u00e4ten von Fortgeschrittenenkursen bis hin zu Masterkursen an Universit\u00e4ten in verschiedenen L\u00e4ndern der Welt an, sowie Ver\u00f6ffentlichungen f\u00fcr Studenten.<\/p>\n<p>Ein Podcast, der die Daten und Verbesserungen verschiedener Champions in verschiedenen Disziplinen mit unterschiedlichen Protokollen zeigt.<\/p>\n<p>Das Angebot ist f\u00fcr den Hersteller vollst\u00e4ndig:<\/p>\n<p>- F\u00fcr den gesunden Patienten wird ein Digitaler Zwilling mit einem Protokoll erstellt, das die Ger\u00e4te des Herstellers verwendet<br \/>- Der Digital Twin wird von einem Meister einer Meisterschaft getragen, und das Logo des Herstellers ist w\u00e4hrend der Wettk\u00e4mpfe auf dem Auto zu sehen.<br \/>- Die Daten des Champions werden w\u00f6chentlich im Podcast diskutiert und k\u00f6nnen in den sozialen Medien des Herstellers verwendet werden.<br \/>- Ein Exemplar des Fahrzeugs mit dem Logo des Herstellers nimmt an verschiedenen Luxusveranstaltungen teil, bei denen die Merkmale des spezifischen Digital Twin gezeigt werden, m\u00f6glicherweise sogar der Champion.<\/p>\n<p>In den Kursen werden Konfiguratoren, Personal Trainer und \u00c4rzte im Umgang mit den Ger\u00e4ten geschult, wobei die Details je nach Ausbildungsstand variieren.<\/p>\n<p>Die Ausbildung von Konfiguratoren bedeutet ein spezialisiertes Unterst\u00fctzungsnetz in dem Gebiet, das vom Kunden pro Anruf bezahlt wird. Das schafft neue Arbeitspl\u00e4tze.\"<\/p>\n<\/div><\/div>\n<\/section>","protected":false},"excerpt":{"rendered":"<p>Learn About Sponsorship &#8220;Telemedicine? No, thank you. Every time we talk about the Digital Twin, the market confuses it with telemedicine. Telemedicine is used to save on sick patients by sending them home and freeing up hospital beds. The Digital Twin, on the other hand, enables achieving longevity and enhanced performance in healthy patients. We&#8217;re [&hellip;]<\/p>\n","protected":false},"author":1,"featured_media":0,"parent":0,"menu_order":0,"comment_status":"closed","ping_status":"closed","template":"","meta":{"_acf_changed":false,"_breakdance_hide_in_design_set":false,"_breakdance_tags":"","footnotes":"","_wordproof_timestamp":false},"class_list":["post-11191","page","type-page","status-publish","hentry"],"acf":[],"_links":{"self":[{"href":"https:\/\/kliniksanktmoritz.ch\/de\/wp-json\/wp\/v2\/pages\/11191","targetHints":{"allow":["GET"]}}],"collection":[{"href":"https:\/\/kliniksanktmoritz.ch\/de\/wp-json\/wp\/v2\/pages"}],"about":[{"href":"https:\/\/kliniksanktmoritz.ch\/de\/wp-json\/wp\/v2\/types\/page"}],"author":[{"embeddable":true,"href":"https:\/\/kliniksanktmoritz.ch\/de\/wp-json\/wp\/v2\/users\/1"}],"replies":[{"embeddable":true,"href":"https:\/\/kliniksanktmoritz.ch\/de\/wp-json\/wp\/v2\/comments?post=11191"}],"version-history":[{"count":3,"href":"https:\/\/kliniksanktmoritz.ch\/de\/wp-json\/wp\/v2\/pages\/11191\/revisions"}],"predecessor-version":[{"id":13486,"href":"https:\/\/kliniksanktmoritz.ch\/de\/wp-json\/wp\/v2\/pages\/11191\/revisions\/13486"}],"wp:attachment":[{"href":"https:\/\/kliniksanktmoritz.ch\/de\/wp-json\/wp\/v2\/media?parent=11191"}],"curies":[{"name":"wp","href":"https:\/\/api.w.org\/{rel}","templated":true}]}}