{"id":12850,"date":"2024-10-23T13:45:20","date_gmt":"2024-10-23T12:45:20","guid":{"rendered":"https:\/\/kliniksanktmoritz.ch\/disclaimer\/"},"modified":"2024-10-23T13:45:20","modified_gmt":"2024-10-23T12:45:20","slug":"haftungsausschluss","status":"publish","type":"page","link":"https:\/\/kliniksanktmoritz.ch\/de\/haftungsausschluss\/","title":{"rendered":"Haftungsausschluss"},"content":{"rendered":"<!-- Legal document generated by Complianz | GDPR\/CCPA Cookie Consent https:\/\/wordpress.org\/plugins\/complianz-gdpr -->\n<div id=\"cmplz-document\" class=\"cmplz-document disclaimer cmplz-document-all\"><p>Klinik Sankt Moritz AG verpflichtet sich, diese Website auf dem neuesten Stand und korrekt zu halten. Sollten Sie dennoch auf etwas Unkorrektes oder Veraltetes sto\u00dfen, w\u00fcrden wir uns freuen, wenn Sie uns dies mitteilen k\u00f6nnten. Bitte geben Sie auf der Website an, wo Sie die Informationen gelesen haben. Wir werden uns dann so schnell wie m\u00f6glich darum k\u00fcmmern. Bitte senden Sie Ihre Antwort per E-Mail an: <span class=\"cmplz-obfuscate\">&#105;nf&#111;@<span class=\"cmplz-fmail-domain\">ex.&#099;om<\/span>k&#108;i&#110;&#105;k&#115;&#097;&#110;kt&#109;or&#105;&#116;z&#046;&#099;&#104;<\/span>.<\/p><p>Wir haften nicht f\u00fcr Verluste aufgrund von Ungenauigkeiten oder Unvollst\u00e4ndigkeiten oder f\u00fcr Verluste aufgrund von Problemen, die durch die Verbreitung von Informationen \u00fcber das Internet verursacht werden oder damit verbunden sind, wie beispielsweise St\u00f6rungen oder Unterbrechungen. Bei der Verwendung von Internetformularen bem\u00fchen wir uns, die Anzahl der erforderlichen Felder auf ein Minimum zu beschr\u00e4nken. F\u00fcr Verluste, die durch die Nutzung von Daten, Ratschl\u00e4gen oder Ideen entstehen, die von oder im Auftrag von Klinik Sankt Moritz AG \u00fcber diese Website zur Verf\u00fcgung gestellt werden, \u00fcbernimmt Klinik Sankt Moritz AG keine Haftung.<\/p><p>Alle personenbezogenen Daten, die Sie uns im Rahmen Ihrer Antwort oder Ihrer Informationsanfrage \u00fcbermitteln, werden nur in \u00dcbereinstimmung mit unserer Datenschutzerkl\u00e4rung verwendet.<\/p><p>Klinik Sankt Moritz AG \u00fcbernimmt keine Verantwortung f\u00fcr den Inhalt von Websites, auf die mittels Hyperlink oder sonstiger Verweise verwiesen wird. Von Dritten angebotene Produkte oder Dienstleistungen unterliegen den geltenden Gesch\u00e4ftsbedingungen dieser Dritten.<\/p><p>Alle geistigen Eigentumsrechte an Inhalten dieser Website liegen bei Klinik Sankt Moritz AG oder bei Dritten, die die Inhalte selbst platziert haben oder von denen Klinik Sankt Moritz AG eine Benutzerlizenz erhalten hat.<\/p><p>Das Kopieren, Verbreiten und jede andere Verwendung dieser Materialien ist ohne die schriftliche Genehmigung von Klinik Sankt Moritz AG nicht gestattet, es sei denn, in den zwingenden gesetzlichen Bestimmungen (wie dem Zitierrecht) ist etwas anderes vorgesehen, sofern der Inhalt nichts anderes bestimmt.<\/p><p>Wenn Sie Fragen oder Probleme mit der Erreichbarkeit der Website haben, z\u00f6gern Sie bitte nicht, uns zu kontaktieren.<\/p><\/div>","protected":false},"excerpt":{"rendered":"","protected":false},"author":1,"featured_media":0,"parent":0,"menu_order":0,"comment_status":"closed","ping_status":"closed","template":"","meta":{"_acf_changed":false,"_breakdance_hide_in_design_set":false,"_breakdance_tags":"","footnotes":"","_wordproof_timestamp":false},"class_list":["post-12850","page","type-page","status-publish","hentry"],"acf":[],"_links":{"self":[{"href":"https:\/\/kliniksanktmoritz.ch\/de\/wp-json\/wp\/v2\/pages\/12850","targetHints":{"allow":["GET"]}}],"collection":[{"href":"https:\/\/kliniksanktmoritz.ch\/de\/wp-json\/wp\/v2\/pages"}],"about":[{"href":"https:\/\/kliniksanktmoritz.ch\/de\/wp-json\/wp\/v2\/types\/page"}],"author":[{"embeddable":true,"href":"https:\/\/kliniksanktmoritz.ch\/de\/wp-json\/wp\/v2\/users\/1"}],"replies":[{"embeddable":true,"href":"https:\/\/kliniksanktmoritz.ch\/de\/wp-json\/wp\/v2\/comments?post=12850"}],"version-history":[{"count":0,"href":"https:\/\/kliniksanktmoritz.ch\/de\/wp-json\/wp\/v2\/pages\/12850\/revisions"}],"wp:attachment":[{"href":"https:\/\/kliniksanktmoritz.ch\/de\/wp-json\/wp\/v2\/media?parent=12850"}],"curies":[{"name":"wp","href":"https:\/\/api.w.org\/{rel}","templated":true}]}}