{"id":17066,"date":"2025-02-26T09:11:00","date_gmt":"2025-02-26T08:11:00","guid":{"rendered":"https:\/\/kliniksanktmoritz.ch\/?page_id=17066"},"modified":"2025-05-14T15:14:52","modified_gmt":"2025-05-14T14:14:52","slug":"worldmedcert","status":"publish","type":"page","link":"https:\/\/kliniksanktmoritz.ch\/de\/worldmedcert\/","title":{"rendered":"World Med Cert"},"content":{"rendered":"<section class=\"bde-section-17066-100 bde-section\">\n  \n  \n\t\n\n\n\n<div class=\"section-container\"><h1 class=\"bde-dual-heading-17066-101 bde-dual-heading\">\n\n\n            <span data-style=\"primary\" class=\"dual-heading--primary\">Welt<\/span>\n\n            <span data-style=\"secondary\" class=\"dual-heading--secondary\">MED<\/span>\n\n            <span data-style=\"primary\" class=\"dual-heading--primary\">Zertifikat<\/span>\n\n\n\n<\/h1><\/div>\n<\/section><section class=\"bde-section-17066-102 bde-section\">\n  \n  \n\t\n\n\n\n<div class=\"section-container\"><div class=\"bde-rich-text-17066-103 bde-rich-text breakdance-rich-text-styles\">\n<h2 data-start=\"170\" data-end=\"277\">\ud83c\udf10 <strong data-start=\"173\" data-end=\"214\">World Med Cert der Klinik Sankt Moritz<\/strong><br data-start=\"214\" data-end=\"217\" \/><strong data-start=\"217\" data-end=\"277\">Globale Zertifizierung f\u00fcr Gesundheits- und Wellness-Fachleute<\/strong><\/h2>\n<p data-start=\"129\" data-end=\"422\">\ud83c\udf0d <strong data-start=\"132\" data-end=\"189\">Werden Sie, wer Sie wirklich sind. Lass es die Welt erkennen.<\/strong><br data-start=\"189\" data-end=\"192\" \/><strong data-start=\"192\" data-end=\"233\">World Med Cert der Klinik Sankt Moritz<\/strong> ist mehr als eine Zertifizierung - es ist ein Symbol f\u00fcr Exzellenz, Vertrauen und globale Glaubw\u00fcrdigkeit.<br data-start=\"322\" data-end=\"325\" \/>In einer Zeit, in der alles in Frage gestellt werden kann, muss Ihre berufliche Identit\u00e4t mit Gewissheit gl\u00e4nzen.<\/p>\n<p data-start=\"424\" data-end=\"680\">\ud83d\udd11 Du hast studiert. Du hast geheilt. Ihr habt Leben ver\u00e4ndert.<br data-start=\"483\" data-end=\"486\" \/>Jetzt ist es an der Zeit, Ihre Geschichte sichtbar und unbestreitbar zu machen.<br data-start=\"542\" data-end=\"545\" \/>Mit unserer Zertifizierung weisen Sie nicht nur Ihre Qualifikationen nach, sondern werden Teil eines globalen \u00d6kosystems, das auf Integrit\u00e4t und verifiziertem Fachwissen beruht.<\/p>\n<p data-start=\"682\" data-end=\"721\">\ud83d\udca0 <strong data-start=\"685\" data-end=\"721\">W\u00e4hlen Sie Ihren Weg zur Anerkennung:<\/strong><\/p>\n<p data-start=\"723\" data-end=\"853\"><a href=\"https:\/\/kliniksanktmoritz.ch\/de\/worldmedcert\/arzte-mds-dos-01\/\">\ud83d\udc68\u200d\u2695\ufe0f <strong data-start=\"729\" data-end=\"756\">\u00c4rztinnen und \u00c4rzte (MD\/DO)<\/strong><\/a><br data-start=\"756\" data-end=\"759\" \/>Pr\u00e4sentieren Sie Ihre Qualifikationen mit einer Blockchain-gesicherten Zertifizierung und einem verifizierten \u00f6ffentlichen Profil.<\/p>\n<p data-start=\"855\" data-end=\"976\">\ud83e\ude7a <strong data-start=\"858\" data-end=\"895\">Allied Health Professionals (AHP)<\/strong><br data-start=\"895\" data-end=\"898\" \/>Erschlie\u00dfen Sie internationale Chancen mit einer glaubw\u00fcrdigen, verifizierten digitalen Identit\u00e4t.<\/p>\n<p data-start=\"978\" data-end=\"1096\">\ud83e\udde0 <strong data-start=\"981\" data-end=\"1016\">Fach\u00e4rzte f\u00fcr psychische Gesundheit (MHS)<\/strong><br data-start=\"1016\" data-end=\"1019\" \/>Steigern Sie Ihre Autorit\u00e4t und Ihr Vertrauen sowohl in der Online- als auch in der Pr\u00e4senztherapie.<\/p>\n<p data-start=\"1098\" data-end=\"1240\">\ud83d\udc86\u200d\u2642\ufe0f <strong data-start=\"1104\" data-end=\"1152\">Heilpraktiker f\u00fcr Komplement\u00e4rmedizin und Wellness (CWP)<\/strong><br data-start=\"1152\" data-end=\"1155\" \/>Heben Sie sich auf einem \u00fcberf\u00fcllten Markt mit einer renommierten, international anerkannten Validierung ab.<\/p>\n<p data-start=\"1242\" data-end=\"1364\">\ud83c\udfe5 <strong data-start=\"1245\" data-end=\"1277\">Kliniken und medizinische Einrichtungen<\/strong><br data-start=\"1277\" data-end=\"1280\" \/>Gewinnen Sie weltweit Patienten und Partnerschaften mit einem Team, das sich auf zertifizierte Spitzenleistungen st\u00fctzt.<\/p>\n<p data-start=\"1366\" data-end=\"1428\">\ud83d\udcac <em data-start=\"1369\" data-end=\"1428\">\"Es kommt nicht nur darauf an, was du tust. Es geht darum, wie die Welt dich sieht.\"<\/em><\/p>\n<p data-start=\"1430\" data-end=\"1502\">\u2728 <strong data-start=\"1432\" data-end=\"1502\">Zertifizieren Sie Ihren Wert. Erweitern Sie Ihre Reichweite. \u00dcben Sie mit globalem Vertrauen.<\/strong><\/p>\n<p>\u00a0<\/p>\n<\/div><\/div>\n<\/section><section class=\"bde-section-17066-104 bde-section\">\n  \n  \n\t\n\n\n\n<div class=\"section-container\"><div class=\"bde-columns-17066-105 bde-columns\"><div class=\"bde-column-17066-106 bde-column\">\n  \n  \n\t\n\n\n\n<div class=\"bde-pricing-table-17066-107 bde-pricing-table bde-pricing-table--featured\">\n\n  <div class=\"bde-pricing-table__accent-label\" >   \n    <span>Beispiel<\/span> \n  <\/div>\n\n\n  <div class=\"bde-pricing-table__title\" >\n    Ein Beispiel f\u00fcr Doctor on line\n  <\/div>\n\n\n<div class='bde-pricing-table__price-area'>\n\n  \n  <div class=\"bde-pricing-table__price-area--amount-and-period-wrapper\">\n\n    <div class=\"bde-pricing-table__price-area--amount\">\n      <span class=\"bde-pricing-table__price-area--amount-currency\" >\n        \n      <\/span>\n      <span class=\"bde-pricing-table__price-area--amount-number\">\n        <span class=\"bde-pricing-table__price-area--amount-number-main\" >\n          \n        <\/span>\n              <\/span>\n    <\/div>\n\n    \n  <\/div>\n\n  <\/div>\n\n\n\n  <div class=\"bde-pricing-table__description\" >\n    Sie und Ihre Daten in der Klinik Sankt Moritz<br>offizielle URL<br>kliniksanktmoritz.ch\/md\/jane-doe\n  <\/div>\n\n\n        \n    \n    \n    \n    \n            \n                    \n            \n            \n\n    \n    \n    \n    \n    \n    <a class=\"breakdance-link button-atom button-atom--primary bde-pricing-table__cta-button\" href=\"https:\/\/kliniksanktmoritz.ch\/de\/md\/jane-doe\/\" target=\"_blank\" data-type=\"url\"  >\n\n    \n        <span class=\"button-atom__text\">einen Test machen<\/span>\n\n        \n        \n                <\/a>\n\n    \n\n\n<\/div>\n<\/div><div class=\"bde-column-17066-108 bde-column\">\n  \n  \n\t\n\n\n\n<div class=\"bde-pricing-table-17066-109 bde-pricing-table bde-pricing-table--featured\">\n\n  <div class=\"bde-pricing-table__accent-label\" >   \n    <span>kostenloses Buch<\/span> \n  <\/div>\n\n\n  <div class=\"bde-pricing-table__title\" >\n    Warum die digitale Zertifizierung f\u00fcr das medizinische Fachpersonal von heute unerl\u00e4sslich ist \n  <\/div>\n\n\n<div class='bde-pricing-table__price-area'>\n\n  \n  <div class=\"bde-pricing-table__price-area--amount-and-period-wrapper\">\n\n    <div class=\"bde-pricing-table__price-area--amount\">\n      <span class=\"bde-pricing-table__price-area--amount-currency\" >\n        \n      <\/span>\n      <span class=\"bde-pricing-table__price-area--amount-number\">\n        <span class=\"bde-pricing-table__price-area--amount-number-main\" >\n          \n        <\/span>\n              <\/span>\n    <\/div>\n\n    \n  <\/div>\n\n  <\/div>\n\n\n\n  <div class=\"bde-pricing-table__description\" >\n    \"ONLINE-ABSCHLUSS IN MEDIZIN<br>ZERTIFIZIERUNG BIETET DIE H\u00d6CHSTE<br>NIVEAU DER PROFESSIONELLEN SICHERHEIT,<br>BEREITSTELLUNG EINES WISSENSCHAFTLICHEN \"BLAUEN H\u00c4KCHENS\"<br>F\u00dcR SOZIALE MEDIEN UND DAS INTERNET\".\n  <\/div>\n\n\n        \n    \n    \n    \n    \n            \n                    \n            \n            \n\n    \n    \n    \n    \n    \n    <a class=\"breakdance-link button-atom button-atom--primary bde-pricing-table__cta-button\" href=\"https:\/\/kliniksanktmoritz.ch\/wp-content\/uploads\/2024\/11\/Why-Digital-Certification-is-Essential-for-Todays-Medical-Professionals-ver-1.0.pdf\" target=\"_self\" data-type=\"url\"  >\n\n    \n        <span class=\"button-atom__text\">Herunterladen<\/span>\n\n        \n        \n                <\/a>\n\n    \n\n\n<\/div>\n<\/div><div class=\"bde-column-17066-110 bde-column\">\n  \n  \n\t\n\n\n\n\n<\/div><div class=\"bde-column-17066-111 bde-column\">\n  \n  \n\t\n\n\n\n<div class=\"bde-pricing-table-17066-112 bde-pricing-table bde-pricing-table--featured\">\n\n  <div class=\"bde-pricing-table__accent-label\" >   \n    <span>kostenloses Buch<\/span> \n  <\/div>\n\n\n  <div class=\"bde-pricing-table__title\" >\n    Digitaler Zwilling im Gesundheitswesen\n  <\/div>\n\n\n<div class='bde-pricing-table__price-area'>\n\n  \n  <div class=\"bde-pricing-table__price-area--amount-and-period-wrapper\">\n\n    <div class=\"bde-pricing-table__price-area--amount\">\n      <span class=\"bde-pricing-table__price-area--amount-currency\" >\n        \n      <\/span>\n      <span class=\"bde-pricing-table__price-area--amount-number\">\n        <span class=\"bde-pricing-table__price-area--amount-number-main\" >\n          \n        <\/span>\n              <\/span>\n    <\/div>\n\n    \n  <\/div>\n\n  <\/div>\n\n\n\n  <div class=\"bde-pricing-table__description\" >\n    \"BIOMETRISCHE DATEN STAMMEN VON EINER<br>EINE VIELZAHL VON GER\u00c4TEN, DIE JEWEILS<br>SPEZIFISCHE INFORMATIONEN \u00dcBER DIE<br>DEN GESUNDHEITSZUSTAND DES PATIENTEN\"\n  <\/div>\n\n\n        \n    \n    \n    \n    \n            \n                    \n            \n            \n\n    \n    \n    \n    \n    \n    <a class=\"breakdance-link button-atom button-atom--primary bde-pricing-table__cta-button\" href=\"https:\/\/kliniksanktmoritz.ch\/wp-content\/uploads\/2024\/11\/Digital-Twin-in-Healthcare-Caldelari.pdf\" target=\"_self\" data-type=\"url\"  >\n\n    \n        <span class=\"button-atom__text\">Herunterladen<\/span>\n\n        \n        \n                <\/a>\n\n    \n\n\n<\/div>\n<\/div><\/div><div class=\"bde-fancy-divider-17066-113 bde-fancy-divider\">\n\n\n<div class=\"bde-fancy-divider__wrapper\">\n  <div class=\"bde-fancy-divider__separator\">\n  \t  <\/div>\n<\/div>\n\n<\/div><div class=\"bde-fancy-divider-17066-114 bde-fancy-divider\">\n\n\n<div class=\"bde-fancy-divider__wrapper\">\n  <div class=\"bde-fancy-divider__separator\">\n  \t  <\/div>\n<\/div>\n\n<\/div><\/div>\n<\/section>","protected":false},"excerpt":{"rendered":"<p>World MED Cert \ud83c\udf10 World Med Cert by Klinik Sankt MoritzGlobal Certification for Health &amp; Wellness Professionals \ud83c\udf0d Become Who You Truly Are. Let the World Recognize It.World Med Cert by Klinik Sankt Moritz is more than a certification\u2014it\u2019s a symbol of excellence, trust, and global credibility.In an era where anything can be questioned, your [&hellip;]<\/p>\n","protected":false},"author":2,"featured_media":0,"parent":0,"menu_order":0,"comment_status":"closed","ping_status":"closed","template":"","meta":{"_acf_changed":false,"_breakdance_hide_in_design_set":false,"_breakdance_tags":"","footnotes":"","_wordproof_timestamp":false},"class_list":["post-17066","page","type-page","status-publish","hentry"],"acf":[],"_links":{"self":[{"href":"https:\/\/kliniksanktmoritz.ch\/de\/wp-json\/wp\/v2\/pages\/17066","targetHints":{"allow":["GET"]}}],"collection":[{"href":"https:\/\/kliniksanktmoritz.ch\/de\/wp-json\/wp\/v2\/pages"}],"about":[{"href":"https:\/\/kliniksanktmoritz.ch\/de\/wp-json\/wp\/v2\/types\/page"}],"author":[{"embeddable":true,"href":"https:\/\/kliniksanktmoritz.ch\/de\/wp-json\/wp\/v2\/users\/2"}],"replies":[{"embeddable":true,"href":"https:\/\/kliniksanktmoritz.ch\/de\/wp-json\/wp\/v2\/comments?post=17066"}],"version-history":[{"count":5,"href":"https:\/\/kliniksanktmoritz.ch\/de\/wp-json\/wp\/v2\/pages\/17066\/revisions"}],"predecessor-version":[{"id":19892,"href":"https:\/\/kliniksanktmoritz.ch\/de\/wp-json\/wp\/v2\/pages\/17066\/revisions\/19892"}],"wp:attachment":[{"href":"https:\/\/kliniksanktmoritz.ch\/de\/wp-json\/wp\/v2\/media?parent=17066"}],"curies":[{"name":"wp","href":"https:\/\/api.w.org\/{rel}","templated":true}]}}