{"id":19904,"date":"2025-05-14T18:09:33","date_gmt":"2025-05-14T17:09:33","guid":{"rendered":"https:\/\/kliniksanktmoritz.ch\/?page_id=19904"},"modified":"2025-05-19T13:44:04","modified_gmt":"2025-05-19T12:44:04","slug":"id","status":"publish","type":"page","link":"https:\/\/kliniksanktmoritz.ch\/de\/worldmedcert\/arzte-mds-dos-01\/id\/","title":{"rendered":"ID"},"content":{"rendered":"<section class=\"bde-section-19904-112 bde-section\">\n  \n  \n\t\n\n\n\n<div class=\"section-container\"><h1 class=\"bde-dual-heading-19904-113 bde-dual-heading\">\n\n\n            <span data-style=\"secondary\" class=\"dual-heading--secondary\">Klinik Sankt Moritz<\/span>\n\n            <span data-style=\"primary\" class=\"dual-heading--primary\">ID<\/span>\n\n\n\n<\/h1><div class=\"bde-rich-text-19904-114 bde-rich-text breakdance-rich-text-styles\">\n<h3 style=\"text-align: center;\">Der globale digitale Identifikator f\u00fcr gepr\u00fcfte \u00c4rzte Eine Nummer.<\/h3>\n<h3 style=\"text-align: center;\">Eine Garantie. Eine Unterschrift des Vertrauens.<\/h3>\n<\/div><\/div>\n<\/section><section class=\"bde-section-19904-100 bde-section\">\n  \n  \n\t\n\n\n\n<div class=\"section-container\"><div class=\"bde-button-19904-101 bde-button\">\n        \n    \n    \n    \n    \n            \n                    \n            \n            \n\n    \n    \n    \n    \n    \n    <a class=\"breakdance-link button-atom button-atom--secondary bde-button__button\" href=\"https:\/\/kliniksanktmoritz.ch\/de\/produkt\/klinik-sankt-moritz-id\/\" target=\"_self\" data-type=\"url\"  >\n\n    \n        <span class=\"button-atom__text\">GET NOW KLINIK Sankt Moritz id<\/span>\n\n        \n        \n                <\/a>\n\n    \n\n\n<\/div><div class=\"bde-columns-19904-102 bde-columns\"><div class=\"bde-column-19904-103 bde-column\">\n  \n  \n\t\n\n\n\n<h2 class=\"bde-dual-heading-19904-104 bde-dual-heading\">\n\n\n            <span data-style=\"secondary\" class=\"dual-heading--secondary\">\ud83d\udd39 Was ist die<\/span>\n\n            <span data-style=\"primary\" class=\"dual-heading--primary\">Klinik Sankt Moritz ID?<\/span>\n\n\n\n<\/h2><div class=\"bde-text-19904-105 bde-text\">\nDie Klinik Sankt Moritz ID ist eine eindeutige digitale Kennung, die nur \u00c4rzten ausgestellt wird, die aktiv bei einer anerkannten \u00c4rztekammer registriert sind, egal wo auf der Welt.Es handelt sich um einen einfachen, j\u00e4hrlichen Dienst, der den Patienten ein Mindestma\u00df an beruflicher Authentizit\u00e4t und den \u00c4rzten eine verifizierte, sichere Pr\u00e4senz bietet.<br><br>\ud83e\udde9 Wof\u00fcr ist das?<br>Erkennen Sie einen Arzt sofort und eindeutig als solchen.<br>Betten Sie die ID in Ihre E-Mail-Signatur, Ihre Website, medizinische Dokumente oder digitale Plattformen ein.<br>Versichern Sie Ihren Patienten, dass sie mit einem approbierten Arzt sprechen - Lebensl\u00e4ufe, Titel oder Diplome sind \u00fcberfl\u00fcssig.<br><br>\ud83d\udd10 Was wird damit \u00fcberpr\u00fcft?<br>dass der Berufsangeh\u00f6rige aktiv bei einer \u00c4rztekammer registriert ist.<br>Die Klinik Sankt Moritz hat dies innerhalb der letzten 12 Monate \u00fcberpr\u00fcft.<br>Nicht mehr und nicht weniger: Sie best\u00e4tigt die Existenz und die Legitimit\u00e4t, nicht die Qualifikation oder das Fachwissen.<br><br>\ud83d\udca1 Warum ist das wichtig?<br>Im Zeitalter von Fehlinformationen und digitalem Betrug dient die Klinik Sankt Moritz ID als minimaler Vertrauensstandard:<br>\u2705 Sch\u00fctzt Patienten vor gef\u00e4lschten Profilen<br>\u2705 Verschafft echten Fachleuten Sichtbarkeit<br>\u2705 \u00dcberwindet die Barrieren des digitalen Vertrauens im Gesundheitswesen<br><br>\ud83c\udfaf F\u00fcr wen ist es gedacht?<br>Ausschlie\u00dflich f\u00fcr zugelassene \u00c4rzte, unabh\u00e4ngig von Land und Fachgebiet.<br>Keine gef\u00e4lschten Bescheinigungen. Keine Grauzonen. Keine Zweideutigkeit.<br><br>\ud83d\udcb5 Wie viel kostet es?<br>Eine Dienstleistung mit niedriger Einstiegsh\u00fcrde:CHF49\/Jahr<br>F\u00fcr \u00c4rzte, die sich weltweit leicht verifizieren lassen wollen.<br><br>\ud83c\udf10 Globale Sichtbarkeit<br>\u00c4rzte, die einen Ausweis erhalten, werden:<br>Im offiziellen \u00f6ffentlichen Verzeichnis der Klinik Sankt Moritz auftauchen<br>Sie erhalten einen digitalen Ausweis, um ihre verifizierte ID zu pr\u00e4sentieren.<br>Bieten Sie den Patienten einen klaren, \u00f6ffentlichen Link, um ihren Status zu \u00fcberpr\u00fcfen<br><br>\ud83d\udee1\ufe0f Der Wert einer einfachen \u00dcberpr\u00fcfung<br>Die Klinik Sankt Moritz ID greift nicht in Ihre Privatsph\u00e4re ein, gibt Ihre Daten nicht preis und versucht nicht, Ihre F\u00e4higkeiten zu zertifizieren.<br>Sie best\u00e4tigt nur eine wesentliche Wahrheit: \ud83d\udc49 \"Diese Person ist ein zugelassener Arzt. Verifiziert durch uns.\"<br><br>\ud83d\ude80 Ein kleiner Schritt f\u00fcr den Arzt. Ein gro\u00dfer Sprung f\u00fcr das Vertrauen der Patienten.<br>Aktivieren Sie noch heute Ihre Klinik Sankt Moritz ID.Eine Nummer. Eine Unterschrift. Ein professioneller Akt der Verantwortung.\n<\/div><div class=\"bde-button-19904-106 bde-button\">\n        \n    \n    \n    \n    \n            \n                    \n            \n            \n\n    \n    \n    \n    \n    \n    <a class=\"breakdance-link button-atom button-atom--secondary bde-button__button\" href=\"https:\/\/kliniksanktmoritz.ch\/de\/produkt\/klinik-sankt-moritz-id\/\" target=\"_self\" data-type=\"url\"  >\n\n    \n        <span class=\"button-atom__text\">BUY now Klinik Sankt Moritz ID !<\/span>\n\n        \n        \n                <\/a>\n\n    \n\n\n<\/div>\n<\/div><div class=\"bde-column-19904-108 bde-column\">\n  \n  \n\t\n\n\n\n<div class=\"bde-image-19904-109 bde-image\">\n<figure class=\"breakdance-image breakdance-image--19906\">\n\t<div class=\"breakdance-image-container\">\n\t\t<div class=\"breakdance-image-clip\"><img loading=\"lazy\" decoding=\"async\" class=\"breakdance-image-object\" src=\"https:\/\/kliniksanktmoritz.ch\/wp-content\/uploads\/2025\/05\/May-14-2025-06_59_26-PM.jpg\" width=\"1024\" height=\"1536\" srcset=\"https:\/\/kliniksanktmoritz.ch\/wp-content\/uploads\/2025\/05\/May-14-2025-06_59_26-PM.jpg 1024w, https:\/\/kliniksanktmoritz.ch\/wp-content\/uploads\/2025\/05\/May-14-2025-06_59_26-PM-200x300.jpg 200w, https:\/\/kliniksanktmoritz.ch\/wp-content\/uploads\/2025\/05\/May-14-2025-06_59_26-PM-683x1024.jpg 683w, https:\/\/kliniksanktmoritz.ch\/wp-content\/uploads\/2025\/05\/May-14-2025-06_59_26-PM-768x1152.jpg 768w, https:\/\/kliniksanktmoritz.ch\/wp-content\/uploads\/2025\/05\/May-14-2025-06_59_26-PM-8x12.jpg 8w, https:\/\/kliniksanktmoritz.ch\/wp-content\/uploads\/2025\/05\/May-14-2025-06_59_26-PM-128x192.jpg 128w, https:\/\/kliniksanktmoritz.ch\/wp-content\/uploads\/2025\/05\/May-14-2025-06_59_26-PM-600x900.jpg 600w\" sizes=\"auto, (max-width: 1024px) 100vw, 1024px\" alt=\"\" title=\"\"><\/div>\n\t<\/div><\/figure>\n\n<\/div>\n<\/div><\/div><\/div>\n<\/section>","protected":false},"excerpt":{"rendered":"<p>Klinik Sankt Moritz ID The Global Digital Identifier for Verified Medical Doctors\u2028A number. A guarantee. A signature of trust. GET NOW KLINIK Sankt Moritz id \ud83d\udd39 What is the Klinik Sankt Moritz ID? The Klinik Sankt Moritz ID is a unique digital identifier issued only to doctors who are actively registered with a recognised medical [&hellip;]<\/p>\n","protected":false},"author":2,"featured_media":0,"parent":11118,"menu_order":0,"comment_status":"closed","ping_status":"closed","template":"","meta":{"_acf_changed":false,"_breakdance_hide_in_design_set":false,"_breakdance_tags":"","footnotes":"","_wordproof_timestamp":false},"class_list":["post-19904","page","type-page","status-publish","hentry"],"acf":[],"_links":{"self":[{"href":"https:\/\/kliniksanktmoritz.ch\/de\/wp-json\/wp\/v2\/pages\/19904","targetHints":{"allow":["GET"]}}],"collection":[{"href":"https:\/\/kliniksanktmoritz.ch\/de\/wp-json\/wp\/v2\/pages"}],"about":[{"href":"https:\/\/kliniksanktmoritz.ch\/de\/wp-json\/wp\/v2\/types\/page"}],"author":[{"embeddable":true,"href":"https:\/\/kliniksanktmoritz.ch\/de\/wp-json\/wp\/v2\/users\/2"}],"replies":[{"embeddable":true,"href":"https:\/\/kliniksanktmoritz.ch\/de\/wp-json\/wp\/v2\/comments?post=19904"}],"version-history":[{"count":3,"href":"https:\/\/kliniksanktmoritz.ch\/de\/wp-json\/wp\/v2\/pages\/19904\/revisions"}],"predecessor-version":[{"id":19947,"href":"https:\/\/kliniksanktmoritz.ch\/de\/wp-json\/wp\/v2\/pages\/19904\/revisions\/19947"}],"up":[{"embeddable":true,"href":"https:\/\/kliniksanktmoritz.ch\/de\/wp-json\/wp\/v2\/pages\/11118"}],"wp:attachment":[{"href":"https:\/\/kliniksanktmoritz.ch\/de\/wp-json\/wp\/v2\/media?parent=19904"}],"curies":[{"name":"wp","href":"https:\/\/api.w.org\/{rel}","templated":true}]}}