{"id":19915,"date":"2025-05-15T00:03:45","date_gmt":"2025-05-14T23:03:45","guid":{"rendered":"https:\/\/kliniksanktmoritz.ch\/?page_id=19915"},"modified":"2025-05-19T14:20:11","modified_gmt":"2025-05-19T13:20:11","slug":"platin","status":"publish","type":"page","link":"https:\/\/kliniksanktmoritz.ch\/de\/worldmedcert\/arzte-mds-dos-01\/platin\/","title":{"rendered":"Platin"},"content":{"rendered":"<section class=\"bde-section-19915-100 bde-section\">\n  \n  \n\t\n\n\n\n<div class=\"section-container\"><h1 class=\"bde-dual-heading-19915-101 bde-dual-heading\">\n\n\n            <span data-style=\"primary\" class=\"dual-heading--primary\">Warum<\/span>\n\n            <span data-style=\"secondary\" class=\"dual-heading--secondary\">Platin zertifiziert<\/span>\n\n            <span data-style=\"primary\" class=\"dual-heading--primary\">Ist ein <\/span>\n\n            <span data-style=\"secondary\" class=\"dual-heading--secondary\">Spielver\u00e4nderer<\/span>\n\n            <span data-style=\"primary\" class=\"dual-heading--primary\"> f\u00fcr \u00c4rzte weltweit<\/span>\n\n\n\n<\/h1><div class=\"bde-rich-text-19915-102 bde-rich-text breakdance-rich-text-styles\">\n<h3>In einer digitalen Welt, in der Reputation eine W\u00e4hrung ist, reicht Ihr Name allein nicht mehr aus.<br data-start=\"291\" data-end=\"294\" \/>Heute muss wahre Autorit\u00e4t <span style=\"text-decoration: underline;\"><em>verifiziert, sichtbar und unausl\u00f6schlich.<\/em><\/span><\/h3>\n<\/div><\/div>\n<\/section><section class=\"bde-section-19915-103 bde-section\">\n  \n  \n\t\n\n\n\n<div class=\"section-container\"><div class=\"bde-button-19915-104 bde-button\">\n        \n    \n    \n    \n    \n            \n                    \n            \n            \n\n    \n    \n    \n    \n    \n    <a class=\"breakdance-link button-atom button-atom--secondary bde-button__button\" href=\"https:\/\/kliniksanktmoritz.ch\/de\/produkt\/zertifizierte-arzte-mds-dos-zugelassene-arzte-md-monatlich\/\" target=\"_self\" data-type=\"url\"  >\n\n    \n        <span class=\"button-atom__text\">\/Platin zertifiziert<\/span>\n\n        \n        \n                <\/a>\n\n    \n\n\n<\/div><div class=\"bde-columns-19915-105 bde-columns\"><div class=\"bde-column-19915-106 bde-column\">\n  \n  \n\t\n\n\n\n<h1 class=\"bde-dual-heading-19915-107 bde-dual-heading\">\n\n\n            <span data-style=\"secondary\" class=\"dual-heading--secondary\">Platin zertifiziert<\/span>\n\n            <span data-style=\"primary\" class=\"dual-heading--primary\">den Eliteservice von <\/span>\n\n            <span data-style=\"secondary\" class=\"dual-heading--secondary\">Klinik Sankt Moritz<\/span>\n\n            <span data-style=\"primary\" class=\"dual-heading--primary\">ist das ultimative Hilfsmittel f\u00fcr \u00c4rzte, die es wissen wollen:<\/span>\n\n\n\n<\/h1><div class=\"bde-text-19915-108 bde-text\">\n#PSchutz der Patienten vor Betrug und Nachahmung<br><br>1TP5Sichern Sie ihre Identit\u00e4t und Anmeldeinformationen mit der Blockchain-Technologie<br><br>#Expandieren Sie ihre Karriere weltweit durch Gesundheitstourismus und gepr\u00fcfte Autorit\u00e4t<br><br>\ud83d\udd12 1. Ihre Identit\u00e4t, gesichert und respektiert<br>Mit Platinum Certified erhalten Sie ein Blockchain-gest\u00fctztes digitales Siegel - ein sichtbarer Beweis f\u00fcr die Legitimit\u00e4t.<br>Keine Eitelkeitsplakette. Ein wissenschaftliches blaues H\u00e4kchen, das echte \u00c4rzte sofort von digitalen Hochstaplern unterscheidet.<br><br>\ud83d\udca1 Stellen Sie sich einen Patienten vor, der online Profile vergleicht.<br>Der mit der Platinplakette ist:<br><br>#Trusted<br><br>#Verifiziert<br><br>#Iunmittelbar glaubw\u00fcrdig<br><br>\ud83c\udf10 2. Weltweit anerkannt. Sofortige Erreichbarkeit.<br>Sie haben Ihren Doktor in Italien gemacht? Spezialisiert in Berlin? Arbeiten in Dubai? Kein Problem!<br><br>Platinum Certified ist Ihr globaler Berechtigungsausweis. Keine b\u00fcrokratischen H\u00fcrden, keine bilateralen Beschr\u00e4nkungen.<br><br>\u2705 Sofortige \u00dcberpr\u00fcfung von Abschl\u00fcssen und Spezialisierungen<br>\u2705 Benutzerdefinierte Vanity-URL (z. B. https:\/\/kliniksanktmoritz.ch\/md\/dr-john-smith)<br>\u2705 St\u00e4ndig aktualisierter, weltweit sichtbarer digitaler Lebenslauf<br><br>\u2708\ufe0f 3. Ihr Tor zum globalen Gesundheitstourismus<br>Patienten kommen \u00fcber die Grenzen, um eine bessere Versorgung zu erhalten. Mit Platinum Certified werden Sie Teil eines verifizierten internationalen Netzwerks von Kliniken, Krankenh\u00e4usern, Wellnesszentren und hochwertigen Patienten.<br><br>\ud83e\ude7a Patienten im Ausland anziehen<br>\ud83e\udd1d Partnerschaften mit internationalen Kliniken und Krankenh\u00e4usern<br>\ud83c\udf0d Positionieren Sie sich als vertrauensw\u00fcrdiger Anbieter von Medizintourismus<br><br>Der Markt f\u00fcr Medizintourismus w\u00e4chst j\u00e4hrlich um 24% - mit Platinum Certified sind Sie im Zentrum dieser Revolution.<br><br>\ud83c\udf93 4. Kontinuierliche Schulung, dokumentiert und vertrauensw\u00fcrdig<br>Platinum Certified umfasst ein System zur Verfolgung und \u00dcberpr\u00fcfung jeder Phase Ihrer beruflichen Entwicklung.<br><br>\ud83d\udcda CME, Kongresse, Masterclasses - alles in Ihr Profil integriert<br>\ud83e\udde0 KI-gest\u00fctzte Verfolgung von Zertifizierungen und F\u00e4higkeiten<br>\ud83c\udfc5 Anerkennung als st\u00e4ndig aktualisierte und vertrauensw\u00fcrdige Beh\u00f6rde<br><br>Kein l\u00e4stiger Papierkram mehr. Ihr Wachstum ist immer dokumentiert.<br><br>\u2694\ufe0f 5. Die ultimative Verteidigung gegen Betrug<br>Falsche \u00c4rzte gibt es \u00fcberall. Aber das hier k\u00f6nnen sie nicht f\u00e4lschen.<br><br>Platinum Certified verwendet:<br><br>Vollst\u00e4ndige KYC-Identit\u00e4tspr\u00fcfung<br><br>Staatlich anerkannte akademische Pr\u00fcfungen<br><br>Blockchain zur Speicherung unver\u00e4nderlicher Daten<br><br>sichere Dateninfrastruktur<br><br>\ud83d\udc68\u200d\u2695\ufe0f Ihr Name wird unhackbar<br>\ud83d\udc8a Ihre Verschreibungen werden sofort \u00fcberpr\u00fcfbar<br>\ud83c\udf10 Ihre Online-Pr\u00e4senz wird kugelsicher<br><br>\ud83d\ude80 Zusammenfassung: Arzt zu sein, reicht nicht aus. Sie m\u00fcssen digital zertifiziert sein.<br>Platinum Certified ist nicht nur ein weiterer Nachweis.<br>Es ist ein neuer internationaler Vertrauensstandard, der f\u00fcr das digitale Zeitalter geschaffen wurde.<br><br>\ud83d\udc49 Wenn Sie die Freiheit haben wollen, grenz\u00fcberschreitend zu arbeiten...<br>\ud83d\udc49 Wenn Sie wollen, dass Ihre Zeugnisse vor Ihnen sprechen...<br>\ud83d\udc49 Wenn Sie Ihren Ruf sch\u00fctzen und gleichzeitig neue globale M\u00f6glichkeiten erschlie\u00dfen wollen...<br><br>Dann ist Platinum Certified Ihr n\u00e4chster Schritt.<br><br>In einer Welt des digitalen L\u00e4rms ist Ihre verifizierte Identit\u00e4t Ihr Wettbewerbsvorteil.<br>Gesehen werden. Sei vertrauensw\u00fcrdig. Sei Platin.<br><br>\n<\/div><div class=\"bde-button-19915-109 bde-button\">\n        \n    \n    \n    \n    \n            \n                    \n            \n            \n\n    \n    \n    \n    \n    \n    <a class=\"breakdance-link button-atom button-atom--secondary bde-button__button\" href=\"https:\/\/kliniksanktmoritz.ch\/de\/produkt\/zertifizierte-arzte-mds-dos-zugelassene-arzte-md-monatlich\/\" target=\"_self\" data-type=\"url\"  >\n\n    \n        <span class=\"button-atom__text\">\/Platin zertifiziert<\/span>\n\n        \n        \n                <\/a>\n\n    \n\n\n<\/div><div class=\"bde-button-19915-110 bde-button\">\n        \n    \n    \n    \n    \n            \n                    \n            \n            \n\n    \n    \n    \n    \n    \n    <a class=\"breakdance-link button-atom button-atom--secondary bde-button__button\" href=\"https:\/\/kliniksanktmoritz.ch\/de\/worldmedcert\/id\/\" target=\"_self\" data-type=\"url\"  >\n\n    \n        <span class=\"button-atom__text\">\/Klinik sankt moritz id<\/span>\n\n        \n        \n                <\/a>\n\n    \n\n\n<\/div>\n<\/div><div class=\"bde-column-19915-111 bde-column\">\n  \n  \n\t\n\n\n\n<div class=\"bde-image-19915-112 bde-image\">\n<figure class=\"breakdance-image breakdance-image--19930\">\n\t<div class=\"breakdance-image-container\">\n\t\t<div class=\"breakdance-image-clip\"><img loading=\"lazy\" decoding=\"async\" class=\"breakdance-image-object\" src=\"https:\/\/kliniksanktmoritz.ch\/wp-content\/uploads\/2025\/05\/ChatGPT-Image-May-15-2025-12_43_17-AM.jpg\" width=\"1024\" height=\"1024\" srcset=\"https:\/\/kliniksanktmoritz.ch\/wp-content\/uploads\/2025\/05\/ChatGPT-Image-May-15-2025-12_43_17-AM.jpg 1024w, https:\/\/kliniksanktmoritz.ch\/wp-content\/uploads\/2025\/05\/ChatGPT-Image-May-15-2025-12_43_17-AM-300x300.jpg 300w, https:\/\/kliniksanktmoritz.ch\/wp-content\/uploads\/2025\/05\/ChatGPT-Image-May-15-2025-12_43_17-AM-150x150.jpg 150w, https:\/\/kliniksanktmoritz.ch\/wp-content\/uploads\/2025\/05\/ChatGPT-Image-May-15-2025-12_43_17-AM-768x768.jpg 768w, https:\/\/kliniksanktmoritz.ch\/wp-content\/uploads\/2025\/05\/ChatGPT-Image-May-15-2025-12_43_17-AM-12x12.jpg 12w, https:\/\/kliniksanktmoritz.ch\/wp-content\/uploads\/2025\/05\/ChatGPT-Image-May-15-2025-12_43_17-AM-128x128.jpg 128w, https:\/\/kliniksanktmoritz.ch\/wp-content\/uploads\/2025\/05\/ChatGPT-Image-May-15-2025-12_43_17-AM-600x600.jpg 600w\" sizes=\"auto, (max-width: 1024px) 100vw, 1024px\" alt=\"\" title=\"\"><\/div>\n\t<\/div><\/figure>\n\n<\/div>\n<\/div><\/div><div class=\"bde-button-19915-114 bde-button\">\n        \n    \n    \n    \n    \n            \n                    \n            \n            \n\n    \n    \n    \n    \n    \n    <a class=\"breakdance-link button-atom button-atom--secondary bde-button__button\" href=\"https:\/\/kliniksanktmoritz.ch\/de\/backlink\/\" target=\"_self\" data-type=\"url\"  >\n\n    \n        <span class=\"button-atom__text\">\/backlink &amp; lebenslauf<\/span>\n\n        \n        \n                <\/a>\n\n    \n\n\n<\/div><\/div>\n<\/section>","protected":false},"excerpt":{"rendered":"<p>Why Platinum Certified Is a Game-Changer for Doctors Worldwide In a digital world where reputation is currency, your name alone is no longer enough.Today, true authority must be verified, visible, and unforgeable. \/Platinum certified Platinum Certified , the elite service by Klinik Sankt Moritz , is the ultimate tool for physicians who want to: #Protect [&hellip;]<\/p>\n","protected":false},"author":2,"featured_media":0,"parent":11118,"menu_order":0,"comment_status":"closed","ping_status":"closed","template":"","meta":{"_acf_changed":false,"_breakdance_hide_in_design_set":false,"_breakdance_tags":"","footnotes":"","_wordproof_timestamp":false},"class_list":["post-19915","page","type-page","status-publish","hentry"],"acf":[],"_links":{"self":[{"href":"https:\/\/kliniksanktmoritz.ch\/de\/wp-json\/wp\/v2\/pages\/19915","targetHints":{"allow":["GET"]}}],"collection":[{"href":"https:\/\/kliniksanktmoritz.ch\/de\/wp-json\/wp\/v2\/pages"}],"about":[{"href":"https:\/\/kliniksanktmoritz.ch\/de\/wp-json\/wp\/v2\/types\/page"}],"author":[{"embeddable":true,"href":"https:\/\/kliniksanktmoritz.ch\/de\/wp-json\/wp\/v2\/users\/2"}],"replies":[{"embeddable":true,"href":"https:\/\/kliniksanktmoritz.ch\/de\/wp-json\/wp\/v2\/comments?post=19915"}],"version-history":[{"count":2,"href":"https:\/\/kliniksanktmoritz.ch\/de\/wp-json\/wp\/v2\/pages\/19915\/revisions"}],"predecessor-version":[{"id":19931,"href":"https:\/\/kliniksanktmoritz.ch\/de\/wp-json\/wp\/v2\/pages\/19915\/revisions\/19931"}],"up":[{"embeddable":true,"href":"https:\/\/kliniksanktmoritz.ch\/de\/wp-json\/wp\/v2\/pages\/11118"}],"wp:attachment":[{"href":"https:\/\/kliniksanktmoritz.ch\/de\/wp-json\/wp\/v2\/media?parent=19915"}],"curies":[{"name":"wp","href":"https:\/\/api.w.org\/{rel}","templated":true}]}}