{"id":20135,"date":"2025-05-19T13:42:42","date_gmt":"2025-05-19T12:42:42","guid":{"rendered":"https:\/\/kliniksanktmoritz.ch\/?page_id=20135"},"modified":"2025-05-19T13:46:00","modified_gmt":"2025-05-19T12:46:00","slug":"world-med-cert-by-verduci","status":"publish","type":"page","link":"https:\/\/kliniksanktmoritz.ch\/de\/world-med-cert-by-verduci\/","title":{"rendered":"World MED Cert von Verduci"},"content":{"rendered":"<section class=\"bde-section-20135-102 bde-section\">\n  \n  \n\t\n\n\n\n<div class=\"section-container\"><h1 class=\"bde-dual-heading-20135-103 bde-dual-heading\">\n\n\n            <span data-style=\"primary\" class=\"dual-heading--primary\">Welt<\/span>\n\n            <span data-style=\"secondary\" class=\"dual-heading--secondary\">MED<\/span>\n\n            <span data-style=\"primary\" class=\"dual-heading--primary\">Zertifikat<\/span>\n\n\n\n<\/h1><\/div>\n<\/section><section class=\"bde-section-20135-100 bde-section\">\n  \n  \n\t\n\n\n\n<div class=\"section-container\"><img decoding=\"async\" class=\"bde-image2-20135-104 bde-image2\" src=\"https:\/\/kliniksanktmoritz.ch\/wp-content\/uploads\/2025\/03\/Verduci-Editore-LOGO-300x185.jpg\" loading=\"lazy\" srcset=\"https:\/\/kliniksanktmoritz.ch\/wp-content\/uploads\/2025\/03\/Verduci-Editore-LOGO-300x185.jpg 300w, https:\/\/kliniksanktmoritz.ch\/wp-content\/uploads\/2025\/03\/Verduci-Editore-LOGO-1024x630.jpg 1024w, https:\/\/kliniksanktmoritz.ch\/wp-content\/uploads\/2025\/03\/Verduci-Editore-LOGO-768x473.jpg 768w, https:\/\/kliniksanktmoritz.ch\/wp-content\/uploads\/2025\/03\/Verduci-Editore-LOGO-1536x945.jpg 1536w, https:\/\/kliniksanktmoritz.ch\/wp-content\/uploads\/2025\/03\/Verduci-Editore-LOGO-18x12.jpg 18w, https:\/\/kliniksanktmoritz.ch\/wp-content\/uploads\/2025\/03\/Verduci-Editore-LOGO-600x369.jpg 600w\" sizes=\"(max-width: 300px) 100vw, 300px\" alt=\"\" title=\"\"><div class=\"bde-rich-text-20135-101 bde-rich-text breakdance-rich-text-styles\">\n<h2 data-start=\"170\" data-end=\"277\">\ud83c\udf10 <strong data-start=\"173\" data-end=\"214\">World Med Cert der Klinik Sankt Moritz<\/strong><br data-start=\"214\" data-end=\"217\" \/><strong data-start=\"217\" data-end=\"277\">Globale Zertifizierung f\u00fcr Gesundheits- und Wellness-Fachleute<\/strong><\/h2>\n<p data-start=\"129\" data-end=\"422\">\ud83c\udf0d <strong data-start=\"132\" data-end=\"189\">Werden Sie, wer Sie wirklich sind. Lass es die Welt erkennen.<\/strong><br data-start=\"189\" data-end=\"192\" \/><strong data-start=\"192\" data-end=\"233\">World Med Cert der Klinik Sankt Moritz<\/strong> ist mehr als eine Zertifizierung - es ist ein Symbol f\u00fcr Exzellenz, Vertrauen und globale Glaubw\u00fcrdigkeit.<br data-start=\"322\" data-end=\"325\" \/>In einer Zeit, in der alles in Frage gestellt werden kann, muss Ihre berufliche Identit\u00e4t mit Gewissheit gl\u00e4nzen.<\/p>\n<p data-start=\"424\" data-end=\"680\">\ud83d\udd11 Du hast studiert. Du hast geheilt. Ihr habt Leben ver\u00e4ndert.<br data-start=\"483\" data-end=\"486\" \/>Jetzt ist es an der Zeit, Ihre Geschichte sichtbar und unbestreitbar zu machen.<br data-start=\"542\" data-end=\"545\" \/>Mit unserer Zertifizierung weisen Sie nicht nur Ihre Qualifikationen nach, sondern werden Teil eines globalen \u00d6kosystems, das auf Integrit\u00e4t und verifiziertem Fachwissen beruht.<\/p>\n<p data-start=\"682\" data-end=\"721\">\ud83d\udca0 <strong data-start=\"685\" data-end=\"721\">W\u00e4hlen Sie Ihren Weg zur Anerkennung:<\/strong><\/p>\n<p data-start=\"723\" data-end=\"853\"><a href=\"https:\/\/kliniksanktmoritz.ch\/de\/worldmedcert\/arzte-mds-dos-01\/\">\ud83d\udc68\u200d\u2695\ufe0f <strong data-start=\"729\" data-end=\"756\">\u00c4rztinnen und \u00c4rzte (MD\/DO)<\/strong><\/a><br data-start=\"756\" data-end=\"759\" \/>Pr\u00e4sentieren Sie Ihre Qualifikationen mit einer Blockchain-gesicherten Zertifizierung und einem verifizierten \u00f6ffentlichen Profil.<\/p>\n<p data-start=\"855\" data-end=\"976\">\ud83e\ude7a <strong data-start=\"858\" data-end=\"895\">Allied Health Professionals (AHP)<\/strong><br data-start=\"895\" data-end=\"898\" \/>Erschlie\u00dfen Sie internationale Chancen mit einer glaubw\u00fcrdigen, verifizierten digitalen Identit\u00e4t.<\/p>\n<p data-start=\"978\" data-end=\"1096\">\ud83e\udde0 <strong data-start=\"981\" data-end=\"1016\">Fach\u00e4rzte f\u00fcr psychische Gesundheit (MHS)<\/strong><br data-start=\"1016\" data-end=\"1019\" \/>Steigern Sie Ihre Autorit\u00e4t und Ihr Vertrauen sowohl in der Online- als auch in der Pr\u00e4senztherapie.<\/p>\n<p data-start=\"1098\" data-end=\"1240\">\ud83d\udc86\u200d\u2642\ufe0f <strong data-start=\"1104\" data-end=\"1152\">Heilpraktiker f\u00fcr Komplement\u00e4rmedizin und Wellness (CWP)<\/strong><br data-start=\"1152\" data-end=\"1155\" \/>Heben Sie sich auf einem \u00fcberf\u00fcllten Markt mit einer renommierten, international anerkannten Validierung ab.<\/p>\n<p data-start=\"1242\" data-end=\"1364\">\ud83c\udfe5 <strong data-start=\"1245\" data-end=\"1277\">Kliniken und medizinische Einrichtungen<\/strong><br data-start=\"1277\" data-end=\"1280\" \/>Gewinnen Sie weltweit Patienten und Partnerschaften mit einem Team, das sich auf zertifizierte Spitzenleistungen st\u00fctzt.<\/p>\n<p data-start=\"1366\" data-end=\"1428\">\ud83d\udcac <em data-start=\"1369\" data-end=\"1428\">\"Es kommt nicht nur darauf an, was du tust. Es geht darum, wie die Welt dich sieht.\"<\/em><\/p>\n<p data-start=\"1430\" data-end=\"1502\">\u2728 <strong data-start=\"1432\" data-end=\"1502\">Zertifizieren Sie Ihren Wert. Erweitern Sie Ihre Reichweite. \u00dcben Sie mit globalem Vertrauen.<\/strong><\/p>\n<p>\u00a0<\/p>\n<\/div><\/div>\n<\/section>","protected":false},"excerpt":{"rendered":"<p>World MED Cert \ud83c\udf10 World Med Cert by Klinik Sankt MoritzGlobal Certification for Health &amp; Wellness Professionals \ud83c\udf0d Become Who You Truly Are. Let the World Recognize It.World Med Cert by Klinik Sankt Moritz is more than a certification\u2014it\u2019s a symbol of excellence, trust, and global credibility.In an era where anything can be questioned, your [&hellip;]<\/p>\n","protected":false},"author":2,"featured_media":0,"parent":0,"menu_order":0,"comment_status":"closed","ping_status":"closed","template":"","meta":{"_acf_changed":false,"_breakdance_hide_in_design_set":false,"_breakdance_tags":"","footnotes":"","_wordproof_timestamp":false},"class_list":["post-20135","page","type-page","status-publish","hentry"],"acf":[],"_links":{"self":[{"href":"https:\/\/kliniksanktmoritz.ch\/de\/wp-json\/wp\/v2\/pages\/20135","targetHints":{"allow":["GET"]}}],"collection":[{"href":"https:\/\/kliniksanktmoritz.ch\/de\/wp-json\/wp\/v2\/pages"}],"about":[{"href":"https:\/\/kliniksanktmoritz.ch\/de\/wp-json\/wp\/v2\/types\/page"}],"author":[{"embeddable":true,"href":"https:\/\/kliniksanktmoritz.ch\/de\/wp-json\/wp\/v2\/users\/2"}],"replies":[{"embeddable":true,"href":"https:\/\/kliniksanktmoritz.ch\/de\/wp-json\/wp\/v2\/comments?post=20135"}],"version-history":[{"count":3,"href":"https:\/\/kliniksanktmoritz.ch\/de\/wp-json\/wp\/v2\/pages\/20135\/revisions"}],"predecessor-version":[{"id":20144,"href":"https:\/\/kliniksanktmoritz.ch\/de\/wp-json\/wp\/v2\/pages\/20135\/revisions\/20144"}],"wp:attachment":[{"href":"https:\/\/kliniksanktmoritz.ch\/de\/wp-json\/wp\/v2\/media?parent=20135"}],"curies":[{"name":"wp","href":"https:\/\/api.w.org\/{rel}","templated":true}]}}