{"id":11851,"date":"2024-08-21T10:37:59","date_gmt":"2024-08-21T09:37:59","guid":{"rendered":"https:\/\/kliniksanktmoritz.ch\/?post_type=product&#038;p=11851"},"modified":"2024-10-02T08:55:30","modified_gmt":"2024-10-02T07:55:30","slug":"pc-300-monitor-multiparametrico","status":"publish","type":"product","link":"https:\/\/kliniksanktmoritz.ch\/de\/produkt\/pc-300-monitor-multiparametrico\/","title":{"rendered":"PC-300 Monitor multiparametrisch"},"content":{"rendered":"","protected":false},"excerpt":{"rendered":"<p>Allgemeine Informationen<\/p>\n<p>Dieser tragbare Monitor ist ideal f\u00fcr Stichproben in Krankenh\u00e4usern, Kliniken und privaten Einrichtungen f\u00fcr t\u00e4gliche Messungen. Mit einer eingebauten Lithiumbatterie misst es SpO2, Herzfrequenz, NIBP (nicht-invasiver Blutdruck) und Temperatur. Au\u00dferdem verf\u00fcgt es \u00fcber Bluetooth und USB f\u00fcr eine einfache Daten\u00fcbertragung auf Android-Smartphones oder Tablets zur weiteren Analyse.<\/p>\n<p>&nbsp;<\/p>\n<p>Wesentliche Merkmale<\/p>\n<p>- 4,3-Zoll-LCD-Display<\/p>\n<p>- Messungen: SpO2, NIBP, Herzfrequenz und Temperatur<\/p>\n<p>- Speichert bis zu 6000 NIBP-Messwerte<\/p>\n<p>- Kann Daten f\u00fcr 100 Patienten speichern (bis zu 999 Messwerte pro Patient)<\/p>\n<p>- Ohrsonde f\u00fcr schnelle Temperaturmessungen mit Ergebnissen in 5 Sekunden<\/p>\n<p>- Eingebaute wiederaufladbare Lithium-Batterie<\/p>\n<p>- Bluetooth-Daten\u00fcbertragung<\/p>\n<p>- Verbindet sich mit Android-Smartphones und -Tablets mit Bluetooth 4.0 oder h\u00f6her<\/p>\n<p>&nbsp;<\/p>\n<p>GIMApp<\/p>\n<p>Das tragbare Multiparameter-Messger\u00e4t PC-300 l\u00e4sst sich mit GIMApp, einer kostenlosen, innovativen App f\u00fcr Smartphones, verbinden. Die App funktioniert mit einer Vielzahl von medizinischen Ger\u00e4ten zur Messung von Temperatur, Blutdruck, Herzfrequenz, Gewicht, K\u00f6rperzusammensetzung, Sauerstoffs\u00e4ttigung, EKG, Schlaf, Blutzucker, k\u00f6rperlicher Aktivit\u00e4t und mehr. Sie ist in 10 Sprachen verf\u00fcgbar (GB, FR, IT, ES, DE, NL, GR, PT, RO, PL) und erfordert keine komplizierte Einrichtung.<\/p>\n<p>&nbsp;<\/p>\n<p>Das Standardpaket umfasst<\/p>\n<p>- SpO2-Sensor f\u00fcr Erwachsene<\/p>\n<p>- NIBP-Manschette f\u00fcr Erwachsene<\/p>\n<p>- Ohrthermometer (Sondenabdeckungen nicht enthalten)<\/p>\n<p>- Lithium-Akku mit Ladeger\u00e4t<\/p>\n<p>- Tragetasche<\/p>\n<p>- Benutzerhandbuch: GB, FR, IT, ES<\/p>\n<p>&nbsp;<\/p>\n<p>Technische Informationen<\/p>\n<p>Kompatibilit\u00e4t der Telemedizin-Plattform<\/p>\n<p>- iTEL<\/p>\n<p>- Helthia<\/p>\n<p>&nbsp;<\/p>\n<p>SpO2-Parameter<\/p>\n<p>- Messbereich: 35%-100%<\/p>\n<p>- Genauigkeit: \u00b12% (75%-100% SpO2) \/ \u00b13% (50%-74% SpO2)<\/p>\n<p>&nbsp;<\/p>\n<p>Herzfrequenz-Parameter<\/p>\n<p>- Messbereich: 30-240 bpm<\/p>\n<p>- Genauigkeit: bis zu \u00b12%<\/p>\n<p>&nbsp;<\/p>\n<p>NIBP-Parameter<\/p>\n<p>- NIBP-Bereich: 0mmHg-300mmHg (0-39,9 KPA)<\/p>\n<p>- Druckgenauigkeit: \u00b13 mmHg<\/p>\n<p>- Systolischer Bereich: 60mmHg-240mmHg<\/p>\n<p>- Diastolischer Bereich: 30mmHg-180mmHg<\/p>\n<p>&nbsp;<\/p>\n<p>Temperatur-Parameter<\/p>\n<p>- Messbereich: 32\u00b0C-43\u00b0C<\/p>\n<p>- Genauigkeit: \u00b10,2\u00b0C (35\u00b0C-42\u00b0C), \u00b10,3\u00b0C (andere)<\/p>\n<p>- Messzeit: &lt;5 Sekunden<\/p>\n<p>&nbsp;<\/p>\n<p>EKG (fakultativ)<\/p>\n<p>- Bereich der Herzfrequenz: 30-240 Schl\u00e4ge pro Minute<\/p>\n<p>- Genauigkeit: \u00b12 bpm oder \u00b12%, je nachdem, welcher Wert h\u00f6her ist<\/p>\n<p>- Anzeigeverst\u00e4rkung: 5,0 mm\/mV \u00b110%<\/p>\n<p>- Gleichtaktunterdr\u00fcckungsverh\u00e4ltnis (CMRR): \u226560 dB<\/p>\n<p>&nbsp;<\/p>\n<p>Blutzucker (fakultativ)<\/p>\n<p>- Messbereich: 20-600 mg\/dL<\/p>\n<p>&nbsp;<\/p>\n<p>Stromversorgung<\/p>\n<p>- Batterie: 3,7 V Lithium-Ionen (mitgeliefert)<\/p>\n<p>- Betriebsspannung: 3,6-4,2 VDC<\/p>\n<p>- Stromst\u00e4rke: \u2264800 mA<\/p>\n<p>- Ladeger\u00e4t: 100-240 VAC, 50\/60 Hz, 5 VDC oder USB<\/p>\n<p>&nbsp;<\/p>\n<p>Messung Zeit<\/p>\n<p>- &lt;20 Sekunden f\u00fcr Ablesungen<\/p>","protected":false},"featured_media":11852,"template":"","meta":{"_acf_changed":false,"wds_primary_product_brand":0,"wds_primary_product_cat":0,"_wordproof_timestamp":false},"product_brand":[],"product_cat":[113,78],"product_tag":[],"class_list":{"0":"post-11851","1":"product","2":"type-product","3":"status-publish","4":"has-post-thumbnail","6":"product_cat-device","7":"product_cat-digitaltwin","9":"first","10":"instock","11":"shipping-taxable","12":"purchasable","13":"product-type-simple"},"acf":[],"_links":{"self":[{"href":"https:\/\/kliniksanktmoritz.ch\/de\/wp-json\/wp\/v2\/product\/11851","targetHints":{"allow":["GET"]}}],"collection":[{"href":"https:\/\/kliniksanktmoritz.ch\/de\/wp-json\/wp\/v2\/product"}],"about":[{"href":"https:\/\/kliniksanktmoritz.ch\/de\/wp-json\/wp\/v2\/types\/product"}],"wp:featuredmedia":[{"embeddable":true,"href":"https:\/\/kliniksanktmoritz.ch\/de\/wp-json\/wp\/v2\/media\/11852"}],"wp:attachment":[{"href":"https:\/\/kliniksanktmoritz.ch\/de\/wp-json\/wp\/v2\/media?parent=11851"}],"wp:term":[{"taxonomy":"product_brand","embeddable":true,"href":"https:\/\/kliniksanktmoritz.ch\/de\/wp-json\/wp\/v2\/product_brand?post=11851"},{"taxonomy":"product_cat","embeddable":true,"href":"https:\/\/kliniksanktmoritz.ch\/de\/wp-json\/wp\/v2\/product_cat?post=11851"},{"taxonomy":"product_tag","embeddable":true,"href":"https:\/\/kliniksanktmoritz.ch\/de\/wp-json\/wp\/v2\/product_tag?post=11851"}],"curies":[{"name":"wp","href":"https:\/\/api.w.org\/{rel}","templated":true}]}}