{"id":11888,"date":"2024-08-24T15:18:22","date_gmt":"2024-08-24T14:18:22","guid":{"rendered":"https:\/\/kliniksanktmoritz.ch\/?post_type=product&#038;p=11888"},"modified":"2024-10-01T18:33:50","modified_gmt":"2024-10-01T17:33:50","slug":"monitor-multiparametrico-checkme-pro","status":"publish","type":"product","link":"https:\/\/kliniksanktmoritz.ch\/de\/produkt\/monitor-multiparametrico-checkme-pro\/","title":{"rendered":"Monitor multiparametrico CheckMe Pro"},"content":{"rendered":"","protected":false},"excerpt":{"rendered":"<p>Allgemeine Informationen<\/p>\n<p>CheckMe Pro Vital Signs ist ein innovatives All-in-One-Ger\u00e4t, das mehrere Funktionen in einem einzigen, kompakten, tragbaren Design bietet.<\/p>\n<p>&nbsp;<\/p>\n<p>Mit seinem Farb-Touchscreen und einer benutzerfreundlichen Schnittstelle ist es einfach zu bedienen und bietet Audioanweisungen, die Sie durch den Prozess f\u00fchren. Das Ger\u00e4t bietet klinisch getestete und bew\u00e4hrte Genauigkeit.<\/p>\n<p>&nbsp;<\/p>\n<p>App<\/p>\n<p>Das CheckMe Pro Multiparameter-Messger\u00e4t l\u00e4sst sich mit App verbinden, einer kostenlosen Smartphone-Anwendung, die mit einer Vielzahl medizinischer Ger\u00e4te funktioniert. Diese k\u00f6nnen Temperatur, Blutdruck, Herzfrequenz, Gewicht, K\u00f6rperzusammensetzung, Sauerstoffs\u00e4ttigung, EKG, Schlaf, Blutzucker und k\u00f6rperliche Aktivit\u00e4t messen. Die App ist in 10 Sprachen verf\u00fcgbar (GB, FR, IT, ES, DE, NL, GR, PT, RO, PL) und erfordert keine komplexe Einrichtung.<\/p>\n<p>&nbsp;<\/p>\n<p>Das Standardpaket umfasst<\/p>\n<p>- Handbuch: GB, ES, IT, DE, FR<\/p>\n<p>- Audio-Anweisungen: GB, ES, IT, DE, FR, PL, RU, HU<\/p>\n<p>- Software: GB<\/p>\n<p>- Anwendung: GB, DE, FR, ES<\/p>\n<p>- EKG-Kabel<\/p>\n<p>- SpO2-Sensor<\/p>\n<p>- EKG-Elektroden<\/p>\n<p>- Ladekabel (micro D)<\/p>\n<p>- Nackenriemen<\/p>\n<p>- Schutzh\u00fclle<\/p>\n<p>- Manschette<\/p>\n<p>&nbsp;<\/p>\n<p>Technische Informationen<\/p>\n<p>Kompatibilit\u00e4t der Telemedizin-Plattform<\/p>\n<p>- Paginemediche (Codes 19900000 und 19900001)<\/p>\n<p>- iTEL<\/p>\n<p>- Helthia<\/p>\n<p>&nbsp;<\/p>\n<p>EKG<\/p>\n<p>- Misst EKG mit oder ohne Kabel<\/p>\n<p>- 500 Hz Abtastfrequenz<\/p>\n<p>- Liefert eine 30\/60-Sekunden-Aufzeichnung<\/p>\n<p>- Professioneller Algorithmus liefert Herzfrequenz, QRS-Dauer, ST-Segmentanalyse, QT\/QTC-Intervall und Rhythmusdetails<\/p>\n<p>&nbsp;<\/p>\n<p>SpO2<\/p>\n<p>- Misst Sauerstoffs\u00e4ttigung, Puls und Pulsintensit\u00e4t mit oder ohne Kabel<\/p>\n<p>&nbsp;<\/p>\n<p>Schlafapnoe-Screening<\/p>\n<p>- SpO2-Monitor f\u00fcr obstruktive Schlafapnoe (OSA)<\/p>\n<p>- Zeichnet SpO2 und Puls bis zu 10 Stunden lang auf<\/p>\n<p>- Dedizierte App bietet detaillierte SpO2-Analyse<\/p>\n<p>&nbsp;<\/p>\n<p>Blutdruckmessung \u00fcber Bluetooth<\/p>\n<p>- (Optionales Ger\u00e4t erforderlich) Integriert alle wichtigen Daten in Echtzeit<\/p>\n<p>&nbsp;<\/p>\n<p>Temperatur<\/p>\n<p>- Schnelle, hochwertige Infrarot-Temperaturmessung<\/p>\n<p>- Der Patient muss f\u00fcr die Ablesung nicht geweckt werden<\/p>\n<p>&nbsp;<\/p>\n<p>Schrittz\u00e4hler<\/p>\n<p>- Verfolgt genau Schritte, Kalorien und Fettverbrennung<\/p>\n<p>- Verf\u00fcgt \u00fcber einen hochwertigen 3D-Sensor<\/p>\n<p>&nbsp;<\/p>\n<p>Dedizierte App f\u00fcr iOS und Android<\/p>\n<p>- Alle Daten k\u00f6nnen \u00fcber Bluetooth auf Smartphones und Tablets exportiert werden<\/p>\n<p>- Erhebliche Senkung der Kosten f\u00fcr Krankenhausaufenthalte durch Datenaustausch mit Gesundheitsdienstleistern aus der Ferne<\/p>\n<p>PC-Software<\/p>\n<p>- Verwaltet die gesammelten Daten<\/p>\n<p>- Erm\u00f6glicht den Export von Patientendaten, Profilen, Notizen und EKG-Wellenformen vom CheckMe-Ger\u00e4t zu einem PC \u00fcber USB (nicht im Lieferumfang enthalten)<\/p>","protected":false},"featured_media":11889,"template":"","meta":{"_acf_changed":false,"wds_primary_product_brand":0,"wds_primary_product_cat":0,"_wordproof_timestamp":false},"product_brand":[],"product_cat":[113,78],"product_tag":[],"class_list":{"0":"post-11888","1":"product","2":"type-product","3":"status-publish","4":"has-post-thumbnail","6":"product_cat-device","7":"product_cat-digitaltwin","9":"first","10":"instock","11":"shipping-taxable","12":"purchasable","13":"product-type-simple"},"acf":[],"_links":{"self":[{"href":"https:\/\/kliniksanktmoritz.ch\/de\/wp-json\/wp\/v2\/product\/11888","targetHints":{"allow":["GET"]}}],"collection":[{"href":"https:\/\/kliniksanktmoritz.ch\/de\/wp-json\/wp\/v2\/product"}],"about":[{"href":"https:\/\/kliniksanktmoritz.ch\/de\/wp-json\/wp\/v2\/types\/product"}],"wp:featuredmedia":[{"embeddable":true,"href":"https:\/\/kliniksanktmoritz.ch\/de\/wp-json\/wp\/v2\/media\/11889"}],"wp:attachment":[{"href":"https:\/\/kliniksanktmoritz.ch\/de\/wp-json\/wp\/v2\/media?parent=11888"}],"wp:term":[{"taxonomy":"product_brand","embeddable":true,"href":"https:\/\/kliniksanktmoritz.ch\/de\/wp-json\/wp\/v2\/product_brand?post=11888"},{"taxonomy":"product_cat","embeddable":true,"href":"https:\/\/kliniksanktmoritz.ch\/de\/wp-json\/wp\/v2\/product_cat?post=11888"},{"taxonomy":"product_tag","embeddable":true,"href":"https:\/\/kliniksanktmoritz.ch\/de\/wp-json\/wp\/v2\/product_tag?post=11888"}],"curies":[{"name":"wp","href":"https:\/\/api.w.org\/{rel}","templated":true}]}}