{"id":11896,"date":"2024-08-24T15:42:06","date_gmt":"2024-08-24T14:42:06","guid":{"rendered":"https:\/\/kliniksanktmoritz.ch\/?post_type=product&#038;p=11896"},"modified":"2024-10-01T18:30:42","modified_gmt":"2024-10-01T17:30:42","slug":"oxy-9-drahtlos","status":"publish","type":"product","link":"https:\/\/kliniksanktmoritz.ch\/de\/produkt\/oxy-9-drahtlos\/","title":{"rendered":"Oxy 9 drahtlos"},"content":{"rendered":"","protected":false},"excerpt":{"rendered":"<p>### Allgemeine Informationen<\/p>\n<p>Ger\u00e4t\/Rekorder<\/p>\n<p>Das tragbare Pulsoximeter Oxy 9 verwendet eine fortschrittliche Technologie zur \u00dcberwachung der Sauerstoffs\u00e4ttigung (SpO2) und der Pulsfrequenz (PR) an Ihrem Finger und misst Ihren Sauerstoffgehalt. Es funktioniert auch als Schrittz\u00e4hler und Kalorienz\u00e4hler. Dieses Ger\u00e4t eignet sich f\u00fcr den Einsatz in einer Vielzahl von Umgebungen, z. B. in medizinischen Einrichtungen, zu Hause und in Fitnesszentren.<\/p>\n<p>&nbsp;<\/p>\n<p>- Zeigt SpO2-Wert, PR-Wert und ein Balkendiagramm an<\/p>\n<p>- Zeigt Kalorien, Schritte und Zeit an<\/p>\n<p>- Automatisch drehbares Display<\/p>\n<p>- Automatische Speicherung von SpO2 und PR-Werten<\/p>\n<p>- Enth\u00e4lt eine Uhr und eine Anzeige f\u00fcr schwache Batterien<\/p>\n<p>- Gespeicherte Daten k\u00f6nnen \u00fcber Bluetooth auf die App hochgeladen werden, die dann mit einer Cloud-Plattform synchronisiert wird.<\/p>\n<p>&nbsp;<\/p>\n<p>### Anwendung<\/p>\n<p>Das Oximeter Oxy 9 kann mit der App, einer kostenlosen, benutzerfreundlichen Smartphone-Anwendung, verbunden werden. Sie ist so konzipiert, dass sie mit einer Vielzahl medizinischer Ger\u00e4te zusammenarbeitet, die unter anderem Temperatur, Blutdruck, Pulsfrequenz, Gewicht und K\u00f6rperzusammensetzung, Sauerstoffs\u00e4ttigung, EKG, Schlaf, Blutzucker und k\u00f6rperliche Aktivit\u00e4t messen k\u00f6nnen. Sie ist in 10 Sprachen verf\u00fcgbar (GB, FR, IT, ES, DE, NL, GR, PT, RO, PL) und erfordert keine komplizierte Einrichtung oder Konfiguration.<\/p>\n<p>&nbsp;<\/p>\n<p>### Wolkenanalyse<\/p>\n<p>- Einstellungen wie Gewicht, Gr\u00f6\u00dfe, Kalorienziele und Schrittz\u00e4hlerempfindlichkeit k\u00f6nnen \u00fcber den Server angepasst werden.<\/p>\n<p>&nbsp;<\/p>\n<p>### Telemedizin-Plattform-Kompatibilit\u00e4t<\/p>\n<p>- CGM-Gesundheitsplattform<\/p>\n<p>- Helthia<\/p>\n<p>&nbsp;<\/p>\n<p>### Technische Informationen<\/p>\n<p>SpO2<\/p>\n<p>- Bereich: 0~100%<\/p>\n<p>- Genauigkeit: 70~100% \u00b1 2%, 0~69%: nicht spezifiziert<\/p>\n<p>&nbsp;<\/p>\n<p>PR<\/p>\n<p>- Bereich: 30-250 bpm<\/p>\n<p>- Genauigkeit: \u00b1 2 bpm oder \u00b1 2%, je nachdem, welcher Wert gr\u00f6\u00dfer ist<\/p>\n<p>&nbsp;<\/p>\n<p>Aufl\u00f6sung<\/p>\n<p>- SpO2: 1%<\/p>\n<p>- PR: 1 Schl\u00e4ge pro Minute<\/p>\n<p>&nbsp;<\/p>\n<p>Schrittz\u00e4hler<\/p>\n<p>- Bereich: 0-65.535 Schritte<\/p>\n<p>- Aufl\u00f6sung: 1 Stufe<\/p>\n<p>&nbsp;<\/p>\n<p>- Speicherfunktion: Speichert 1.000 S\u00e4tze von SpO2-Daten und 224 Tage Schrittz\u00e4hlerdaten.<\/p>\n<p>- Sicherheitsklassifizierung: Anwendungsteil Typ BF<\/p>\n<p>- Messungen bei niedriger Perfusion: SpO2 und PR sind bei einem Perfusionsindex von 0,4% genau. Der SpO2-Fehler liegt bei \u00b1 4%, der PR-Fehler bei \u00b1 2%, je nachdem, welcher Wert gr\u00f6\u00dfer ist.<\/p>\n<p>- Abmessungen: 58x32xh 34 mm<\/p>\n<p>- Gewicht: ca. 52 g (einschlie\u00dflich 2 AAA-Batterien)<\/p>","protected":false},"featured_media":11899,"template":"","meta":{"_acf_changed":false,"wds_primary_product_brand":0,"wds_primary_product_cat":0,"_wordproof_timestamp":false},"product_brand":[],"product_cat":[113,78],"product_tag":[],"class_list":{"0":"post-11896","1":"product","2":"type-product","3":"status-publish","4":"has-post-thumbnail","6":"product_cat-device","7":"product_cat-digitaltwin","9":"first","10":"instock","11":"shipping-taxable","12":"purchasable","13":"product-type-simple"},"acf":[],"_links":{"self":[{"href":"https:\/\/kliniksanktmoritz.ch\/de\/wp-json\/wp\/v2\/product\/11896","targetHints":{"allow":["GET"]}}],"collection":[{"href":"https:\/\/kliniksanktmoritz.ch\/de\/wp-json\/wp\/v2\/product"}],"about":[{"href":"https:\/\/kliniksanktmoritz.ch\/de\/wp-json\/wp\/v2\/types\/product"}],"wp:featuredmedia":[{"embeddable":true,"href":"https:\/\/kliniksanktmoritz.ch\/de\/wp-json\/wp\/v2\/media\/11899"}],"wp:attachment":[{"href":"https:\/\/kliniksanktmoritz.ch\/de\/wp-json\/wp\/v2\/media?parent=11896"}],"wp:term":[{"taxonomy":"product_brand","embeddable":true,"href":"https:\/\/kliniksanktmoritz.ch\/de\/wp-json\/wp\/v2\/product_brand?post=11896"},{"taxonomy":"product_cat","embeddable":true,"href":"https:\/\/kliniksanktmoritz.ch\/de\/wp-json\/wp\/v2\/product_cat?post=11896"},{"taxonomy":"product_tag","embeddable":true,"href":"https:\/\/kliniksanktmoritz.ch\/de\/wp-json\/wp\/v2\/product_tag?post=11896"}],"curies":[{"name":"wp","href":"https:\/\/api.w.org\/{rel}","templated":true}]}}