{"id":11919,"date":"2024-08-24T15:54:06","date_gmt":"2024-08-24T14:54:06","guid":{"rendered":"https:\/\/kliniksanktmoritz.ch\/?post_type=product&#038;p=11919"},"modified":"2024-09-01T11:40:09","modified_gmt":"2024-09-01T10:40:09","slug":"saturimetro-o2ring-adulti","status":"publish","type":"product","link":"https:\/\/kliniksanktmoritz.ch\/de\/produkt\/saturimetro-o2ring-adulti\/","title":{"rendered":"Saturimetro O2Ring - Erwachsener"},"content":{"rendered":"","protected":false},"excerpt":{"rendered":"<p>**O2Ring: Ein tragbares, anpassungsf\u00e4higes und zuverl\u00e4ssiges Pulsoximeter**<\/p>\n<p>O2Ring ist ein innovatives, tragbares Pulsoximeter zur \u00dcberwachung von Herzfrequenz, Sauerstoffs\u00e4ttigung und Perfusionsindex.<\/p>\n<p>**Was ist der Perfusionsindex (PI)?**<br \/>\nDer Perfusionsindex ist ein numerischer Wert, der die Pulsst\u00e4rke an der Stelle des Sensors angibt. Es handelt sich um einen relativen Wert, der von Patient zu Patient und je nach Position des Sensors variiert. Ein PI-Wert \u00fcber 4% wird als zuverl\u00e4ssig f\u00fcr die Messung angesehen.<\/p>\n<p>**Klinische Anwendungen: Warum die \u00dcberwachung von PI wichtig ist**<br \/>\n- Der K\u00f6rperteil mit dem h\u00f6chsten PI-Wert ist die optimale Stelle f\u00fcr die Erkennung von SpO2- und BPM-Parametern und gew\u00e4hrleistet eine bessere Leistung, auch wenn sich der Patient bewegt.<br \/>\n- Erkennt m\u00fchelos Ver\u00e4nderungen der physiologischen Bedingungen.<br \/>\n- Bietet eine oberfl\u00e4chliche Kontrolle des Einflusses des sympathischen Nervensystems auf den Muskeltonus.<\/p>\n<p>**Sauerstoffwerte jederzeit und \u00fcberall \u00fcberwachen**<br \/>\n- Bequem zu tragen<br \/>\n- Aufzeichnung von Sauerstoffgehalt und Herzfrequenz<br \/>\n- Vibriert, wenn ein niedriger SpO2-Wert erkannt wird<br \/>\n- Wiederaufladbare Batterie f\u00fcr den Einsatz \u00fcber Nacht<br \/>\n- Echtzeit-Synchronisation mit der App \u00fcber Bluetooth<\/p>\n<p>**N\u00e4chtliche Aufzeichnung des Sauerstoffgehalts**<br \/>\nWenn w\u00e4hrend des Schlafs niedrige S\u00e4ttigungswerte oder eine abnormale Herzfrequenz festgestellt werden, vibriert der O2Ring sofort, um Sie zu warnen. Nach der Synchronisierung mit der Aufzeichnungs-App k\u00f6nnen Sie Trends und Analysen anzeigen.<\/p>\n<p>**App**<br \/>\nDas O2Ring-Oximeter l\u00e4sst sich mit einer innovativen, kostenlosen Smartphone-App verbinden, die f\u00fcr die Zusammenarbeit mit verschiedenen medizinischen Ger\u00e4ten entwickelt wurde. Es kann Temperatur, Blutdruck, Herzfrequenz, K\u00f6rperkomponenten, S\u00e4ttigung, EKG, Schlaf, Blutzucker, k\u00f6rperliche Aktivit\u00e4t und mehr messen, ohne komplexe Konfigurationen oder Einstellungen. Verf\u00fcgbar in 10 Sprachen (Englisch, Franz\u00f6sisch, Italienisch, Spanisch, Deutsch, Niederl\u00e4ndisch, Griechisch, Portugiesisch, Rum\u00e4nisch, Polnisch).<\/p>\n<p>**Standardausr\u00fcstung**<br \/>\n- Kabel zum Aufladen und zur Daten\u00fcbertragung<br \/>\n- Handbuch in Englisch (Software kann online heruntergeladen werden)<\/p>\n<p>**Technische Informationen**<br \/>\n**Sauerstoffs\u00e4ttigung**<br \/>\n- Bereich: 70-99%<br \/>\n- Genauigkeit: 80-99%: \u00b12%, 70-79%: \u00b13%<\/p>\n<p>**Herzfrequenz**<br \/>\n- Bereich: 30 bis 250 bpm - \u00b12 bpm oder \u00b12%<\/p>\n<p>**Vibrationseinstellungen**: niedrige S\u00e4ttigung, hohe\/niedrige Herzfrequenz<br \/>\n**Aufgezeichnete Parameter**: S\u00e4ttigung, Herzfrequenz, Bewegung<br \/>\n**Gewicht**: 15 g<br \/>\n**Abmessungen**: Ger\u00e4t 38x30x38 mm; Ring 50-82 mm<br \/>\n**Eingebauter Speicher**: 4 Aufnahmen, bis zu 10 Stunden pro Aufnahme<br \/>\n**Batterie**: wiederaufladbares Lithium 3,7 Vdc<br \/>\n**Nutzungsdauer**: 12-16 Stunden<br \/>\n**Ladezeit**: 2-3 Stunden<br \/>\n**Drahtlos**: Bluetooth 4.0 BLE<br \/>\n**Kompatibilit\u00e4t**: iOS 9.0+; Android 5.0+<\/p>\n<p>**Schutz**<br \/>\n- Elektrischer Schlag: Typ BF<br \/>\n- Elektromagnetisch: Gruppe I, Klasse B<br \/>\n- Staub und Wasser: IP24<\/p>\n<p>&nbsp;<\/p>\n<p>Allgemeine Informationen<br \/>\nO2Ring ist ein innovatives, anpassungsf\u00e4higes und festes S\u00e4ttigungsmessger\u00e4t, das zur \u00dcberwachung des Herzschlags, der S\u00e4ttigung des Knochengewebes und der Durchblutung eingesetzt wird.<\/p>\n<p>Was ist der Perfusionsindex?<br \/>\nIl PI \u00e8 un valore numerico che indica l'intensit\u00e0 della pulsazione nel punto in cui viene posizionato il sensore. Es handelt sich um einen relativen Wert, der von Person zu Person und in Abh\u00e4ngigkeit von der Zone, in der der Sensor angebracht ist, variiert. Bei h\u00f6heren Werten als 4% wird die Messung als zul\u00e4ssig eingestuft.<\/p>\n<p>Klinische Anwendungen: Bedeutung der \u00dcberwachung des PI<br \/>\n- Der Punkt des K\u00f6rpers, an dem der PI-Wert am h\u00f6chsten ist, ist der optimale Ort f\u00fcr die Messung der Parameter SpO2 und BPM. Die Ergebnisse sind auch bei Bewegung des Patienten besser.<br \/>\n- Leichte Erkennung m\u00f6glicher Ver\u00e4nderungen in den fischereilichen Bedingungen<br \/>\n- Oberfl\u00e4chliche Kontrolle des einfachen Nervensystems mit Einfluss auf den Muskeltonus<\/p>\n<p>Controlla il livello di ossigeno dove vuoi, quando vuoi<br \/>\n- konfortevole<br \/>\n- registra il livello di ossigeno e il battito cardiaco<br \/>\n- Vibration bei niedrigem SpO2-Wert<br \/>\n- Batterie ricaricabile per l'utilizzo notturno<br \/>\n- Echtzeit-Synchronisation mit der App \u00fcber Bluetooth<\/p>\n<p>Registrierung des Knochenbestandes in der Ruhephase<br \/>\nWenn w\u00e4hrend des Sonnenaufgangs ein niedriger S\u00e4ttigungswert oder ein normaler Herzschlag auftritt, vibriert der O2Ring sofort und zeigt die Ergebnisse an. Nach der Registrierung mit der App ist es m\u00f6glich, Trends und Auswertungen zu visualisieren.<\/p>\n<p>App<br \/>\nDas S\u00e4ttigungsmessger\u00e4t O2Ring ist mit einer App verbunden, einer innovativen, kostenlosen App f\u00fcr Smartphones, die f\u00fcr den Betrieb mit verschiedenen und vielf\u00e4ltigen medizinischen Ger\u00e4ten zur Messung von Temperatur, Arteriendruck, Herzfrequenz, S\u00e4ttigung, EKG, Blutdruck, Herzfrequenz und vielem mehr entwickelt wurde, K\u00f6rpergewicht und -bestandteile, S\u00e4ttigung, EKG, Herzfrequenz, Blutdruck, k\u00f6rperliche Aktivit\u00e4t und vieles mehr messen k\u00f6nnen, ohne zus\u00e4tzliche Konfigurationen oder Einstellungen, und in 10 Sprachen verf\u00fcgbar sind (GB, FR, IT, ES, DE, NL, GR, PT, RO, PL).<br \/>\nDotazione standard<br \/>\n- Cavo per la ricarica e lo scarico dei dati<br \/>\n- Handbuch: GB (die Software kann online heruntergeladen werden)<\/p>\n<p>Technische Informationen<br \/>\nSaturazione<br \/>\n- Bereich: 70-99%<br \/>\n- Genauigkeitsgrad: 80-99%: \u00b12%, 70-79%: \u00b13%<\/p>\n<p>Kardiofrequenz<br \/>\n- Bereich: von 30 bis 250 bpm - \u00b12 bpm oder \u00b12%<\/p>\n<p>- Impostazione vibrazione: niedrige S\u00e4ttigung, hohe\/ niedrige Herzfrequenzen<br \/>\n- Registrierte Parameter: S\u00e4ttigung, Kardiofrequenz, \u00dcbung<br \/>\n- Peso: 15 g<br \/>\n- Abmessungen: Ger\u00e4t 38x30x38 mm; Gr\u00f6\u00dfe 50-82 mm<br \/>\n- Integrierter Speicher: 4 Eintragungen, bis zu 10 Tage pro Eintragung<br \/>\n- Batterie: ricaricabile al litio 3.7 Vdc<br \/>\n- Nutzungsdauer: 12-16 Tage<br \/>\n- Aufnahmetempo: 2-3 Tage<br \/>\n- Drahtlos: Bluetooth 4.0 BLE<br \/>\n- Kompatibilit\u00e4t: iOS 9.0+; Android 5.0+<\/p>\n<p>Schutzma\u00dfnahmen<br \/>\n- Schock elettrico: Typ BF<br \/>\n- Elettromagnetica: Gruppe I, Klasse B<br \/>\n- Polvere e acqua: IP24<\/p>","protected":false},"featured_media":11905,"template":"","meta":{"_acf_changed":false,"wds_primary_product_brand":0,"wds_primary_product_cat":0,"_wordproof_timestamp":false},"product_brand":[],"product_cat":[113,78],"product_tag":[],"class_list":{"0":"post-11919","1":"product","2":"type-product","3":"status-publish","4":"has-post-thumbnail","6":"product_cat-device","7":"product_cat-digitaltwin","9":"first","10":"instock","11":"shipping-taxable","12":"purchasable","13":"product-type-simple"},"acf":[],"_links":{"self":[{"href":"https:\/\/kliniksanktmoritz.ch\/de\/wp-json\/wp\/v2\/product\/11919","targetHints":{"allow":["GET"]}}],"collection":[{"href":"https:\/\/kliniksanktmoritz.ch\/de\/wp-json\/wp\/v2\/product"}],"about":[{"href":"https:\/\/kliniksanktmoritz.ch\/de\/wp-json\/wp\/v2\/types\/product"}],"wp:featuredmedia":[{"embeddable":true,"href":"https:\/\/kliniksanktmoritz.ch\/de\/wp-json\/wp\/v2\/media\/11905"}],"wp:attachment":[{"href":"https:\/\/kliniksanktmoritz.ch\/de\/wp-json\/wp\/v2\/media?parent=11919"}],"wp:term":[{"taxonomy":"product_brand","embeddable":true,"href":"https:\/\/kliniksanktmoritz.ch\/de\/wp-json\/wp\/v2\/product_brand?post=11919"},{"taxonomy":"product_cat","embeddable":true,"href":"https:\/\/kliniksanktmoritz.ch\/de\/wp-json\/wp\/v2\/product_cat?post=11919"},{"taxonomy":"product_tag","embeddable":true,"href":"https:\/\/kliniksanktmoritz.ch\/de\/wp-json\/wp\/v2\/product_tag?post=11919"}],"curies":[{"name":"wp","href":"https:\/\/api.w.org\/{rel}","templated":true}]}}