{"id":11920,"date":"2024-08-24T15:55:18","date_gmt":"2024-08-24T14:55:18","guid":{"rendered":"https:\/\/kliniksanktmoritz.ch\/?post_type=product&#038;p=11920"},"modified":"2024-10-01T18:48:20","modified_gmt":"2024-10-01T17:48:20","slug":"sfigmomanometro-digitale-gima-bluetooth","status":"publish","type":"product","link":"https:\/\/kliniksanktmoritz.ch\/de\/produkt\/sfigmomanometro-digitale-gima-bluetooth\/","title":{"rendered":"Sfigmomanometro digitale GIMA Bluetooth"},"content":{"rendered":"","protected":false},"excerpt":{"rendered":"<p>Allgemeine Informationen<\/p>\n<p>&nbsp;<\/p>\n<p>Das digitale GIMA Bluetooth-Blutdruckmessger\u00e4t verf\u00fcgt \u00fcber eine innovative schlauchlose Technologie und ein superschlankes Design. Es misst Blutdruck und Herzfrequenz und erkennt auch unregelm\u00e4\u00dfige Herzschl\u00e4ge und \u00fcberm\u00e4\u00dfige K\u00f6rperbewegungen.<\/p>\n<p>&nbsp;<\/p>\n<p>- Gro\u00dfer LCD-Bildschirm (86\u00d724 mm) mit blau beleuchtetem Display<\/p>\n<p>- Bequeme Manschette f\u00fcr einen Armumfang von 22\u00d742 cm (au\u00dfen Nylon, innen Polyester f\u00fcr Hautkontakt)<\/p>\n<p>- Zeigt Datum, Uhrzeit und einen niedrigen Batteriestand an<\/p>\n<p>- Speicherplatz f\u00fcr 2 Benutzer<\/p>\n<p>&nbsp;<\/p>\n<p>App-Kompatibilit\u00e4t<\/p>\n<p>Das digitale Blutdruckmessger\u00e4t von GIMA l\u00e4sst sich mit der App verbinden, einer kostenlosen Smartphone-App, die mit mehreren medizinischen Ger\u00e4ten funktioniert. Es misst Temperatur, Blutdruck, Herzfrequenz, Gewicht, K\u00f6rperzusammensetzung, Sauerstoffs\u00e4ttigung (SpO2), EKG, Schlaf, Blutzucker, k\u00f6rperliche Aktivit\u00e4t und mehr - und das alles ohne komplizierte Einrichtung. Verf\u00fcgbar in 10 Sprachen (GB, FR, IT, ES, DE, NL, GR, PT, RO, PL).<\/p>\n<p>&nbsp;<\/p>\n<p>Kompatibilit\u00e4t der Ger\u00e4te:<\/p>\n<p>- iOS-Ger\u00e4te: Erfordert iOS 8 oder h\u00f6her<\/p>\n<p>- Android-Ger\u00e4te: Erfordert Android 4.3 oder h\u00f6her<\/p>\n<p>&nbsp;<\/p>\n<p>Kompatibilit\u00e4t der Telemedizin-Plattform:<\/p>\n<p>- iTEL<\/p>\n<p>- CGM-Gesundheitsplattform<\/p>\n<p>&nbsp;<\/p>\n<p>Technische Informationen:<\/p>\n<p>- Abmessungen: 131 x 72 x 29,4 mm<\/p>\n<p>- Erkennung unregelm\u00e4\u00dfiger Herzschl\u00e4ge<\/p>\n<p>- Erkennung von K\u00f6rperbewegungen<\/p>\n<p>- Speicher: Speichert 60 Messwerte pro Benutzer (2 Benutzer)<\/p>\n<p>- Messverfahren: Oszillometrisch<\/p>\n<p>- Messbereich: 0-299 mmHg<\/p>\n<p>- Blutdruck: SYS 60-230 mmHg; DIA 40-130 mmHg; Puls: 40-199 bpm<\/p>\n<p>- Physische Tasten: Benutzer 1, Benutzer 2, Abfrage, Strom<\/p>\n<p>- Stromquelle: Eingebauter wiederaufladbarer Lithium-Polymer-Akku (3,7 V, 1000 mAh)<\/p>\n<p>- Lebensdauer der Batterie: 2 Jahre<\/p>\n<p>- Aufladekapazit\u00e4t: Bis zu 300 Messwerte pro Ladung<\/p>\n<p>- Netzladeger\u00e4t (im Lieferumfang enthalten): Eingang 100-240V, 50-60Hz<\/p>","protected":false},"featured_media":11910,"template":"","meta":{"_acf_changed":false,"wds_primary_product_brand":0,"wds_primary_product_cat":0,"_wordproof_timestamp":false},"product_brand":[],"product_cat":[113,78],"product_tag":[],"class_list":{"0":"post-11920","1":"product","2":"type-product","3":"status-publish","4":"has-post-thumbnail","6":"product_cat-device","7":"product_cat-digitaltwin","9":"first","10":"instock","11":"shipping-taxable","12":"purchasable","13":"product-type-simple"},"acf":[],"_links":{"self":[{"href":"https:\/\/kliniksanktmoritz.ch\/de\/wp-json\/wp\/v2\/product\/11920","targetHints":{"allow":["GET"]}}],"collection":[{"href":"https:\/\/kliniksanktmoritz.ch\/de\/wp-json\/wp\/v2\/product"}],"about":[{"href":"https:\/\/kliniksanktmoritz.ch\/de\/wp-json\/wp\/v2\/types\/product"}],"wp:featuredmedia":[{"embeddable":true,"href":"https:\/\/kliniksanktmoritz.ch\/de\/wp-json\/wp\/v2\/media\/11910"}],"wp:attachment":[{"href":"https:\/\/kliniksanktmoritz.ch\/de\/wp-json\/wp\/v2\/media?parent=11920"}],"wp:term":[{"taxonomy":"product_brand","embeddable":true,"href":"https:\/\/kliniksanktmoritz.ch\/de\/wp-json\/wp\/v2\/product_brand?post=11920"},{"taxonomy":"product_cat","embeddable":true,"href":"https:\/\/kliniksanktmoritz.ch\/de\/wp-json\/wp\/v2\/product_cat?post=11920"},{"taxonomy":"product_tag","embeddable":true,"href":"https:\/\/kliniksanktmoritz.ch\/de\/wp-json\/wp\/v2\/product_tag?post=11920"}],"curies":[{"name":"wp","href":"https:\/\/api.w.org\/{rel}","templated":true}]}}