{"id":11921,"date":"2024-08-24T15:57:19","date_gmt":"2024-08-24T14:57:19","guid":{"rendered":"https:\/\/kliniksanktmoritz.ch\/?post_type=product&#038;p=11921"},"modified":"2024-10-01T18:46:46","modified_gmt":"2024-10-01T17:46:46","slug":"gerat-zur-druckmessung","status":"publish","type":"product","link":"https:\/\/kliniksanktmoritz.ch\/de\/produkt\/gerat-zur-druckmessung\/","title":{"rendered":"Einheit f\u00fcr die Druckmessung"},"content":{"rendered":"","protected":false},"excerpt":{"rendered":"<p>Allgemeine Informationen<\/p>\n<p>&nbsp;<\/p>\n<p>Dies ist ein intelligentes tragbares Ger\u00e4t zur Messung des Blutdrucks.<\/p>\n<p>&nbsp;<\/p>\n<p>- Eine Akkuladung erm\u00f6glicht bis zu 1000 Messungen<\/p>\n<p>- Einfach zu bedienen, langlebig und robust<\/p>\n<p>- Messungen auf professionellem Niveau<\/p>\n<p>- Funktioniert nahtlos mit Ihrem Smartphone<\/p>\n<p>- Virtuelle Quecksilbers\u00e4ule in der App w\u00e4hrend der Messung in Echtzeit<\/p>\n<p>- Herzfrequenz-Wellenform in Echtzeit<\/p>\n<p>- Unterst\u00fctzt Multi-Patienten-Management<\/p>\n<p>- Unbegrenzte Datenaufzeichnung<\/p>\n<p>&nbsp;<\/p>\n<p>Lesungen:<\/p>\n<p>- Systolischer Druck, diastolischer Druck, Herzfrequenz<\/p>\n<p>- Pulsdruck, MAP (mittlerer arterieller Druck)<\/p>\n<p>- Erkennung unregelm\u00e4\u00dfiger Herzschl\u00e4ge<\/p>\n<p>&nbsp;<\/p>\n<p>Das Standardpaket umfasst:<\/p>\n<p>- Blutdruckmanschette<\/p>\n<p>- Ladekabel<\/p>\n<p>- Mehrsprachiges Handbuch (GB, FR, IT, ES, DE)<\/p>\n<p>&nbsp;<\/p>\n<p>Technische Informationen:<\/p>\n<p>- Gr\u00f6\u00dfe der Manschette: Armumfang 22-42 cm<\/p>\n<p>- Drahtlos: Bluetooth 4.0 BLE<\/p>\n<p>- Eingang zum Aufladen: Micro USB, 5V DC<\/p>\n<p>- Batterielebensdauer: 1000 Messungen, wiederaufladbar<\/p>\n<p>- Druckmessbereich: 0-300 mmHg \u00b13 mmHg<\/p>\n<p>- Bereich der Herzfrequenz: 40-200 bpm \u00b12 bpm<\/p>\n<p>- Kompatibilit\u00e4t mit mobilen Anwendungen:<\/p>\n<p>- iOS: iOS 9.0 oder h\u00f6her, iPhone 4s\/iPad 3 oder h\u00f6her<\/p>\n<p>- Android: Android 4.4 oder h\u00f6her, mit Bluetooth 4.0 BLE<\/p>\n<p>- Abmessungen: 68\u00d720 mm (Modul)<\/p>\n<p>- Gewicht: 30g (Modul)<\/p>\n<p>- Klinische Genauigkeit: Entspricht der IEC 80601-2-30<\/p>","protected":false},"featured_media":11914,"template":"","meta":{"_acf_changed":false,"wds_primary_product_brand":0,"wds_primary_product_cat":0,"_wordproof_timestamp":false},"product_brand":[],"product_cat":[113,78,69],"product_tag":[],"class_list":{"0":"post-11921","1":"product","2":"type-product","3":"status-publish","4":"has-post-thumbnail","6":"product_cat-device","7":"product_cat-digitaltwin","8":"product_cat-uncategorized","10":"first","11":"instock","12":"shipping-taxable","13":"purchasable","14":"product-type-simple"},"acf":[],"_links":{"self":[{"href":"https:\/\/kliniksanktmoritz.ch\/de\/wp-json\/wp\/v2\/product\/11921","targetHints":{"allow":["GET"]}}],"collection":[{"href":"https:\/\/kliniksanktmoritz.ch\/de\/wp-json\/wp\/v2\/product"}],"about":[{"href":"https:\/\/kliniksanktmoritz.ch\/de\/wp-json\/wp\/v2\/types\/product"}],"wp:featuredmedia":[{"embeddable":true,"href":"https:\/\/kliniksanktmoritz.ch\/de\/wp-json\/wp\/v2\/media\/11914"}],"wp:attachment":[{"href":"https:\/\/kliniksanktmoritz.ch\/de\/wp-json\/wp\/v2\/media?parent=11921"}],"wp:term":[{"taxonomy":"product_brand","embeddable":true,"href":"https:\/\/kliniksanktmoritz.ch\/de\/wp-json\/wp\/v2\/product_brand?post=11921"},{"taxonomy":"product_cat","embeddable":true,"href":"https:\/\/kliniksanktmoritz.ch\/de\/wp-json\/wp\/v2\/product_cat?post=11921"},{"taxonomy":"product_tag","embeddable":true,"href":"https:\/\/kliniksanktmoritz.ch\/de\/wp-json\/wp\/v2\/product_tag?post=11921"}],"curies":[{"name":"wp","href":"https:\/\/api.w.org\/{rel}","templated":true}]}}