{"id":11922,"date":"2024-08-24T15:58:44","date_gmt":"2024-08-24T14:58:44","guid":{"rendered":"https:\/\/kliniksanktmoritz.ch\/?post_type=product&#038;p=11922"},"modified":"2024-10-01T18:44:56","modified_gmt":"2024-10-01T17:44:56","slug":"omron-m4-intelli-it","status":"publish","type":"product","link":"https:\/\/kliniksanktmoritz.ch\/de\/produkt\/omron-m4-intelli-it\/","title":{"rendered":"Omron M4 Intelli IT"},"content":{"rendered":"","protected":false},"excerpt":{"rendered":"<p>Allgemeine Informationen<\/p>\n<p>&nbsp;<\/p>\n<p>Das Blutdruckmessger\u00e4t OMRON M4 Intelli IT vereinfacht die \u00dcberwachung von Bluthochdruck zu Hause. Es \u00fcbertr\u00e4gt Ihre Messwerte automatisch \u00fcber Bluetooth auf Ihr Smartphone und kann auch mit Alexa verwendet werden.<\/p>\n<p>&nbsp;<\/p>\n<p>Es ist ganz einfach, genaue Ergebnisse zu erhalten. Legen Sie einfach die Intelli Wrap-Manschette um Ihren Oberarm, und das Ger\u00e4t f\u00fchrt Sie, um sicherzustellen, dass sie richtig positioniert ist. F\u00fcr eine genaue Messung ist es wichtig, dass Sie sich nicht bewegen. Wenn Sie sich jedoch bewegen, macht Sie der K\u00f6rperbewegungsmelder auf Bewegungen aufmerksam, die die Ergebnisse beeinflussen k\u00f6nnten.<\/p>\n<p>&nbsp;<\/p>\n<p>Ihre Blutdruckwerte werden auf dem gro\u00dfen LCD-Display angezeigt, zusammen mit Ihrer Herzfrequenz und Indikatoren f\u00fcr Bluthochdruck oder unregelm\u00e4\u00dfigen Herzschlag.<\/p>\n<p>&nbsp;<\/p>\n<p>Um Ihren Blutdruck \u00fcber einen l\u00e4ngeren Zeitraum zu verfolgen, k\u00f6nnen Sie alle Messwerte mit der OMRON connect App auf Ihrem Smartphone speichern.<\/p>\n<p>&nbsp;<\/p>\n<p>Das OMRON M4 Intelli IT verf\u00fcgt \u00fcber Bluetooth-Konnektivit\u00e4t, sodass Ihre Ergebnisse automatisch in der App aktualisiert werden. Sie k\u00f6nnen sogar Alexa nach Ihrem letzten Blutdruckwert fragen oder Durchschnittswerte \u00fcber einen l\u00e4ngeren Zeitraum vergleichen.<\/p>\n<p>&nbsp;<\/p>\n<p>Dieses Ger\u00e4t ist Teil des OMRON Smart Systems, das die Herzgesundheit unterst\u00fctzt. Die OMRON connect App verbindet OMRON Blutdruckmessger\u00e4te mit VIVA, einer intelligenten K\u00f6rperanalysewaage, um Ihnen ein besseres Verst\u00e4ndnis der Faktoren zu vermitteln, die die Herzgesundheit beeinflussen.<\/p>\n<p>&nbsp;<\/p>\n<p>Das Standardpaket umfasst:<\/p>\n<p>- OMRON M4 Intelli IT Blutdruckmessger\u00e4t<\/p>\n<p>- Intelli Wrap Manschette (22-42 cm)<\/p>\n<p>- Bedienungsanleitungen 1 und 2<\/p>\n<p>- Anweisungen zur Einrichtung<\/p>\n<p>- Batterien und Tragetasche<\/p>\n<p>&nbsp;<\/p>\n<p>Technische Informationen:<\/p>\n<p>- Ger\u00e4tetyp: Oberarm-Blutdruckmessger\u00e4t<\/p>\n<p>- Manschetten-Typ: Intelli Wrap Manschette (22-42 cm)<\/p>\n<p>- Speicher: 2 Benutzer x 60 Messwerte<\/p>\n<p>- Anleitung zur Positionierung der Manschette: Ja<\/p>\n<p>- Leicht ablesbare Farbanzeige f\u00fcr Bluthochdruck: Ja<\/p>\n<p>- Erkennung unregelm\u00e4\u00dfiger Herzschl\u00e4ge: Ja<\/p>\n<p>- Erkennung von K\u00f6rperbewegungen: Ja<\/p>\n<p>- Validierung: Klinisch validiert, geeignet f\u00fcr Diabetes und Schwangerschaft<\/p>\n<p>- IntelliSense-Technologie: Ja<\/p>\n<p>- Inklusive Tragetasche: Ja<\/p>\n<p>- F\u00fcr den privaten oder beruflichen Gebrauch: Verbraucher<\/p>\n<p>- Konnektivit\u00e4t: Bluetooth-f\u00e4hig<\/p>\n<p>- Kompatibilit\u00e4t mit mobiler App: Funktioniert mit der OMRON connect App<\/p>\n<p>- Gewicht: 0,34 kg<\/p>\n<p>- Abmessungen: 105 x 152 x 85 mm<\/p>","protected":false},"featured_media":11897,"template":"","meta":{"_acf_changed":false,"wds_primary_product_brand":0,"wds_primary_product_cat":0,"_wordproof_timestamp":false},"product_brand":[],"product_cat":[113,78],"product_tag":[],"class_list":{"0":"post-11922","1":"product","2":"type-product","3":"status-publish","4":"has-post-thumbnail","6":"product_cat-device","7":"product_cat-digitaltwin","9":"first","10":"instock","11":"shipping-taxable","12":"purchasable","13":"product-type-simple"},"acf":[],"_links":{"self":[{"href":"https:\/\/kliniksanktmoritz.ch\/de\/wp-json\/wp\/v2\/product\/11922","targetHints":{"allow":["GET"]}}],"collection":[{"href":"https:\/\/kliniksanktmoritz.ch\/de\/wp-json\/wp\/v2\/product"}],"about":[{"href":"https:\/\/kliniksanktmoritz.ch\/de\/wp-json\/wp\/v2\/types\/product"}],"wp:featuredmedia":[{"embeddable":true,"href":"https:\/\/kliniksanktmoritz.ch\/de\/wp-json\/wp\/v2\/media\/11897"}],"wp:attachment":[{"href":"https:\/\/kliniksanktmoritz.ch\/de\/wp-json\/wp\/v2\/media?parent=11922"}],"wp:term":[{"taxonomy":"product_brand","embeddable":true,"href":"https:\/\/kliniksanktmoritz.ch\/de\/wp-json\/wp\/v2\/product_brand?post=11922"},{"taxonomy":"product_cat","embeddable":true,"href":"https:\/\/kliniksanktmoritz.ch\/de\/wp-json\/wp\/v2\/product_cat?post=11922"},{"taxonomy":"product_tag","embeddable":true,"href":"https:\/\/kliniksanktmoritz.ch\/de\/wp-json\/wp\/v2\/product_tag?post=11922"}],"curies":[{"name":"wp","href":"https:\/\/api.w.org\/{rel}","templated":true}]}}