{"id":11923,"date":"2024-08-24T15:59:56","date_gmt":"2024-08-24T14:59:56","guid":{"rendered":"https:\/\/kliniksanktmoritz.ch\/?post_type=product&#038;p=11923"},"modified":"2024-09-01T11:37:56","modified_gmt":"2024-09-01T10:37:56","slug":"sfigmomanometro-digitale-omron-evolv","status":"publish","type":"product","link":"https:\/\/kliniksanktmoritz.ch\/de\/produkt\/sfigmomanometro-digitale-omron-evolv\/","title":{"rendered":"Sfigmomanometro digitale OMRON EVOLV"},"content":{"rendered":"","protected":false},"excerpt":{"rendered":"<p>**Allgemeine Informationen**<br \/>\nWir stellen ein neues, einfach zu bedienendes All-in-One-Blutdruckmessger\u00e4t f\u00fcr den Arm vor.<\/p>\n<p>Entwickelt f\u00fcr genaue Messungen mit der Manschette in jeder beliebigen Position am Oberarm und f\u00fcr die Verfolgung der Fortschritte \u00fcber das Smartphone.<\/p>\n<p>- **All-in-One-Arm-Blutdruckmessger\u00e4t**: keine Schl\u00e4uche oder Dr\u00e4hte, nur genaue Ergebnisse<br \/>\n- **Intellisense Technologie**: die Manschette bl\u00e4st sich automatisch auf das ideale Niveau auf<br \/>\n- **Intelli Wrap Manschette**: f\u00fcr einfache und genaue Messwerte<br \/>\n- **Klinisch validiert**: Zuverl\u00e4ssigkeit und Genauigkeit durch strenge Tests, die von gro\u00dfen Gesundheitsorganisationen durchgef\u00fchrt wurden<br \/>\n- **Anleitung zum Anlegen der Manschette**: zeigt an, ob die Manschette richtig angelegt ist und nicht zu locker oder zu fest sitzt<br \/>\n- **OMRON connect app**: stellt eine Verbindung her und erm\u00f6glicht jederzeit den Zugriff auf die Daten, wobei der Fortschritt angezeigt wird.<\/p>\n<p>Mobile App verf\u00fcgbar f\u00fcr iPhone\/Android\u2122.<br \/>\nHergestellt in Japan.<\/p>\n<p>Mit Standardmanschetten misst 1 von 3 Patienten seinen Blutdruck falsch.<br \/>\nDie EVOLV Intelli Wrap Technologie gew\u00e4hrleistet 360\u00b0 Genauigkeit in jeder Position um den Oberarm.<\/p>\n<p>EVOLV kann die Messwerte mit Ihrem Smartphone synchronisieren, um die Ergebnisse zu protokollieren, den Fortschritt zu \u00fcberwachen und einen tieferen Einblick in Ihre Gesundheit zu erhalten. Die Liste der kompatiblen Smartphones finden Sie unter omronconnect.com\/emea\/it_def<\/p>\n<p>**Standardausr\u00fcstung**<br \/>\nIm Lieferumfang sind Batterien, eine Tragetasche und Handb\u00fccher enthalten.<\/p>\n<p>**Technische Informationen**<br \/>\n- **Manschettentyp**: Intelli Wrap Manschette 22-42 cm<br \/>\n- **Speicher**: 100 Lesungen<br \/>\n- **Anleitung zum Wickeln von Manschetten**: Ja<br \/>\n- **Erkennung unregelm\u00e4\u00dfiger Herzschl\u00e4ge**: Ja<br \/>\n- **K\u00f6rperbewegungserkennung**: Ja<br \/>\n- **Validierung**: Klinische Validierung, Schwangerschaftsvalidierung<br \/>\n- **Intellisense-Technologie**: Ja<br \/>\n- **Schlaganfallpr\u00e4vention**: Ja<br \/>\n- **Abmessungen**: 12 x 17,3 x 12,5 cm<\/p>\n<p>Allgemeine Informationen<br \/>\nNuovo misuratore di pressione da braccio, facile da usare, \"all-in-one\".<\/p>\n<p>Per eseguire misurazioni pr\u00e4zise mit il bracciale in qualsiasi posizione sulla parte superiore del braccio e tenere traccia dei progressi tramite smartphone.<\/p>\n<p>- Pressluftmischer \"all in one\": ohne Schl\u00e4uche, ohne Kavit\u00e4ten, mit einfacher Genauigkeit<br \/>\n- Tecnologia Intellisense: Die Handgriffe funktionieren ideal<br \/>\n- Bracciale Intelli Wrap: f\u00fcr eine einfache und genaue Beschriftung<br \/>\n- Clinicamente validato: Affidabilit\u00e0 e accuratezza comprovate da energici collaudi eseguiti da importanti organizzazioni sanitarie<br \/>\n- Guida all'avvolgimento del bracciale: indica se il bracciale \u00e8 avvolto correttamente e non \u00e8 troppo allentato o troppo stretto<br \/>\n- App OMRON connect: Verbindung, Zugriff in jedem Moment, Visualisierung der Fortschritte.<\/p>\n<p>Mobile Anwendung f\u00fcr iPhone\/Android\u2122.<br \/>\nProduzione giapponese.<\/p>\n<p>Mit den Standard-Bracciali misst 1 von 3 Patienten den Blutdruck auf falsche Art und Weise.<br \/>\nDie EVOLV Intelli Wrap Technologie garantiert eine 360\u00b0-Genauigkeit in jeder beliebigen Position innerhalb des oberen Teils der Halterung.<\/p>\n<p>EVOLV kann die Daten auf das Smartphone \u00fcbertragen, um die Ergebnisse zu registrieren, den Fortschritt zu \u00fcberwachen und eine bessere Einsch\u00e4tzung des eigenen Gesundheitszustands zu erhalten. Vedere l'elenco degli smartphone compatibili su omronconnect.com\/emea\/it_def<br \/>\nDotazione standard<br \/>\nFornito con batterie, custodia, manuali.<\/p>\n<p>Technische Informationen<br \/>\n- B\u00fcgelart: B\u00fcgel Intelli Wrap 22-42 cm<br \/>\n- Memoria: 100 Briefe<br \/>\n- Leitfaden f\u00fcr den Einsatz in der Praxis: S\u00ec<br \/>\n- Rilevamento battito irregolare: S\u00ec<br \/>\n- Rilebamento movimento corpo: S\u00ec<br \/>\n- Validierung: Klinische Validierung, Validierung bei Gravidit\u00e4t<br \/>\n- Tecnologia Intellisense: S\u00ec<br \/>\n- Vorbeugende Ma\u00dfnahmen gegen Unf\u00e4lle: S\u00ec<br \/>\n- Dimensioni: 12 x 17,3 x 12,5 cm<\/p>","protected":false},"featured_media":11911,"template":"","meta":{"_acf_changed":false,"wds_primary_product_brand":0,"wds_primary_product_cat":0,"_wordproof_timestamp":false},"product_brand":[],"product_cat":[113,78],"product_tag":[],"class_list":{"0":"post-11923","1":"product","2":"type-product","3":"status-publish","4":"has-post-thumbnail","6":"product_cat-device","7":"product_cat-digitaltwin","9":"first","10":"instock","11":"shipping-taxable","12":"purchasable","13":"product-type-simple"},"acf":[],"_links":{"self":[{"href":"https:\/\/kliniksanktmoritz.ch\/de\/wp-json\/wp\/v2\/product\/11923","targetHints":{"allow":["GET"]}}],"collection":[{"href":"https:\/\/kliniksanktmoritz.ch\/de\/wp-json\/wp\/v2\/product"}],"about":[{"href":"https:\/\/kliniksanktmoritz.ch\/de\/wp-json\/wp\/v2\/types\/product"}],"wp:featuredmedia":[{"embeddable":true,"href":"https:\/\/kliniksanktmoritz.ch\/de\/wp-json\/wp\/v2\/media\/11911"}],"wp:attachment":[{"href":"https:\/\/kliniksanktmoritz.ch\/de\/wp-json\/wp\/v2\/media?parent=11923"}],"wp:term":[{"taxonomy":"product_brand","embeddable":true,"href":"https:\/\/kliniksanktmoritz.ch\/de\/wp-json\/wp\/v2\/product_brand?post=11923"},{"taxonomy":"product_cat","embeddable":true,"href":"https:\/\/kliniksanktmoritz.ch\/de\/wp-json\/wp\/v2\/product_cat?post=11923"},{"taxonomy":"product_tag","embeddable":true,"href":"https:\/\/kliniksanktmoritz.ch\/de\/wp-json\/wp\/v2\/product_tag?post=11923"}],"curies":[{"name":"wp","href":"https:\/\/api.w.org\/{rel}","templated":true}]}}