{"id":11961,"date":"2024-08-25T04:58:04","date_gmt":"2024-08-25T03:58:04","guid":{"rendered":"https:\/\/kliniksanktmoritz.ch\/?post_type=product&#038;p=11961"},"modified":"2024-08-25T04:59:29","modified_gmt":"2024-08-25T03:59:29","slug":"sfigmomanometro-digitale-riester-ri-champion-smart-pro","status":"publish","type":"product","link":"https:\/\/kliniksanktmoritz.ch\/de\/produkt\/sfigmomanometro-digitale-riester-ri-champion-smart-pro\/","title":{"rendered":"Sfigmomanometro digitale Riester Ri-Champion Smart Pro+"},"content":{"rendered":"","protected":false},"excerpt":{"rendered":"<p>Allgemeine Informationen<br \/>\nDas digitale Sigmomanometer Riester Ri-Champion Smart Pro+ ist ein klinisch validiertes Ger\u00e4t, das f\u00fcr schnelle und zuverl\u00e4ssige Messungen entwickelt wurde. Fortschrittliche Leistung bei der Messung des irregul\u00e4ren Blutdrucks: Analyse von 3 aufeinanderfolgenden Messungen.<br \/>\n- F\u00fcr den h\u00e4uslichen und beruflichen Gebrauch.<br \/>\n- Rapido e silenzioso<br \/>\n- 200 Messungen mit 4 AA-Batterien<br \/>\n- Vielf\u00e4ltige und leicht zu lesende Texte<br \/>\n- Entspricht EN1060-4<\/p>\n<p>App<br \/>\nDas digitale Sigmomanometer Riester Ri-Champion Smart Pro+ ist mit einer App verbunden, einer innovativen, kostenlosen App f\u00fcr Smartphones, die f\u00fcr die Funktion mit verschiedenen und vielf\u00e4ltigen medizinischen Ger\u00e4ten zur Messung von Temperatur, Herzdruck, S\u00e4ttigung, EKG, Sondierung, k\u00f6rperlicher Aktivit\u00e4t und vielem mehr entwickelt wurde, Herzfrequenz, K\u00f6rpergewicht und -bestandteile, S\u00e4ttigung, EKG, Herzschlag, Blutdruck, k\u00f6rperliche Aktivit\u00e4t und vieles mehr messen kann, ohne zus\u00e4tzliche Konfigurationen oder Einstellungen und in 10 Sprachen (GB, FR, IT, ES, DE, NL, GR, PT, RO, PL) verf\u00fcgbar ist.<br \/>\nDotazione standard<br \/>\nFornito con bracciale adulto<\/p>\n<p>Technische Informationen<br \/>\n- Codice Riester: 1735-BT<br \/>\n- Connettivit\u00e0 Bluetooth<br \/>\n- Bereich misurazione: 40-199 bpm<br \/>\n- Bereich sistolica: 60-255 mmHg<br \/>\n- Bereich distolica: 30-195 mmHg<br \/>\n- Bereich pulsazioni: 40-199 bpm \u00b14%<br \/>\n- Maximaler Druck der Gonfiaggio: 280 mmHg \u00b13 oder \u00b12%<br \/>\n- Stromversorgung: 4 AA-Batterien oder Netzger\u00e4t (optional)<br \/>\n- Akkulaufzeit: 200 Messungen<br \/>\n- Memoria: 400 Misurazioni<br \/>\n- Dimensioni. 141 x 121 x 72 mm<br \/>\n- Peso: 350 g<\/p>","protected":false},"featured_media":11962,"template":"","meta":{"_acf_changed":false,"wds_primary_product_brand":0,"wds_primary_product_cat":0,"_wordproof_timestamp":false},"product_brand":[],"product_cat":[113,78],"product_tag":[],"class_list":{"0":"post-11961","1":"product","2":"type-product","3":"status-publish","4":"has-post-thumbnail","6":"product_cat-device","7":"product_cat-digitaltwin","9":"first","10":"instock","11":"shipping-taxable","12":"purchasable","13":"product-type-simple"},"acf":[],"_links":{"self":[{"href":"https:\/\/kliniksanktmoritz.ch\/de\/wp-json\/wp\/v2\/product\/11961","targetHints":{"allow":["GET"]}}],"collection":[{"href":"https:\/\/kliniksanktmoritz.ch\/de\/wp-json\/wp\/v2\/product"}],"about":[{"href":"https:\/\/kliniksanktmoritz.ch\/de\/wp-json\/wp\/v2\/types\/product"}],"wp:featuredmedia":[{"embeddable":true,"href":"https:\/\/kliniksanktmoritz.ch\/de\/wp-json\/wp\/v2\/media\/11962"}],"wp:attachment":[{"href":"https:\/\/kliniksanktmoritz.ch\/de\/wp-json\/wp\/v2\/media?parent=11961"}],"wp:term":[{"taxonomy":"product_brand","embeddable":true,"href":"https:\/\/kliniksanktmoritz.ch\/de\/wp-json\/wp\/v2\/product_brand?post=11961"},{"taxonomy":"product_cat","embeddable":true,"href":"https:\/\/kliniksanktmoritz.ch\/de\/wp-json\/wp\/v2\/product_cat?post=11961"},{"taxonomy":"product_tag","embeddable":true,"href":"https:\/\/kliniksanktmoritz.ch\/de\/wp-json\/wp\/v2\/product_tag?post=11961"}],"curies":[{"name":"wp","href":"https:\/\/api.w.org\/{rel}","templated":true}]}}