{"id":11964,"date":"2024-08-25T05:01:17","date_gmt":"2024-08-25T04:01:17","guid":{"rendered":"https:\/\/kliniksanktmoritz.ch\/?post_type=product&#038;p=11964"},"modified":"2024-08-25T05:01:18","modified_gmt":"2024-08-25T04:01:18","slug":"omron-m7-intelli-it-afib","status":"publish","type":"product","link":"https:\/\/kliniksanktmoritz.ch\/de\/produkt\/omron-m7-intelli-it-afib\/","title":{"rendered":"Omron M7 Intelli IT AFib"},"content":{"rendered":"","protected":false},"excerpt":{"rendered":"<p>Allgemeine Informationen<br \/>\nSfigmomanometro digital da braccio Omron M7 Intelli IT AFIB, con bracciale Intelli Wrap 22-42 cm. Der Intelli Wrap-B\u00fcgel eignet sich f\u00fcr normal und gro\u00df dimensionierte B\u00fcgel und eliminiert die Ungenauigkeit der Messung bei falscher Positionierung. Funktion zur Wiederherstellung der inneren Fibrillierung (AFIB).<\/p>\n<p>La tecnologia Intellisense garantisce il rilevamento automatico della corretta pressione di gonfiaggio.<br \/>\nRileva i battiti irregolari e decide autonomamente se il risultato \u00e8 affidabile o se occorre ripetere la misurazione (only i risultati accurati vengono mostrati).<br \/>\nNeue Funktion zur Aufrechterhaltung der atrialen Fibrillenzone AFIB durch Pulsieren, die bei jeder Messung und bei Verwendung von 3 verschiedenen Messungen wie bei den Vorg\u00e4ngertechnologien ausgef\u00fchrt wird.<br \/>\nDotazione standard<br \/>\n- Omron M7 Intelli IT AFIB<br \/>\n- Bracciale Intelli Wrap 22-42 cm<br \/>\n- Manuale: GB, FR, IT, ES, DE, NL, RU, TR, AR.<\/p>\n<p>Technische Informationen<br \/>\n- Bestellnummer OMRON: HEM-7380T1-EBK<br \/>\n- Technologie Intellisense<br \/>\n- Rilevatore battito irregolare und AFib mit IntelliSense AFIB Technologie bei jeder Messung<br \/>\n- Leitfaden f\u00fcr die Positionierung der Klammern<br \/>\n- Tecnologia Intelli Wrap (360\u00b0-Pr\u00e4zision: exakte Messungen an jedem Punkt des Haltekreises)<br \/>\n- Bracciale: Intelli Wrap 22-42 cm<br \/>\n- Memoria misurazioni: 100 x 2 utenti + mod. guest<br \/>\n- Rilevamento movimenti<br \/>\n- Indicatore luminoso pressione sanguigna alta: segnala se i valori superano gli standard E.H.S. per l'automisurazione a domicilio (pressione sistolica 85 e\/o pressione diastolica 135)<br \/>\n- Ipertension<br \/>\n- Media ultime 3 misurazioni (media delle ultime 3 misurazioni nell'arco di 10 minuti)<br \/>\n- Confronto misurazioni con letture precedenti<br \/>\n- Verbindung App\/Bluetooth<\/p>","protected":false},"featured_media":11966,"template":"","meta":{"_acf_changed":false,"wds_primary_product_brand":0,"wds_primary_product_cat":0,"_wordproof_timestamp":false},"product_brand":[],"product_cat":[113,78],"product_tag":[],"class_list":{"0":"post-11964","1":"product","2":"type-product","3":"status-publish","4":"has-post-thumbnail","6":"product_cat-device","7":"product_cat-digitaltwin","9":"first","10":"instock","11":"shipping-taxable","12":"purchasable","13":"product-type-simple"},"acf":[],"_links":{"self":[{"href":"https:\/\/kliniksanktmoritz.ch\/de\/wp-json\/wp\/v2\/product\/11964","targetHints":{"allow":["GET"]}}],"collection":[{"href":"https:\/\/kliniksanktmoritz.ch\/de\/wp-json\/wp\/v2\/product"}],"about":[{"href":"https:\/\/kliniksanktmoritz.ch\/de\/wp-json\/wp\/v2\/types\/product"}],"wp:featuredmedia":[{"embeddable":true,"href":"https:\/\/kliniksanktmoritz.ch\/de\/wp-json\/wp\/v2\/media\/11966"}],"wp:attachment":[{"href":"https:\/\/kliniksanktmoritz.ch\/de\/wp-json\/wp\/v2\/media?parent=11964"}],"wp:term":[{"taxonomy":"product_brand","embeddable":true,"href":"https:\/\/kliniksanktmoritz.ch\/de\/wp-json\/wp\/v2\/product_brand?post=11964"},{"taxonomy":"product_cat","embeddable":true,"href":"https:\/\/kliniksanktmoritz.ch\/de\/wp-json\/wp\/v2\/product_cat?post=11964"},{"taxonomy":"product_tag","embeddable":true,"href":"https:\/\/kliniksanktmoritz.ch\/de\/wp-json\/wp\/v2\/product_tag?post=11964"}],"curies":[{"name":"wp","href":"https:\/\/api.w.org\/{rel}","templated":true}]}}