{"id":11967,"date":"2024-08-25T05:03:25","date_gmt":"2024-08-25T04:03:25","guid":{"rendered":"https:\/\/kliniksanktmoritz.ch\/?post_type=product&#038;p=11967"},"modified":"2024-08-25T05:03:26","modified_gmt":"2024-08-25T04:03:26","slug":"termometro-ad-infrarossi-bluetooth","status":"publish","type":"product","link":"https:\/\/kliniksanktmoritz.ch\/de\/produkt\/termometro-ad-infrarossi-bluetooth\/","title":{"rendered":"Termometro ad infrarossi bluetooth"},"content":{"rendered":"","protected":false},"excerpt":{"rendered":"<p>Allgemeine Informationen<br \/>\nMultifunktionales Infrarot-Temperaturmessger\u00e4t, das die Temperatur des K\u00f6rpers (Ohr und Stirn), der Umgebung und der Gegenst\u00e4nde misst.<br \/>\nEs eignet sich sowohl f\u00fcr den professionellen als auch f\u00fcr den h\u00e4uslichen Gebrauch, ist klinisch genau, zuverl\u00e4ssig und schnell und verf\u00fcgt \u00fcber eine kurze Technologie f\u00fcr separate Ma\u00dfnahmen f\u00fcr Erwachsene und Kinder.<\/p>\n<p>- Schermo LED retroilluminato a 4 colori<br \/>\n- 10 Erinnerungsgruppen<br \/>\n- Umschaltbar zwischen \u00b0C und \u00b0F<br \/>\n- Allarme febbre, acustico e visivo<br \/>\n- Magnetische Kopiervorrichtung f\u00fcr den automatischen \u00dcbergang von der vorderen zur hinteren Vermessung<br \/>\nApp<br \/>\nDas Infrarottestger\u00e4t ist mit einer App verbunden, einer innovativen, kostenlosen App f\u00fcr Smartphones, die f\u00fcr den Betrieb mit verschiedenen und vielf\u00e4ltigen medizinischen Ger\u00e4ten zur Messung von Temperatur, Arteriendruck, Herzfrequenz, S\u00e4ttigung, EKG, Blutdruck, k\u00f6rperlicher Aktivit\u00e4t und vielem mehr entwickelt wurde, K\u00f6rpergewicht und -bestandteile, S\u00e4ttigung, EKG, Herzfrequenz, Blutdruck, k\u00f6rperliche Aktivit\u00e4t und vieles mehr messen k\u00f6nnen, ohne zus\u00e4tzliche Konfigurationen oder Einstellungen, und in 10 Sprachen verf\u00fcgbar sind (GB, FR, IT, ES, DE, NL, GR, PT, RO, PL).<br \/>\nDotazione standard<br \/>\nDotato di borsetta, 2 batterie AAA, manuale multilingue: GB, FR, IT, ES, DE.<\/p>\n<p>Technische Informationen<br \/>\n- Modello: AOJ-20S<br \/>\n- Gewicht: 80g (mit Batterien)<br \/>\n- Abmessungen: 143 x 35 x 41 mm<br \/>\n- Regolamenti:<br \/>\n\tASTM E 1965-98 (\u00fcberarbeitet 2009)<br \/>\n\tStandardspezifikationen f\u00fcr Infrarottestermometer zur Bestimmung<br \/>\n\tMissachtung der Temperatur des Patienten<br \/>\n\tIS080601-2-56 Erstausgabe 2009-10-01<br \/>\n\tElektrotechnische Ger\u00e4te - Teil 2-56: Besondere Anforderungen an die Sicherheit der Basis und die wesentlichen Eigenschaften von klinischen Thermometern f\u00fcr die Messung der K\u00f6rpertemperatur.<br \/>\n- Anzeige: LCD a segmenti, Retroilluminazione a LED a quattro colori (bianco, verde, arancione, rosso)<br \/>\n- Einheit der Temperatur: \u00b0C \/ \u00b0F, intercambiabile<br \/>\n- Spannungsversorgung: DC 3V, AAA X2<br \/>\n- Campo di misura:<br \/>\n\tFronte e orecchio 32,0oC-42,9\u00b0C (89,6\u00b0F-109,2\u00b0F)<br \/>\n\tInhalt: 0\u00b0C-100\u00b0C (32\u00b0F-199\u00b0F)<br \/>\n- Pr\u00e4zision:<br \/>\n\tModalit\u00e0 orecchio e fronte \u00b10,2\u00b0C\/\u00b10,4\u00b0F<br \/>\n\tGesamte Betriebsart \u00b11,0\u00b0C\/2,0\u00b0F<br \/>\n- Risoluzione dello schermo: 0,1\u00b0C\/\u00b0F<br \/>\n- Automatisch:  10s\u00b11s<br \/>\n- Condizioni operative:<br \/>\n\tTemperatur: 10\u00b0C-40\u00b0C (50\u00b0F-104\u00b0F)<br \/>\n\tUmidit\u00e0: 15-95% RH, senza condensa Atmosph\u00e4rendruck: 70-106kPa<br \/>\n- Bedingung f\u00fcr die Aufnahme:<br \/>\n\tTemperatura ambiente: -20\u00b0C-55\u00b0C (-4\u00b0F-131 \u00b0F)<br \/>\n\tUmidit\u00e0 relativa: 0-95% RH, senza condensa Atmosph\u00e4rischer Druck: von 50kPa bis 106kPa<br \/>\n- Batterie: 2 * AAA, kann bis zu 3000 Mal verwendet werden<\/p>","protected":false},"featured_media":11968,"template":"","meta":{"_acf_changed":false,"wds_primary_product_brand":0,"wds_primary_product_cat":0,"_wordproof_timestamp":false},"product_brand":[],"product_cat":[113,78],"product_tag":[],"class_list":{"0":"post-11967","1":"product","2":"type-product","3":"status-publish","4":"has-post-thumbnail","6":"product_cat-device","7":"product_cat-digitaltwin","9":"first","10":"instock","11":"shipping-taxable","12":"purchasable","13":"product-type-simple"},"acf":[],"_links":{"self":[{"href":"https:\/\/kliniksanktmoritz.ch\/de\/wp-json\/wp\/v2\/product\/11967","targetHints":{"allow":["GET"]}}],"collection":[{"href":"https:\/\/kliniksanktmoritz.ch\/de\/wp-json\/wp\/v2\/product"}],"about":[{"href":"https:\/\/kliniksanktmoritz.ch\/de\/wp-json\/wp\/v2\/types\/product"}],"wp:featuredmedia":[{"embeddable":true,"href":"https:\/\/kliniksanktmoritz.ch\/de\/wp-json\/wp\/v2\/media\/11968"}],"wp:attachment":[{"href":"https:\/\/kliniksanktmoritz.ch\/de\/wp-json\/wp\/v2\/media?parent=11967"}],"wp:term":[{"taxonomy":"product_brand","embeddable":true,"href":"https:\/\/kliniksanktmoritz.ch\/de\/wp-json\/wp\/v2\/product_brand?post=11967"},{"taxonomy":"product_cat","embeddable":true,"href":"https:\/\/kliniksanktmoritz.ch\/de\/wp-json\/wp\/v2\/product_cat?post=11967"},{"taxonomy":"product_tag","embeddable":true,"href":"https:\/\/kliniksanktmoritz.ch\/de\/wp-json\/wp\/v2\/product_tag?post=11967"}],"curies":[{"name":"wp","href":"https:\/\/api.w.org\/{rel}","templated":true}]}}