{"id":11976,"date":"2024-08-25T05:05:08","date_gmt":"2024-08-25T04:05:08","guid":{"rendered":"https:\/\/kliniksanktmoritz.ch\/?post_type=product&#038;p=11976"},"modified":"2024-08-25T05:09:03","modified_gmt":"2024-08-25T04:09:03","slug":"kit-glucometro-gima-mg-dl","status":"publish","type":"product","link":"https:\/\/kliniksanktmoritz.ch\/de\/produkt\/kit-glucometro-gima-mg-dl\/","title":{"rendered":"Kit glucometro GIMA mg\/dL"},"content":{"rendered":"","protected":false},"excerpt":{"rendered":"<p>Allgemeine Informationen<br \/>\nApparato\/Registratore<\/p>\n<p>Genaues und zuverl\u00e4ssiges Glukosemessger\u00e4t f\u00fcr die Selbstdiagnose und f\u00fcr den professionellen Einsatz. Anerkannte klinische Studien belegen die Pr\u00e4zision des von Acon entwickelten Glukosekontrollsystems Gima bei der Messung von frischem Haar-, Venen- und Neugeborenenblut.<\/p>\n<p>Konformit\u00e4t mit ISO15197:2013\/EN ISO15197:2015<\/p>\n<p>Versione Bluetooth: il Bluetooth completamente integrato consente la trasmissione di dati alle piattaforme di gestione dei dati.<\/p>\n<p>App<br \/>\nDas GIMA mg\/dL-Glukosemessger\u00e4t in der Bluetooth-Version ist mit einer App verbunden, einer innovativen, kostenlosen App f\u00fcr Smartphones, die f\u00fcr den Betrieb mit verschiedenen und vielf\u00e4ltigen medizinischen Ger\u00e4ten zur Messung von Temperatur, Herzdruck, Herzfrequenz, S\u00e4ttigung, EKG, Blutdruck, k\u00f6rperlicher Aktivit\u00e4t und vielem mehr entwickelt wurde, Herzfrequenz, K\u00f6rpergewicht und -bestandteile, S\u00e4ttigung, EKG, Herzschlag, Blutdruck, k\u00f6rperliche Aktivit\u00e4t und vieles mehr messen k\u00f6nnen, ohne zus\u00e4tzliche Konfigurationen oder Einstellungen und in 10 Sprachen (GB, FR, IT, ES, DE, NL, GR, PT, RO, PL) verf\u00fcgbar ist.<\/p>\n<p>Kompatibilit\u00e4t mit telemedizinischen Hilfsmitteln:<br \/>\n- CGM-Gesundheitsplattform<br \/>\n- AdiLife<br \/>\n- iTEL<br \/>\nDotazione standard<br \/>\n- Manuale: GB, FR, IT, ES<br \/>\n- 10 Str\u00e4hnen<br \/>\n- L\u00f6sung f\u00fcr die Kontrolle<br \/>\n- 10 Lanzette<br \/>\n- Penna pungidito<br \/>\n- Tappo trasparente (per test su avambraccio o palmo)<br \/>\n- Borsa per il trasporto<\/p>\n<p>Technische Informationen<br \/>\nKompatibilit\u00e4t mit telemedizinischen Hilfsmitteln:<br \/>\n- CGM-Gesundheitsplattform<br \/>\n- AdiLife<br \/>\n- iTEL<\/p>\n<p>- Tecnologia: Biosensore\/Elettrochimica, Glucosio deidrogenasi (GDH-FAD)<br \/>\n- Kalibrierungsmethode: Keine Kodierung<br \/>\n- Kalibrierungsergebnisse: Plasma-\u00e4quivalent<br \/>\n- Pr\u00fcfgeschwindigkeit: 5 Sekunden<br \/>\n- Volumen Campione: 0,6\u00b5L<br \/>\n- Tipo campione: Sangue fresco intero (capillare, venoso, neonatale)<br \/>\n- Aree di prova: Punta del dito, avambraccio, palmo<br \/>\n- Intervall ematocrito: 10-70%<br \/>\n- Memoria: 1.000 Ergebnisse mit Daten und Zeitangaben<br \/>\n- Mittelwerte des Tests: Berechnung der Mittelwerte nach 7, 14, 30, 60 und 90 Tagen<br \/>\n- \u00dcbertragung von Daten: USB<br \/>\n- Steuerungsl\u00f6sung: 3 Livelli<br \/>\n- Automatische Spegnimento: 2 Minuten nach der letzten Bet\u00e4tigung<br \/>\n- Stromversorgung: 2 Flaschenbatterien CR 2032 3,0V<br \/>\n- Lebensdauer der Batterie: 3.000 misurazioni<\/p>\n<p>Weitere Funktionen:<br \/>\n- Rilevamento automatico campione insufficiente<br \/>\n- Rilevamento campione alterato<\/p>","protected":false},"featured_media":11982,"template":"","meta":{"_acf_changed":false,"wds_primary_product_brand":0,"wds_primary_product_cat":0,"_wordproof_timestamp":false},"product_brand":[],"product_cat":[113,78],"product_tag":[],"class_list":{"0":"post-11976","1":"product","2":"type-product","3":"status-publish","4":"has-post-thumbnail","6":"product_cat-device","7":"product_cat-digitaltwin","9":"first","10":"instock","11":"shipping-taxable","12":"purchasable","13":"product-type-simple"},"acf":[],"_links":{"self":[{"href":"https:\/\/kliniksanktmoritz.ch\/de\/wp-json\/wp\/v2\/product\/11976","targetHints":{"allow":["GET"]}}],"collection":[{"href":"https:\/\/kliniksanktmoritz.ch\/de\/wp-json\/wp\/v2\/product"}],"about":[{"href":"https:\/\/kliniksanktmoritz.ch\/de\/wp-json\/wp\/v2\/types\/product"}],"wp:featuredmedia":[{"embeddable":true,"href":"https:\/\/kliniksanktmoritz.ch\/de\/wp-json\/wp\/v2\/media\/11982"}],"wp:attachment":[{"href":"https:\/\/kliniksanktmoritz.ch\/de\/wp-json\/wp\/v2\/media?parent=11976"}],"wp:term":[{"taxonomy":"product_brand","embeddable":true,"href":"https:\/\/kliniksanktmoritz.ch\/de\/wp-json\/wp\/v2\/product_brand?post=11976"},{"taxonomy":"product_cat","embeddable":true,"href":"https:\/\/kliniksanktmoritz.ch\/de\/wp-json\/wp\/v2\/product_cat?post=11976"},{"taxonomy":"product_tag","embeddable":true,"href":"https:\/\/kliniksanktmoritz.ch\/de\/wp-json\/wp\/v2\/product_tag?post=11976"}],"curies":[{"name":"wp","href":"https:\/\/api.w.org\/{rel}","templated":true}]}}