{"id":11983,"date":"2024-08-25T05:08:03","date_gmt":"2024-08-25T04:08:03","guid":{"rendered":"https:\/\/kliniksanktmoritz.ch\/?post_type=product&#038;p=11983"},"modified":"2024-09-01T11:35:26","modified_gmt":"2024-09-01T10:35:26","slug":"bilancia-smart-omron-viva","status":"publish","type":"product","link":"https:\/\/kliniksanktmoritz.ch\/de\/produkt\/bilancia-smart-omron-viva\/","title":{"rendered":"Bilancia smart OMRON VIVA"},"content":{"rendered":"","protected":false},"excerpt":{"rendered":"<p>**OMRON VIVA** ist ein medizinisches Ger\u00e4t, das die wichtigsten Parameter der K\u00f6rperzusammensetzung misst, einschlie\u00dflich Gewicht, viszerales Fett, Grundumsatz, BMI, K\u00f6rperfett und Skelettmuskulatur.<\/p>\n<p>**Zuverl\u00e4ssige Pr\u00e4zision**<\/p>\n<p>VIVA nutzt die Technologie der Bioelektrischen Impedanzanalyse (BIA) zur Messung der K\u00f6rperzusammensetzung.<\/p>\n<p>**Die Bedeutung der Viszeralfettanalyse**<\/p>\n<p>Viszerales Fett sammelt sich um lebenswichtige Organe herum an. \u00dcberm\u00e4\u00dfige Mengen dieses \"aktiven Fetts\" k\u00f6nnen Hormone und K\u00f6rperfunktionen beeintr\u00e4chtigen, den Blutdruck erh\u00f6hen und das allgemeine Wohlbefinden beeintr\u00e4chtigen.<\/p>\n<p>Verbessern Sie Ihre Gesundheit durch die \u00dcberwachung von sechs spezifischen K\u00f6rperparametern: viszerales Fett, K\u00f6rperfett, Skelettmuskulatur, Ruhestoffwechsel, Body Mass Index und Gewicht.<\/p>\n<p>**Eine Komponente von OMRONs intelligentem System**<\/p>\n<p>Die \u00dcberwachung der K\u00f6rperzusammensetzung sowie des Blutdrucks und der Herzfrequenz kann Ihnen helfen, Ihren kardiovaskul\u00e4ren Gesundheitszustand zu verstehen und rechtzeitig zu handeln.<\/p>\n<p>Verfolgen Sie Ihre Fortschritte und teilen Sie sie einfach mit der \"OMRON connect\"-App, die ein tiefes Verst\u00e4ndnis Ihrer Herzgesundheit bietet. Kompatibel mit iOS und Android.<\/p>\n<p>**Standardausr\u00fcstung**<br \/>\n- 1 OMRON VIVA Smart K\u00f6rperanalysewaage<br \/>\n- 4x AAA-Batterien<br \/>\n- Gebrauchsanweisung<br \/>\n- Handbuch zur Einrichtung<\/p>\n<p>**Technische Informationen**<br \/>\n- Bluetooth-Verbindung. Speichert bis zu 30 Messungen f\u00fcr Zeiten, in denen Ihr Telefon nicht zur Hand ist (iOS und Android).<br \/>\n- Multi-User: 4 Benutzer + Gast mit automatischer Erkennungsfunktion<br \/>\n- OMRON connect app: automatische Daten\u00fcbertragung (kompatibel mit iOS und Android)<br \/>\n- Messung: 'STEP ON'-Technologie. Schnelles Ablesen: 4 Sekunden. Automatische Abschaltung.<br \/>\n- Produktoberfl\u00e4che: geh\u00e4rtetes Sicherheitsglas, abgerundete Ecken, 4 Elektrodenplatten aus rostfreiem Stahl<br \/>\n- Au\u00dfenma\u00dfe: kompaktes und schlankes Design, ca. 285 \u00d7 28 \u00d7 280 mm<br \/>\n- Displaygr\u00f6\u00dfe: gro\u00dfes und \u00fcbersichtliches LCD-Display 58 x 78 mm mit Messklassifizierungen<br \/>\n- Gewicht: etwa 1,6 kg<br \/>\n- Ma\u00dfeinheiten: kg (cm)\/lb (Fu\u00df\/Zoll)<br \/>\n- Maximale Kapazit\u00e4t: 150 kg (in Schritten von 100 g)<br \/>\n- H\u00f6henbereich: von 100,0 bis 199,5 cm (von 3\u2032 4\u2033 bis 6\u2032 6 3\/4\u2033)<br \/>\n- Altersspanne: von 10 bis 80 Jahren<br \/>\n- Stromversorgung: 4 AAA-Alkalibatterien (LR03)<\/p>\n<p>OMRON VIVA ist ein medizinisches Ger\u00e4t mit Parametern, die das Gewicht, die K\u00f6rpergr\u00f6\u00dfe, den Grundumsatz und den BMI, das Gewicht und die Muskulatur anzeigen.<\/p>\n<p>Pr\u00e4zision bei der Abgabe von Erkl\u00e4rungen<\/p>\n<p>VIVA \u00e8 un dispositivo che impiega la tecnologia di analisi dell'impedenza bioelettrica (BIA) per valutare la composizione corporea.<\/p>\n<p>L'importanza dell'analisi del grasso viscerale<\/p>\n<p>Das viszerale Gras sammelt sich innerhalb der Lebensorgane an. Eine \u00fcberm\u00e4\u00dfige Menge dieses \"aktiven Grases\" hat Einfluss auf die Organe und die k\u00f6rperlichen Funktionen. Es erh\u00f6ht den Arteriendruck und beeintr\u00e4chtigt das gesamte Wohlbefinden.<\/p>\n<p>Verbessert das Wohlbefinden und h\u00e4lt die K\u00f6rperfunktionen unter Kontrolle, indem es 6 spezifische K\u00f6rperparameter \u00fcberwacht: Sehkraft, K\u00f6rpergewicht, Muskulatur, Stoffwechsel, K\u00f6rpermasse und Gewicht.<\/p>\n<p>Eine Komponente des intelligenten Systems von OMRON<\/p>\n<p>Die \u00dcberwachung der K\u00f6rperzusammensetzung zusammen mit der Messung des Blutdrucks und der Herzfrequenz kann helfen, den eigenen Gesundheitszustand auf kardiovaskul\u00e4rer Ebene zu beurteilen, um schneller zu reagieren.<\/p>\n<p>Mit der App \"OMRON connect\", die es Ihnen erm\u00f6glicht, den Gesundheitszustand Ihres K\u00f6rpers in angemessener Weise zu \u00fcberwachen, k\u00f6nnen Sie Ihre Fortschritte nachverfolgen und auf einfache Weise kalkulieren. Kompatibel mit iOS und Android.<br \/>\nDotazione standard<br \/>\n- 1 Bilanzen mit Messger\u00e4t f\u00fcr die K\u00f6rperzusammensetzung OMRON VIVA Smart<br \/>\n- 4x Batterie AAA<br \/>\n- Betriebsanleitung<br \/>\n- Handbuch zur Konfiguration<\/p>\n<p>Technische Informationen<br \/>\n- Verbindung \u00fcber Bluetooth. Merkt sich bis zu 30 Ma\u00dfnahmen f\u00fcr die Momente, in denen Sie Ihr Handy nicht dabei haben (iOS und Android).<br \/>\n- Mehrplatzf\u00e4hig: 4 Teilnehmer + Sprechstelle mit automatischer Rufannahmefunktion<br \/>\n- OMRON connect app: Automatischer Datentransfer (kompatibel mit iOS und Android)<br \/>\n- Misurazione: tecnologia 'STEP ON'. Schnelles Einschalten: 4 Sekunden. Spegnimento automatico.<br \/>\n- Superficie del prodotto: temperiertes Sicherheitsgeflecht, verkleidete Ecken, 4 F\u00fc\u00dfe aus Edelstahl<br \/>\n- \u00c4u\u00dfere Abmessungen: kompatibles und kompaktes Design, ca. 285 \u00d7 28 \u00d7 280 mm<br \/>\n- Dimensioni del display: Display LCD ampio e nitido 58 x 78 mm con classificazioni delle misurazioni<br \/>\n- Peso: ca. 1,6 kg<br \/>\n- Ma\u00dfeinheit: kg (cm)\/lb (piedi\/pollici)<br \/>\n- Maximale Tragf\u00e4higkeit: 150 kg (in Schritten von 100 g)<br \/>\n- Altezza: von 100,0 bis 199,5 cm (von 3\u2032 4\u2033\"\" bis 6\u2032 6 3\/4\u2033\"\"\")<br \/>\n- Alter: von 10 bis 80 Jahren<br \/>\n- Stromversorgung: 4 alkalische AAA-Batterien (LR03)<\/p>","protected":false},"featured_media":11984,"template":"","meta":{"_acf_changed":false,"wds_primary_product_brand":0,"wds_primary_product_cat":0,"_wordproof_timestamp":false},"product_brand":[],"product_cat":[113,78],"product_tag":[],"class_list":{"0":"post-11983","1":"product","2":"type-product","3":"status-publish","4":"has-post-thumbnail","6":"product_cat-device","7":"product_cat-digitaltwin","9":"first","10":"instock","11":"shipping-taxable","12":"purchasable","13":"product-type-simple"},"acf":[],"_links":{"self":[{"href":"https:\/\/kliniksanktmoritz.ch\/de\/wp-json\/wp\/v2\/product\/11983","targetHints":{"allow":["GET"]}}],"collection":[{"href":"https:\/\/kliniksanktmoritz.ch\/de\/wp-json\/wp\/v2\/product"}],"about":[{"href":"https:\/\/kliniksanktmoritz.ch\/de\/wp-json\/wp\/v2\/types\/product"}],"wp:featuredmedia":[{"embeddable":true,"href":"https:\/\/kliniksanktmoritz.ch\/de\/wp-json\/wp\/v2\/media\/11984"}],"wp:attachment":[{"href":"https:\/\/kliniksanktmoritz.ch\/de\/wp-json\/wp\/v2\/media?parent=11983"}],"wp:term":[{"taxonomy":"product_brand","embeddable":true,"href":"https:\/\/kliniksanktmoritz.ch\/de\/wp-json\/wp\/v2\/product_brand?post=11983"},{"taxonomy":"product_cat","embeddable":true,"href":"https:\/\/kliniksanktmoritz.ch\/de\/wp-json\/wp\/v2\/product_cat?post=11983"},{"taxonomy":"product_tag","embeddable":true,"href":"https:\/\/kliniksanktmoritz.ch\/de\/wp-json\/wp\/v2\/product_tag?post=11983"}],"curies":[{"name":"wp","href":"https:\/\/api.w.org\/{rel}","templated":true}]}}