{"id":11991,"date":"2024-08-25T05:10:54","date_gmt":"2024-08-25T04:10:54","guid":{"rendered":"https:\/\/kliniksanktmoritz.ch\/?post_type=product&#038;p=11991"},"modified":"2024-08-25T05:10:56","modified_gmt":"2024-08-25T04:10:56","slug":"bilancia-korperfett-gimafit","status":"publish","type":"product","link":"https:\/\/kliniksanktmoritz.ch\/de\/produkt\/bilancia-korperfett-gimafit\/","title":{"rendered":"Bilancia K\u00f6rperfett GIMAFIT"},"content":{"rendered":"","protected":false},"excerpt":{"rendered":"<p>Allgemeine Informationen<br \/>\nBilancia Body Fat GIMAFIT con Bluetooth 5.0 + WiFi. Multifunktionale Waage f\u00fcr die Messung von K\u00f6rperfett, Wasser, Muskelmasse und Knochenmasse. Funktion f\u00fcr Herzschlag, BMI, BMR. Ausgestattet mit 4 Pr\u00e4zisionssensoren des Typs G. <\/p>\n<p>App<br \/>\nDie K\u00f6rperfettbilanz GIMAFIT ist mit einer App verbunden, einer innovativen, kostenlosen App f\u00fcr Smartphones, die f\u00fcr den Betrieb mit verschiedenen und vielf\u00e4ltigen medizinischen Ger\u00e4ten zur Messung von Temperatur, Blutdruck, Herzfrequenz, S\u00e4ttigung, Blutdruck, Sport und vielem mehr entwickelt wurde, K\u00f6rpergewicht und -bestandteile, S\u00e4ttigung, EKG, Herzfrequenz, Blutdruck, k\u00f6rperliche Aktivit\u00e4t und vieles mehr messen k\u00f6nnen, ohne zus\u00e4tzliche Konfigurationen oder Einstellungen, und in 10 Sprachen verf\u00fcgbar sind (GB, FR, IT, ES, DE, NL, GR, PT, RO, PL).<\/p>\n<p>Dotazione standard<br \/>\n- 4 AAA-Batterien<br \/>\n- Manuale: GB, FR, IT, ES, PT, PL, GR<\/p>\n<p>Technische Informationen<br \/>\n- Material des Tr\u00e4germaterials: Vetro und Acciaio inox<br \/>\n- Tragf\u00e4higkeit: 180 kg (Mindestgewicht 0,15 kg)<br \/>\n- Anzeige LED: 80 x 40 mm blauer Lichtschein<br \/>\n- Genauigkeit: 200 g (zwischen 50 und 100 kg)<br \/>\n- Batterie: 4 AAA (inklusiv)<br \/>\n- Dimensioni: 30 x 30 x 2,3 cm<br \/>\n- Ma\u00dfeinheit kg \/ Libre <\/p>","protected":false},"featured_media":11992,"template":"","meta":{"_acf_changed":false,"wds_primary_product_brand":0,"wds_primary_product_cat":0,"_wordproof_timestamp":false},"product_brand":[],"product_cat":[113,78],"product_tag":[],"class_list":{"0":"post-11991","1":"product","2":"type-product","3":"status-publish","4":"has-post-thumbnail","6":"product_cat-device","7":"product_cat-digitaltwin","9":"first","10":"instock","11":"shipping-taxable","12":"purchasable","13":"product-type-simple"},"acf":[],"_links":{"self":[{"href":"https:\/\/kliniksanktmoritz.ch\/de\/wp-json\/wp\/v2\/product\/11991","targetHints":{"allow":["GET"]}}],"collection":[{"href":"https:\/\/kliniksanktmoritz.ch\/de\/wp-json\/wp\/v2\/product"}],"about":[{"href":"https:\/\/kliniksanktmoritz.ch\/de\/wp-json\/wp\/v2\/types\/product"}],"wp:featuredmedia":[{"embeddable":true,"href":"https:\/\/kliniksanktmoritz.ch\/de\/wp-json\/wp\/v2\/media\/11992"}],"wp:attachment":[{"href":"https:\/\/kliniksanktmoritz.ch\/de\/wp-json\/wp\/v2\/media?parent=11991"}],"wp:term":[{"taxonomy":"product_brand","embeddable":true,"href":"https:\/\/kliniksanktmoritz.ch\/de\/wp-json\/wp\/v2\/product_brand?post=11991"},{"taxonomy":"product_cat","embeddable":true,"href":"https:\/\/kliniksanktmoritz.ch\/de\/wp-json\/wp\/v2\/product_cat?post=11991"},{"taxonomy":"product_tag","embeddable":true,"href":"https:\/\/kliniksanktmoritz.ch\/de\/wp-json\/wp\/v2\/product_tag?post=11991"}],"curies":[{"name":"wp","href":"https:\/\/api.w.org\/{rel}","templated":true}]}}