{"id":11995,"date":"2024-08-25T05:12:35","date_gmt":"2024-08-25T04:12:35","guid":{"rendered":"https:\/\/kliniksanktmoritz.ch\/?post_type=product&#038;p=11995"},"modified":"2024-08-25T05:12:36","modified_gmt":"2024-08-25T04:12:36","slug":"duoek-s-monitor-ecg-portatile","status":"publish","type":"product","link":"https:\/\/kliniksanktmoritz.ch\/de\/produkt\/duoek-s-monitor-ecg-portatile\/","title":{"rendered":"DuoEK S Monitor EKG portabel"},"content":{"rendered":"","protected":false},"excerpt":{"rendered":"<p>Allgemeine Informationen<br \/>\nDuoEK\u2122 S ist ein tragbarer EKG-Monitor f\u00fcr Messungen und Analysen. Kompatibel und leicht zu bedienen, erm\u00f6glicht es die einfache Kontrolle des EKGs in jedem Moment und an jedem Ort.<br \/>\n- 3 Ableitungen: mano-mano, mano-gamba und toracica<br \/>\n- schermo OLEd per immagini ECG chiare<br \/>\n- misurazione con un solo pulsante<br \/>\n- 500 Messungen mit einer einzigen Messung<br \/>\nDuoEK\u2122 S eignet sich f\u00fcr Personen mit erh\u00f6htem Stress, irregul\u00e4ren Erkrankungen, kardiologischen Erkrankungen und Herzst\u00f6rungen (Herzklopfen, Herzrasen, Schwindel, Herzbeklemmung und so weiter).<br \/>\nKostenlose App ViHealth f\u00fcr iOS und Android<br \/>\n\u00c8 possibile caricare automaticamente i dati e condividere con il medico il referto in formato PDF.<br \/>\nDotazione standard<br \/>\nFornito con caricatore e manuale multilingue (GB, FR , IT, ES, DE).<\/p>\n<p>Technische Informationen<br \/>\n- Lungenstrom-EKG: von 30 Sekunden bis 15 Minuten<br \/>\n- Intervallo frequenza cardiaca: 30 - 250 bpm<br \/>\n- Alimentazione: batteria ai polimeri di litio ricaricabile<br \/>\n- Dauer der Batteriefunktionst\u00fcchtigkeit: &gt; 500 Steuerungen<br \/>\n- Aufnahmetempo: 2-3 Tage<br \/>\n- Anschluss: Mikro-USB-Anschluss<br \/>\n- Drahtlos: Bluetooth 4.0 BLE<br \/>\n- Memoria integrata:<br \/>\n- 10 Sitzungen pro EKG &lt; 1 Minute\n- 4 Sitzungen pro EKG von 5 Minuten\n- Speicherplatz in der App: unbegrenzt\n- Abmessungen: 92 x 32 x 8,2 mm\n- Gewicht: 26,8 gr.\n\n<\/p>","protected":false},"featured_media":11999,"template":"","meta":{"_acf_changed":false,"wds_primary_product_brand":0,"wds_primary_product_cat":0,"_wordproof_timestamp":false},"product_brand":[],"product_cat":[113,78],"product_tag":[],"class_list":{"0":"post-11995","1":"product","2":"type-product","3":"status-publish","4":"has-post-thumbnail","6":"product_cat-device","7":"product_cat-digitaltwin","9":"first","10":"instock","11":"shipping-taxable","12":"purchasable","13":"product-type-simple"},"acf":[],"_links":{"self":[{"href":"https:\/\/kliniksanktmoritz.ch\/de\/wp-json\/wp\/v2\/product\/11995","targetHints":{"allow":["GET"]}}],"collection":[{"href":"https:\/\/kliniksanktmoritz.ch\/de\/wp-json\/wp\/v2\/product"}],"about":[{"href":"https:\/\/kliniksanktmoritz.ch\/de\/wp-json\/wp\/v2\/types\/product"}],"wp:featuredmedia":[{"embeddable":true,"href":"https:\/\/kliniksanktmoritz.ch\/de\/wp-json\/wp\/v2\/media\/11999"}],"wp:attachment":[{"href":"https:\/\/kliniksanktmoritz.ch\/de\/wp-json\/wp\/v2\/media?parent=11995"}],"wp:term":[{"taxonomy":"product_brand","embeddable":true,"href":"https:\/\/kliniksanktmoritz.ch\/de\/wp-json\/wp\/v2\/product_brand?post=11995"},{"taxonomy":"product_cat","embeddable":true,"href":"https:\/\/kliniksanktmoritz.ch\/de\/wp-json\/wp\/v2\/product_cat?post=11995"},{"taxonomy":"product_tag","embeddable":true,"href":"https:\/\/kliniksanktmoritz.ch\/de\/wp-json\/wp\/v2\/product_tag?post=11995"}],"curies":[{"name":"wp","href":"https:\/\/api.w.org\/{rel}","templated":true}]}}