{"id":12000,"date":"2024-08-25T05:14:12","date_gmt":"2024-08-25T04:14:12","guid":{"rendered":"https:\/\/kliniksanktmoritz.ch\/?post_type=product&#038;p=12000"},"modified":"2024-08-25T05:14:13","modified_gmt":"2024-08-25T04:14:13","slug":"smartwatch-quadrant","status":"publish","type":"product","link":"https:\/\/kliniksanktmoritz.ch\/de\/produkt\/smartwatch-quadrant\/","title":{"rendered":"Smartwatch-Quadrant"},"content":{"rendered":"","protected":false},"excerpt":{"rendered":"<p>Allgemeine Informationen<br \/>\nQuadrant \u00e8 uno smartwatch progettato per monitoringare vari parametri relativi alla salute.<\/p>\n<p>Er eignet sich f\u00fcr alle Gelegenheiten, von der Arbeit bis zur Freizeit, und enth\u00e4lt die folgenden Parameter und Funktionen:<\/p>\n<p>Parametri<\/p>\n<p>- Temperatura Corporea<br \/>\n- Frequenza Cardiaca<br \/>\n- EKG<br \/>\n- BPM (pressione sanguigna)<br \/>\n- SpO2 (Ossigeno-Livello im Blut)<br \/>\n- Frequenza Respiratoria<br \/>\n- Sonno<br \/>\n- Sport<br \/>\n- Kalorie<br \/>\n- Passi<br \/>\nErg\u00e4nzende Funktionen<\/p>\n<p>- Meteo<br \/>\n- Kronometrisch<br \/>\n- Lettore musicale<br \/>\n- Foto<br \/>\nAu\u00dferdem ist eine drahtlose Verbindung zur App S1MPL0 m\u00f6glich, die mit Android 8.1 und h\u00f6heren Versionen, mit iOS 13 und h\u00f6heren Versionen sowie mit der App kompatibel ist.<\/p>\n<p>App<br \/>\nDie Smartwatch Quadrant ist mit der App verbunden, einer innovativen, kostenlosen App f\u00fcr Smartphones, die f\u00fcr die Funktion mit verschiedenen und vielf\u00e4ltigen medizinischen Ger\u00e4ten zur Messung von Temperatur, Arteriendruck, Herzfrequenz, S\u00e4ttigung, Sonnenstand, Blutdruck, Fitness und vielem mehr entwickelt wurde, K\u00f6rpergewicht und -bestandteile, S\u00e4ttigung, EKG, Herzfrequenz, Blutdruck, k\u00f6rperliche Aktivit\u00e4t und vieles mehr messen k\u00f6nnen, ohne zus\u00e4tzliche Konfigurationen oder Einstellungen, und in 10 Sprachen verf\u00fcgbar sind (GB, FR, IT, ES, DE, NL, GR, PT, RO, PL).<br \/>\nDotazione standard<br \/>\nFornito con cavo di alimentazione e manuale in GB, IT.<\/p>\n<p>Technische Informationen<br \/>\n- Beschleunigungssensor: 3D-Sensor<br \/>\n- Anzeige: IPS TFT 1,70\u2033<br \/>\n- Daten\u00fcbermittlung: 4.2 BLE<br \/>\n- Intervalltemperatur: -10\u00b0 ~ 50\u00b0<br \/>\n- Alimentazione: Batteria ai polimeri di litio<br \/>\n- Kapazit\u00e4t der Batterie: 200 MAH<br \/>\n- Durata batteria:<br \/>\n- Bereitschaftsdienst: 30 giorni<br \/>\n- normaler Gebrauch: 15 giorni<br \/>\n- H\u00e4ufige Nutzung: 7 giorni<br \/>\n- Aufnahmetempo: 2-3 Tage<br \/>\n- Peso: 55 g<br \/>\n- Wasserdichtigkeit: IP68<br \/>\n- Kein medizinisches Dispositiv<\/p>","protected":false},"featured_media":12004,"template":"","meta":{"_acf_changed":false,"wds_primary_product_brand":0,"wds_primary_product_cat":0,"_wordproof_timestamp":false},"product_brand":[],"product_cat":[113,78],"product_tag":[],"class_list":{"0":"post-12000","1":"product","2":"type-product","3":"status-publish","4":"has-post-thumbnail","6":"product_cat-device","7":"product_cat-digitaltwin","9":"first","10":"instock","11":"shipping-taxable","12":"purchasable","13":"product-type-simple"},"acf":[],"_links":{"self":[{"href":"https:\/\/kliniksanktmoritz.ch\/de\/wp-json\/wp\/v2\/product\/12000","targetHints":{"allow":["GET"]}}],"collection":[{"href":"https:\/\/kliniksanktmoritz.ch\/de\/wp-json\/wp\/v2\/product"}],"about":[{"href":"https:\/\/kliniksanktmoritz.ch\/de\/wp-json\/wp\/v2\/types\/product"}],"wp:featuredmedia":[{"embeddable":true,"href":"https:\/\/kliniksanktmoritz.ch\/de\/wp-json\/wp\/v2\/media\/12004"}],"wp:attachment":[{"href":"https:\/\/kliniksanktmoritz.ch\/de\/wp-json\/wp\/v2\/media?parent=12000"}],"wp:term":[{"taxonomy":"product_brand","embeddable":true,"href":"https:\/\/kliniksanktmoritz.ch\/de\/wp-json\/wp\/v2\/product_brand?post=12000"},{"taxonomy":"product_cat","embeddable":true,"href":"https:\/\/kliniksanktmoritz.ch\/de\/wp-json\/wp\/v2\/product_cat?post=12000"},{"taxonomy":"product_tag","embeddable":true,"href":"https:\/\/kliniksanktmoritz.ch\/de\/wp-json\/wp\/v2\/product_tag?post=12000"}],"curies":[{"name":"wp","href":"https:\/\/api.w.org\/{rel}","templated":true}]}}