{"id":12005,"date":"2024-08-25T05:15:13","date_gmt":"2024-08-25T04:15:13","guid":{"rendered":"https:\/\/kliniksanktmoritz.ch\/?post_type=product&#038;p=12005"},"modified":"2024-09-01T11:28:57","modified_gmt":"2024-09-01T10:28:57","slug":"smartwatch-sportpix","status":"publish","type":"product","link":"https:\/\/kliniksanktmoritz.ch\/de\/produkt\/smartwatch-sportpix\/","title":{"rendered":"Smartwatch Sportpix"},"content":{"rendered":"","protected":false},"excerpt":{"rendered":"<p>**Allgemeine Informationen**<br \/>\nSportpix ist eine Smartwatch, die zur \u00dcberwachung verschiedener Gesundheits- und Sportaktivit\u00e4tsparameter entwickelt wurde.<\/p>\n<p>Besonders geeignet f\u00fcr Sportler, umfasst es die folgenden Parameter und Funktionen:<\/p>\n<p>**Parameter**<\/p>\n<p>- K\u00f6rpertemperatur<br \/>\n- Herzfrequenz<br \/>\n- EKG<br \/>\n- BPM (Blutdruck)<br \/>\n- SpO2 (Blutsauerstoffgehalt)<br \/>\n- Atemfrequenz<br \/>\n- Schlafen<br \/>\n- Sport<br \/>\n- Kalorien<br \/>\n- Schritte<\/p>\n<p>**Zus\u00e4tzliche Merkmale**<\/p>\n<p>- Das Wetter<br \/>\n- Stoppuhr<br \/>\n- Musik-Player<br \/>\n- Kamera<\/p>\n<p>Es erm\u00f6glicht auch die drahtlose Verbindung mit der S1MPL0 App, die mit Android 8.1 und h\u00f6her sowie iOS 13 und h\u00f6her kompatibel ist.<\/p>\n<p>**App**<br \/>\nDie Sportpix-Smartwatch l\u00e4sst sich mit der App verbinden, einer innovativen, kostenlosen Smartphone-App, die mit verschiedenen medizinischen Ger\u00e4ten zusammenarbeitet und Temperatur, Blutdruck, Herzfrequenz, K\u00f6rpergewicht und -zusammensetzung, Sauerstoffs\u00e4ttigung, EKG, Schlaf, Blutzucker, k\u00f6rperliche Aktivit\u00e4t und vieles mehr messen kann, ohne komplizierte Konfigurationen oder Einstellungen, verf\u00fcgbar in 10 Sprachen (Englisch, Franz\u00f6sisch, Italienisch, Spanisch, Deutsch, Niederl\u00e4ndisch, Griechisch, Portugiesisch, Rum\u00e4nisch, Polnisch).<\/p>\n<p>**Standardausr\u00fcstung**<br \/>\nIm Lieferumfang enthalten sind ein Ladekabel und Handb\u00fccher in Englisch und Italienisch.<\/p>\n<p>**Technische Informationen**<br \/>\n- Beschleunigungssensor: 3D-Sensor<br \/>\n- Anzeige: 1,3\u2033 OLED<br \/>\n- Daten-Synchronisation: 4.0 BT<br \/>\n- Temperaturbereich: -10\u00b0 bis 50\u00b0 C<br \/>\n- Energie: Lithium-Polymer-Akku<br \/>\n- Batteriekapazit\u00e4t: 240 MAH<br \/>\n- Lebensdauer der Batterie:<br \/>\n- Bereitschaftsdienst: 15 Tage<br \/>\n- Normaler Gebrauch: 5 Tage<br \/>\n- H\u00e4ufige Verwendung: 3 Tage<br \/>\n- Aufladezeit: 2-3 Stunden<br \/>\n- Gewicht: 38 g<br \/>\n- Wasserbest\u00e4ndigkeit: IP67<br \/>\n- Kein Medizinprodukt<\/p>\n<p>Allgemeine Informationen<br \/>\nSportpix \u00e8 uno smartwatch progettato per monitorare vari parametri relativi alla salute e all'attivit\u00e0 sportiva.<\/p>\n<p>Besonders geeignet f\u00fcr Sporttreibende, mit den folgenden Parametern und Funktionen:<\/p>\n<p>Parametri<\/p>\n<p>- Temperatura Corporea<br \/>\n- Frequenza Cardiaca<br \/>\n- EKG<br \/>\n- BPM (pressione sanguigna)<br \/>\n- SpO2 (Ossigeno-Spiegel im Blut)<br \/>\n- Frequenza Respiratoria<br \/>\n- Sonno<br \/>\n- Sport<br \/>\n- Kalorie<br \/>\n- Passi<br \/>\nErg\u00e4nzende Funktionen<\/p>\n<p>- Meteo<br \/>\n- Kronometrisch<br \/>\n- Lettore musicale<br \/>\n- Foto<br \/>\nAu\u00dferdem ist eine drahtlose Verbindung zur App S1MPL0 m\u00f6glich, die mit Android 8.1 und h\u00f6heren Versionen, mit iOS 13 und h\u00f6heren Versionen sowie mit der App kompatibel ist.<\/p>\n<p>App<br \/>\nDie Smartwatch Sportpix ist mit der App verbunden, einer innovativen, kostenlosen App f\u00fcr Smartphones, die f\u00fcr die Funktion mit verschiedenen und vielf\u00e4ltigen medizinischen Ger\u00e4ten zur Messung von Temperatur, Arteriendruck, Herzfrequenz, S\u00e4ttigung, EKG, Sondierung, Blutzuckermessung und vielem mehr entwickelt wurde, K\u00f6rpergewicht und -bestandteile, S\u00e4ttigung, EKG, Herzschlag, Blutdruck, k\u00f6rperliche Aktivit\u00e4t und vieles mehr messen k\u00f6nnen, ohne zus\u00e4tzliche Konfigurationen oder Einstellungen, und in 10 Sprachen verf\u00fcgbar sind (GB, FR, IT, ES, DE, NL, GR, PT, RO, PL).<br \/>\nDotazione standard<br \/>\nFornito con cavo di alimentazione e manuale in GB, IT.<\/p>\n<p>Technische Informationen<br \/>\n- Beschleunigungssensor: 3D-Sensor<br \/>\n- Anzeige: OLED 1,3\u2033<br \/>\n- Daten\u00fcbermittlung: 4.0 BT<br \/>\n- Intervalltemperatur: -10\u00b0 ~ 50\u00b0<br \/>\n- Alimentazione: Batteria ai polimeri di litio<br \/>\n- Kapazit\u00e4t der Batterie: 240 MAH<br \/>\n- Durata batteria:<br \/>\n- Bereitschaft: 15 giorni<br \/>\n- normaler Gebrauch: 5 giorni<br \/>\n- H\u00e4ufige Nutzung: 3 giorni<br \/>\n- Aufnahmetempo: 2-3 Tage<br \/>\n- Peso: 38 g<br \/>\n- Wasserbest\u00e4ndigkeit: IP67<br \/>\n- Kein medizinisches Dispositiv<\/p>","protected":false},"featured_media":12002,"template":"","meta":{"_acf_changed":false,"wds_primary_product_brand":0,"wds_primary_product_cat":0,"_wordproof_timestamp":false},"product_brand":[],"product_cat":[113,78],"product_tag":[],"class_list":{"0":"post-12005","1":"product","2":"type-product","3":"status-publish","4":"has-post-thumbnail","6":"product_cat-device","7":"product_cat-digitaltwin","9":"first","10":"instock","11":"shipping-taxable","12":"purchasable","13":"product-type-simple"},"acf":[],"_links":{"self":[{"href":"https:\/\/kliniksanktmoritz.ch\/de\/wp-json\/wp\/v2\/product\/12005","targetHints":{"allow":["GET"]}}],"collection":[{"href":"https:\/\/kliniksanktmoritz.ch\/de\/wp-json\/wp\/v2\/product"}],"about":[{"href":"https:\/\/kliniksanktmoritz.ch\/de\/wp-json\/wp\/v2\/types\/product"}],"wp:featuredmedia":[{"embeddable":true,"href":"https:\/\/kliniksanktmoritz.ch\/de\/wp-json\/wp\/v2\/media\/12002"}],"wp:attachment":[{"href":"https:\/\/kliniksanktmoritz.ch\/de\/wp-json\/wp\/v2\/media?parent=12005"}],"wp:term":[{"taxonomy":"product_brand","embeddable":true,"href":"https:\/\/kliniksanktmoritz.ch\/de\/wp-json\/wp\/v2\/product_brand?post=12005"},{"taxonomy":"product_cat","embeddable":true,"href":"https:\/\/kliniksanktmoritz.ch\/de\/wp-json\/wp\/v2\/product_cat?post=12005"},{"taxonomy":"product_tag","embeddable":true,"href":"https:\/\/kliniksanktmoritz.ch\/de\/wp-json\/wp\/v2\/product_tag?post=12005"}],"curies":[{"name":"wp","href":"https:\/\/api.w.org\/{rel}","templated":true}]}}