{"id":12059,"date":"2024-08-28T09:47:24","date_gmt":"2024-08-28T08:47:24","guid":{"rendered":"https:\/\/kliniksanktmoritz.ch\/?post_type=product&#038;p=12059"},"modified":"2024-08-28T09:47:25","modified_gmt":"2024-08-28T08:47:25","slug":"myfitnesspal","status":"publish","type":"product","link":"https:\/\/kliniksanktmoritz.ch\/de\/produkt\/myfitnesspal\/","title":{"rendered":"Myfitnesspal"},"content":{"rendered":"","protected":false},"excerpt":{"rendered":"<p>1<\/p>\n<p>Essen, Fitness und Fasten verfolgen<\/p>\n<p>Mit unserem Barcode-Scanner und der Ger\u00e4teintegration ist es ganz einfach, Kalorien und Makros zu erfassen.<\/p>\n<p>Das Ern\u00e4hrungstagebuch der MyFitnessPal-App mit einem Tag mit Nahrungsmitteleintr\u00e4gen, verbleibenden Kalorien und einem Timer f\u00fcr intermittierendes Fasten in Bearbeitung.<br \/>\n2<\/p>\n<p>Lernen, was funktioniert<\/p>\n<p>Personalisierte Erkenntnisse \u00fcber die Ern\u00e4hrung zeigen, was funktioniert, damit Sie kl\u00fcgere Entscheidungen treffen k\u00f6nnen.<\/p>\n<p>Der Ern\u00e4hrungsbildschirm der MyFitnessPal-App zeigt den w\u00f6chentlichen Fortschritt beim Erreichen der Kohlenhydrat-, Fett- und Proteinziele.<br \/>\n3<\/p>\n<p>\u00c4ndern Sie Ihre Gewohnheiten und erreichen Sie Ihre Ziele<\/p>\n<p>Jetzt haben Sie das R\u00fcstzeug und das Wissen, um gesunde Gewohnheiten f\u00fcrs Leben zu entwickeln.<\/p>\n<p>Frau trinkt Wasser w\u00e4hrend eines Trainings mit Blick auf die Trainingskarte der MyFitnessPal-App, die anzeigt, dass sie in 30 Minuten 100 Kalorien verbrannt hat.<br \/>\n35+ Apps und Ger\u00e4te<\/p>\n<p>Schritte, Gewicht, Trainingseinheiten und mehr synchronisieren<\/p>\n<p>Beispiele f\u00fcr Symbole von Apps, die mit MyFitnessPal synchronisiert werden, darunter Apple Health Kit, Google Fit, Fitbit, Garmin, Strava und Samsung Health.<\/p>\n<p>Wenn es essbar ist, ist es hier drin<br \/>\nApp zur Lebensmittel\u00fcberwachung mit 18 Millionen Lebensmitteln weltweit<\/p>","protected":false},"featured_media":12060,"template":"","meta":{"_acf_changed":false,"wds_primary_product_brand":0,"wds_primary_product_cat":0,"_wordproof_timestamp":false},"product_brand":[],"product_cat":[115,78],"product_tag":[],"class_list":{"0":"post-12059","1":"product","2":"type-product","3":"status-publish","4":"has-post-thumbnail","6":"product_cat-app","7":"product_cat-digitaltwin","9":"first","10":"instock","11":"shipping-taxable","12":"purchasable","13":"product-type-simple"},"acf":[],"_links":{"self":[{"href":"https:\/\/kliniksanktmoritz.ch\/de\/wp-json\/wp\/v2\/product\/12059","targetHints":{"allow":["GET"]}}],"collection":[{"href":"https:\/\/kliniksanktmoritz.ch\/de\/wp-json\/wp\/v2\/product"}],"about":[{"href":"https:\/\/kliniksanktmoritz.ch\/de\/wp-json\/wp\/v2\/types\/product"}],"wp:featuredmedia":[{"embeddable":true,"href":"https:\/\/kliniksanktmoritz.ch\/de\/wp-json\/wp\/v2\/media\/12060"}],"wp:attachment":[{"href":"https:\/\/kliniksanktmoritz.ch\/de\/wp-json\/wp\/v2\/media?parent=12059"}],"wp:term":[{"taxonomy":"product_brand","embeddable":true,"href":"https:\/\/kliniksanktmoritz.ch\/de\/wp-json\/wp\/v2\/product_brand?post=12059"},{"taxonomy":"product_cat","embeddable":true,"href":"https:\/\/kliniksanktmoritz.ch\/de\/wp-json\/wp\/v2\/product_cat?post=12059"},{"taxonomy":"product_tag","embeddable":true,"href":"https:\/\/kliniksanktmoritz.ch\/de\/wp-json\/wp\/v2\/product_tag?post=12059"}],"curies":[{"name":"wp","href":"https:\/\/api.w.org\/{rel}","templated":true}]}}