{"id":12066,"date":"2024-08-28T09:49:57","date_gmt":"2024-08-28T08:49:57","guid":{"rendered":"https:\/\/kliniksanktmoritz.ch\/?post_type=product&#038;p=12066"},"modified":"2024-08-28T09:49:58","modified_gmt":"2024-08-28T08:49:58","slug":"foodmarble","status":"publish","type":"product","link":"https:\/\/kliniksanktmoritz.ch\/de\/produkt\/foodmarmor\/","title":{"rendered":"Lebensmittelmarmor"},"content":{"rendered":"","protected":false},"excerpt":{"rendered":"<p>Schluss mit dem R\u00e4tselraten beim Essen!<br \/>\nDie n\u00e4chste \u00c4ra der Verdauungsatemtests auf der Grundlage einer validierten klinischen Technologie.<\/p>\n<p>h\u00e4ufig erleben<br \/>\nSt\u00f6rung der Verdauung.<br \/>\nLebensmittel sind oft ein Faktor, aber wie kann man<br \/>\nwissen, welche Lebensmittel Ihnen gut tun?<\/p>\n<p>Wie es funktioniert<br \/>\nRevolution der Darmgesundheit<br \/>\nDie neuesten und fortschrittlichsten Verdauungs-Atemtestger\u00e4te f\u00fcr Menschen mit SIBO, IBS und bestimmten Verdauungsproblemen. \u00dcberwachen Sie Ihre Mahlzeiten, Stress, Schlaf und Symptome und testen Sie Ihr Fermentationsniveau mit personalisierten Echtzeit-Ergebnissen.<\/p>\n<p>SIBO Tracking Nahrungsmittelunvertr\u00e4glichkeiten<br \/>\neinstiegsleitfaden<br \/>\nValidiert<\/p>\n<p>Basierend auf validierter klinischer Technologie, wie sie im Gesundheitswesen und in der Forschung eingesetzt wird<br \/>\nFinde-deine-Lebensmittel<br \/>\nPersonalisierte<\/p>\n<p>Ihre Verdauung ist einzigartig. Wir helfen Ihnen, die richtigen Lebensmittel f\u00fcr Sie zu finden<br \/>\nAtemtester<br \/>\nBequem<\/p>\n<p>Messen Sie von zu Hause aus, wie gut Sie verschiedene Lebensmittel verdauen. Sie haben jetzt die Kontrolle<\/p>","protected":false},"featured_media":12068,"template":"","meta":{"_acf_changed":false,"wds_primary_product_brand":0,"wds_primary_product_cat":0,"_wordproof_timestamp":false},"product_brand":[],"product_cat":[113,78],"product_tag":[],"class_list":{"0":"post-12066","1":"product","2":"type-product","3":"status-publish","4":"has-post-thumbnail","6":"product_cat-device","7":"product_cat-digitaltwin","9":"first","10":"instock","11":"shipping-taxable","12":"purchasable","13":"product-type-simple"},"acf":[],"_links":{"self":[{"href":"https:\/\/kliniksanktmoritz.ch\/de\/wp-json\/wp\/v2\/product\/12066","targetHints":{"allow":["GET"]}}],"collection":[{"href":"https:\/\/kliniksanktmoritz.ch\/de\/wp-json\/wp\/v2\/product"}],"about":[{"href":"https:\/\/kliniksanktmoritz.ch\/de\/wp-json\/wp\/v2\/types\/product"}],"wp:featuredmedia":[{"embeddable":true,"href":"https:\/\/kliniksanktmoritz.ch\/de\/wp-json\/wp\/v2\/media\/12068"}],"wp:attachment":[{"href":"https:\/\/kliniksanktmoritz.ch\/de\/wp-json\/wp\/v2\/media?parent=12066"}],"wp:term":[{"taxonomy":"product_brand","embeddable":true,"href":"https:\/\/kliniksanktmoritz.ch\/de\/wp-json\/wp\/v2\/product_brand?post=12066"},{"taxonomy":"product_cat","embeddable":true,"href":"https:\/\/kliniksanktmoritz.ch\/de\/wp-json\/wp\/v2\/product_cat?post=12066"},{"taxonomy":"product_tag","embeddable":true,"href":"https:\/\/kliniksanktmoritz.ch\/de\/wp-json\/wp\/v2\/product_tag?post=12066"}],"curies":[{"name":"wp","href":"https:\/\/api.w.org\/{rel}","templated":true}]}}