{"id":12071,"date":"2024-08-28T09:52:07","date_gmt":"2024-08-28T08:52:07","guid":{"rendered":"https:\/\/kliniksanktmoritz.ch\/?post_type=product&#038;p=12071"},"modified":"2024-08-28T09:52:09","modified_gmt":"2024-08-28T08:52:09","slug":"hydratespark","status":"publish","type":"product","link":"https:\/\/kliniksanktmoritz.ch\/de\/produkt\/hydratespark\/","title":{"rendered":"Hydratespark"},"content":{"rendered":"","protected":false},"excerpt":{"rendered":"<p>Jeden Tag ausreichend Wasser zu trinken und zu wissen, wie viel man trinken soll, ist schwierig. HidrateSpark macht es einfach mit einem personalisierten Ziel, automatischer Verfolgung und anpassbaren Trinkerinnerungen.<\/p>\n<p>In der Schachtel:<\/p>\n<p>HidrateSpark PRO Flasche &amp; Deckel<br \/>\nSipSense betriebener Sensor-Puck<br \/>\nSchnellladekabel<br \/>\nSchnellstart-Anleitung<br \/>\nAbmessungen: Zoll<\/p>\n<p>17 oz - 2,76\" x 9,06\" (passt in die meisten Becherhalter)<br \/>\n20 oz - 2,76\" x 8,25\" (passt in die meisten Becherhalter)<br \/>\n21 oz - 2,76\" x 10,63\" (passt in die meisten Becherhalter)<br \/>\n24 oz - 2,76\u2033 x 10,92\u2033 (passt in die meisten Becherhalter)<br \/>\n32 Unzen - 3,82\u2033 x 11,3\u2033<br \/>\nGewicht: Pfund<\/p>\n<p>17 oz - 0.95 lbs.<br \/>\n20 oz - 0.96 lbs.<br \/>\n21 oz - 1.06 lbs.<br \/>\n24 oz - 0,6 lbs.<br \/>\n32 oz - 1.63 lbs.<br \/>\nMaterial:<\/p>\n<p>17 oz - Isolierter Edelstahl<br \/>\n20 oz - Isolierter Edelstahl<br \/>\n21 oz - Isolierter Edelstahl<br \/>\n24 Unzen - Tritan-Kunststoff<br \/>\n32 oz - Isolierter Edelstahl<br \/>\nHandb\u00fccher<\/p>\n<p>Merkmale:<\/p>\n<p>Leuchtsignale erinnern dich daran, den ganzen Tag \u00fcber zu trinken. Passen Sie Ihre Glows in der HidrateSpark App an.<br \/>\nDie SipSense-Technologie verfolgt jeden Schluck, den Sie trinken.<br \/>\n\u00dcber Bluetooth werden die Schlucke mit der kostenlosen HidrateSpark App synchronisiert, um Ihren Fortschritt zu verfolgen.<br \/>\nDie HidrateSpark App kann kostenlos f\u00fcr iOS und Android heruntergeladen werden.<br \/>\nDie App errechnet ein pers\u00f6nliches Fl\u00fcssigkeitsziel.<br \/>\nVakuumisolierter Edelstahl h\u00e4lt Getr\u00e4nke 24 Stunden lang kalt. Becher mit Druckdeckel k\u00f6nnen Getr\u00e4nke auch 4 Stunden lang hei\u00df halten.<br \/>\nWiederaufladbare Batterie mit einer Lebensdauer von 10-14 Tagen.<br \/>\nKann mit Apple Health, Fitbit, Google Fit und Withings Health Mate integriert werden.<br \/>\nBPA-frei.<br \/>\nPflege:<\/p>\n<p>Der Sensor-Puck muss VOR der Reinigung des Flaschenk\u00f6rpers entfernt werden und darf nur mit einem feuchten Tuch abgewischt werden.<br \/>\nTauchen Sie den Sensor-Puck NICHT in Wasser ein und geben Sie ihn nicht in die Sp\u00fclmaschine.<br \/>\nDeckel und Tritan-Kunststoffk\u00f6rper sind sp\u00fclmaschinengeeignet.<br \/>\nAlle Flaschenk\u00f6rper aus rostfreiem Stahl sind nur mit der Hand zu waschen.<br \/>\nDer 20-oz-Becher ist das einzige Produkt, das f\u00fcr hei\u00dfe Fl\u00fcssigkeiten geeignet ist. Verwenden Sie KEINE hei\u00dfen Fl\u00fcssigkeiten in anderen Gr\u00f6\u00dfen, da deren Strohhalm- und Becherdeckel nicht daf\u00fcr ausgelegt sind, dem durch den hei\u00dfen Inhalt erzeugten Innendruck standzuhalten, was zum Auslaufen hei\u00dfer Fl\u00fcssigkeiten f\u00fchren kann, die Verletzungen verursachen k\u00f6nnen.<\/p>","protected":false},"featured_media":12073,"template":"","meta":{"_acf_changed":false,"wds_primary_product_brand":0,"wds_primary_product_cat":0,"_wordproof_timestamp":false},"product_brand":[],"product_cat":[113,78],"product_tag":[],"class_list":{"0":"post-12071","1":"product","2":"type-product","3":"status-publish","4":"has-post-thumbnail","6":"product_cat-device","7":"product_cat-digitaltwin","9":"first","10":"instock","11":"shipping-taxable","12":"purchasable","13":"product-type-simple"},"acf":[],"_links":{"self":[{"href":"https:\/\/kliniksanktmoritz.ch\/de\/wp-json\/wp\/v2\/product\/12071","targetHints":{"allow":["GET"]}}],"collection":[{"href":"https:\/\/kliniksanktmoritz.ch\/de\/wp-json\/wp\/v2\/product"}],"about":[{"href":"https:\/\/kliniksanktmoritz.ch\/de\/wp-json\/wp\/v2\/types\/product"}],"wp:featuredmedia":[{"embeddable":true,"href":"https:\/\/kliniksanktmoritz.ch\/de\/wp-json\/wp\/v2\/media\/12073"}],"wp:attachment":[{"href":"https:\/\/kliniksanktmoritz.ch\/de\/wp-json\/wp\/v2\/media?parent=12071"}],"wp:term":[{"taxonomy":"product_brand","embeddable":true,"href":"https:\/\/kliniksanktmoritz.ch\/de\/wp-json\/wp\/v2\/product_brand?post=12071"},{"taxonomy":"product_cat","embeddable":true,"href":"https:\/\/kliniksanktmoritz.ch\/de\/wp-json\/wp\/v2\/product_cat?post=12071"},{"taxonomy":"product_tag","embeddable":true,"href":"https:\/\/kliniksanktmoritz.ch\/de\/wp-json\/wp\/v2\/product_tag?post=12071"}],"curies":[{"name":"wp","href":"https:\/\/api.w.org\/{rel}","templated":true}]}}