{"id":12078,"date":"2024-08-28T09:55:08","date_gmt":"2024-08-28T08:55:08","guid":{"rendered":"https:\/\/kliniksanktmoritz.ch\/?post_type=product&#038;p=12078"},"modified":"2024-10-03T17:24:05","modified_gmt":"2024-10-03T16:24:05","slug":"supersapiens","status":"publish","type":"product","link":"https:\/\/kliniksanktmoritz.ch\/de\/produkt\/supersapiens\/","title":{"rendered":"Supersapiens"},"content":{"rendered":"","protected":false},"excerpt":{"rendered":"<p>Der 3-Monats-Plan von Supersapiens bietet das ultimative Leistungs-Tracking-Erlebnis, indem er modernste Biosensoren mit einer nahtlosen App und einem Desktop-Portal f\u00fcr vollst\u00e4ndige Glukose-Transparenz kombiniert. Mit sechs Biosensoren und Leistungspflastern, die alle drei Monate geliefert werden, k\u00f6nnen die Nutzer Glukosedaten in Echtzeit und t\u00e4gliche Einblicke genie\u00dfen - perfekt f\u00fcr Sportler, die ihre Energieversorgung und Erholung verfolgen m\u00fcssen.<\/p>\n<p>Zu den wichtigsten Funktionen geh\u00f6ren die minutengenaue Verfolgung des Blutzuckerspiegels, personalisierte Push-Benachrichtigungen und die M\u00f6glichkeit, langfristige Trends auf dem Desktop zu analysieren. Das wasserdichte Energy Band sorgt daf\u00fcr, dass kein Telefon ben\u00f6tigt wird, und bietet eine leistungsstarke und m\u00fchelose M\u00f6glichkeit zur \u00dcberwachung des Energieniveaus.<\/p>\n<p>Maximieren Sie Ihr Potenzial mit Supersapiens - wo Wissenschaft auf Leistung trifft.<\/p>\n<p>&#8212;<\/p>\n<p>**Bereit, die Kontrolle \u00fcber Ihre Energie zu \u00fcbernehmen?**<\/p>\n<p>&nbsp;<\/p>\n<p>ABRECHNUNG ALLE 3 MONATE<\/p>\n<p>MEISTBESUCHT<br \/>\n3-Monats-Plan<\/p>\n<p>6 Biosensoren*<\/p>\n<p>6 Leistungspatches<\/p>\n<p>Supersapiens App<\/p>\n<p>Versandkostenfrei + inklusive Mehrwertsteuer<\/p>\n<p>Versandt alle 3 Monate<\/p>\n<p>Jederzeit abbrechen<\/p>\n<p>LIVE TRACE<br \/>\nMinutengenaue Blutzuckermessung und Trendpfeil. Interpretieren Sie sofort die Auswirkungen von Essen, Stimmung und Bewegung.<\/p>\n<p>T\u00c4GLICHE INSIGHTS<br \/>\nVerfolgen Sie den t\u00e4glichen Fortschritt durch Zusammenfassungen und \u00dcbersichten der wichtigsten Ereignisse direkt in der App.<\/p>\n<p>GLUCOSE SCORE<br \/>\nEine Hero-Metrik f\u00fcr jedes Training, um Ihre Leistungszufuhr zu analysieren.<\/p>\n<p>Mehr erfahren<\/p>\n<p>PUSH-BENACHRICHTIGUNGEN<br \/>\nEchtzeit-Warnungen, wenn Sie den Erholungsbereich verlassen, machen die Glukosestabilit\u00e4t einfach.<\/p>\n<p>Mehr erfahren<\/p>\n<p>DESKTOP PORTAL<br \/>\nZoomen Sie \u00fcber Wochen und Monate hinweg. Analysieren Sie langfristige Trends. Exportieren, teilen und zusammenarbeiten - alles vom Desktop aus.<\/p>\n<p>ENERGIEBAND<br \/>\nKein Telefon erforderlich! Das Energy Band wird \u00fcber Bluetooth direkt vom Biosensor mit Ihrem Handgelenk synchronisiert.<\/p>\n<p>Mehr erfahren<\/p>\n<p>VOLLST\u00c4NDIGE SICHTBARKEIT<\/p>\n<p>Ein Blick in die App<br \/>\n\"Ich benutze die App seit \u00fcber zwei Monaten und bin immer noch erstaunt, wie einfach und intuitiv sie ist.\" - App Store Bewertung<\/p>\n<p>\"F\u00fcr mich ist Supersapiens das Wichtigste, was ich je getan habe, um mein Radfahren, meine Gesundheit und meine Fitness zu verbessern.\" - App Store Bewertung<\/p>\n<p>LIVE TRACE<\/p>\n<p>MINUTE F\u00dcR MINUTE<br \/>\nLIVE TRACE<\/p>\n<p>AUS\u00dcBUNG<br \/>\nZUSAMMENFASSUNG<\/p>\n<p>RUSH<br \/>\nNOTIFIZIERUNG<\/p>\n<p>ERN\u00c4HRUNGSVERANSTALTUNG<\/p>\n<p>RECOVER<br \/>\nZUSAMMENFASSUNG<\/p>\n<p>RECOVERY<br \/>\nMETRICS<\/p>\n<p>T\u00c4GLICHES EREIGNIS<br \/>\nLOG<\/p>\n<p>ERN\u00c4HRUNG<br \/>\nEVENT<br \/>\nABBOTT LIBRE SENSE<\/p>\n<p>Glukose Sport<br \/>\nBiosensor<\/p>\n<p>Kontinuierliches Tragen f\u00fcr bis zu 14 Tage<\/p>\n<p>Kann beim Schwimmen getragen werden<\/p>\n<p>Streaming von Glukosedaten \u00fcber Bluetooth<\/p>\n<p>Glukose-Daten im Minutentakt<\/p>\n<p>\u00c4u\u00dferst genaue und stabile Daten<\/p>\n<p>Nadelfreier Sensor, schmerzfreie Anwendung<\/p>\n<p>\u200d<br \/>\nGEMEINSAM BESSER<\/p>\n<p>Integrationen mit Ihren Lieblingsanwendungen<br \/>\nF\u00fcgen Sie nahtlos Glukosedaten zu Ihren bestehenden Apps und Ger\u00e4ten hinzu. Importieren Sie Daten wie Herzfrequenz, Leistung und Tempo in das Supersapiens Dashboard.<\/p>\n<p>MEHR LERNEN<br \/>\n\u200d<br \/>\n\u200d<\/p>\n<p>GARMIN-GER\u00c4TE<\/p>\n<p>WAHOO<br \/>\nGER\u00c4TE<\/p>\n<p>TRAININGPEAKS<\/p>\n<p>APPLE GESUNDHEIT<\/p>\n<p>\u200d<br \/>\nKEIN TELEFON ERFORDERLICH<\/p>\n<p>Treffen Sie die Energy Band<br \/>\nEinfach. Elegant. Leistungsstark. Verbindet sich \u00fcber Bluetooth direkt mit dem Abbott Libre Glucose Sport Biosensor. Wasserdicht und bruchsicher.<\/p>\n<p>MEHR LERNEN<\/p>\n<p>M\u00f6chten Sie mehr erfahren?<br \/>\nLaden Sie unseren Glukose-Leitfaden herunter.<br \/>\nDOWNLOAD-LEITFADEN<\/p>\n<p>BESSERE LEISTUNG<\/p>\n<p>Maximieren Sie Ihre Energie. Erreichen Sie Ihre Ziele schneller und st\u00e4rker.<\/p>\n<p>LERNEN<\/p>\n<p>Glukose (gemeinhin als Blutzucker bezeichnet) ist die Hauptenergiequelle des K\u00f6rpers f\u00fcr hochintensive Aktivit\u00e4ten.<\/p>\n<p>MONITOR<\/p>\n<p>Kohlenhydrate werden in Glukose aufgespalten, die durch den Blutkreislauf transportiert und sofort als Energie verwendet oder in den Muskeln und der Leber (manchmal als Fett) gespeichert wird.<\/p>\n<p>KONTROLLE<\/p>\n<p>Glukosesichtbarkeit bedeutet, dass der Blutzuckerspiegel zum richtigen Zeitpunkt effektiv angehoben wird, um dem K\u00f6rper die maximale Energie zu liefern, wenn er sie braucht.<\/p>","protected":false},"featured_media":12081,"template":"","meta":{"_acf_changed":false,"wds_primary_product_brand":0,"wds_primary_product_cat":0,"_wordproof_timestamp":false},"product_brand":[],"product_cat":[113,78],"product_tag":[],"class_list":{"0":"post-12078","1":"product","2":"type-product","3":"status-publish","4":"has-post-thumbnail","6":"product_cat-device","7":"product_cat-digitaltwin","9":"first","10":"instock","11":"shipping-taxable","12":"purchasable","13":"product-type-simple"},"acf":[],"_links":{"self":[{"href":"https:\/\/kliniksanktmoritz.ch\/de\/wp-json\/wp\/v2\/product\/12078","targetHints":{"allow":["GET"]}}],"collection":[{"href":"https:\/\/kliniksanktmoritz.ch\/de\/wp-json\/wp\/v2\/product"}],"about":[{"href":"https:\/\/kliniksanktmoritz.ch\/de\/wp-json\/wp\/v2\/types\/product"}],"wp:featuredmedia":[{"embeddable":true,"href":"https:\/\/kliniksanktmoritz.ch\/de\/wp-json\/wp\/v2\/media\/12081"}],"wp:attachment":[{"href":"https:\/\/kliniksanktmoritz.ch\/de\/wp-json\/wp\/v2\/media?parent=12078"}],"wp:term":[{"taxonomy":"product_brand","embeddable":true,"href":"https:\/\/kliniksanktmoritz.ch\/de\/wp-json\/wp\/v2\/product_brand?post=12078"},{"taxonomy":"product_cat","embeddable":true,"href":"https:\/\/kliniksanktmoritz.ch\/de\/wp-json\/wp\/v2\/product_cat?post=12078"},{"taxonomy":"product_tag","embeddable":true,"href":"https:\/\/kliniksanktmoritz.ch\/de\/wp-json\/wp\/v2\/product_tag?post=12078"}],"curies":[{"name":"wp","href":"https:\/\/api.w.org\/{rel}","templated":true}]}}