{"id":12097,"date":"2024-08-28T10:00:12","date_gmt":"2024-08-28T09:00:12","guid":{"rendered":"https:\/\/kliniksanktmoritz.ch\/?post_type=product&#038;p=12097"},"modified":"2024-08-28T10:00:13","modified_gmt":"2024-08-28T09:00:13","slug":"aktiia","status":"publish","type":"product","link":"https:\/\/kliniksanktmoritz.ch\/de\/produkt\/aktiia\/","title":{"rendered":"Aktiia"},"content":{"rendered":"","protected":false},"excerpt":{"rendered":"<p>\u00dcberwachung des Blutdrucks<br \/>\nAktiia misst automatisch Ihren Blutdruck, w\u00e4hrend Sie Ihrem t\u00e4glichen Leben nachgehen, ohne Unterbrechung.<\/p>\n<p>Vertrauen der Nutzer<\/p>\n<p>Klinisch validiert<\/p>\n<p>Medizinisches Ger\u00e4t<\/p>\n<p>M\u00fchelose \u00dcberwachung<br \/>\nAktiia ist ein schlankes Hightech-Blutdruckmessger\u00e4t, das sich nahtlos in einen gesch\u00e4ftigen Lebensstil einf\u00fcgt und m\u00fchelos zuverl\u00e4ssige Gesundheitsdaten liefert.<\/p>\n<p>Ergebnisse teilen<br \/>\nDie kontinuierliche \u00dcberwachung liefert ein umfassendes Bild Ihres Blutdrucks w\u00e4hrend des Tages und der Nacht. Teilen Sie es mit Ihrem Arzt und Ihren Angeh\u00f6rigen.<\/p>\n<p>Fundierte Entscheidungen treffen<br \/>\nBei Aktiia geht es nicht nur um \u00dcberwachung, sondern um Verbesserung. Optimieren Sie Ihren Lebensstil f\u00fcr eine bessere Gesundheit.<\/p>\n<p>Erkenntnisse \u00fcber die Gesundheit<br \/>\n\"Die entscheidende klinische Studie von Aktiia hat gezeigt, dass ihre L\u00f6sung die ISO-Genauigkeitsstandards f\u00fcr systolische und diastolische Messungen erf\u00fcllt.\"<br \/>\n\"Ein wichtiger Durchbruch f\u00fcr Menschen, die unter Blutdruckproblemen leiden\".<br \/>\n\"Zeichnet automatisch Blutdruckwerte \u00fcber 24 Stunden auf, auch wenn jemand schl\u00e4ft.\"<br \/>\n\"Das einzige Produkt, das zu jeder Zeit automatisch Messwerte erfasst.\"<br \/>\n\"Es ist wirklich einfach zu bedienen. Das Armband misst die Werte, wenn man sich ausruht.\"<br \/>\n\"Die entscheidende klinische Studie von Aktiia hat gezeigt, dass ihre L\u00f6sung die ISO-Genauigkeitsstandards f\u00fcr systolische und diastolische Messungen erf\u00fcllt.\"<br \/>\n\"Ein wichtiger Durchbruch f\u00fcr Menschen, die unter Blutdruckproblemen leiden\".<br \/>\n1<br \/>\n2<br \/>\n3<br \/>\n4<br \/>\n5<\/p>\n<p>Genauigkeit durch klinische Studien best\u00e4tigt<br \/>\nAktiia hat eine der Blutdruckmanschette gleichwertige Genauigkeit, wie 6 klinische Studien belegen.<\/p>\n<p>Entdecken Sie die Wissenschaft hinter unserer Genauigkeit<\/p>\n<p>Systolischer Blutdruck<br \/>\nGenauigkeit<br \/>\n0,45 \u00b1 7,75 mmHg<\/p>\n<p>Diastolischer Blutdruck<br \/>\nGenauigkeit<br \/>\n0,38 \u00b1 6,86 mmHg<\/p>\n<p>Die Zukunft der Blutdruckmessung ist da<br \/>\nDas Vertrauen der Nutzer<br \/>\nVon Tausenden f\u00fcr die zuverl\u00e4ssige, benutzerfreundliche \u00dcberwachung gew\u00e4hlt.<\/p>","protected":false},"featured_media":12101,"template":"","meta":{"_acf_changed":false,"wds_primary_product_brand":0,"wds_primary_product_cat":0,"_wordproof_timestamp":false},"product_brand":[],"product_cat":[113,78],"product_tag":[],"class_list":{"0":"post-12097","1":"product","2":"type-product","3":"status-publish","4":"has-post-thumbnail","6":"product_cat-device","7":"product_cat-digitaltwin","9":"first","10":"instock","11":"shipping-taxable","12":"purchasable","13":"product-type-simple"},"acf":[],"_links":{"self":[{"href":"https:\/\/kliniksanktmoritz.ch\/de\/wp-json\/wp\/v2\/product\/12097","targetHints":{"allow":["GET"]}}],"collection":[{"href":"https:\/\/kliniksanktmoritz.ch\/de\/wp-json\/wp\/v2\/product"}],"about":[{"href":"https:\/\/kliniksanktmoritz.ch\/de\/wp-json\/wp\/v2\/types\/product"}],"wp:featuredmedia":[{"embeddable":true,"href":"https:\/\/kliniksanktmoritz.ch\/de\/wp-json\/wp\/v2\/media\/12101"}],"wp:attachment":[{"href":"https:\/\/kliniksanktmoritz.ch\/de\/wp-json\/wp\/v2\/media?parent=12097"}],"wp:term":[{"taxonomy":"product_brand","embeddable":true,"href":"https:\/\/kliniksanktmoritz.ch\/de\/wp-json\/wp\/v2\/product_brand?post=12097"},{"taxonomy":"product_cat","embeddable":true,"href":"https:\/\/kliniksanktmoritz.ch\/de\/wp-json\/wp\/v2\/product_cat?post=12097"},{"taxonomy":"product_tag","embeddable":true,"href":"https:\/\/kliniksanktmoritz.ch\/de\/wp-json\/wp\/v2\/product_tag?post=12097"}],"curies":[{"name":"wp","href":"https:\/\/api.w.org\/{rel}","templated":true}]}}