{"id":12102,"date":"2024-08-28T10:04:31","date_gmt":"2024-08-28T09:04:31","guid":{"rendered":"https:\/\/kliniksanktmoritz.ch\/?post_type=product&#038;p=12102"},"modified":"2024-08-28T10:04:34","modified_gmt":"2024-08-28T09:04:34","slug":"hexoskin","status":"publish","type":"product","link":"https:\/\/kliniksanktmoritz.ch\/de\/produkt\/hexoskin\/","title":{"rendered":"HEXOSKIN"},"content":{"rendered":"","protected":false},"excerpt":{"rendered":"<p>DIE FORTSCHRITTLICHSTE INTELLIGENTE KLEIDUNG IST DA!<br \/>\nDie Hexoskin Smart Garments enthalten in bequeme Kleidungsst\u00fccke eingebettete Textilsensoren zur pr\u00e4zisen und kontinuierlichen \u00dcberwachung von Herz, Atmung und Aktivit\u00e4t.<\/p>\n<p>Hexoskin-Nutzer k\u00f6nnen ihre Daten mit der f\u00fchrenden Hexoskin Connected Health Platform visualisieren, auswerten und analysieren. Die intelligenten Kleidungsst\u00fccke von Hexoskin wurden in \u00fcber 200 wissenschaftlichen Publikationen verwendet, mehr als alle anderen intelligenten Kleidungsst\u00fccke der Konkurrenz zusammen. Bestellen Sie noch heute! <\/p>\n<p>Hexoskin Produktspezifikationen. Monitore, Funktionen, biometrisches Hemd und Daten &amp; Technik<br \/>\nWAS DER HEXOSKIN SMART CLOTHING MONITOR<br \/>\nKontinuierliche Daten zu Herz, Lunge, Aktivit\u00e4t und Schlaf.<br \/>\nKontinuierlicher 1-Kanal-Elektrokardiograph zur Aufzeichnung: EKG &amp; Herzfrequenz, Herzfrequenzvariabilit\u00e4t (HRV) f\u00fcr Stress\u00fcberwachung, Anstrengungs-, Belastungs- und Erm\u00fcdungsbewertungen), QRS-Ereignisse, Herzfrequenzzonen, maximale Herzfrequenz, Ruheherzfrequenz und Herzfrequenzerholung<br \/>\nKontinuierliche Atmungsbeatmung mit Brust- und Bauchatmungsinduktionsplethysmographie (RIP)-Sensoren, die Berichte liefern: Atemfrequenz (RPM), Minutenventilation (L\/min) &amp; VO2max<br \/>\nAktivit\u00e4tsintensit\u00e4t, Spitzenbeschleunigung, Schritte, Trittfrequenz, Positionen und Schlaf mit einem 3-Achsen-Beschleunigungsmesser<br \/>\nSiehe wichtige Gesundheitsmetriken, die mit Hexoskin berichtet wurden<br \/>\nHEXOSKIN SMART GARMENTS<br \/>\nNicht-invasive und bequeme intelligente Kleidung f\u00fcr M\u00e4nner, Frauen und Kinder<br \/>\nMaschinenwaschbarer, leistungsstarker italienischer Stoff, der widerstandsf\u00e4hig ist.<br \/>\nSchnell trocknend, atmungsaktiv, leicht, geruchshemmend, chlorbest\u00e4ndig, UV-Schutz.<br \/>\nTECHNOLOGIEMERKMALE<br \/>\nBis zu 36+ Stunden Akkulaufzeit<br \/>\nBis zu 100+ Tage Aufzeichnung<br \/>\nBluetooth-Verbindung mit iPhone, iPad und Android-Ger\u00e4ten<br \/>\nKlinisch validiert durch unabh\u00e4ngige Forschungslabors<br \/>\nEntworfen und montiert in Kanada<br \/>\nHEXOSKIN PLATTFORM F\u00dcR VERNETZTE GESUNDHEIT<br \/>\nApps und Online-Dashboards zur Visualisierung, Verwaltung und Interpretation der Hexoskin-Daten<br \/>\nMit der Hexoskin OneAPI k\u00f6nnen Sie Rohdaten herunterladen und Ihre eigene Analysesoftware f\u00fcr die Gesundheits\u00fcberwachung verwenden.<br \/>\nAnaloge 256Hz-EKG-Daten<br \/>\nAnaloge Zweikanal-Atemsensoren mit 128 Hz<br \/>\nAnaloge 3D-Beschleunigung mit 64 Hz<br \/>\nHexoskin SDK-Lizenz f\u00fcr Android verf\u00fcgbar<br \/>\nWAS HEXOSKIN MISST<br \/>\nHexoskin gibt Ihnen Einblicke in Ihren Gesundheitszustand, Ihren Schlaf und Ihre pers\u00f6nlichen t\u00e4glichen Aktivit\u00e4ten. Die Hexoskin Smart Shirts und die Connected Health Plattform werden auch in der Herz-, Atemwegs-, Aktivit\u00e4ts-, Stress-, Kognitions- und Schlafforschung und -projekten eingesetzt. Weitere Informationen finden Sie auf unseren Seiten News und Gesundheitsforschung.<\/p>\n<p>HERZFREQUENZ<br \/>\n\u00dcberwachen Sie Ihre Herzschl\u00e4ge und zeigen Sie Ihr EKG in Echtzeit mit hoher Pr\u00e4zision an.<\/p>\n<p>HERZFREQUENZVARIABILIT\u00c4T<br \/>\nDie HRV ist ein wichtiges Instrument zur Messung von Stress, Belastung und Trainingserm\u00fcdung, um \u00dcbertraining oder Verletzungen zu vermeiden.<\/p>\n<p>ATMUNGSRATE<br \/>\nLernen Sie, Ihre Atmung zu kontrollieren, Ihre Leistung zu steigern und Stress abzubauen.<\/p>\n<p>ATEMZUGVOLUMEN<br \/>\nLernen Sie, wie Ihre Lungenventilation bei jeder Ihrer Aktivit\u00e4ten aussieht. Verstehen Sie, wie Ihre Atmung mit Ihren Schlafzyklen zusammenh\u00e4ngt.<\/p>\n<p>AKTIVIT\u00c4T<br \/>\n(SCHRITTE, TRITTFREQUENZ &amp; KALORIEN)<br \/>\nIhre Intensit\u00e4t, Schritte und Geschwindigkeit werden auf Ihrem Dashboard aufgezeichnet und in Echtzeit auf Ihrem Ger\u00e4t angezeigt.<\/p>\n<p>SCHLAFEN<br \/>\nHexoskin ist ein fortschrittliches und validiertes Schlaf\u00fcberwachungsger\u00e4t: Es misst Ihre Ruheherzfrequenz, Ihre Atmung und Ihre Schlafpositionen.<\/p>\n<p>CONNECTED HEALTH &amp; SOFTWARE-L\u00d6SUNGEN<br \/>\nUm die Leistungsf\u00e4higkeit der Hexoskin Connected Health Platform voll auszusch\u00f6pfen, laden Sie die iOS- und Android-Apps herunter, um Ihre Gesundheit in Echtzeit zu verfolgen, Ihren Gesundheitsstatus zu verfolgen und Schlafbewertungsberichte zu erstellen. Verwalten Sie mehrere Benutzer und greifen Sie auf Rohdaten und verarbeitete Daten auf dem Hexoskin Online-Dashboard zu.<\/p>\n<p>GESUNDHEIT &amp; LEISTUNG<br \/>\nVerfolgen Sie Ihren Gesundheitszustand, messen Sie Ihre Gesundheit, Leistung und Ihren Schlaf in Echtzeit und verfolgen Sie Ihre Fortschritte. Die Hexoskin Smart Garments erm\u00f6glichen eine pr\u00e4zise EKG-Herz\u00fcberwachung mit kontinuierlicher Lungenfunktion und Aktivit\u00e4tsverfolgung. Entdecken Sie noch heute die Hexoskin Connected Health Platform!<\/p>\n<p>AKADEMISCHE\/KLINISCHE FORSCHUNG<br \/>\nHexoskin bietet eine vollst\u00e4ndige End-to-End-L\u00f6sung zur Erfassung von Real-World-Evidence. Hunderte von Forschern auf der ganzen Welt nutzen die Hexoskin Connected Health Platform f\u00fcr die Gesundheitsforschung und klinische Entwicklung in den Bereichen Kardiologie, Atemwegserkrankungen, Schlaf, Stress, psychische St\u00f6rungen, Neurologie und P\u00e4diatrie.<\/p>\n<p>ERSTHELFER &amp; VERTEIDIGUNG<br \/>\nHexoskin Smart Garments erm\u00f6glicht die kontinuierliche \u00dcberwachung des Schlafs und der Herzfrequenzvariabilit\u00e4t (HRV) von Einsatzkr\u00e4ften und Verteidigungspersonal, um L\u00e4ngsschnittstudien zur \u00dcberwachung der psychischen Gesundheit und des Stresses, der operationellen Stressverletzungen (OSI) und der posttraumatischen Belastungsst\u00f6rung (PTSD) durchzuf\u00fchren.<\/p>\n<p>MHEALTH INTELLIGENCE<br \/>\n\"Die Hexoskin-Wearable-Technologie wird es Forschern und Klinikern erm\u00f6glichen, Menschen zu untersuchen, die schwer an Myalgischer Enzephalomyelitis (ME\/CF) erkrankt sind ... was aufgrund ihrer begrenzten F\u00e4higkeit, an klinischen Studien teilzunehmen, nur selten m\u00f6glich ist.\"<\/p>\n<p>MEDCITY NEWS<br \/>\nHexoskin ist ein gro\u00dfartiges Produkt, das in der Lage ist, eine Reihe von biometrischen Daten genau zu erfassen. \"Hexoskin bietet ein tragbares Hemd f\u00fcr die h\u00e4usliche Rehabilitation. Das Produkt kann Herzfrequenz, Aktivit\u00e4t, Atemfrequenz und Schlaf messen\". <\/p>\n<p>MHEALTH INTELLIGENCE<br \/>\n\"Die Hexoskin-Wearable-Technologie wird es Forschern und Klinikern erm\u00f6glichen, Menschen zu untersuchen, die schwer an Myalgischer Enzephalomyelitis (ME\/CF) erkrankt sind ... was aufgrund ihrer begrenzten F\u00e4higkeit, an klinischen Studien teilzunehmen, nur selten m\u00f6glich ist.\"<\/p>\n<p>MEDCITY NEWS<br \/>\nHexoskin ist ein gro\u00dfartiges Produkt, das in der Lage ist, eine Reihe von biometrischen Daten genau zu erfassen. \"Hexoskin bietet ein tragbares Hemd f\u00fcr die h\u00e4usliche Rehabilitation. Das Produkt kann Herzfrequenz, Aktivit\u00e4t, Atemfrequenz und Schlaf messen\". <\/p>\n<p>MHEALTH INTELLIGENCE<br \/>\n\"Die Hexoskin-Wearable-Technologie wird es Forschern und Klinikern erm\u00f6glichen, Menschen zu untersuchen, die schwer an Myalgischer Enzephalomyelitis (ME\/CF) erkrankt sind ... was aufgrund ihrer begrenzten F\u00e4higkeit, an klinischen Studien teilzunehmen, nur selten m\u00f6glich ist.\"<\/p>\n<p>MEDCITY NEWS<br \/>\nHexoskin ist ein gro\u00dfartiges Produkt, das in der Lage ist, eine Reihe von biometrischen Daten genau zu erfassen. \"Hexoskin bietet ein tragbares Hemd f\u00fcr die h\u00e4usliche Rehabilitation. Das Produkt kann Herzfrequenz, Aktivit\u00e4t, Atemfrequenz und Schlaf messen\". <\/p>","protected":false},"featured_media":12106,"template":"","meta":{"_acf_changed":false,"wds_primary_product_brand":0,"wds_primary_product_cat":0,"_wordproof_timestamp":false},"product_brand":[],"product_cat":[113,78],"product_tag":[],"class_list":{"0":"post-12102","1":"product","2":"type-product","3":"status-publish","4":"has-post-thumbnail","6":"product_cat-device","7":"product_cat-digitaltwin","9":"first","10":"instock","11":"shipping-taxable","12":"purchasable","13":"product-type-simple"},"acf":[],"_links":{"self":[{"href":"https:\/\/kliniksanktmoritz.ch\/de\/wp-json\/wp\/v2\/product\/12102","targetHints":{"allow":["GET"]}}],"collection":[{"href":"https:\/\/kliniksanktmoritz.ch\/de\/wp-json\/wp\/v2\/product"}],"about":[{"href":"https:\/\/kliniksanktmoritz.ch\/de\/wp-json\/wp\/v2\/types\/product"}],"wp:featuredmedia":[{"embeddable":true,"href":"https:\/\/kliniksanktmoritz.ch\/de\/wp-json\/wp\/v2\/media\/12106"}],"wp:attachment":[{"href":"https:\/\/kliniksanktmoritz.ch\/de\/wp-json\/wp\/v2\/media?parent=12102"}],"wp:term":[{"taxonomy":"product_brand","embeddable":true,"href":"https:\/\/kliniksanktmoritz.ch\/de\/wp-json\/wp\/v2\/product_brand?post=12102"},{"taxonomy":"product_cat","embeddable":true,"href":"https:\/\/kliniksanktmoritz.ch\/de\/wp-json\/wp\/v2\/product_cat?post=12102"},{"taxonomy":"product_tag","embeddable":true,"href":"https:\/\/kliniksanktmoritz.ch\/de\/wp-json\/wp\/v2\/product_tag?post=12102"}],"curies":[{"name":"wp","href":"https:\/\/api.w.org\/{rel}","templated":true}]}}