{"id":12171,"date":"2024-08-31T16:55:21","date_gmt":"2024-08-31T15:55:21","guid":{"rendered":"https:\/\/kliniksanktmoritz.ch\/?post_type=product&#038;p=12171"},"modified":"2024-09-01T11:13:10","modified_gmt":"2024-09-01T10:13:10","slug":"sirtlife-500","status":"publish","type":"product","link":"https:\/\/kliniksanktmoritz.ch\/de\/produkt\/sirtlife-500\/","title":{"rendered":"Sirtlife 500"},"content":{"rendered":"","protected":false},"excerpt":{"rendered":"<p>12 Pakete mit monatlicher Lieferung<\/p>\n<p>Sirtlife 500<\/p>\n<p>F\u00fcr eine optimale Wirksamkeit des Produkts betr\u00e4gt die empfohlene Dosis 2 Tabletten von SIRT500 Plus pro Tag. Unsere Experten best\u00e4tigen, dass die ersten Ergebnisse nach 2-3 Monaten ab dem Beginn der Behandlung sichtbar sind.<\/p>\n<p>Abonnieren Sie SIRT500 Plus zu einem Sonderpreis<\/p>\n<p>Lesen Sie die Inhaltsstoffe<\/p>\n<p>Wichtig! Laufende Sonderangebote und Mengenrabatte sind nicht kumulierbar.<\/p>\n<p>Wie man es einnimmt:<\/p>\n<p>Nehmen Sie eine Sirt500-Tablette am Morgen und eine am Abend ein<\/p>\n<p>Unsere Experten empfehlen, die SIRTLIFE-Erg\u00e4nzungen vor den Hauptmahlzeiten einzunehmen und die Behandlung mindestens 2-3 Monate lang fortzusetzen.<\/p>\n<p>Um optimale Ergebnisse zu erzielen, sollte die Einnahme von SIRTLIFE-Erg\u00e4nzungsmitteln mit einer ausgewogenen Ern\u00e4hrung und regelm\u00e4\u00dfiger k\u00f6rperlicher Aktivit\u00e4t einhergehen. Nahrungserg\u00e4nzungsmittel sollten nicht als Ersatz f\u00fcr eine abwechslungsreiche und ausgewogene Ern\u00e4hrung und einen gesunden Lebensstil angesehen werden.<\/p>\n<p>WARNUNGEN: Die empfohlene Tagesdosis darf nicht \u00fcberschritten werden. Au\u00dferhalb der Reichweite von Kindern unter 3 Jahren aufbewahren.<\/p>\n<p>Die Nahrungserg\u00e4nzungsmittel von SIRTLIFE haben keine Gegenanzeigen, au\u00dfer bei Personen, die allergisch auf die Wirkstoffe des Produkts reagieren. In solchen F\u00e4llen oder bei chronischen Krankheiten wird empfohlen, vor Beginn der Behandlung einen Arzt zu konsultieren.<\/p>\n<p>Die SIRTLIFE-Produkte sind hochwertige Nahrungserg\u00e4nzungsmittel, die auf der Grundlage jahrelanger wissenschaftlicher Studien unseres Teams entwickelt wurden, das den Zusammenhang zwischen der Produktion von Sirtuinen im K\u00f6rper und dem korrekten Funktionieren von Stoffwechselprozessen gr\u00fcndlich analysiert hat.<\/p>\n<p>Ab dem Alter von 30-35 Jahren beginnt die nat\u00fcrliche Produktion von Sirtuinen im K\u00f6rper zu sinken. Deshalb empfehlen unsere Experten, die Behandlung in diesem Alter zu beginnen. Sirtuine sind eine Klasse von Proteinen, die eine wertvolle enzymatische T\u00e4tigkeit aus\u00fcben und wichtige Stoffwechselwege im K\u00f6rper regulieren.<\/p>\n<p>Die Sirtuine wirken systemisch im gesamten K\u00f6rper, regulieren metabolische und physiologische Prozesse und wirken auf den Mechanismus ein, der immer dann auftritt, wenn wir S\u00fc\u00dfigkeiten oder raffinierte Lebensmittel konsumieren: die Insulinresistenz.<\/p>\n<p>Neben der Verbesserung der Stoffwechselprozesse spielt die Produktion von Sirtuinen im K\u00f6rper eine wichtige Rolle bei der Vorbeugung von Krankheiten wie Hyperglyk\u00e4mie, Diabetes, Fettleibigkeit und dem metabolischen Syndrom.<\/p>\n<p>Was ist in SIRT500 Plus enthalten?<\/p>\n<p>SIRT500 Plus ist ein nat\u00fcrliches Nahrungserg\u00e4nzungsmittel auf der Basis von Mineralien, Polyphenolen und Sirtuin-Aktivatoren.<\/p>\n<p>Die Produkte von SIRT500 Plus enthalten nur nat\u00fcrliche, hochwertige Inhaltsstoffe, die mit l\u00f6sungsmittelfreien Verfahren extrahiert werden und in einer h\u00f6heren Konzentration als der Durchschnitt der auf dem Markt erh\u00e4ltlichen Nahrungserg\u00e4nzungsmittel vorliegen.<\/p>\n<p>DIE MINERALIEN<\/p>\n<p>In SIRT500 Plus sind verschiedene Mineralien enthalten, die die Sirtuine aktivieren und somit die Zellverj\u00fcngung stimulieren und das Immunsystem w\u00e4hrend des Alterns unterst\u00fctzen k\u00f6nnen:<\/p>\n<p>Zink<\/p>\n<p>Zink ist einer der Enzymkomplexe, die f\u00fcr das reibungslose Funktionieren von Hormonen, Insulin, Sexualhormonen und Wachstumshormonen erforderlich sind. Es ist ein grundlegendes Mineral f\u00fcr unseren K\u00f6rper.<\/p>\n<p>Selen<\/p>\n<p>Selen ist ein sehr wirksames Antioxidans. Es wirkt zellul\u00e4rem oxidativem Stress entgegen, hat eine pr\u00e4ventive Wirkung, wirkt sch\u00fctzend auf die Schilddr\u00fcse, um deren ordnungsgem\u00e4\u00dfe Funktion zu gew\u00e4hrleisten, und auf die Hautanhangsgebilde.<\/p>\n<p>Chrom<\/p>\n<p>Chrom reguliert den Insulinspiegel, ein grundlegendes Hormon in unserem K\u00f6rper, das die Kontrolle von Fetten und Glukose beeinflusst.<\/p>\n<p>DIE POLYPHENOLE<\/p>\n<p>Polyphenole sind Stoffe, die in Lebensmitteln enthalten sind, haupts\u00e4chlich in pflanzlichen Lebensmitteln. Sie sind vor allem in Obst, Gem\u00fcse, Rotwein, gr\u00fcnem Tee, Schokolade, Kaffee und Oliven\u00f6l enthalten.<\/p>\n<p>Die Polyphenole, die f\u00fcr ihre nachweislich entz\u00fcndungshemmende, antioxidative und aggregationshemmende Wirkung bekannt sind, stellen ein wichtiges Verteidigungselement f\u00fcr den Organismus dar: Es handelt sich um organische Molek\u00fcle pflanzlichen Ursprungs, die zur Erhaltung der Zellgesundheit, zur Bek\u00e4mpfung der Alterung und zur Regulierung der Aufnahme und Speicherung von Cholesterin im Blut beitragen.<\/p>\n<p>Die besten Polyphenole und Sirtuin-Aktivatoren, die in der Medizin bekannt sind und in dem exklusiven nat\u00fcrlichen Nahrungserg\u00e4nzungsmittel SIRT500 Plus enthalten sind, sind haupts\u00e4chlich vier:<\/p>\n<p>DAS ONOCHIOL<\/p>\n<p>Onochiol verf\u00fcgt nachweislich \u00fcber entz\u00fcndungshemmende und sch\u00fctzende Eigenschaften. Es \u00fcbt pr\u00e4ventive Aktivit\u00e4ten aus, insbesondere auf die Zellen unseres K\u00f6rpers. Es ist auch in der Lage, die Ansammlung von K\u00f6rperfett zu reduzieren.<\/p>\n<p>ELLAGISCHE S\u00c4URE<\/p>\n<p>Ellags\u00e4ure ist ein nat\u00fcrliches phenolisches Antioxidans. Sie hat antioxidative, antithrombotische und antiallergische Eigenschaften sowie vasoprotektive und gastroprotektive Wirkungen.<\/p>\n<p>POLYDATIN<\/p>\n<p>Polydatin geh\u00f6rt zur Klasse der Stilbene aus der Familie der Polyphenole. Es hat eine antioxidative, entz\u00fcndungshemmende, alterungshemmende und aggregationshemmende Wirkung.<\/p>\n<p>PTEROSTILBENE<\/p>\n<p>Pterostilben reduziert die Fettansammlung, hat sch\u00fctzende und entz\u00fcndungshemmende Eigenschaften und unterst\u00fctzt das Immunsystem durch vorbeugende Ma\u00dfnahmen.<\/p>\n<p>12 Konfektionen mit Schutzh\u00fcllen<\/p>\n<p>Sirtlife 500<\/p>\n<p>&nbsp;<\/p>\n<p>F\u00fcr eine optimale Wirksamkeit des Produkts wird eine Dosis von 2 Kompressen pro Tag mit SIRT500 Plus empfohlen. I nostri esperti confermano che i primi risultati sono visibili dopo 2-3 mesi dall'inizio del trattamento.<\/p>\n<p>&nbsp;<\/p>\n<p>Abbonati per ricevere SIRT500 Plus a un prezzo speciale<\/p>\n<p>Leggi gli ingredienti<\/p>\n<p>Das ist wichtig: Le promozioni in corso e gli sconti quantit\u00e0 non sono cumulabili.<\/p>\n<p>&nbsp;<\/p>\n<p>Modalit\u00e0 di assunzione:<\/p>\n<ul>\n<li>Assumere una pastiglia di Sirt500 la mattina e una la sera<\/li>\n<\/ul>\n<p>&nbsp;<\/p>\n<p>I nostri esperti consigliano di assumere gli integratori SIRTLIFE prima dei pasti principali e di ripetere il trattamento in maniera continuativa per almeno 2-3 mesi.<\/p>\n<p>Um ein optimales Ergebnis zu erzielen, muss die Einf\u00fchrung der SIRTLIFE-Integratoren von einer ausgewogenen Ern\u00e4hrung und einer regelm\u00e4\u00dfigen sportlichen Bet\u00e4tigung begleitet werden. Gli integratori vanno intesi come sostituti di un'alimentazione varia ed equilibrata e di un sano stile di vita.<\/p>\n<p>AVVERTENZE: Non superare la dose giornaliera consigliata. Tenere fuori dalla portata dei bambini al di sotto dei 3 anni di et\u00e0.<\/p>\n<p>Gli integratori SIRTLIFE non presentano controindicazioni, se non nei soggetti allergici ai principi attivi del prodotto. In diesem Fall oder bei Patienten mit chronischen Erkrankungen wird empfohlen, den eigenen Arzt zu konsultieren, bevor die Behandlung eingeleitet wird.<\/p>\n<p>&nbsp;<\/p>\n<p>Die SIRTLIFE-Produkte sind hochwertige Nahrungserg\u00e4nzungsmittel, die auf der Grundlage jahrelanger wissenschaftlicher Studien unseres Teams entwickelt wurden, das den Zusammenhang zwischen der Produktion von Sirtuine im Organismus und der korrekten Verwertung der Stoffwechselprozesse eingehend untersucht hat.<\/p>\n<p>&nbsp;<\/p>\n<p>Ab dem 30. bis 35. Lebensjahr nimmt die nat\u00fcrliche Produktion von Sirtuine im Organismus ab. Hier erfahren Sie, warum unsere Experten raten, die Behandlung in diesem Alter zu beginnen. Le sirtuine sono una classe di proteine che svolgono un'attivit\u00e0 enzimatica preziosa e regolano importanti vie metaboliche all'interno dell'organismo.<\/p>\n<p>&nbsp;<\/p>\n<p>Le sirtuine agiscono a livello sistemico in tutto l'organismo, regolando i processi metabolici e fisiologici e lavorando sul meccanismo che si mette in atto ogni qual volta ingestingiamo dolci o cibi raffinati: la resistenza all'insulina.<\/p>\n<p>Neben der Verbesserung der Stoffwechselprozesse spielt die Produktion von Sirtuine im Organismus eine wichtige Rolle bei der Vorbeugung von Krankheiten wie Iperglyk\u00e4mie, Diabetes, Fettleibigkeit und Stoffwechselst\u00f6rungen.<\/p>\n<p>&nbsp;<\/p>\n<p>Was ist im SIRT500 Plus enthalten?<\/p>\n<p>SIRT500 Plus ist ein nat\u00fcrlicher Nahrungserg\u00e4nzungsstoff auf der Basis von Mineralien, Polyphenolen und Sirtuine-Aktivatoren.<\/p>\n<p>Die Produkte von SIRT500 Plus enthalten ausschlie\u00dflich nat\u00fcrliche und qualitativ hochwertige Inhaltsstoffe, die mit l\u00f6sungsmittelfreien Verfahren und in einer h\u00f6heren Konzentration als die auf dem Markt erh\u00e4ltlichen Integrationsmittel hergestellt werden.<\/p>\n<p>&nbsp;<\/p>\n<p>I MINERALIEN<\/p>\n<p>In SIRT500 Plus sind verschiedene Mineralien enthalten, die die Wirkung von<\/p>\n<p>sirtuine e che sono quindi in grado di stimolare il ringiovanimento<\/p>\n<p>delle cellule e che sostengono il sistema immunitario durante<\/p>\n<p>l'invecchiamento:<\/p>\n<p>&nbsp;<\/p>\n<p>Lo zinco<\/p>\n<p>&nbsp;<\/p>\n<p>Lo zinco \u00e8 uno dei complessi enzimatici necessario per il corretto<\/p>\n<p>Funktion von Lungen, Insulin, Sesseln und Lungenfl\u00fcgeln<\/p>\n<p>crescita. \u00c8 un minerale fondamentale per il nostro organismo.<\/p>\n<p>&nbsp;<\/p>\n<p>Il selenio<\/p>\n<p>Selen ist ein sehr wirksamer Antioxidant. Contrasta lo stress<\/p>\n<p>ossidativo cellulare, svolge attivit\u00e0 di prevenzione, esercita un'azione<\/p>\n<p>tiroide, die eine einwandfreie Funktion gew\u00e4hrleisten, und f\u00fcr die<\/p>\n<p>annessi cutanei.<\/p>\n<p>&nbsp;<\/p>\n<p>&nbsp;<\/p>\n<p>Il cromo<\/p>\n<p>Il cromo regola i livelli di insulina, ormone fondamentale nel nostro<\/p>\n<p>organismo che influenza il controllo dei grassi e del glucosio.<\/p>\n<p>&nbsp;<\/p>\n<p>&nbsp;<\/p>\n<p>I POLIFENOLI<\/p>\n<p>I polifenoli sono sostanze contenute negli alimenti, principalmente in quelli vegetali. Sie sind vor allem in Obst, Gem\u00fcse, Rotwein, gr\u00fcnem Tee, Zucker, Kaffee und Oliven\u00f6l enthalten.<\/p>\n<p>Die Polyphenole, die sich durch ihre entz\u00fcndungshemmende, antioxidative und antioxidative Wirkung auszeichnen, stellen ein wichtiges Diffraktionselement f\u00fcr den Organismus dar: Es handelt sich um Molek\u00fcle pflanzlichen Ursprungs, die zur Aufrechterhaltung der Zellgesundheit beitragen, indem sie die Infektion bek\u00e4mpfen und die Colesterinaufnahme und -vermehrung im Blut regulieren.<\/p>\n<p>I migliori polifenoli e attivatori di sirtuine conosciuti in medicina e contenuti nell'esclusivo integratore alimentare naturale SIRT500 Plus sono principalmente quattro:<\/p>\n<p>&nbsp;<\/p>\n<p>&nbsp;<\/p>\n<p>L'ONOCHIOLO<\/p>\n<p>L'onochiolo ha dimostrato di possedere propriet\u00e0 antinfiammatorie e protettive. Svolge attivit\u00e0 di preventione, soprattutto sulle cellule del nostro organismo. \u00c8 inoltre in grado di ridurre l'accumulo di grasso corporeo.<\/p>\n<p>&nbsp;<\/p>\n<p>L'ACIDO ELLARGICO<\/p>\n<p>Die ellagische S\u00e4ure ist ein nat\u00fcrliches Antioxidans. Sie besitzt antioxidative, antithrombotische und antiallergische, gef\u00e4\u00dfverengende und gastroprotetische Eigenschaften.<\/p>\n<p>&nbsp;<\/p>\n<p>LA POLIDATINA<\/p>\n<p>Die Polidatina ist Teil der Klasse der Stiliben aus der Familie der Polifenoli. Svolge attivit\u00e0 antiossidanti, antinfiammatorie, antinvecchiamento e antiaggregante.<\/p>\n<p>&nbsp;<\/p>\n<p>IL PTEROSTILBENE<\/p>\n<p>Il pterostilbene riduce l'accumulo di grasso, possiede propriet\u00e0 protettive e antinfiammatorie, e sostiene il sistema immunitario svolgendo attivit\u00e0 di prevenzione.<\/p>\n<p>&nbsp;<\/p>","protected":false},"featured_media":12172,"template":"","meta":{"_acf_changed":false,"wds_primary_product_brand":0,"wds_primary_product_cat":0,"_wordproof_timestamp":false},"product_brand":[],"product_cat":[78,155],"product_tag":[],"class_list":{"0":"post-12171","1":"product","2":"type-product","3":"status-publish","4":"has-post-thumbnail","6":"product_cat-digitaltwin","7":"product_cat-supplements","9":"first","10":"instock","11":"shipping-taxable","12":"purchasable","13":"product-type-simple"},"acf":[],"_links":{"self":[{"href":"https:\/\/kliniksanktmoritz.ch\/de\/wp-json\/wp\/v2\/product\/12171","targetHints":{"allow":["GET"]}}],"collection":[{"href":"https:\/\/kliniksanktmoritz.ch\/de\/wp-json\/wp\/v2\/product"}],"about":[{"href":"https:\/\/kliniksanktmoritz.ch\/de\/wp-json\/wp\/v2\/types\/product"}],"wp:featuredmedia":[{"embeddable":true,"href":"https:\/\/kliniksanktmoritz.ch\/de\/wp-json\/wp\/v2\/media\/12172"}],"wp:attachment":[{"href":"https:\/\/kliniksanktmoritz.ch\/de\/wp-json\/wp\/v2\/media?parent=12171"}],"wp:term":[{"taxonomy":"product_brand","embeddable":true,"href":"https:\/\/kliniksanktmoritz.ch\/de\/wp-json\/wp\/v2\/product_brand?post=12171"},{"taxonomy":"product_cat","embeddable":true,"href":"https:\/\/kliniksanktmoritz.ch\/de\/wp-json\/wp\/v2\/product_cat?post=12171"},{"taxonomy":"product_tag","embeddable":true,"href":"https:\/\/kliniksanktmoritz.ch\/de\/wp-json\/wp\/v2\/product_tag?post=12171"}],"curies":[{"name":"wp","href":"https:\/\/api.w.org\/{rel}","templated":true}]}}