{"id":12888,"date":"2024-05-13T20:31:59","date_gmt":"2024-05-13T19:31:59","guid":{"rendered":"https:\/\/kliniksanktmoritz.ch\/?post_type=product&#038;p=12888"},"modified":"2025-05-13T17:30:22","modified_gmt":"2025-05-13T16:30:22","slug":"certified-medical-doctors-mds-dos-licensed-physicians-md","status":"publish","type":"product","link":"https:\/\/kliniksanktmoritz.ch\/de\/produkt\/zertifizierte-arzte-mds-dos-zugelassene-arzte-md\/","title":{"rendered":"Platinum Certified Medical Doctors (MDs &amp; DOs) - Zugelassene \u00c4rzte [MD]"},"content":{"rendered":"<h2>\ud83d\udc68\u200d\u2695\ufe0f Medizinische \u00c4rzte (MDs &amp; DOs) - Zugelassene \u00c4rzte [MD]<br \/>\n\u2714 \u00c4sthetische Medizin \u2192 \u00c4sthetische Medizin<br \/>\n\u2714 Physiotherapeuten \u2192 Physikalische Medizin und Rehabilitation<br \/>\n\u2714 Psychiater \u2192 Psychische Gesundheit &amp; Medikamentenmanagement<br \/>\n\u2714 Di\u00e4tologen \u2192 Experten f\u00fcr klinische Ern\u00e4hrung<br \/>\n\u2714 Osteopathen (DOs - USA) \u2192 Osteopathische \u00c4rzte<\/h2>\n<p>&nbsp;<\/p>\n<h2>Klinik Sankt Moritz Medizinische Zertifizierung<br \/>\nDie Klinik-Sankt-Moritz-Zertifizierung stellt die h\u00f6chste Anerkennungsstufe f\u00fcr Fachkr\u00e4fte im Gesundheitswesen auf dem Gebiet der digitalen Medizin dar. Durch einen strengen \u00dcberpr\u00fcfungsprozess garantiert sie Autorit\u00e4t, Sicherheit und Innovation und bietet zertifizierten \u00c4rzten eine Reihe von exklusiven Vorteilen, die ihren Ruf verbessern, ihre Sichtbarkeit erh\u00f6hen und die Patientenbindung st\u00e4rken.<\/h2>\n<p><strong>1. Identit\u00e4ts\u00fcberpr\u00fcfung (KYC)<\/strong><br \/>\nUm Authentizit\u00e4t und Systemsicherheit zu gew\u00e4hrleisten, muss jeder zertifizierte Arzt ein KYC-Verfahren (Know Your Customer) durchlaufen, das Folgendes umfasst:<br \/>\n\u2714 \u00dcberpr\u00fcfte Identifizierung mit Ausstellung einer speziellen Kreditkarte.<br \/>\n\u2714 Sammlung und Bescheinigung aller akademischen Qualifikationen, Berufszulassungen und Spezialisierungen mit offiziellen Dokumenten, die vom Gesundheitsministerium und der nationalen \u00c4rztekammer des jeweiligen Landes ausgestellt werden.<br \/>\n\u2714 Integration zus\u00e4tzlicher beruflicher Qualifikationen, wie z.B. Masterabschl\u00fcsse und Spezialkurse (z.B. \u00c4sthetische Medizin).<br \/>\n\u2714 Anmeldung der Teilnahme an akkreditierten Kongressen und Fortbildungsma\u00dfnahmen.<br \/>\n\u2714 Erstellung und st\u00e4ndige Aktualisierung eines Lebenslaufs, der von der Klinik Sankt Moritz verwaltet wird, um die Klarheit und maximale Sichtbarkeit der Qualifikationen zu gew\u00e4hrleisten.<\/p>\n<p><strong>2. Zugang zum digitalen Zwilling f\u00fcr kontinuierliche Nachverfolgung<\/strong><br \/>\nMit der Zertifizierung der Klinik Sankt Moritz erhalten Sie Zugang zu einem exklusiven \u00d6kosystem der digitalen Medizin. Zertifizierte \u00c4rzte profitieren von:<br \/>\n\u2714 Spezialisierte Schulung zum Digitalen Zwilling, dem innovativsten Instrument zur langfristigen Gesundheits\u00fcberwachung.<br \/>\n\u2714 Lebenslange Betreuung der Patienten, um die h\u00f6chste Patientenbindung im medizinischen Bereich zu gew\u00e4hrleisten.<br \/>\n\u2714 Modernste technologische Unterst\u00fctzung, die fortschrittliche Methoden der digitalen Medizin einbezieht.<br \/>\n\u2714 Digitaler Zwilling im SaaS-Modus, der jede IT-Verwaltungslast eliminiert.<br \/>\n\u2714 Fortgeschrittener Datenschutz, mit Sicherheitsma\u00dfnahmen gegen Quantencomputer-Angriffe.<\/p>\n<p><strong>3. Privates \u00dcberpr\u00fcfungssystem und Qualit\u00e4tsunterst\u00fctzung<\/strong><br \/>\nIm Gegensatz zu anderen \u00f6ffentlichen Bewertungssystemen verwendet die Klinik Sankt Moritz ein vertrauliches Bewertungsverfahren, um eine kontinuierliche Verbesserung zu gew\u00e4hrleisten, ohne die \u00c4rzte einer potenziell sch\u00e4dlichen \u00f6ffentlichen Bewertung auszusetzen. Dieses System bietet:<br \/>\n\u2714 \u00dcberwachung der Qualit\u00e4tsstandards auf der Grundlage von Patientenfeedback.<br \/>\n\u2714 Unterst\u00fctzung beim Umgang mit negativen Bewertungen, mit integrierten L\u00f6sungen der Klinik Sankt Moritz zur Verbesserung von Service und Patientenzufriedenheit.<\/p>\n<p><strong>4. Kontinuierliche Schulung und Zugang zu neuen Technologien<\/strong><br \/>\nDie Zertifizierung der Klinik Sankt Moritz gew\u00e4hrleistet die st\u00e4ndige Aktualisierung der neuesten medizinischen Technologien durch:<br \/>\n\u2714 Schulungen zu Apps, Ger\u00e4ten und digitalen Gesundheitstechnologien, einschlie\u00dflich Innovationen in der regenerativen Medizin.<br \/>\n\u2714 Kostenlose, regelm\u00e4\u00dfig aktualisierte Handb\u00fccher, die \u00c4rzte bei der Anwendung modernster medizinischer Technologien unterst\u00fctzen.<br \/>\n\u2714 Integration mit ShareKey Member Version, f\u00fcr eine sichere und fortschrittliche Verwaltung von professionellen Daten.<br \/>\nWas ist ShareKey?<br \/>\nSHAREKEY ist eine Schweizer Business-Collaboration-Anwendung, die den Datenschutz und die Sicherheit in der Kommunikation und im Datenmanagement gew\u00e4hrleistet.<br \/>\n\ud83d\udd39 All-in-One-Plattform: Instant Messaging, Videokonferenzen, Dateiverwaltung, Kalender und Notizen - ... <strong>ALLE<\/strong> in einem einzigen System.<br \/>\n\ud83d\udd39 Dezentrale Verschl\u00fcsselung: Alle Daten werden mit privaten Schl\u00fcsseln gesch\u00fctzt, die ausschlie\u00dflich auf den Ger\u00e4ten der Nutzer gespeichert sind.<br \/>\n\ud83d\udd39 Synchronisierung mit mehreren Ger\u00e4ten: sofortiger Zugriff von Desktop, Handy und Web ohne Datenverlust.<br \/>\n\ud83d\udd39 Schweizer Datenschutz: gehostet in hochsicheren Schweizer Rechenzentren, vollst\u00e4ndig konform mit den GDPR-Vorschriften.<br \/>\nZero-Trust-Architektur: verhindert die Offenlegung von Metadaten und erh\u00f6ht die Sicherheit.<br \/>\nSHAREKEY ist die ideale L\u00f6sung f\u00fcr F\u00fchrungskr\u00e4fte, \u00c4rzte, Juristen und Finanzfachleute, die vertrauliche Informationen verwalten.<\/p>\n<p><strong>5. Botschafter-Netzwerk f\u00fcr Empfehlungen und Sichtbarkeit<\/strong><br \/>\nZertifizierte \u00c4rzte der Klinik Sankt Moritz werden Teil eines exklusiven Netzwerks hochqualifizierter Spezialisten, mit strategischen Vorteilen wie:<br \/>\n\u2714 Direkte \u00dcberweisungen von Klinik-Botschaftern, je nach Spezialisierung und geografischer Lage.<br \/>\n\u2714 Erh\u00f6hte Sichtbarkeit f\u00fcr Patienten durch die Aufnahme in ein ausgew\u00e4hltes Netzwerk von Spitzenkr\u00e4ften.<\/p>\n<p><strong>6. Schutz der digitalen Identit\u00e4t und der beruflichen Glaubw\u00fcrdigkeit<\/strong><br \/>\nDank der Zertifizierung der Klinik Sankt Moritz gewinnen die \u00c4rzte:<br \/>\n\u2714 Sofortige Glaubw\u00fcrdigkeit durch eine weltweit anerkannte Pr\u00fcfplakette.<br \/>\n\u2714 Ein klarer Wettbewerbsvorteil, der Sichtbarkeit und Autorit\u00e4t erh\u00f6ht.<br \/>\n\u2714 Schutz vor Betrug und Nachahmung, wodurch das Risiko eines Online-Identit\u00e4tsdiebstahls verringert wird.<br \/>\n\u2714 Ein vollst\u00e4ndig strukturierter und regelm\u00e4\u00dfig aktualisierter Lebenslauf, der \u00fcbersichtlich und professionell formatiert ist.<\/p>\n<p><strong>7. Marktexpansion und M\u00f6glichkeiten der Zusammenarbeit<\/strong><br \/>\nDie Zertifizierung der Klinik Sankt Moritz er\u00f6ffnet internationale M\u00f6glichkeiten, darunter<br \/>\n\u2714 Anziehung internationaler Patienten, Verbesserung des Zugangs zum globalen Markt f\u00fcr Medizintourismus.<br \/>\n\u2714 Erleichterung von Verbindungen mit Kliniken, Krankenh\u00e4usern und internationalen medizinischen Netzwerken.<br \/>\n\u2714 Verbesserung des Online-Rufs mit vorrangiger Sichtbarkeit in den Suchmaschinen.<br \/>\n\u2714 Zugang zu exklusiven Plattformen und ausgew\u00e4hlten Netzwerken f\u00fcr die berufliche Weiterentwicklung.<br \/>\n\u2714 M\u00f6glichkeiten der Unternehmensf\u00f6rderung, indem die Zertifizierung als wirkungsvolles Marketinginstrument genutzt wird.<br \/>\n\u2714 Pers\u00f6nliche Vanity-URL mit einem stets aktualisierten Lebenslauf f\u00fcr Patienten und Kongresse: \u27a1 kliniksanktmoritz.ch\/md\/jane-doe<\/p>\n<p><strong>Herausragend in der digitalen Welt des Gesundheitswesens<\/strong><br \/>\nDie Zertifizierung der Klinik Sankt Moritz bedeutet, sich in der internationalen digitalen Gesundheitslandschaft zu profilieren und Kompetenz, Innovation und Zugang zu den modernsten medizinischen Technologien zu gew\u00e4hrleisten.<br \/>\n\ud83c\udf1f Mehr als nur eine Zertifizierung - ein umfassendes \u00d6kosystem zur Unterst\u00fctzung von \u00c4rzten.Verbesserung der Patientenversorgung, Optimierung des Berufsmanagements und F\u00f6rderung der beruflichen Entwicklung. \ud83d\ude80<\/p>","protected":false},"excerpt":{"rendered":"<p><a href=\"https:\/\/wise.com\/gb\/currency-converter\/currencies\/chf-swiss-franc\"><strong data-start=\"4\" data-end=\"43\">Schweizer Franken in Echtzeit<\/strong><\/a><br \/>\nAls Schweizer Unternehmen arbeiten wir haupts\u00e4chlich in Schweizer Franken, einem Symbol f\u00fcr Stabilit\u00e4t und Zuverl\u00e4ssigkeit. Angesichts der weltweiten Marktschwankungen gew\u00e4hrleistet dies Effizienz und Transparenz und minimiert w\u00e4hrungsbedingte Unsicherheiten.<\/p>","protected":false},"featured_media":19773,"template":"","meta":{"_acf_changed":false,"wds_primary_product_brand":0,"wds_primary_product_cat":0,"_wordproof_timestamp":false},"product_brand":[],"product_cat":[164,119,158],"product_tag":[162,163],"class_list":{"0":"post-12888","1":"product","2":"type-product","3":"status-publish","4":"has-post-thumbnail","6":"product_cat-certification","7":"product_cat-partner","8":"product_cat-worldmedcert","9":"product_tag-certified-degree","10":"product_tag-certified-medical-doctor","12":"first","13":"instock","14":"virtual","15":"purchasable","16":"product-type-simple"},"acf":[],"_links":{"self":[{"href":"https:\/\/kliniksanktmoritz.ch\/de\/wp-json\/wp\/v2\/product\/12888","targetHints":{"allow":["GET"]}}],"collection":[{"href":"https:\/\/kliniksanktmoritz.ch\/de\/wp-json\/wp\/v2\/product"}],"about":[{"href":"https:\/\/kliniksanktmoritz.ch\/de\/wp-json\/wp\/v2\/types\/product"}],"wp:featuredmedia":[{"embeddable":true,"href":"https:\/\/kliniksanktmoritz.ch\/de\/wp-json\/wp\/v2\/media\/19773"}],"wp:attachment":[{"href":"https:\/\/kliniksanktmoritz.ch\/de\/wp-json\/wp\/v2\/media?parent=12888"}],"wp:term":[{"taxonomy":"product_brand","embeddable":true,"href":"https:\/\/kliniksanktmoritz.ch\/de\/wp-json\/wp\/v2\/product_brand?post=12888"},{"taxonomy":"product_cat","embeddable":true,"href":"https:\/\/kliniksanktmoritz.ch\/de\/wp-json\/wp\/v2\/product_cat?post=12888"},{"taxonomy":"product_tag","embeddable":true,"href":"https:\/\/kliniksanktmoritz.ch\/de\/wp-json\/wp\/v2\/product_tag?post=12888"}],"curies":[{"name":"wp","href":"https:\/\/api.w.org\/{rel}","templated":true}]}}