{"id":18105,"date":"2025-03-25T12:32:38","date_gmt":"2025-03-25T11:32:38","guid":{"rendered":"https:\/\/kliniksanktmoritz.ch\/?post_type=product&#038;p=18105"},"modified":"2025-05-08T06:56:35","modified_gmt":"2025-05-08T05:56:35","slug":"easycolon","status":"publish","type":"product","link":"https:\/\/kliniksanktmoritz.ch\/de\/produkt\/easycolon\/","title":{"rendered":"EasyColon"},"content":{"rendered":"<h2>\ud83d\udea8 \"Warten Sie auf Symptome? Es k\u00f6nnte zu sp\u00e4t sein.\"<\/h2>\n<h3>Die Koloskopie... das ist keine Koloskopie.<\/h3>\n<p>Nur 30 Sekunden. Kein Schlauch. Keine An\u00e4sthesie. Nur ein Bluttest.<\/p>\n<p>Haben Sie schon einmal eine \u00e4rztliche Untersuchung aufgeschoben, weil Ihnen allein der Gedanke daran Angst gemacht hat?<br \/>\nDie Koloskopie ist eine dieser Untersuchungen.<br \/>\nAllein der Gedanke daran:<\/p>\n<ul>\n<li>Tagelang eine strenge Di\u00e4t machen<\/li>\n<li>Die Nacht auf der Toilette verbringen<\/li>\n<li>Sich eine Kamera einf\u00fchren zu lassen, w\u00e4hrend man bet\u00e4ubt ist...<\/li>\n<\/ul>\n<p>...reicht, um zu sagen: \"Vielleicht n\u00e4chsten Monat\".<\/p>\n<p>Aber hier ist die unbequeme Wahrheit:<\/p>\n<h3>Dickdarmkrebs zeigt keine Symptome.<\/h3>\n<p>Und wenn dies der Fall ist, ist es oft schon zu sp\u00e4t.<\/p>\n<p>Es ist die zweith\u00e4ufigste Krebstodesursache weltweit.<br \/>\nEr kann \u00fcber Jahre hinweg unbemerkt wachsen - ohne Schmerzen, ohne Warnzeichen, ohne dass man etwas sp\u00fcrt.<br \/>\nUnd wenn sich \"etwas komisch anf\u00fchlt\", kann es bereits fortgeschritten sein.<\/p>\n<hr \/>\n<h2>Aber hier ist die gute Nachricht:<\/h2>\n<h3>Sie brauchen keine Darmspiegelung mehr, um zu wissen, ob Sie gef\u00e4hrdet sind.<\/h3>\n<p>Mit einem einfachen Bluttest k\u00f6nnen Sie jetzt Fr\u00fchwarnzeichen erkennen - ohne die damit verbundenen Beschwerden.<\/p>\n<p>\u2705 Kein Schlauch<br \/>\n\u2705 Keine An\u00e4sthesie<br \/>\n\u2705 Keine Vorbereitung des Darms<br \/>\n\u2705 Keine Peinlichkeit<br \/>\n\u2705 Keine Freistellung von der Arbeit<\/p>\n<p>Nur 30 Sekunden.<br \/>\nNur eine Blutabnahme.<br \/>\nUnd Sie erhalten die Antwort, die Ihr Leben retten k\u00f6nnte.<\/p>\n<hr \/>\n<h3>Wie funktioniert das?<\/h3>\n<p>Der Test sucht nach spezifischen molekularen Biomarkern, die fr\u00fche Ver\u00e4nderungen im Zusammenhang mit Dickdarmkrebs anzeigen.<\/p>\n<p>Ein Durchbruch, der in L\u00e4ndern wie der Schweiz und Deutschland bereits genutzt wird, aber in den meisten L\u00e4ndern noch nicht bekannt ist.<\/p>\n<p>Es ist 97% genau.<br \/>\nUnd wenn Ihr Ergebnis negativ ist, sind Sie f\u00fcr die n\u00e4chsten 5 Jahre aus dem Schneider.<\/p>\n<hr \/>\n<h2>Wie hoch sind die Kosten?<\/h2>\n<p>Um es klar zu sagen.<\/p>\n<p>Das Verfahren besteht aus zwei Teilen:<\/p>\n<p>1\ufe0f\u20e3 <strong>Die Blutabnahme<\/strong>die Sie in einem \u00f6rtlichen Labor durchf\u00fchren lassen k\u00f6nnen. Dies kann je nach Labor bis zu 700 \u20ac kosten.<br \/>\n\ud83d\udc49 Manche Menschen erhalten eine Teilerstattung durch die Versicherung oder die nationalen Gesundheitssysteme, andere nicht. Das ist unterschiedlich - und wir k\u00f6nnen nicht vorhersagen, was Sie erstattet bekommen.<\/p>\n<p>2\ufe0f\u20e3 <strong>Unser Service<\/strong>Erweiterte Analyse, Datenverarbeitung, medizinische Interpretation und zertifizierter Bericht.<br \/>\n\ud83d\udc49 Unsere Fixkosten: <strong>\u20ac399<\/strong>.<br \/>\nKeine \u00dcberraschungen. Keine versteckten Geb\u00fchren.<\/p>\n<p>\ud83c\udfaf <strong>Maximale Gesamtkosten?<\/strong><br \/>\n1099 \u20ac, wenn Ihr Labor den vollen Betrag berechnet. Aber in den meisten F\u00e4llen ist es viel weniger.<\/p>\n<p>Aber lassen Sie uns das in Relation setzen.<\/p>\n<p>Selbst wenn es 1099 \u20ac w\u00e4ren, ist das weniger als:<\/p>\n<ul>\n<li>Eine monatliche Brennstoffrechnung<\/li>\n<li>Ein neues iPhone<\/li>\n<li>Ein Wochenendausflug<\/li>\n<\/ul>\n<p>Und was erhalten Sie im Gegenzug?<\/p>\n<p>\ud83d\udc49 Seelenfrieden<br \/>\n\ud83d\udc49 Eine Chance, eine t\u00f6dliche Krankheit zu verhindern<br \/>\n\ud83d\udc49 Null Stress. Null Schmerz. Null Scham.<\/p>\n<hr \/>\n<h2>Was passiert, wenn Sie es nicht tun?<\/h2>\n<p>Sie verschieben es immer wieder.<br \/>\nDann, eines Tages, f\u00fchlt sich etwas falsch an.<br \/>\nSie gehen zum Arzt.<br \/>\nSie schicken Sie zu einer dringenden Darmspiegelung.<br \/>\nUnd dann...<\/p>\n<p>\u274c Chirurgie<br \/>\n\u274c Chemotherapie<br \/>\n\u274c Enorme Kosten<br \/>\n\u274c Der Gedanke, der einem das Herz zerrei\u00dft: \"Was w\u00e4re, wenn ich fr\u00fcher etwas getan h\u00e4tte?\"<\/p>\n<hr \/>\n<h2>Sie haben die Wahl:<\/h2>\n<p>1\ufe0f\u20e3 Ignorieren Sie es und hoffen Sie das Beste (wie die meisten Menschen, die es zu sp\u00e4t erfahren haben),<br \/>\n<strong>OR<\/strong><br \/>\n2\ufe0f\u20e3 Nehmen Sie sich jetzt 30 Sekunden Zeit, die Ihr Leben retten k\u00f6nnen.<\/p>\n<hr \/>\n<p>\ud83d\udfe2 <strong>Jetzt buchen.<\/strong> Nehmen Sie das Blut ab, wann es Ihnen passt.<br \/>\nKein Warten. Kein Unbehagen.<\/p>\n<p>\ud83d\udc49 Nach dem Kauf des Dienstes f\u00fcr 399 \u20ac erhalten Sie alle Anweisungen.<br \/>\n\ud83d\udc49 W\u00e4hlen Sie das n\u00e4chstgelegene Labor f\u00fcr die Blutabnahme.<br \/>\n\ud83d\udc49 Sie erhalten einen beglaubigten Bericht mit einer klaren, medizinischen Erkl\u00e4rung.<\/p>\n<hr \/>\n<h2>Gesamtgarantie<\/h2>\n<p>Wenn Sie innerhalb von 30 Tagen das Gef\u00fchl haben, dass die Dienstleistung nicht Ihren Erwartungen entsprach,<br \/>\nerstatten wir Ihnen die 399 \u20ac.<br \/>\nKeine Fragen. Keine B\u00fcrokratie. Kein Urteil.<\/p>\n<p>Denn Ihr Seelenfrieden steht an erster Stelle.<\/p>\n<hr \/>\n<p>\ud83d\udccd <strong>Ihr Leben ist mehr wert als ein Kaffee am Tag.<\/strong><br \/>\nWarten Sie nicht. Tun Sie es jetzt.<br \/>\nDas ist die kl\u00fcgste Entscheidung, die Sie im Jahr 2025 treffen k\u00f6nnen.<\/p>\n<hr \/>\n<h3>P.S.<\/h3>\n<p>H\u00f6ren Sie auf, sich schuldig zu f\u00fchlen.<br \/>\nH\u00f6ren Sie auf, sich zu f\u00fcrchten.<br \/>\nSie haben endlich einen Weg gefunden, sich zu sch\u00fctzen - ohne Schmerzen, Angst oder Ausreden.<\/p>\n<p>Kein Schlauch.<br \/>\nKein Stress.<br \/>\nNur ein einfacher Bluttest.<br \/>\nNur 30 Sekunden.<br \/>\nEinfach ein l\u00e4ngeres, ges\u00fcnderes Leben zu genie\u00dfen<\/p>\n<hr \/>\n<p>&nbsp;<\/p>","protected":false},"excerpt":{"rendered":"<h2>\u2705 Letzter Schritt: Sichern Sie sich Ihren Platz f\u00fcr den blutbasierten Darmkrebstest<\/h2>\n<p>Sie sind nur noch einen Schritt vom Seelenfrieden entfernt.<br \/>\nKeine Darmspiegelung. Kein Krankenhausaufenthalt. Keine \u00c4ngste.<br \/>\nNur ein zertifizierter Test, der Ihr Leben retten kann.<\/p>\n<hr \/>\n<h3>\ud83e\uddea Was du bekommst:<\/h3>\n<p>\ud83d\udd39 Zugang zu unserem fortschrittlichen Diagnosedienst auf der Grundlage von Blutbiomarkern<br \/>\n\ud83d\udd39 Vollst\u00e4ndige Laborauswertung durch medizinisches Fachpersonal<br \/>\n\ud83d\udd39 Ein zertifizierter Bericht mit leicht verst\u00e4ndlichen Ergebnissen und n\u00e4chsten Schritten<br \/>\n\ud83d\udd39 Alle Anweisungen zur Durchf\u00fchrung der Blutabnahme im Labor Ihres Vertrauens<br \/>\n\ud83d\udd39 Unterst\u00fctzung durch unser Betreuungsteam, bei jedem Schritt des Weges<\/p>\n<p>\ud83d\udd52 <strong>Zeitbedarf?<\/strong> Nur 30 Sekunden f\u00fcr die Blutabnahme<br \/>\n\ud83d\udccb <strong>Nachbereitung?<\/strong> Nur wenn die Ergebnisse etwas zeigen, das eine \u00dcberpr\u00fcfung wert ist<br \/>\n\ud83d\udcc5 <strong>G\u00fcltig f\u00fcr 5 Jahre<\/strong> wenn Ihr Test negativ ist<\/p>\n<hr \/>\n<h3>\ud83d\udcb3 Gesamtkosten heute: CHF399<\/h3>\n<p>Dies deckt unseren kompletten medizinischen Service ab.<br \/>\nDie Laborgeb\u00fchr f\u00fcr die Blutabnahme wird separat bezahlt und kann variieren (bis zu 700 \u20ac).<br \/>\nIn vielen F\u00e4llen kann dieser Teil von der Versicherung oder der staatlichen Krankenkasse erstattet werden.<\/p>\n<hr \/>\n<h3>\ud83d\udd10 Sicherer Checkout<\/h3>\n<ul>\n<li>Verschl\u00fcsselte Transaktion<\/li>\n<li>Sofortige Best\u00e4tigung per E-Mail<\/li>\n<li>Volle Transparenz. Keine versteckten Kosten.<\/li>\n<\/ul>\n<hr \/>\n<h3>\u2705 30-Tage-Geld-zur\u00fcck-Garantie<\/h3>\n<p>Wenn Sie innerhalb von 30 Tagen nicht zufrieden sind, erstatten wir Ihnen unsere Servicegeb\u00fchr zur\u00fcck - ohne Fragen zu stellen.<\/p>\n<hr \/>\n<h3>\ud83d\udce6 Was passiert, nachdem Sie bezahlt haben?<\/h3>\n<p>1\ufe0f\u20e3 Sie erhalten Ihre Best\u00e4tigung und pers\u00f6nlichen Anweisungen per E-Mail<br \/>\n2\ufe0f\u20e3 Buchen Sie Ihre Blutabnahme in einem Labor Ihrer Wahl<br \/>\n3\ufe0f\u20e3 Senden Sie uns die Testergebnisse (einfacher Upload)<br \/>\n4\ufe0f\u20e3 Sie erhalten Ihren zertifizierten Bericht innerhalb weniger Tage<br \/>\n5\ufe0f\u20e3 In den n\u00e4chsten 5 Jahren sorgenfrei leben<\/p>\n<hr \/>\n<h3>\ud83d\udfe2 JETZT HANDELN - Nur 150 Testpl\u00e4tze in diesem Monat verf\u00fcgbar<\/h3>\n<p>\u26a0\ufe0f Aufgrund von Einschr\u00e4nkungen im Labor k\u00f6nnen wir jeden Monat nur eine begrenzte Anzahl neuer Patienten aufnehmen.<br \/>\nSobald die Kapazit\u00e4t erreicht ist, werden die Buchungen geschlossen.<\/p>\n<hr \/>\n<h3>\ud83e\udde0 Brauchen Sie Hilfe?<\/h3>\n<p>Wir sind hier, um Sie zu unterst\u00fctzen.<br \/>\n\ud83d\udce9 E-Mail-Support assistance@kliniksm.com|<\/p>\n<hr \/>\n<p>\ud83d\udc49 Schlie\u00dfen Sie die sichere Kaufabwicklung unten ab und treffen Sie die kl\u00fcgste Gesundheitsentscheidung Ihres Lebens.<\/p>","protected":false},"featured_media":18112,"template":"","meta":{"_acf_changed":false,"wds_primary_product_brand":0,"wds_primary_product_cat":0,"_wordproof_timestamp":false},"product_brand":[183],"product_cat":[184],"product_tag":[],"class_list":{"0":"post-18105","1":"product","2":"type-product","3":"status-publish","4":"has-post-thumbnail","6":"product_brand-klinik-sankt-moritz","7":"product_cat-easycolon","9":"first","10":"instock","11":"shipping-taxable","12":"purchasable","13":"product-type-simple"},"acf":[],"_links":{"self":[{"href":"https:\/\/kliniksanktmoritz.ch\/de\/wp-json\/wp\/v2\/product\/18105","targetHints":{"allow":["GET"]}}],"collection":[{"href":"https:\/\/kliniksanktmoritz.ch\/de\/wp-json\/wp\/v2\/product"}],"about":[{"href":"https:\/\/kliniksanktmoritz.ch\/de\/wp-json\/wp\/v2\/types\/product"}],"wp:featuredmedia":[{"embeddable":true,"href":"https:\/\/kliniksanktmoritz.ch\/de\/wp-json\/wp\/v2\/media\/18112"}],"wp:attachment":[{"href":"https:\/\/kliniksanktmoritz.ch\/de\/wp-json\/wp\/v2\/media?parent=18105"}],"wp:term":[{"taxonomy":"product_brand","embeddable":true,"href":"https:\/\/kliniksanktmoritz.ch\/de\/wp-json\/wp\/v2\/product_brand?post=18105"},{"taxonomy":"product_cat","embeddable":true,"href":"https:\/\/kliniksanktmoritz.ch\/de\/wp-json\/wp\/v2\/product_cat?post=18105"},{"taxonomy":"product_tag","embeddable":true,"href":"https:\/\/kliniksanktmoritz.ch\/de\/wp-json\/wp\/v2\/product_tag?post=18105"}],"curies":[{"name":"wp","href":"https:\/\/api.w.org\/{rel}","templated":true}]}}