{"id":19858,"date":"2025-05-13T18:42:25","date_gmt":"2025-05-13T17:42:25","guid":{"rendered":"https:\/\/kliniksanktmoritz.ch\/?post_type=product&#038;p=19858"},"modified":"2025-05-14T10:53:55","modified_gmt":"2025-05-14T09:53:55","slug":"zulassigkeitsprufung","status":"publish","type":"product","link":"https:\/\/kliniksanktmoritz.ch\/de\/produkt\/zulassigkeitsprufung\/","title":{"rendered":"Pr\u00fcfung der F\u00f6rderf\u00e4higkeit"},"content":{"rendered":"<h2 data-start=\"361\" data-end=\"407\">\ud83c\udf93 <strong data-start=\"364\" data-end=\"407\">Gepr\u00fcft, um zu f\u00fchren. Zertifiziert, um zu inspirieren.<\/strong><\/h2>\n<h3 data-start=\"409\" data-end=\"613\">Unter <strong data-start=\"412\" data-end=\"435\">Klinik Sankt Moritz<\/strong>Wir zertifizieren nicht nur \u00c4rzte, sondern erheben sie durch die umfassendste und prestigetr\u00e4chtigste Eignungspr\u00fcfung in der digitalen Medizin an die Spitze der weltweiten Anerkennung.<\/h3>\n<p data-start=\"615\" data-end=\"818\"><strong data-start=\"615\" data-end=\"648\">\ud83d\udd0d \u00dcberpr\u00fcfung des gesamten Spektrums<\/strong><br data-start=\"648\" data-end=\"651\" \/>Vor dem Erwerb des Klinik-Abzeichens durchl\u00e4uft jeder Kandidat eine <strong data-start=\"712\" data-end=\"759\">sorgf\u00e4ltiges Know Your Customer (KYC) Verfahren<\/strong>-nicht als Formalit\u00e4t, sondern als Zeichen der Integrit\u00e4t. Wir \u00fcberpr\u00fcfen das:<\/p>\n<p data-start=\"820\" data-end=\"1189\">\u2714\ufe0f Ihr nationaler medizinischer F\u00fchrerschein und Ausweis, der durch staatliche Dokumente abgesichert ist.<br data-start=\"902\" data-end=\"905\" \/>\u2714\ufe0f Ihr Abschluss in Medizin - gepr\u00fcft, mit Querverweisen versehen und validiert.<br data-start=\"973\" data-end=\"976\" \/>\u2714\ufe0f Jedes von Ihnen angegebene Fachgebiet - von der \u00e4sthetischen Medizin bis zur Psychiatrie - ist durch offizielle Zeugnisse belegt.<br data-start=\"1074\" data-end=\"1077\" \/>\u2714\ufe0f Alle Fortbildungen, Masterstudieng\u00e4nge und anerkannten medizinischen Kurse werden mit zertifizierten Nachweisen dokumentiert.<\/p>\n<p data-start=\"1191\" data-end=\"1253\">Es geht nicht nur um B\u00fcrokratie. Es ist Ihr <strong data-start=\"1231\" data-end=\"1241\">Erbe<\/strong>, validiert.<\/p>\n<hr data-start=\"1255\" data-end=\"1258\" \/>\n<p data-start=\"1260\" data-end=\"1471\">\ud83d\udcc4 <strong data-start=\"1263\" data-end=\"1297\">Dynamischer Lebenslauf, kuratiert von Experten<\/strong><br data-start=\"1297\" data-end=\"1300\" \/>Ihre berufliche Identit\u00e4t verdient es, sich mit Ihnen weiterzuentwickeln. Deshalb bleibt die Klinik Sankt Moritz nicht bei der \u00dcberpr\u00fcfung stehen - wir <strong data-start=\"1419\" data-end=\"1470\">Ihren beruflichen Lebenslauf aktiv verwalten und aktualisieren<\/strong>:<\/p>\n<p data-start=\"1473\" data-end=\"1714\">\u2714\ufe0f Chronologische Integration der neuen Qualifikationen.<br data-start=\"1524\" data-end=\"1527\" \/>\u2714\ufe0f Dokumentierte Teilnahme an Kongressen und Fortbildungsveranstaltungen.<br data-start=\"1589\" data-end=\"1592\" \/>\u2714\ufe0f Auf Sichtbarkeit ausgerichtete Formatierung zur Darstellung Ihres Wachstums, die f\u00fcr Patienten, Kliniken und Kollegen weltweit sofort zug\u00e4nglich ist.<\/p>\n<p data-start=\"1716\" data-end=\"1815\">Ihr Lebenslauf wird zu einem <strong data-start=\"1734\" data-end=\"1773\">lebendiges, atmendes digitales Portfolio<\/strong>-genau, elegant und immer auf dem neuesten Stand.<\/p>\n<hr data-start=\"1817\" data-end=\"1820\" \/>\n<p data-start=\"1822\" data-end=\"2094\">\ud83c\udfa4 <strong data-start=\"1825\" data-end=\"1871\">NFT-Anerkennung f\u00fcr internationale Redner<\/strong><br data-start=\"1871\" data-end=\"1874\" \/>Wir nehmen Ihren Beitrag zur globalen Medizin ernst. Deshalb ist die Klinik Sankt Moritz <strong data-start=\"1962\" data-end=\"1987\">gibt exklusive NFTs aus<\/strong> f\u00fcr zugelassene \u00c4rzte, die als <strong data-start=\"2021\" data-end=\"2093\">Hauptredner oder Diskussionsteilnehmer bei anerkannten internationalen Kongressen<\/strong>.<\/p>\n<p data-start=\"2096\" data-end=\"2263\">Das sind nicht einfach nur digitale Token - sie sind <strong data-start=\"2137\" data-end=\"2194\">sichere, \u00fcberpr\u00fcfbare Symbole f\u00fcr Autorit\u00e4t und Fachwissen<\/strong>gepr\u00e4gt, um Ihre Pr\u00e4senz an der Spitze der Innovation zu verewigen.<\/p>\n<hr data-start=\"2265\" data-end=\"2268\" \/>\n<p data-start=\"2270\" data-end=\"2580\">\u2728 <strong data-start=\"2272\" data-end=\"2347\">Das Ergebnis? Sofortiges Prestige. Globales Vertrauen. Professioneller Seelenfrieden.<\/strong><br data-start=\"2347\" data-end=\"2350\" \/>Mit der Zertifizierung der Klinik Sankt Moritz wird nicht nur Ihre gesamte Laufbahn best\u00e4tigt, sondern auch Ihre <strong data-start=\"2436\" data-end=\"2449\">verst\u00e4rkte<\/strong>. Sie sind nicht einfach nur ein Arzt.<br data-start=\"2478\" data-end=\"2481\" \/>Sie sind ein <strong data-start=\"2490\" data-end=\"2508\">vertrauensw\u00fcrdige Person<\/strong> in die Zukunft der Medizin, gest\u00fctzt durch Fakten, durch Blockchain, durch Prestige.<\/p>\n<h3 data-start=\"2582\" data-end=\"2670\">\ud83d\udc49 <strong data-start=\"2585\" data-end=\"2655\">Sind Sie bereit, Ihre Glaubw\u00fcrdigkeit in unbestreitbare Autorit\u00e4t zu verwandeln?<\/strong><br data-start=\"2655\" data-end=\"2658\" \/>Fangen wir an.<\/p>\n<p>Nur CHF <strong>1,188<\/strong>. <strong>CHF 99 monatlich<\/strong> Anf\u00e4ngliche \u00dcbereinstimmung? <a href=\"https:\/\/kliniksanktmoritz.ch\/de\/produkt\/zulassigkeitsprufung\/\">CHF <strong>700<\/strong> <\/a>nur einmalig.<br \/>\nTotal? CHF <strong>1.888<\/strong> um Ihre Karriere zu sichern und Ihren Bekanntheitsgrad zu steigern.<br \/>\n\ud83d\udd25 OBEN <em>Sparen Sie 20% bei einmaliger Zahlung gegen\u00fcber monatlicher Zahlung! <a href=\"https:\/\/kliniksanktmoritz.ch\/de\/produkt\/platin-zertifizierte-mds-dosjahrliche-berechtigungsprufung-top-20\/\">CHF <strong>1.511<\/strong><\/a><\/em><\/h3>","protected":false},"excerpt":{"rendered":"<p>\ud83c\udf93 Verified to Lead. Certified to Inspire. At Klinik Sankt Moritz, we don\u2019t just certify doctors\u2014we elevate them to the pinnacle of global recognition through the most comprehensive and prestigious eligibility verification in digital medicine. \ud83d\udd0d Full Spectrum VerificationBefore earning the Klinik badge, every candidate undergoes a meticulous Know Your Customer (KYC) process\u2014not as a [&hellip;]<\/p>\n","protected":false},"featured_media":19859,"template":"","meta":{"_acf_changed":false,"wds_primary_product_brand":0,"wds_primary_product_cat":0,"_wordproof_timestamp":false},"product_brand":[183],"product_cat":[69],"product_tag":[],"class_list":{"0":"post-19858","1":"product","2":"type-product","3":"status-publish","4":"has-post-thumbnail","6":"product_brand-klinik-sankt-moritz","7":"product_cat-uncategorized","9":"first","10":"instock","11":"virtual","12":"purchasable","13":"product-type-simple"},"acf":[],"_links":{"self":[{"href":"https:\/\/kliniksanktmoritz.ch\/de\/wp-json\/wp\/v2\/product\/19858","targetHints":{"allow":["GET"]}}],"collection":[{"href":"https:\/\/kliniksanktmoritz.ch\/de\/wp-json\/wp\/v2\/product"}],"about":[{"href":"https:\/\/kliniksanktmoritz.ch\/de\/wp-json\/wp\/v2\/types\/product"}],"wp:featuredmedia":[{"embeddable":true,"href":"https:\/\/kliniksanktmoritz.ch\/de\/wp-json\/wp\/v2\/media\/19859"}],"wp:attachment":[{"href":"https:\/\/kliniksanktmoritz.ch\/de\/wp-json\/wp\/v2\/media?parent=19858"}],"wp:term":[{"taxonomy":"product_brand","embeddable":true,"href":"https:\/\/kliniksanktmoritz.ch\/de\/wp-json\/wp\/v2\/product_brand?post=19858"},{"taxonomy":"product_cat","embeddable":true,"href":"https:\/\/kliniksanktmoritz.ch\/de\/wp-json\/wp\/v2\/product_cat?post=19858"},{"taxonomy":"product_tag","embeddable":true,"href":"https:\/\/kliniksanktmoritz.ch\/de\/wp-json\/wp\/v2\/product_tag?post=19858"}],"curies":[{"name":"wp","href":"https:\/\/api.w.org\/{rel}","templated":true}]}}