{"id":20124,"date":"2025-05-19T11:13:30","date_gmt":"2025-05-19T10:13:30","guid":{"rendered":"https:\/\/kliniksanktmoritz.ch\/?post_type=product&#038;p=20124"},"modified":"2025-05-21T18:42:39","modified_gmt":"2025-05-21T17:42:39","slug":"klinik-sankt-moritz-id-von-caldelari-medical","status":"publish","type":"product","link":"https:\/\/kliniksanktmoritz.ch\/de\/produkt\/klinik-sankt-moritz-id-von-caldelari-medical\/","title":{"rendered":"Klinik Sankt Moritz ID"},"content":{"rendered":"<h2>\ud83e\ude7a KLINIK SANKT MORITZ ID von Caldelari Medical<br \/>\nEin weltweiter digitaler Identifikator f\u00fcr gepr\u00fcfte Mediziner<\/h2>\n<h4>Eine Nummer. Eine Garantie. Eine Unterschrift des Vertrauens.<\/h4>\n<h4>\ud83d\udd39 Wie lautet die Klinik Sankt Moritz ID?<br \/>\nDie Klinik Sankt Moritz ID ist eine eindeutige digitale Kennung, die nur \u00c4rzten ausgestellt wird, die aktiv bei einer anerkannten \u00c4rztekammer registriert sind, egal wo auf der Welt.Es handelt sich um einen einfachen, j\u00e4hrlichen Dienst, der den Patienten ein Mindestma\u00df an beruflicher Authentizit\u00e4t und den \u00c4rzten eine verifizierte, sichere Pr\u00e4senz bietet.<\/h4>\n<h4>\ud83e\udde9 Wof\u00fcr ist das?<br \/>\nErkennen Sie einen Arzt sofort und eindeutig als solchen.<br \/>\nBetten Sie die ID in Ihre E-Mail-Signatur, Ihre Website, medizinische Dokumente oder digitale Plattformen ein.<br \/>\nVersichern Sie Ihren Patienten, dass sie mit einem approbierten Arzt sprechen - Lebensl\u00e4ufe, Titel oder Diplome sind \u00fcberfl\u00fcssig.<\/h4>\n<h4>\ud83d\udd10 Was wird damit \u00fcberpr\u00fcft?<br \/>\ndass der Berufsangeh\u00f6rige aktiv bei einer \u00c4rztekammer registriert ist.<br \/>\nDie Klinik Sankt Moritz hat dies innerhalb der letzten 12 Monate \u00fcberpr\u00fcft.<br \/>\nNicht mehr und nicht weniger: Sie best\u00e4tigt die Existenz und die Legitimit\u00e4t, nicht die Qualifikation oder das Fachwissen.<\/h4>\n<h4>\ud83d\udca1 Warum ist das wichtig?<br \/>\nIm Zeitalter von Fehlinformationen und digitalem Betrug dient die Klinik Sankt Moritz ID als minimaler Vertrauensstandard:<br \/>\n\u2705 Sch\u00fctzt Patienten vor gef\u00e4lschten Profilen<br \/>\n\u2705 Verschafft echten Fachleuten Sichtbarkeit<br \/>\n\u2705 \u00dcberwindet die Barrieren des digitalen Vertrauens im Gesundheitswesen<\/h4>\n<h4>\ud83c\udfaf F\u00fcr wen ist es gedacht?<br \/>\nAusschlie\u00dflich f\u00fcr zugelassene \u00c4rzte, unabh\u00e4ngig von Land und Fachgebiet.<br \/>\nKeine gef\u00e4lschten Bescheinigungen. Keine Grauzonen. Keine Zweideutigkeit.<\/h4>\n<h4>\ud83d\udcb5 Wie viel kostet es?<br \/>\nEin niedrigschwelliger Einstiegsdienst:49 USD\/Jahr F\u00fcr \u00c4rzte, die sich weltweit einfach verifizieren lassen wollen.<\/h4>\n<h4>\ud83c\udf10 Weltweite Sichtbarkeit<br \/>\n\u00c4rzte, die einen Ausweis erhalten, werden:<br \/>\nIm offiziellen \u00f6ffentlichen Verzeichnis der Klinik Sankt Moritz auftauchen<br \/>\nSie erhalten einen digitalen Ausweis, um ihre verifizierte ID zu pr\u00e4sentieren.<br \/>\nBieten Sie den Patienten einen klaren, \u00f6ffentlichen Link, um ihren Status zu \u00fcberpr\u00fcfen<\/h4>\n<h4>\ud83d\udee1\ufe0f Der Wert einer einfachen \u00dcberpr\u00fcfung<br \/>\nDie Klinik Sankt Moritz ID greift nicht in Ihre Privatsph\u00e4re ein, gibt Ihre Daten nicht preis und versucht nicht, Ihre F\u00e4higkeiten zu zertifizieren.<br \/>\nSie best\u00e4tigt nur eine wesentliche Wahrheit: \ud83d\udc49 \"Diese Person ist ein zugelassener Arzt. Verifiziert durch uns.\"<\/h4>\n<h4>\ud83d\ude80 Ein kleiner Schritt f\u00fcr den Arzt. Ein gro\u00dfer Sprung f\u00fcr das Vertrauen der Patienten.<\/h4>","protected":false},"excerpt":{"rendered":"<h3>Klinik Sankt Moritz ID von Caldelari Medical<\/h3>","protected":false},"featured_media":19764,"template":"","meta":{"_acf_changed":false,"wds_primary_product_brand":0,"wds_primary_product_cat":0,"_wordproof_timestamp":false},"product_brand":[183],"product_cat":[164,158],"product_tag":[163],"class_list":{"0":"post-20124","1":"product","2":"type-product","3":"status-publish","4":"has-post-thumbnail","6":"product_brand-klinik-sankt-moritz","7":"product_cat-certification","8":"product_cat-worldmedcert","9":"product_tag-certified-medical-doctor","10":"yith_shop_vendor-caldelari","12":"first","13":"instock","14":"shipping-taxable","15":"purchasable","16":"product-type-simple"},"acf":[],"_links":{"self":[{"href":"https:\/\/kliniksanktmoritz.ch\/de\/wp-json\/wp\/v2\/product\/20124","targetHints":{"allow":["GET"]}}],"collection":[{"href":"https:\/\/kliniksanktmoritz.ch\/de\/wp-json\/wp\/v2\/product"}],"about":[{"href":"https:\/\/kliniksanktmoritz.ch\/de\/wp-json\/wp\/v2\/types\/product"}],"wp:featuredmedia":[{"embeddable":true,"href":"https:\/\/kliniksanktmoritz.ch\/de\/wp-json\/wp\/v2\/media\/19764"}],"wp:attachment":[{"href":"https:\/\/kliniksanktmoritz.ch\/de\/wp-json\/wp\/v2\/media?parent=20124"}],"wp:term":[{"taxonomy":"product_brand","embeddable":true,"href":"https:\/\/kliniksanktmoritz.ch\/de\/wp-json\/wp\/v2\/product_brand?post=20124"},{"taxonomy":"product_cat","embeddable":true,"href":"https:\/\/kliniksanktmoritz.ch\/de\/wp-json\/wp\/v2\/product_cat?post=20124"},{"taxonomy":"product_tag","embeddable":true,"href":"https:\/\/kliniksanktmoritz.ch\/de\/wp-json\/wp\/v2\/product_tag?post=20124"}],"curies":[{"name":"wp","href":"https:\/\/api.w.org\/{rel}","templated":true}]}}