{"id":20133,"date":"2025-05-19T11:14:55","date_gmt":"2025-05-19T10:14:55","guid":{"rendered":"https:\/\/kliniksanktmoritz.ch\/?post_type=product&#038;p=20133"},"modified":"2025-05-21T18:14:01","modified_gmt":"2025-05-21T17:14:01","slug":"platinum-yearly-eligibility-check-top-20-by-caldelari-medical","status":"publish","type":"product","link":"https:\/\/kliniksanktmoritz.ch\/de\/produkt\/platinum-annual-eligibility-check-top-20-von-caldelari-medical\/","title":{"rendered":"Platin J\u00e4hrlich + Anspruchsberechtigung TOP 20%"},"content":{"rendered":"<h4>\ud83d\udc68\u200d\u2695\ufe0f <em>Sind Sie ein Arzt? Dann ist es an der Zeit, dass Sie das digitale Zeitalter der Medizin dominieren.<\/em><\/h4>\n<h4><strong>MDs, DOs, <em>\u00c4sthetische \u00c4rzte<\/em>Physiologen, Psychiater, Di\u00e4tologen, Osteopathen (USA):<\/strong><br \/>\nSie wurden geboren, um zu heilen. Jetzt ist es an der Zeit, deine Brillanz zu zertifizieren.<\/h4>\n<hr \/>\n<h4>\ud83c\udf96\ufe0f <strong>Klinik Sankt Moritz Medizinische Zertifizierung <\/strong><br \/>\nEs ist mehr als eine Zertifizierung - es ist Ihr Elite-Pass f\u00fcr weltweite Anerkennung im digitalen Gesundheitswesen.<br \/>\n\u00dcberpr\u00fcfung. Autorit\u00e4t. Reputation. Weltweite Sichtbarkeit. Alles in einem einzigen prestigetr\u00e4chtigen Abzeichen.<\/h4>\n<hr \/>\n<h4><strong>\ud83d\udd0d Was ist f\u00fcr Sie drin?<\/strong><br \/>\n\u2705 \u00dcberpr\u00fcfte Identit\u00e4t (KYC) + fachm\u00e4nnisch verwalteter Lebenslauf.<br \/>\n\u2705 Zugang zum digitalen Zwilling: lebenslange Patientenbindung, intelligente Gesundheits\u00fcberwachung.<br \/>\n\u2705 St\u00e4ndige Fortbildung und modernste Medizintechnik.<br \/>\n\u2705 ShareKey-Suite: Verschl\u00fcsselte Kommunikation und Datenkontrolle auf Schweizer Niveau.<br \/>\n\u2705 Botschafternetz und direkte Weiterempfehlungen.<br \/>\n\u2705 Schutz der digitalen Identit\u00e4t + Steigerung der Glaubw\u00fcrdigkeit.<br \/>\n\u2705 Internationale Pr\u00e4senz, Spitzen-SEO, erstklassiger Ruf.<\/h4>\n<hr \/>\n<h4>\ud83d\udca5 <strong>Jetzt stellen Sie sich Folgendes vor:<\/strong><br \/>\nEin Patient findet Sie. Er sieht das Abzeichen der Klinik Sankt Moritz.<br \/>\nSie wissen, dass Sie zur Elite geh\u00f6ren. Sie vertrauen Ihnen. Sie w\u00e4hlen Sie. Sie bleiben.<\/h4>\n<hr \/>\n<h4>\ud83d\ude80 <strong>BESTER PREIS<br \/>\n<\/strong>\ud83d\udd25 OBEN <em>Sparen Sie 20% bei einmaliger Zahlung gegen\u00fcber monatlicher Zahlung!<br \/>\nCHF <strong>1.511<\/strong><\/em><\/h4>\n<hr \/>\n<h4>\ud83d\udc49 <strong>KLICKEN SIE HIER UND LASSEN SIE SICH JETZT ZERTIFIZIEREN.<\/strong><br \/>\n<em>Beherrschen Sie Suchmaschinen, begeistern Sie Patienten und steigen Sie in die digitale Ruhmeshalle auf.<\/em><br \/>\n<strong>Warten Sie nicht auf die Zukunft - werden Sie die Zukunft.<\/strong><\/h4>","protected":false},"excerpt":{"rendered":"<h3>Platinum J\u00e4hrlich + Berechtigungspr\u00fcfung TOP 20% von Caldelari Medical<\/h3>\n<h5><a href=\"https:\/\/wise.com\/gb\/currency-converter\/currencies\/chf-swiss-franc\"><strong data-start=\"4\" data-end=\"43\">Schweizer Franken in Echtzeit<\/strong><\/a><br \/>\nAls Schweizer Unternehmen arbeiten wir haupts\u00e4chlich in Schweizer Franken, einem Symbol f\u00fcr Stabilit\u00e4t und Zuverl\u00e4ssigkeit. Angesichts der weltweiten Marktschwankungen gew\u00e4hrleistet dies Effizienz und Transparenz und minimiert w\u00e4hrungsbedingte Unsicherheiten.<\/h5>","protected":false},"featured_media":19773,"template":"","meta":{"_acf_changed":false,"wds_primary_product_brand":0,"wds_primary_product_cat":0,"_wordproof_timestamp":false},"product_brand":[],"product_cat":[164,119,158],"product_tag":[162,163,187],"class_list":{"0":"post-20133","1":"product","2":"type-product","3":"status-publish","4":"has-post-thumbnail","6":"product_cat-certification","7":"product_cat-partner","8":"product_cat-worldmedcert","9":"product_tag-certified-degree","10":"product_tag-certified-medical-doctor","11":"product_tag-klinik-sankt-moritz-id","12":"yith_shop_vendor-caldelari","14":"first","15":"instock","16":"virtual","17":"purchasable","18":"product-type-simple"},"acf":[],"_links":{"self":[{"href":"https:\/\/kliniksanktmoritz.ch\/de\/wp-json\/wp\/v2\/product\/20133","targetHints":{"allow":["GET"]}}],"collection":[{"href":"https:\/\/kliniksanktmoritz.ch\/de\/wp-json\/wp\/v2\/product"}],"about":[{"href":"https:\/\/kliniksanktmoritz.ch\/de\/wp-json\/wp\/v2\/types\/product"}],"wp:featuredmedia":[{"embeddable":true,"href":"https:\/\/kliniksanktmoritz.ch\/de\/wp-json\/wp\/v2\/media\/19773"}],"wp:attachment":[{"href":"https:\/\/kliniksanktmoritz.ch\/de\/wp-json\/wp\/v2\/media?parent=20133"}],"wp:term":[{"taxonomy":"product_brand","embeddable":true,"href":"https:\/\/kliniksanktmoritz.ch\/de\/wp-json\/wp\/v2\/product_brand?post=20133"},{"taxonomy":"product_cat","embeddable":true,"href":"https:\/\/kliniksanktmoritz.ch\/de\/wp-json\/wp\/v2\/product_cat?post=20133"},{"taxonomy":"product_tag","embeddable":true,"href":"https:\/\/kliniksanktmoritz.ch\/de\/wp-json\/wp\/v2\/product_tag?post=20133"}],"curies":[{"name":"wp","href":"https:\/\/api.w.org\/{rel}","templated":true}]}}