{"id":20291,"date":"2025-05-26T11:13:35","date_gmt":"2025-05-26T10:13:35","guid":{"rendered":"https:\/\/kliniksanktmoritz.ch\/?post_type=product&#038;p=20291"},"modified":"2025-05-26T11:13:35","modified_gmt":"2025-05-26T10:13:35","slug":"%f0%9f%8e%af-are-you-eligible-for-regenerative-knee-treatment","status":"publish","type":"product","link":"https:\/\/kliniksanktmoritz.ch\/de\/produkt\/%f0%9f%8e%af-kommen-sie-fur-eine-regenerative-kniebehandlung-in-frage\/","title":{"rendered":"\ud83c\udfaf KOMMEN SIE F\u00dcR EINE REGENERATIVE KNIEBEHANDLUNG IN FRAGE?"},"content":{"rendered":"<h1 data-start=\"315\" data-end=\"370\">\ud83c\udfaf KOMMEN SIE F\u00dcR EINE REGENERATIVE KNIEBEHANDLUNG IN FRAGE?<\/h1>\n<h2 data-start=\"372\" data-end=\"433\">Nicht alle Knie m\u00fcssen operiert werden.<br data-start=\"399\" data-end=\"402\" \/>Nicht jeder Spieler muss aufh\u00f6ren.<\/h2>\n<h2 data-start=\"435\" data-end=\"572\">Unser fortschrittliches <strong data-start=\"448\" data-end=\"492\">nicht-chirurgisches Programm zur Regeneration des Knies<\/strong> ist f\u00fcr Sportler \u00fcber 40 gedacht - allerdings nur nach einer sorgf\u00e4ltigen medizinischen Untersuchung.<\/h2>","protected":false},"excerpt":{"rendered":"<h2 data-start=\"315\" data-end=\"370\">\ud83c\udfaf KOMMEN SIE F\u00dcR EINE REGENERATIVE KNIEBEHANDLUNG IN FRAGE?<\/h2>\n<p data-start=\"574\" data-end=\"736\">\ud83d\udc49 M\u00f6chten Sie eine Kniegelenkersatzoperation vermeiden?<br data-start=\"616\" data-end=\"619\" \/>\ud83d\udc49 F\u00fchlst du immer noch den Drang, wieder auf den Platz zu gehen?<br data-start=\"668\" data-end=\"671\" \/>\ud83d\udc49 Neugierig, ob <strong data-start=\"685\" data-end=\"708\">Stammzellentherapie<\/strong> f\u00fcr Ihre Gelenke funktionieren k\u00f6nnte?<\/p>\n<p data-start=\"738\" data-end=\"814\">Beginnen Sie mit einer personalisierten <strong data-start=\"764\" data-end=\"790\">F\u00f6rderf\u00e4higkeitsbeurteilung<\/strong> in der Klinik Sankt Moritz.<\/p>\n<hr data-start=\"816\" data-end=\"819\" \/>\n<h3 data-start=\"821\" data-end=\"864\">\u2705 Was ist in Ihrer Beratung enthalten?<\/h3>\n<ul data-start=\"865\" data-end=\"1194\">\n<li data-start=\"865\" data-end=\"940\">\n<p data-start=\"867\" data-end=\"940\">Vollst\u00e4ndige orthop\u00e4dische Untersuchung mit Schwerpunkt auf <strong data-start=\"900\" data-end=\"938\">Gelenkzustand &amp; Knorpelsch\u00e4den<\/strong><\/p>\n<\/li>\n<li data-start=\"941\" data-end=\"1013\">\n<p data-start=\"943\" data-end=\"1013\">Biomechanische Bewegungsanalyse (ideal f\u00fcr Padel- und Tennisspieler)<\/p>\n<\/li>\n<li data-start=\"1014\" data-end=\"1076\">\n<p data-start=\"1016\" data-end=\"1076\">1-on-1-Gespr\u00e4ch mit unserem Team f\u00fcr Chirurgie und Sportmedizin<\/p>\n<\/li>\n<li data-start=\"1077\" data-end=\"1134\">\n<p data-start=\"1079\" data-end=\"1134\">Ma\u00dfgeschneidertes Feedback, ob Sie ein guter Kandidat sind<\/p>\n<\/li>\n<li data-start=\"1135\" data-end=\"1194\">\n<p data-start=\"1137\" data-end=\"1194\">Klare Erl\u00e4uterung der Optionen, der Genesungszeit und des Ergebnisses<\/p>\n<\/li>\n<\/ul>\n<p data-start=\"1196\" data-end=\"1295\">\ud83d\udcb3 <strong data-start=\"1199\" data-end=\"1225\">Beratungsgeb\u00fchr: 300 \u20ac.<\/strong><br data-start=\"1225\" data-end=\"1228\" \/>(<em data-start=\"1229\" data-end=\"1294\">Vollst\u00e4ndig abzugsf\u00e4hig, wenn Sie das gesamte Behandlungspaket in Anspruch nehmen<\/em>)<\/p>\n<hr data-start=\"1297\" data-end=\"1300\" \/>\n<h3 data-start=\"1302\" data-end=\"1345\">\ud83d\udd35 [BUCHEN SIE JETZT IHRE MEDIZINISCHE UNTERSUCHUNG]<\/h3>\n<p data-start=\"1346\" data-end=\"1420\"><em data-start=\"1346\" data-end=\"1420\">Finden Sie heraus, ob Ihre Knie wieder leistungsf\u00e4hig sind - ohne Prothesen.<\/em><\/p>","protected":false},"featured_media":20293,"template":"","meta":{"_acf_changed":false,"wds_primary_product_brand":0,"wds_primary_product_cat":0,"_wordproof_timestamp":false},"product_brand":[],"product_cat":[69],"product_tag":[],"class_list":{"0":"post-20291","1":"product","2":"type-product","3":"status-publish","4":"has-post-thumbnail","6":"product_cat-uncategorized","8":"first","9":"instock","10":"virtual","11":"purchasable","12":"product-type-simple"},"acf":[],"_links":{"self":[{"href":"https:\/\/kliniksanktmoritz.ch\/de\/wp-json\/wp\/v2\/product\/20291","targetHints":{"allow":["GET"]}}],"collection":[{"href":"https:\/\/kliniksanktmoritz.ch\/de\/wp-json\/wp\/v2\/product"}],"about":[{"href":"https:\/\/kliniksanktmoritz.ch\/de\/wp-json\/wp\/v2\/types\/product"}],"wp:featuredmedia":[{"embeddable":true,"href":"https:\/\/kliniksanktmoritz.ch\/de\/wp-json\/wp\/v2\/media\/20293"}],"wp:attachment":[{"href":"https:\/\/kliniksanktmoritz.ch\/de\/wp-json\/wp\/v2\/media?parent=20291"}],"wp:term":[{"taxonomy":"product_brand","embeddable":true,"href":"https:\/\/kliniksanktmoritz.ch\/de\/wp-json\/wp\/v2\/product_brand?post=20291"},{"taxonomy":"product_cat","embeddable":true,"href":"https:\/\/kliniksanktmoritz.ch\/de\/wp-json\/wp\/v2\/product_cat?post=20291"},{"taxonomy":"product_tag","embeddable":true,"href":"https:\/\/kliniksanktmoritz.ch\/de\/wp-json\/wp\/v2\/product_tag?post=20291"}],"curies":[{"name":"wp","href":"https:\/\/api.w.org\/{rel}","templated":true}]}}