{"id":20307,"date":"2025-05-27T13:36:45","date_gmt":"2025-05-27T12:36:45","guid":{"rendered":"https:\/\/kliniksanktmoritz.ch\/?post_type=product&#038;p=20307"},"modified":"2025-05-27T20:39:28","modified_gmt":"2025-05-27T19:39:28","slug":"digital-twin-data-version","status":"publish","type":"product","link":"https:\/\/kliniksanktmoritz.ch\/de\/produkt\/digitale-zwillingsdatenversion\/","title":{"rendered":"Digitaler Zwilling DATA VERSION"},"content":{"rendered":"<h1>\ud83e\udde0 Digital Twin DATA: Ein Dashboard f\u00fcr Ihren gesamten K\u00f6rper<\/h1>\n<h2>Ihre Gesundheitsdaten, endlich vernetzt.<\/h2>\n<h3>\u2705 Was macht Digital Twin DATA anders?<\/h3>\n<h5>Vereinheitlicht <strong>Dashboard<\/strong>Alle Ihre Daten - <strong>schlafen<\/strong>, <strong>Blut<\/strong> <strong>Tests<\/strong>, <strong>Schritte<\/strong>, <strong>Herz<\/strong> <strong>Satz<\/strong> - in <strong>eine<\/strong> <strong>Ort<\/strong>. Nicht mehr <strong>App-Hopping<\/strong>. Eine <strong>intelligente Schnittstelle<\/strong>, die in Echtzeit aktualisiert werden.<br \/>\nVisualisierte Gesundheitstrends Sehen Sie Ihre Gesundheit wie nie zuvor. <strong>Schaubilder<\/strong> und <strong>Kurven<\/strong> <strong>anzeigen<\/strong> wie Ihr <strong>schlafen<\/strong>, <strong>Vitamin D<\/strong>und <strong>Kreatinin<\/strong> umwirken <strong>Tage<\/strong>, <strong>Wochen<\/strong>und <strong>Monate<\/strong>.<br \/>\nErweiterte Cybersicherheit Ihre Gesundheitsdaten sind <strong>verschl\u00fcsselt<\/strong>, <strong>gesch\u00fctzt<\/strong>und in einer privaten Datenbank gespeichert <strong>Wolke<\/strong>. Nur Sie entscheiden, wer es sieht. Es geh\u00f6rt Ihnen - und nur Ihnen.<br \/>\nVollst\u00e4ndig <strong>Medizinische<\/strong> Integration Laden Sie Ihr komplettes medizinisches <strong>Geschichte<\/strong>, <strong>Labor<\/strong> <strong>Ergebnisse<\/strong>, <strong>Verschreibungen<\/strong>und <strong>tragbar<\/strong> <strong>Daten<\/strong>. Ihr <strong>vollst\u00e4ndig<\/strong> <strong>Gesundheit<\/strong> <strong>Bild<\/strong>endlich zusammen.<br \/>\nKompatibel mit <strong>300+ Ger\u00e4te<\/strong>Von <strong>Apfel<\/strong> Gesundheit, <strong>Fitbit<\/strong>, <strong>Garmin<\/strong> und Oura an Dexcom, <strong>Strava<\/strong>, <strong>MyFitnessPal<\/strong>und bald auch <strong>Tesla<\/strong> und <strong>Peloton<\/strong> - wir verbinden alles, was Sie verfolgt.<\/h5>\n<h3>\ud83c\udf0d F\u00fcr wen ist es?<\/h3>\n<ul>\n<li>Menschen, die <strong>Zug<\/strong><\/li>\n<li>Menschen mit <strong>chronisch<\/strong> Bedingungen<\/li>\n<li>Menschen, die sich f\u00fcr <strong>Pr\u00e4vention<\/strong><\/li>\n<li>Menschen m\u00fcde von <strong>fehlt<\/strong> oder <strong>verlieren<\/strong> ihre <strong>Daten<\/strong><\/li>\n<li>Menschen, die wollen <strong>\u00dcbersichtlichkeit<\/strong>, <strong>Kontrolle<\/strong>und <strong>Gewissheit<\/strong><\/li>\n<li>\ud83d\udcca H\u00f6r auf zu raten. Fang an zu sehen.<\/li>\n<li>Mit Digital Twin DATA k\u00f6nnen Sie Ihre Gesundheit in Echtzeit \u00fcberwachen.Sie erkennen Probleme, noch bevor sich Symptome zeigen.Sie k\u00f6nnen Ma\u00dfnahmen ergreifen, bevor es zu sp\u00e4t ist.<\/li>\n<\/ul>\n<h3>\ud83d\udd10 \u00dcbernehmen Sie jetzt die Kontrolle \u00fcber Ihre Gesundheit.<\/h3>\n<h3>Erstellen Sie noch heute Ihren Digitalen Zwilling und <strong>nie wieder den \u00dcberblick verlieren<\/strong>.<br \/>\n\ud83d\udc49 Werden Sie jetzt Mitglied und bauen Sie Ihr <strong>vollst\u00e4ndiges Gesundheitsprofil<\/strong> in nur wenigen Minuten.<strong>Eigene<\/strong> Ihr <strong>Daten<\/strong>. <strong>Verstehen Sie Ihren K\u00f6rper<\/strong>. <strong>Besser leben<\/strong>.<\/h3>","protected":false},"excerpt":{"rendered":"<h1>\ud83e\udde0 Digital Twin DATA: Ein Dashboard f\u00fcr Ihren gesamten K\u00f6rper<\/h1>\n<h2>Ihre Gesundheitsdaten, endlich vernetzt.<\/h2>\n<h5>Kein Springen mehr zwischen Anwendungen. Keine verstreuten Ergebnisse mehr.Digital Twin DATA bringt alle Ihre <strong>Gesundheit<\/strong> Informationen in einem <strong>sicher<\/strong>, <strong>intelligent<\/strong> Plattform - entwickelt, um das tats\u00e4chliche Verhalten Ihres K\u00f6rpers im Laufe der Zeit zu verfolgen.<\/h5>\n<h3><\/h3>","protected":false},"featured_media":20308,"template":"","meta":{"_acf_changed":false,"wds_primary_product_brand":0,"wds_primary_product_cat":0,"_wordproof_timestamp":false},"product_brand":[183],"product_cat":[69],"product_tag":[],"class_list":{"0":"post-20307","1":"product","2":"type-product","3":"status-publish","4":"has-post-thumbnail","6":"product_brand-klinik-sankt-moritz","7":"product_cat-uncategorized","9":"first","10":"instock","11":"virtual","12":"purchasable","13":"product-type-simple"},"acf":[],"_links":{"self":[{"href":"https:\/\/kliniksanktmoritz.ch\/de\/wp-json\/wp\/v2\/product\/20307","targetHints":{"allow":["GET"]}}],"collection":[{"href":"https:\/\/kliniksanktmoritz.ch\/de\/wp-json\/wp\/v2\/product"}],"about":[{"href":"https:\/\/kliniksanktmoritz.ch\/de\/wp-json\/wp\/v2\/types\/product"}],"wp:featuredmedia":[{"embeddable":true,"href":"https:\/\/kliniksanktmoritz.ch\/de\/wp-json\/wp\/v2\/media\/20308"}],"wp:attachment":[{"href":"https:\/\/kliniksanktmoritz.ch\/de\/wp-json\/wp\/v2\/media?parent=20307"}],"wp:term":[{"taxonomy":"product_brand","embeddable":true,"href":"https:\/\/kliniksanktmoritz.ch\/de\/wp-json\/wp\/v2\/product_brand?post=20307"},{"taxonomy":"product_cat","embeddable":true,"href":"https:\/\/kliniksanktmoritz.ch\/de\/wp-json\/wp\/v2\/product_cat?post=20307"},{"taxonomy":"product_tag","embeddable":true,"href":"https:\/\/kliniksanktmoritz.ch\/de\/wp-json\/wp\/v2\/product_tag?post=20307"}],"curies":[{"name":"wp","href":"https:\/\/api.w.org\/{rel}","templated":true}]}}