{"id":11130,"date":"2024-03-05T14:56:42","date_gmt":"2024-03-05T13:56:42","guid":{"rendered":"https:\/\/kliniksanktmoritz.ch\/?page_id=11130"},"modified":"2024-03-05T14:57:11","modified_gmt":"2024-03-05T13:57:11","slug":"podcast","status":"publish","type":"page","link":"https:\/\/kliniksanktmoritz.ch\/es\/podcast\/","title":{"rendered":"Podcast"},"content":{"rendered":"<section class=\"bde-section-11130-100 bde-section\">\n  \n  \n\t\n\n\n\n<div class=\"section-container\"><h1 class=\"bde-dual-heading-11130-101 bde-dual-heading\">\n\n\n            <span data-style=\"primary\" class=\"dual-heading--primary\"><\/span>\n\n            <span data-style=\"secondary\" class=\"dual-heading--secondary\">Podcast<\/span>\n\n\n\n<\/h1><div class=\"bde-rich-text-11130-102 bde-rich-text breakdance-rich-text-styles\">\n<p>En nuestro canal de YouTube encontrar\u00e1 nuestro podcast<\/p>\n<p><strong>El estilo de vida de un campe\u00f3n, en directo<\/strong><\/p>\n<p>Los campeones comparten sus datos y hablan de su estilo de vida para seguir siendo campeones para siempre.<\/p>\n<p>C\u00f3mo un estilo de vida saludable m\u00e1s all\u00e1 de las competiciones nos lleva a tener una longevidad saludable. Empezar a entrenar m\u00e1s tarde en la vida es igual de importante para la salud y para tener una mejor calidad de vida durante mucho m\u00e1s tiempo.<\/p>\n<p>Descubriremos a muchos atletas, en muchos deportes y a muchas edades. Entramos con muchos m\u00e9dicos en muchos estilos de vida para ver cu\u00e1ntas oportunidades funcionan para adelgazar, mejorar, potenciar y rejuvenecer.<\/p>\n<\/div><\/div>\n<\/section>","protected":false},"excerpt":{"rendered":"<p>Podcast On our YouTube channel, you will find our podcast The Lifestyle of a Champion, Live Champions share their data and talk about their lifestyle to remain champions forever. How a healthy lifestyle beyond competitions leads us to have a healthy longevity. Starting to train later in life is just as important for health and [&hellip;]<\/p>\n","protected":false},"author":1,"featured_media":0,"parent":0,"menu_order":0,"comment_status":"closed","ping_status":"closed","template":"","meta":{"_acf_changed":false,"_breakdance_hide_in_design_set":false,"_breakdance_tags":"","footnotes":"","_wordproof_timestamp":false},"class_list":["post-11130","page","type-page","status-publish","hentry"],"acf":[],"_links":{"self":[{"href":"https:\/\/kliniksanktmoritz.ch\/es\/wp-json\/wp\/v2\/pages\/11130","targetHints":{"allow":["GET"]}}],"collection":[{"href":"https:\/\/kliniksanktmoritz.ch\/es\/wp-json\/wp\/v2\/pages"}],"about":[{"href":"https:\/\/kliniksanktmoritz.ch\/es\/wp-json\/wp\/v2\/types\/page"}],"author":[{"embeddable":true,"href":"https:\/\/kliniksanktmoritz.ch\/es\/wp-json\/wp\/v2\/users\/1"}],"replies":[{"embeddable":true,"href":"https:\/\/kliniksanktmoritz.ch\/es\/wp-json\/wp\/v2\/comments?post=11130"}],"version-history":[{"count":2,"href":"https:\/\/kliniksanktmoritz.ch\/es\/wp-json\/wp\/v2\/pages\/11130\/revisions"}],"predecessor-version":[{"id":11132,"href":"https:\/\/kliniksanktmoritz.ch\/es\/wp-json\/wp\/v2\/pages\/11130\/revisions\/11132"}],"wp:attachment":[{"href":"https:\/\/kliniksanktmoritz.ch\/es\/wp-json\/wp\/v2\/media?parent=11130"}],"curies":[{"name":"wp","href":"https:\/\/api.w.org\/{rel}","templated":true}]}}