{"id":11145,"date":"2024-03-05T15:05:15","date_gmt":"2024-03-05T14:05:15","guid":{"rendered":"https:\/\/kliniksanktmoritz.ch\/?page_id=11145"},"modified":"2024-09-24T13:23:06","modified_gmt":"2024-09-24T12:23:06","slug":"spa","status":"publish","type":"page","link":"https:\/\/kliniksanktmoritz.ch\/es\/spa\/","title":{"rendered":"SPA"},"content":{"rendered":"<section class=\"bde-section-11145-103 bde-section\">\n  \n  \n\t\n\n\n\n<div class=\"section-container\"><div class=\"bde-button-11145-104 bde-button\">\n        \n    \n    \n    \n    \n            \n                    \n            \n            \n\n    \n    \n    \n    \n    \n    <a class=\"breakdance-link button-atom button-atom--secondary bde-button__button\" href=\"https:\/\/calendly.com\/ksm_darpa\/partner-clinic\" target=\"_self\" data-type=\"url\" rel=\"noopener\">\n\n    \n        <span class=\"button-atom__text\">\/se hizo socio<\/span>\n\n        \n        \n                <\/a>\n\n    \n\n\n<\/div><div class=\"bde-columns-11145-105 bde-columns\"><div class=\"bde-column-11145-106 bde-column\">\n  \n  \n\t\n\n\n\n<h2 class=\"bde-dual-heading-11145-107 bde-dual-heading\">\n\n\n            <span data-style=\"primary\" class=\"dual-heading--primary\">Descubra el futuro del bienestar y la asistencia sanitaria con <\/span>\n\n            <span data-style=\"secondary\" class=\"dual-heading--secondary\">El gemelo digital de la Klinik Sankt Moritz<\/span>\n\n\n\n<\/h2><div class=\"bde-text-11145-108 bde-text\">\nImagine un mundo en el que la experiencia rejuvenecedora de un spa de lujo se extienda mucho m\u00e1s all\u00e1 de sus l\u00edmites f\u00edsicos. Un lugar donde su bienestar no se limite a un retiro de fin de semana o a una desintoxicaci\u00f3n de una semana, sino donde los beneficios de un estilo de vida hol\u00edstico se integren en su rutina diaria, est\u00e9 donde est\u00e9 en el mundo. Esta es la promesa de la revolucionaria tecnolog\u00eda Digital Twin de Klinik Sankt Moritz: una combinaci\u00f3n perfecta de servicios de spa tradicionales y asistencia sanitaria digital de vanguardia.<br><br>\n<\/div><div class=\"bde-button-11145-109 bde-button\">\n        \n    \n    \n    \n    \n            \n                    \n            \n            \n\n    \n    \n    \n    \n    \n    <a class=\"breakdance-link button-atom button-atom--secondary bde-button__button\" href=\"https:\/\/kliniksanktmoritz.ch\/es\/clinicas\/\" target=\"_self\" data-type=\"url\">\n\n    \n        <span class=\"button-atom__text\">\/Digital Twin para cl\u00ednicas <\/span>\n\n        \n        \n                <\/a>\n\n    \n\n\n<\/div><div class=\"bde-button-11145-110 bde-button\">\n        \n    \n    \n    \n    \n            \n                    \n            \n            \n\n    \n    \n    \n    \n    \n    <a class=\"breakdance-link button-atom button-atom--secondary bde-button__button\" href=\"https:\/\/calendly.com\/ksm_darpa\/partner-clinic\" target=\"_self\" data-type=\"url\" rel=\"noopener\">\n\n    \n        <span class=\"button-atom__text\">\/reservar cita<\/span>\n\n        \n        \n                <\/a>\n\n    \n\n\n<\/div>\n<\/div><div class=\"bde-column-11145-111 bde-column\">\n  \n  \n\t\n\n\n\n<div class=\"bde-image-11145-112 bde-image\">\n<figure class=\"breakdance-image breakdance-image--12552\">\n\t<div class=\"breakdance-image-container\">\n\t\t<div class=\"breakdance-image-clip\"><img loading=\"lazy\" decoding=\"async\" class=\"breakdance-image-object\" src=\"https:\/\/kliniksanktmoritz.ch\/wp-content\/uploads\/2024\/09\/DALL\u00b7E-2024-09-18-12.02.56-A-futuristic-beauty-salon-where-a-beauty-professional-esthetician-is-interacting-with-a-digital-twin-system-alongside-a-client.-The-esthetician-is-u.webp\" width=\"1024\" height=\"1024\" srcset=\"https:\/\/kliniksanktmoritz.ch\/wp-content\/uploads\/2024\/09\/DALL\u00b7E-2024-09-18-12.02.56-A-futuristic-beauty-salon-where-a-beauty-professional-esthetician-is-interacting-with-a-digital-twin-system-alongside-a-client.-The-esthetician-is-u.webp 1024w, https:\/\/kliniksanktmoritz.ch\/wp-content\/uploads\/2024\/09\/DALL\u00b7E-2024-09-18-12.02.56-A-futuristic-beauty-salon-where-a-beauty-professional-esthetician-is-interacting-with-a-digital-twin-system-alongside-a-client.-The-esthetician-is-u-300x300.webp 300w, https:\/\/kliniksanktmoritz.ch\/wp-content\/uploads\/2024\/09\/DALL\u00b7E-2024-09-18-12.02.56-A-futuristic-beauty-salon-where-a-beauty-professional-esthetician-is-interacting-with-a-digital-twin-system-alongside-a-client.-The-esthetician-is-u-150x150.webp 150w, https:\/\/kliniksanktmoritz.ch\/wp-content\/uploads\/2024\/09\/DALL\u00b7E-2024-09-18-12.02.56-A-futuristic-beauty-salon-where-a-beauty-professional-esthetician-is-interacting-with-a-digital-twin-system-alongside-a-client.-The-esthetician-is-u-768x768.webp 768w, https:\/\/kliniksanktmoritz.ch\/wp-content\/uploads\/2024\/09\/DALL\u00b7E-2024-09-18-12.02.56-A-futuristic-beauty-salon-where-a-beauty-professional-esthetician-is-interacting-with-a-digital-twin-system-alongside-a-client.-The-esthetician-is-u-600x600.webp 600w\" sizes=\"auto, (max-width: 1024px) 100vw, 1024px\" alt=\"\" title=\"\"><\/div>\n\t<\/div><\/figure>\n\n<\/div>\n<\/div><\/div><div class=\"bde-text-11145-113 bde-text\">\nA la cabeza de esta transformaci\u00f3n se encuentra el spa, famoso por ofrecer una amplia gama de servicios, desde lujosos tratamientos para la piel hasta procedimientos est\u00e9ticos de orientaci\u00f3n m\u00e9dica. No se trata de meros caprichos fugaces, sino de experiencias a medida dise\u00f1adas para mejorar su bienestar, tanto interior como exterior. El spa ha sido durante mucho tiempo un santuario de salud y relajaci\u00f3n, un lugar donde los clientes pueden desconectar del estr\u00e9s de la vida cotidiana y sumergirse en un mundo de mimos y rejuvenecimiento.<br><br>Sin embargo, existe una limitaci\u00f3n natural a lo que un spa puede ofrecer. Normalmente, un cliente -a menudo considerado un paciente en este contexto- se queda durante un periodo limitado, desde una escapada r\u00e1pida de fin de semana hasta un retiro m\u00e1s indulgente de una semana. Pero, \u00bfqu\u00e9 ocurre cuando termina la desintoxicaci\u00f3n y el cliente vuelve a su vida cotidiana? Aqu\u00ed es donde entra en juego la magia del Gemelo Digital.<br><br>El Gemelo Digital proporciona un nivel incomparable de apoyo y continuidad por dos razones fundamentales. En primer lugar, le sigue a casa, est\u00e9 donde est\u00e9 en el mundo. El balneario puede estar enclavado en un paisaje pintoresco o situado en una ciudad bulliciosa, pero el Digital Twin garantiza que sus beneficios sean accesibles para usted, convirti\u00e9ndolo en una verdadera encarnaci\u00f3n del turismo de salud. El impacto de su experiencia en el balneario ya no termina cuando se va, sino que se convierte en un compa\u00f1ero de por vida en su viaje hacia una salud \u00f3ptima.<br><br>En segundo lugar, Digital Twin permite al spa ofrecer un r\u00e9gimen de estilo de vida continuo y personalizado. Esto significa que incluso despu\u00e9s de abandonar los tranquilos confines del spa, puede seguir disfrutando de los beneficios de sus recomendaciones de estilo de vida elaboradas por expertos. Desde planes de dieta hasta rutinas de bienestar, el Gemelo Digital supervisa su cumplimiento de estas directrices, proporcionando informaci\u00f3n y ajustes seg\u00fan sea necesario. Es como tener un conserje de salud personal, disponible con s\u00f3lo pulsar un bot\u00f3n, que te gu\u00eda en cada paso de tu viaje de bienestar.<br><br>\u00bfQu\u00e9 significa esto para usted? Significa que nunca estar\u00e1 solo en su b\u00fasqueda de la salud y el bienestar. Con herramientas como una b\u00e1scula inteligente y un diario digital de comidas, el spa puede supervisar tus progresos y asegurarse de que sigues por el buen camino. Tanto si est\u00e1 al otro lado del mundo como a la vuelta de la esquina, el Gemelo Digital le mantiene conectado a su plan de bienestar personalizado, invit\u00e1ndole a volver al spa cuando sea necesario para recibir m\u00e1s tratamientos o consultas.<br><br>\u00bfY lo mejor? A los pacientes les encanta. La sensaci\u00f3n de ser atendidos, de formar parte de un ecosistema sanitario m\u00e1s amplio, no se percibe como una intromisi\u00f3n, sino como un sistema de apoyo tranquilizador. Alivia la carga de tener que recordar cada detalle diet\u00e9tico o rutina de cuidado de la piel, porque todo se gestiona por ti. Adem\u00e1s, gracias al acceso a un completo panel de control, siempre estar\u00e1 informado y podr\u00e1 ponerse en contacto con m\u00e9dicos, nutricionistas y esteticistas. Imagina recibir tus productos favoritos para el cuidado de la piel a trav\u00e9s de un c\u00f3modo servicio de suscripci\u00f3n, adaptado exactamente a tus necesidades, que garantiza que tu r\u00e9gimen de belleza est\u00e9 siempre al d\u00eda.<br><br>Este es el futuro de la asistencia sanitaria y el bienestar personalizados, un mundo en el que el Gemelo Digital sirve de puente entre usted y las lujosas prestaciones de la Klinik Sankt Moritz que mejoran su vida. No se trata s\u00f3lo de una maravilla tecnol\u00f3gica, sino de una revoluci\u00f3n en el estilo de vida. Un enfoque c\u00f3modo y hol\u00edstico de la salud y el bienestar que se adapta a su vida, sus horarios y sus objetivos, garantizando que los beneficios del spa le acompa\u00f1en, no s\u00f3lo durante unos d\u00edas, sino durante toda la vida.<br><br>Bienvenido a la nueva era del bienestar, en la que la Klinik Sankt Moritz y su Digital Twin est\u00e1n redefiniendo la experiencia del spa, convirti\u00e9ndola en un elemento permanente en su viaje hacia una vida m\u00e1s sana y feliz.<br>\n<\/div><div class=\"bde-button-11145-114 bde-button\">\n        \n    \n    \n    \n    \n            \n                    \n            \n            \n\n    \n    \n    \n    \n    \n    <a class=\"breakdance-link button-atom button-atom--secondary bde-button__button\" href=\"https:\/\/calendly.com\/ksm_darpa\/partner-clinic\" target=\"_self\" data-type=\"url\" rel=\"noopener\">\n\n    \n        <span class=\"button-atom__text\">\/reservar cita<\/span>\n\n        \n        \n                <\/a>\n\n    \n\n\n<\/div><\/div>\n<\/section>","protected":false},"excerpt":{"rendered":"<p>\/became a partner Discover the Future of Wellness and Healthcare with Klinik Sankt Moritz\u2019s Digital Twin Imagine a world where the rejuvenating experience of a luxury spa extends far beyond its physical boundaries. A place where your well-being is not confined to a weekend retreat or a week-long detox, but where the benefits of a [&hellip;]<\/p>\n","protected":false},"author":1,"featured_media":0,"parent":0,"menu_order":0,"comment_status":"closed","ping_status":"closed","template":"","meta":{"_acf_changed":false,"_breakdance_hide_in_design_set":false,"_breakdance_tags":"","footnotes":"","_wordproof_timestamp":false},"class_list":["post-11145","page","type-page","status-publish","hentry"],"acf":[],"_links":{"self":[{"href":"https:\/\/kliniksanktmoritz.ch\/es\/wp-json\/wp\/v2\/pages\/11145","targetHints":{"allow":["GET"]}}],"collection":[{"href":"https:\/\/kliniksanktmoritz.ch\/es\/wp-json\/wp\/v2\/pages"}],"about":[{"href":"https:\/\/kliniksanktmoritz.ch\/es\/wp-json\/wp\/v2\/types\/page"}],"author":[{"embeddable":true,"href":"https:\/\/kliniksanktmoritz.ch\/es\/wp-json\/wp\/v2\/users\/1"}],"replies":[{"embeddable":true,"href":"https:\/\/kliniksanktmoritz.ch\/es\/wp-json\/wp\/v2\/comments?post=11145"}],"version-history":[{"count":5,"href":"https:\/\/kliniksanktmoritz.ch\/es\/wp-json\/wp\/v2\/pages\/11145\/revisions"}],"predecessor-version":[{"id":12554,"href":"https:\/\/kliniksanktmoritz.ch\/es\/wp-json\/wp\/v2\/pages\/11145\/revisions\/12554"}],"wp:attachment":[{"href":"https:\/\/kliniksanktmoritz.ch\/es\/wp-json\/wp\/v2\/media?parent=11145"}],"curies":[{"name":"wp","href":"https:\/\/api.w.org\/{rel}","templated":true}]}}