{"id":11153,"date":"2024-03-05T15:10:09","date_gmt":"2024-03-05T14:10:09","guid":{"rendered":"https:\/\/kliniksanktmoritz.ch\/?page_id=11153"},"modified":"2024-03-05T15:12:08","modified_gmt":"2024-03-05T14:12:08","slug":"gimnasio","status":"publish","type":"page","link":"https:\/\/kliniksanktmoritz.ch\/es\/gimnasio\/","title":{"rendered":"GIMNASIO"},"content":{"rendered":"<section class=\"bde-section-11153-100 bde-section\">\n  \n  \n\t\n\n\n\n<div class=\"section-container\"><h1 class=\"bde-dual-heading-11153-101 bde-dual-heading\">\n\n\n            <span data-style=\"primary\" class=\"dual-heading--primary\">M\u00e1s informaci\u00f3n<\/span>\n\n            <span data-style=\"secondary\" class=\"dual-heading--secondary\">GIMNASIO<\/span>\n\n\n\n<\/h1><div class=\"bde-rich-text-11153-102 bde-rich-text breakdance-rich-text-styles\">\n<p>Aumente la fuerza de sus clientes con las soluciones de mejora m\u00e1s avanzadas.<\/p>\n<p>Podr\u00e1 ofrecer servicios m\u00e9dicos en colaboraci\u00f3n con una cl\u00ednica que permitir\u00e1 a sus clientes entrar en programas de longevidad.<\/p>\n<p>Nuestros protocolos se estudian, se prueban y se actualizan continuamente para mejorar el rendimiento de los pilotos que compiten en el Dakar o en la F\u00f3rmula 1.<\/p>\n<p>El mejor apoyo para mantener un entrenamiento intensivo. El Gemelo Digital registra toda la actividad f\u00edsica, los cambios corporales y, gracias a la medicina molecular, podemos elegir c\u00f3mo identificar con precisi\u00f3n el entrenamiento personalizado adecuado para el cliente.<\/p>\n<p>El Gemelo Digital, al monitorizar constantemente todos los datos, incluyendo dieta, suplementos, conformaci\u00f3n corporal y comportamiento metab\u00f3lico, sugiere siempre la mejor adaptaci\u00f3n basada en sus entrenadores personales y sus productos y servicios.<\/p>\n<p>Formaci\u00f3n de alto nivel con la certificaci\u00f3n correspondiente para sus entrenadores personales Para los entrenadores personales titulados, existe un m\u00e1ster de primer nivel Para los m\u00e9dicos de su plantilla, existe un m\u00e1ster de segundo nivel.<\/p>\n<\/div><\/div>\n<\/section>","protected":false},"excerpt":{"rendered":"<p>Learn About GYM Boost the strength of your clients with the most advanced enhancement solutions. You will be able to offer medical services in collaboration with a clinic that will allow your clients to enter longevity programs. Our protocols are studied, tested, and continuously updated to improve the performance of pilots racing in Dakar to [&hellip;]<\/p>\n","protected":false},"author":1,"featured_media":0,"parent":0,"menu_order":0,"comment_status":"closed","ping_status":"closed","template":"","meta":{"_acf_changed":false,"_breakdance_hide_in_design_set":false,"_breakdance_tags":"","footnotes":"","_wordproof_timestamp":false},"class_list":["post-11153","page","type-page","status-publish","hentry"],"acf":[],"_links":{"self":[{"href":"https:\/\/kliniksanktmoritz.ch\/es\/wp-json\/wp\/v2\/pages\/11153","targetHints":{"allow":["GET"]}}],"collection":[{"href":"https:\/\/kliniksanktmoritz.ch\/es\/wp-json\/wp\/v2\/pages"}],"about":[{"href":"https:\/\/kliniksanktmoritz.ch\/es\/wp-json\/wp\/v2\/types\/page"}],"author":[{"embeddable":true,"href":"https:\/\/kliniksanktmoritz.ch\/es\/wp-json\/wp\/v2\/users\/1"}],"replies":[{"embeddable":true,"href":"https:\/\/kliniksanktmoritz.ch\/es\/wp-json\/wp\/v2\/comments?post=11153"}],"version-history":[{"count":2,"href":"https:\/\/kliniksanktmoritz.ch\/es\/wp-json\/wp\/v2\/pages\/11153\/revisions"}],"predecessor-version":[{"id":11155,"href":"https:\/\/kliniksanktmoritz.ch\/es\/wp-json\/wp\/v2\/pages\/11153\/revisions\/11155"}],"wp:attachment":[{"href":"https:\/\/kliniksanktmoritz.ch\/es\/wp-json\/wp\/v2\/media?parent=11153"}],"curies":[{"name":"wp","href":"https:\/\/api.w.org\/{rel}","templated":true}]}}