{"id":11157,"date":"2024-03-05T15:13:51","date_gmt":"2024-03-05T14:13:51","guid":{"rendered":"https:\/\/kliniksanktmoritz.ch\/?page_id=11157"},"modified":"2025-05-27T20:51:43","modified_gmt":"2025-05-27T19:51:43","slug":"version-de-datos","status":"publish","type":"page","link":"https:\/\/kliniksanktmoritz.ch\/es\/version-de-datos\/","title":{"rendered":"Versi\u00f3n de los datos"},"content":{"rendered":"<section class=\"bde-section-11157-100 bde-section\">\n  \n  \n\t\n\n\n\n<div class=\"section-container\"><h1 class=\"bde-dual-heading-11157-101 bde-dual-heading\">\n\n\n            <span data-style=\"primary\" class=\"dual-heading--primary\">Gemelo digital<\/span>\n\n            <span data-style=\"secondary\" class=\"dual-heading--secondary\">Versi\u00f3n de los datos<\/span>\n\n\n\n<\/h1><div class=\"bde-rich-text-11157-102 bde-rich-text breakdance-rich-text-styles\">\n<h1>\ud83e\udde0 Digital Twin VERSI\u00d3N DE DATOS<\/h1>\n<h2>Tu cuerpo. Tus datos. Todo en el mismo sitio.<\/h2>\n<h5>Cada d\u00eda, tu cuerpo genera informaci\u00f3n:<br \/>\u00bfCu\u00e1nto <strong>dormir<\/strong><br \/>\u00bfCu\u00e1ntos <strong>pasos<\/strong> tomas<br \/>Su <strong>coraz\u00f3n<\/strong> tarifa<br \/><strong>Sangre<\/strong> resultados de las pruebas<br \/>Sangre <strong>presi\u00f3n<\/strong><br \/><strong>Estr\u00e9s<\/strong> niveles<br \/><strong>Calor\u00edas<\/strong> quemado<br \/>Son se\u00f1ales valiosas, pero a menudo est\u00e1n dispersas: una aplicaci\u00f3n para <strong>fitness<\/strong>otra para <strong>dormir<\/strong>otra para su <strong>resultados de laboratorio<\/strong>.Confuso. Incompleto. Dif\u00edcil de seguir.<\/h5>\n<h3><a href=\"https:\/\/kliniksanktmoritz.ch\/es\/producto\/version-de-datos-gemelos-digitales\/\">Tu salud, tus datos, tu energ\u00eda... por s\u00f3lo 50 francos suizos al mes.<\/a><br \/><br \/><\/h3>\n<h2>\ud83d\udcca Un \u00fanico cuadro de mandos para toda tu salud<\/h2>\n<h5>Digital Twin DATA lo re\u00fane todo.Se acabaron los saltos entre aplicaciones.Su <strong>smartwatches<\/strong>, <strong>wearables<\/strong>y <strong>m\u00e9dico<\/strong> Todos los dispositivos se sincronizan en un panel de control claro y sencillo.Es como un panel de control para tu salud.<br \/>No s\u00f3lo se ven \"n\u00fameros\", sino tendencias:<br \/>La relaci\u00f3n entre el sue\u00f1o y la vitamina D<br \/>C\u00f3mo afecta el estr\u00e9s a su <strong>creatinina<\/strong><br \/>C\u00f3mo <strong>alimentos<\/strong>el sue\u00f1o y el esfuerzo conforman tu cuerpo.<br \/>No se trata s\u00f3lo de datos. Es una imagen viva de c\u00f3mo funciona tu cuerpo.<\/h5>\n<h3><a href=\"https:\/\/kliniksanktmoritz.ch\/es\/producto\/version-de-datos-gemelos-digitales\/\">Tu salud, tus datos, tu energ\u00eda... por s\u00f3lo 50 francos suizos al mes.<\/a><\/h3>\n<h2>\ud83d\udd10 Ciberseguridad integrada. Porque tu salud es personal.<\/h2>\n<h5>Sus datos sanitarios son m\u00e1s valiosos que el dinero, y as\u00ed los tratamos.<br \/>\u2705 Almacenado en una nube privada y cifrada.<br \/>\u2705 S\u00f3lo t\u00fa tienes acceso<br \/>\u2705 Protegido contra p\u00e9rdidas, robos y manipulaciones.<br \/>\u2705 A salvo de hackers y fallos del sistema<br \/>\u2705 Se comparte f\u00e1cilmente - pero s\u00f3lo si quieres<br \/><br \/>Sus datos. Su control. Sus normas.<\/h5>\n<h2>\ud83d\udca1 \u00bfEn qu\u00e9 se diferencia Digital Twin de una historia cl\u00ednica?<\/h2>\n<h5>Los historiales m\u00e9dicos son est\u00e1ticos: una simple lista de revisiones pasadas.Digital Twin DATA est\u00e1 vivo.<br \/>Transforma la informaci\u00f3n m\u00e9dica en l\u00edneas de tiempo visuales:<br \/>Gr\u00e1ficos m\u00f3viles<br \/>Curvas conectadas<br \/>Comportamientos sanitarios a lo largo del tiempo<br \/>No se limita a recibir \"su an\u00e1lisis de sangre de marzo\".Ver\u00e1s c\u00f3mo evoluciona tu salud semana a semana y hacia d\u00f3nde se dirige.<br \/>Por ejemplo:\u00bfUna de las primeras se\u00f1ales de alarma de estr\u00e9s o enfermedad?Dormir menos.Pero un m\u00e9dico con un solo informe de laboratorio podr\u00eda pasarlo por alto.Con Digital Twin DATA, todo est\u00e1 conectado y las se\u00f1ales se detectan pronto.<\/h5>\n<h3><a href=\"https:\/\/kliniksanktmoritz.ch\/es\/producto\/version-de-datos-gemelos-digitales\/\">Tu salud, tus datos, tu energ\u00eda... por s\u00f3lo 50 francos suizos al mes.<\/a><\/h3>\n<h2>\ud83d\udd17 Se conecta con m\u00e1s de 300 dispositivos (y subiendo)<\/h2>\n<h5>Ya es compatible con:Apple Health, Google Fit, Garmin, Fitbit, Samsung Health, Oura, Polar, Dexcom, Strava, Whoop, Withings, MyFitnessPal, Huawei Health, Suunto, Omron, Zepp, Biostrap, Freestyle Libre, y m\u00e1s.<br \/>Pr\u00f3ximamente:Tesla, Peloton, Meta Quest, Calm, Zwift, iFit, Kindle, Headspace, UberEats, Muse, Lifesum, y otros.<\/h5>\n<h2>\ud83d\udd01 Todo conecta. Todo tiene sentido.<\/h2>\n<h5>\ud83d\udecc \u00bfDuermes menos?\ud83d\udcc9 \u00bfCambian los niveles sangu\u00edneos?\u26a0\ufe0f \u00bfAumenta el estr\u00e9s?<br \/>Su Gemelo Digital ve los patrones antes que usted.Y si usted lo decide, su m\u00e9dico puede actuar a tiempo, antes de que los problemas crezcan.<\/h5>\n<h5>\ud83c\udfaf \u00bfA qui\u00e9n va dirigido?<br \/>\u2705 <strong>Atletas<\/strong> y <strong>fitness<\/strong> amantes<br \/>\u2705 Personas con <strong>cr\u00f3nica<\/strong> condiciones<br \/>\u2705 Cualquiera que quiera <strong>prevenir<\/strong> enfermedad<br \/>\u2705 Cualquiera cansado de <strong>perdiendo<\/strong> su <strong>datos<\/strong> o <strong>malabares<\/strong> <strong>aplicaciones<\/strong><br \/>\u2705 Cualquiera que quiera <strong>claridad<\/strong>, <strong>control<\/strong>y <strong>protecci\u00f3n<\/strong><\/h5>\n<h2>\ud83d\udd35 Digital Twin VERSI\u00d3N DE DATOS<\/h2>\n<h2>Su <strong>cuerpo<\/strong>. Su <strong>n\u00fameros<\/strong>.Todo en uno <strong>seguro<\/strong> lugar - <strong>borrar<\/strong>, <strong>conectado<\/strong>y <strong>vivo<\/strong>.<\/h2>\n<h1><a href=\"https:\/\/kliniksanktmoritz.ch\/es\/producto\/version-de-datos-gemelos-digitales\/\">Tu salud, tus datos, tu energ\u00eda... por s\u00f3lo 50 francos suizos al mes.<\/a><\/h1>\n<\/div><img decoding=\"async\" class=\"bde-image2-11157-172 bde-image2\" src=\"https:\/\/kliniksanktmoritz.ch\/wp-content\/uploads\/2025\/05\/ChatGPT-Image-May-27-2025-11_47_45-AM.jpg\" loading=\"lazy\" srcset=\"https:\/\/kliniksanktmoritz.ch\/wp-content\/uploads\/2025\/05\/ChatGPT-Image-May-27-2025-11_47_45-AM.jpg 1024w, https:\/\/kliniksanktmoritz.ch\/wp-content\/uploads\/2025\/05\/ChatGPT-Image-May-27-2025-11_47_45-AM-200x300.jpg 200w, https:\/\/kliniksanktmoritz.ch\/wp-content\/uploads\/2025\/05\/ChatGPT-Image-May-27-2025-11_47_45-AM-683x1024.jpg 683w, https:\/\/kliniksanktmoritz.ch\/wp-content\/uploads\/2025\/05\/ChatGPT-Image-May-27-2025-11_47_45-AM-768x1152.jpg 768w, https:\/\/kliniksanktmoritz.ch\/wp-content\/uploads\/2025\/05\/ChatGPT-Image-May-27-2025-11_47_45-AM-8x12.jpg 8w, https:\/\/kliniksanktmoritz.ch\/wp-content\/uploads\/2025\/05\/ChatGPT-Image-May-27-2025-11_47_45-AM-128x192.jpg 128w, https:\/\/kliniksanktmoritz.ch\/wp-content\/uploads\/2025\/05\/ChatGPT-Image-May-27-2025-11_47_45-AM-600x900.jpg 600w\" sizes=\"(max-width: 1024px) 100vw, 1024px\" alt=\"\" title=\"\"><\/div>\n<\/section>","protected":false},"excerpt":{"rendered":"<p>Digital Twin Data Version \ud83e\udde0 Digital Twin DATA VERSION Your body. Your data. All in one place. Every day, your body generates information:How much you sleepHow many steps you takeYour heart rateBlood test resultsBlood pressureStress levelsCalories burnedThese are valuable signals, but they\u2019re often scattered \u2014 one app for fitness, another for sleep, yet another for [&hellip;]<\/p>\n","protected":false},"author":1,"featured_media":0,"parent":0,"menu_order":0,"comment_status":"closed","ping_status":"closed","template":"","meta":{"_acf_changed":false,"_breakdance_hide_in_design_set":false,"_breakdance_tags":"","footnotes":"","_wordproof_timestamp":false},"class_list":["post-11157","page","type-page","status-publish","hentry"],"acf":[],"_links":{"self":[{"href":"https:\/\/kliniksanktmoritz.ch\/es\/wp-json\/wp\/v2\/pages\/11157","targetHints":{"allow":["GET"]}}],"collection":[{"href":"https:\/\/kliniksanktmoritz.ch\/es\/wp-json\/wp\/v2\/pages"}],"about":[{"href":"https:\/\/kliniksanktmoritz.ch\/es\/wp-json\/wp\/v2\/types\/page"}],"author":[{"embeddable":true,"href":"https:\/\/kliniksanktmoritz.ch\/es\/wp-json\/wp\/v2\/users\/1"}],"replies":[{"embeddable":true,"href":"https:\/\/kliniksanktmoritz.ch\/es\/wp-json\/wp\/v2\/comments?post=11157"}],"version-history":[{"count":5,"href":"https:\/\/kliniksanktmoritz.ch\/es\/wp-json\/wp\/v2\/pages\/11157\/revisions"}],"predecessor-version":[{"id":20315,"href":"https:\/\/kliniksanktmoritz.ch\/es\/wp-json\/wp\/v2\/pages\/11157\/revisions\/20315"}],"wp:attachment":[{"href":"https:\/\/kliniksanktmoritz.ch\/es\/wp-json\/wp\/v2\/media?parent=11157"}],"curies":[{"name":"wp","href":"https:\/\/api.w.org\/{rel}","templated":true}]}}