{"id":11161,"date":"2024-03-05T15:15:20","date_gmt":"2024-03-05T14:15:20","guid":{"rendered":"https:\/\/kliniksanktmoritz.ch\/?page_id=11161"},"modified":"2024-03-05T15:15:54","modified_gmt":"2024-03-05T14:15:54","slug":"formacion","status":"publish","type":"page","link":"https:\/\/kliniksanktmoritz.ch\/es\/formacion\/","title":{"rendered":"Formaci\u00f3n"},"content":{"rendered":"<section class=\"bde-section-11161-100 bde-section\">\n  \n  \n\t\n\n\n\n<div class=\"section-container\"><h1 class=\"bde-dual-heading-11161-101 bde-dual-heading\">\n\n\n            <span data-style=\"primary\" class=\"dual-heading--primary  \">Learn About<\/span>\n\n            <span data-style=\"secondary\" class=\"dual-heading--secondary  \">Training<\/span>\n\n\n\n<\/h1><div class=\"bde-rich-text-11161-102 bde-rich-text breakdance-rich-text-styles\">\n<div class=\"flex-1 overflow-hidden\">\n<div class=\"react-scroll-to-bottom--css-rtnpk-79elbk h-full\">\n<div class=\"react-scroll-to-bottom--css-rtnpk-1n7m0yu\">\n<div class=\"flex flex-col text-sm pb-9\">\n<div class=\"w-full text-token-text-primary\" data-testid=\"conversation-turn-42\">\n<div class=\"px-4 py-2 justify-center text-base md:gap-6 m-auto\">\n<div class=\"flex flex-1 text-base mx-auto gap-3 md:px-5 lg:px-1 xl:px-5 md:max-w-3xl lg:max-w-[40rem] xl:max-w-[48rem] group final-completion\">\n<div class=\"relative flex w-full flex-col agent-turn\">\n<div class=\"flex-col gap-1 md:gap-3\">\n<div class=\"flex flex-grow flex-col max-w-full\">\n<div class=\"min-h-[20px] text-message flex flex-col items-start gap-3 whitespace-pre-wrap break-words [.text-message+&amp;]:mt-5 overflow-x-auto\" data-message-author-role=\"assistant\" data-message-id=\"69edf677-220b-455d-bd01-68a9e4b1151f\">\n<div class=\"markdown prose w-full break-words dark:prose-invert light\">\n<p>The Digital Twin is the fastest medical machine that uses artificial intelligence as its engine. In this winning paddock, besides us, the manufacturers, there are the pilots.<\/p>\n<\/div>\n<\/div>\n<\/div>\n<\/div>\n<\/div>\n<\/div>\n<\/div>\n<\/div>\n<\/div>\n<\/div>\n<\/div>\n<\/div>\n<\/div><\/div>\n<\/section>","protected":false},"excerpt":{"rendered":"<p>M\u00e1s informaci\u00f3n sobre la formaci\u00f3n El Digital Twin es la m\u00e1quina m\u00e9dica m\u00e1s r\u00e1pida que utiliza la inteligencia artificial como motor. En este paddock ganador, adem\u00e1s de nosotros, los fabricantes, est\u00e1n los pilotos.<\/p>","protected":false},"author":1,"featured_media":0,"parent":0,"menu_order":0,"comment_status":"closed","ping_status":"closed","template":"","meta":{"_acf_changed":false,"_breakdance_hide_in_design_set":false,"_breakdance_tags":"","footnotes":"","_wordproof_timestamp":false},"class_list":["post-11161","page","type-page","status-publish","hentry"],"acf":[],"_links":{"self":[{"href":"https:\/\/kliniksanktmoritz.ch\/es\/wp-json\/wp\/v2\/pages\/11161","targetHints":{"allow":["GET"]}}],"collection":[{"href":"https:\/\/kliniksanktmoritz.ch\/es\/wp-json\/wp\/v2\/pages"}],"about":[{"href":"https:\/\/kliniksanktmoritz.ch\/es\/wp-json\/wp\/v2\/types\/page"}],"author":[{"embeddable":true,"href":"https:\/\/kliniksanktmoritz.ch\/es\/wp-json\/wp\/v2\/users\/1"}],"replies":[{"embeddable":true,"href":"https:\/\/kliniksanktmoritz.ch\/es\/wp-json\/wp\/v2\/comments?post=11161"}],"version-history":[{"count":2,"href":"https:\/\/kliniksanktmoritz.ch\/es\/wp-json\/wp\/v2\/pages\/11161\/revisions"}],"predecessor-version":[{"id":11163,"href":"https:\/\/kliniksanktmoritz.ch\/es\/wp-json\/wp\/v2\/pages\/11161\/revisions\/11163"}],"wp:attachment":[{"href":"https:\/\/kliniksanktmoritz.ch\/es\/wp-json\/wp\/v2\/media?parent=11161"}],"curies":[{"name":"wp","href":"https:\/\/api.w.org\/{rel}","templated":true}]}}