{"id":11183,"date":"2024-03-05T15:24:01","date_gmt":"2024-03-05T14:24:01","guid":{"rendered":"https:\/\/kliniksanktmoritz.ch\/?page_id=11183"},"modified":"2024-09-18T19:33:59","modified_gmt":"2024-09-18T18:33:59","slug":"especialista-en-tecnologia-medica","status":"publish","type":"page","link":"https:\/\/kliniksanktmoritz.ch\/es\/especialista-en-tecnologia-medica\/","title":{"rendered":"Especialista en tecnolog\u00eda m\u00e9dica"},"content":{"rendered":"<section class=\"bde-section-11183-103 bde-section\">\n  \n  \n\t\n\n\n\n<div class=\"section-container\"><div class=\"bde-button-11183-104 bde-button\">\n        \n    \n    \n    \n    \n            \n                    \n            \n            \n\n    \n    \n    \n    \n    \n    <a class=\"breakdance-link button-atom button-atom--secondary bde-button__button\" href=\"https:\/\/kliniksanktmoritz.ch\/es\/producto\/medtech-specialist-eng\/\" target=\"_self\" data-type=\"url\"  >\n\n    \n        <span class=\"button-atom__text\">\/especialista en tecnolog\u00eda m\u00e9dica<\/span>\n\n        \n        \n                <\/a>\n\n    \n\n\n<\/div><div class=\"bde-columns-11183-105 bde-columns\"><div class=\"bde-column-11183-106 bde-column\">\n  \n  \n\t\n\n\n\n<h2 class=\"bde-dual-heading-11183-107 bde-dual-heading\">\n\n\n            <span data-style=\"primary\" class=\"dual-heading--primary\">El especialista en tecnolog\u00eda m\u00e9dica:<\/span>\n\n\n\n<\/h2><h2 class=\"bde-dual-heading-11183-115 bde-dual-heading\">\n\n\n            <span data-style=\"secondary\" class=\"dual-heading--secondary\"> Una profesi\u00f3n en crecimiento \ud83d\ude80<\/span>\n\n\n\n<\/h2><div class=\"bde-text-11183-108 bde-text\">\nCon los avances tecnol\u00f3gicos y el envejecimiento de la poblaci\u00f3n mundial, la demanda de asistencia sanitaria digital se est\u00e1 disparando. En particular, est\u00e1 surgiendo una nueva figura profesional: el configurador de dispositivos m\u00e9dicos, o especialista en tecnolog\u00eda m\u00e9dica, que desempe\u00f1a un papel crucial en el ecosistema de la sanidad digital.<br><br>El problema: productos sanitarios sin apoyo adecuado<br>En los \u00faltimos a\u00f1os, dispositivos como los smartwatches y los tensi\u00f3metros Bluetooth han inundado el mercado. Sin embargo, a menudo se tratan como simples electrodom\u00e9sticos. Un estudio de Fortune Business Insights predice que el mercado mundial de dispositivos m\u00e9dicos vestibles alcanzar\u00e1 los $139.700 millones en 2026, con una tasa de crecimiento anual del 24,7%.<br>A pesar de su uso generalizado, pocos vendedores entienden c\u00f3mo configurar y optimizar correctamente estas herramientas para favorecer la salud de los usuarios. La falta de formaci\u00f3n adecuada sobre dispositivos m\u00e9dicos crea una laguna cr\u00edtica, sobre todo si se tiene en cuenta que 42% de la poblaci\u00f3n mundial padece hipertensi\u00f3n, y muchos usuarios, sobre todo personas mayores, tienen incluso dificultades para leer las instrucciones de uso.\n<\/div><div class=\"bde-button-11183-109 bde-button\">\n        \n    \n    \n    \n    \n            \n                    \n            \n            \n\n    \n    \n    \n    \n    \n    <a class=\"breakdance-link button-atom button-atom--secondary bde-button__button\" href=\"https:\/\/kliniksanktmoritz.ch\/es\/clinicas\/\" target=\"_self\" data-type=\"url\"  >\n\n    \n        <span class=\"button-atom__text\">\/Digital Twin para cl\u00ednicas <\/span>\n\n        \n        \n                <\/a>\n\n    \n\n\n<\/div><div class=\"bde-button-11183-110 bde-button\">\n        \n    \n    \n    \n    \n            \n                    \n            \n            \n\n    \n    \n    \n    \n    \n    <a class=\"breakdance-link button-atom button-atom--secondary bde-button__button\" href=\"https:\/\/kliniksanktmoritz.ch\/es\/producto\/medtech-specialist-eng\/\" target=\"_self\" data-type=\"url\"  >\n\n    \n        <span class=\"button-atom__text\">\/se especializa en tecnolog\u00eda m\u00e9dica<\/span>\n\n        \n        \n                <\/a>\n\n    \n\n\n<\/div>\n<\/div><div class=\"bde-column-11183-111 bde-column\">\n  \n  \n\t\n\n\n\n<div class=\"bde-image-11183-112 bde-image\">\n<figure class=\"breakdance-image breakdance-image--12486\">\n\t<div class=\"breakdance-image-container\">\n\t\t<div class=\"breakdance-image-clip\"><img loading=\"lazy\" decoding=\"async\" class=\"breakdance-image-object\" src=\"https:\/\/kliniksanktmoritz.ch\/wp-content\/uploads\/2024\/09\/DALL\u00b7E-2024-09-18-20.32.57-A-vertical-image-showing-a-young-man-explaining-a-digital-twin-concept-to-a-50-year-old-man-in-a-lounge-suit.-They-are-interacting-with-a-smartphone-.webp\" width=\"1024\" height=\"1792\" srcset=\"https:\/\/kliniksanktmoritz.ch\/wp-content\/uploads\/2024\/09\/DALL\u00b7E-2024-09-18-20.32.57-A-vertical-image-showing-a-young-man-explaining-a-digital-twin-concept-to-a-50-year-old-man-in-a-lounge-suit.-They-are-interacting-with-a-smartphone-.webp 1024w, https:\/\/kliniksanktmoritz.ch\/wp-content\/uploads\/2024\/09\/DALL\u00b7E-2024-09-18-20.32.57-A-vertical-image-showing-a-young-man-explaining-a-digital-twin-concept-to-a-50-year-old-man-in-a-lounge-suit.-They-are-interacting-with-a-smartphone--171x300.webp 171w, https:\/\/kliniksanktmoritz.ch\/wp-content\/uploads\/2024\/09\/DALL\u00b7E-2024-09-18-20.32.57-A-vertical-image-showing-a-young-man-explaining-a-digital-twin-concept-to-a-50-year-old-man-in-a-lounge-suit.-They-are-interacting-with-a-smartphone--585x1024.webp 585w, https:\/\/kliniksanktmoritz.ch\/wp-content\/uploads\/2024\/09\/DALL\u00b7E-2024-09-18-20.32.57-A-vertical-image-showing-a-young-man-explaining-a-digital-twin-concept-to-a-50-year-old-man-in-a-lounge-suit.-They-are-interacting-with-a-smartphone--768x1344.webp 768w, https:\/\/kliniksanktmoritz.ch\/wp-content\/uploads\/2024\/09\/DALL\u00b7E-2024-09-18-20.32.57-A-vertical-image-showing-a-young-man-explaining-a-digital-twin-concept-to-a-50-year-old-man-in-a-lounge-suit.-They-are-interacting-with-a-smartphone--878x1536.webp 878w, https:\/\/kliniksanktmoritz.ch\/wp-content\/uploads\/2024\/09\/DALL\u00b7E-2024-09-18-20.32.57-A-vertical-image-showing-a-young-man-explaining-a-digital-twin-concept-to-a-50-year-old-man-in-a-lounge-suit.-They-are-interacting-with-a-smartphone--600x1050.webp 600w\" sizes=\"auto, (max-width: 1024px) 100vw, 1024px\" alt=\"\" title=\"\"><\/div>\n\t<\/div><\/figure>\n\n<\/div>\n<\/div><\/div><div class=\"bde-text-11183-113 bde-text\">\nKlinik Sankt Moritz: un nuevo modelo de sanidad digital<br>Me llamo Sergio d'Arpa y he fundado Klinik Sankt Moritz, la primera cl\u00ednica totalmente digital que integra inteligencia artificial (IA) para apoyar la salud preventiva. Mediante la recopilaci\u00f3n de datos de pacientes sanos, construimos su Gemelo Digital, lo que permite a la IA predecir futuras tendencias de salud.<br>Somos pioneros en el campo de la medicina digital. Ofrecemos consultas avanzadas para la configuraci\u00f3n de dispositivos m\u00e9dicos, desde la lectura de trazados card\u00edacos hasta la gesti\u00f3n de par\u00e1metros vitales como la presi\u00f3n arterial, con el objetivo de detectar signos precoces de afecciones como la depresi\u00f3n.<br><br>Oportunidad de mercado \ud83c\udf0d<br>El mercado mundial de dispositivos m\u00e9dicos es inmenso y crece r\u00e1pidamente. Seg\u00fan Statista, las ventas de dispositivos m\u00e9dicos conectados superar\u00e1n los 500 millones de unidades en 2028. Sin embargo, falta una red de profesionales especializados en la configuraci\u00f3n y el soporte posventa de estos dispositivos.<br>Klinik Sankt Moritz ofrece un servicio \u00fanico: no vendemos aparatos, sino conocimientos. Cada cliente puede comprar el aparato donde quiera, pero la configuraci\u00f3n y la asistencia para su uso pasan a ser cruciales. Esto representa una gran oportunidad para quienes se afilian a nosotros como configuradores de dispositivos m\u00e9dicos.<br><br>Convi\u00e9rtase en especialista en tecnolog\u00eda m\u00e9dica<br>Convertirse en afiliado de Klinik Sankt Moritz significa entrar en un mercado con un enorme potencial. Le ofrecemos:<br>- Formaci\u00f3n continua y personalizada, parcialmente financiada por la cl\u00ednica.<br>- Una plataforma tecnol\u00f3gica avanzada para gestionar clientes y servicios.<br>- Visibilidad en el mercado mundial y acceso a una red de clientes potenciales.<br><br>Posibles ingresos y condiciones \ud83d\udcbc<br>Ofrecemos consultor\u00eda remota para la configuraci\u00f3n de dispositivos, con una tarifa de 100 euros por hora. 70% del pago se asigna inmediatamente al configurador tras el pago del cliente. <br><br>El futuro de la medicina digital<br><br>El futuro de la medicina est\u00e1 cambiando r\u00e1pidamente. Ya no es necesario someterse a ex\u00e1menes invasivos como la colonoscopia para el cribado del colon, que ahora puede realizarse mediante el an\u00e1lisis de prote\u00ednas en la sangre a miles de kil\u00f3metros de distancia. La medicina predictiva y la recopilaci\u00f3n de datos en tiempo real est\u00e1n transformando el enfoque m\u00e9dico, ofreciendo nuevas oportunidades profesionales a quienes est\u00e9n dispuestos a aprovecharlas.<br><br>Las publicaciones cient\u00edficas aumentan a un ritmo exponencial, creando un flujo constante de nuevos conocimientos que aplicar. Entrar hoy en este campo significa situarse a la vanguardia de la revoluci\u00f3n m\u00e9dica.<br><br>Conclusi\u00f3n<br>El configurador de dispositivos m\u00e9dicos es una profesi\u00f3n emergente que responde a una necesidad real del mercado sanitario mundial. Klinik Sankt Moritz le ofrece la oportunidad de formar parte de esta revoluci\u00f3n. Convi\u00e9rtase ahora en un experto en MedTech y contribuya a dar forma al futuro de la asistencia sanitaria. \ud83d\ude80<br>\n<\/div><div class=\"bde-button-11183-114 bde-button\">\n        \n    \n    \n    \n    \n            \n                    \n            \n            \n\n    \n    \n    \n    \n    \n    <a class=\"breakdance-link button-atom button-atom--secondary bde-button__button\" href=\"https:\/\/kliniksanktmoritz.ch\/es\/producto\/medtech-specialist-eng\/\" target=\"_self\" data-type=\"url\"  >\n\n    \n        <span class=\"button-atom__text\">\/se especializa en tecnolog\u00eda m\u00e9dica<\/span>\n\n        \n        \n                <\/a>\n\n    \n\n\n<\/div><\/div>\n<\/section>","protected":false},"excerpt":{"rendered":"<p>\/became Medtech specialist The MedTech Specialist: A Growing Profession \ud83d\ude80 With technological advancements and the ageing global population, the demand for digital healthcare is skyrocketing. In particular, a new professional role is emerging: the medical device configurator, or MedTech Specialist, who plays a crucial role in the digital healthcare ecosystem.The Problem: Medical Devices Without Adequate [&hellip;]<\/p>\n","protected":false},"author":1,"featured_media":0,"parent":0,"menu_order":0,"comment_status":"closed","ping_status":"closed","template":"","meta":{"_acf_changed":false,"_breakdance_hide_in_design_set":false,"_breakdance_tags":"","footnotes":"","_wordproof_timestamp":false},"class_list":["post-11183","page","type-page","status-publish","hentry"],"acf":[],"_links":{"self":[{"href":"https:\/\/kliniksanktmoritz.ch\/es\/wp-json\/wp\/v2\/pages\/11183","targetHints":{"allow":["GET"]}}],"collection":[{"href":"https:\/\/kliniksanktmoritz.ch\/es\/wp-json\/wp\/v2\/pages"}],"about":[{"href":"https:\/\/kliniksanktmoritz.ch\/es\/wp-json\/wp\/v2\/types\/page"}],"author":[{"embeddable":true,"href":"https:\/\/kliniksanktmoritz.ch\/es\/wp-json\/wp\/v2\/users\/1"}],"replies":[{"embeddable":true,"href":"https:\/\/kliniksanktmoritz.ch\/es\/wp-json\/wp\/v2\/comments?post=11183"}],"version-history":[{"count":5,"href":"https:\/\/kliniksanktmoritz.ch\/es\/wp-json\/wp\/v2\/pages\/11183\/revisions"}],"predecessor-version":[{"id":12487,"href":"https:\/\/kliniksanktmoritz.ch\/es\/wp-json\/wp\/v2\/pages\/11183\/revisions\/12487"}],"wp:attachment":[{"href":"https:\/\/kliniksanktmoritz.ch\/es\/wp-json\/wp\/v2\/media?parent=11183"}],"curies":[{"name":"wp","href":"https:\/\/api.w.org\/{rel}","templated":true}]}}