{"id":12849,"date":"2024-10-23T13:45:19","date_gmt":"2024-10-23T12:45:19","guid":{"rendered":"https:\/\/kliniksanktmoritz.ch\/imprint\/"},"modified":"2024-10-23T13:45:19","modified_gmt":"2024-10-23T12:45:19","slug":"imprimir","status":"publish","type":"page","link":"https:\/\/kliniksanktmoritz.ch\/es\/imprimir\/","title":{"rendered":"Pie de imprenta"},"content":{"rendered":"<!-- Legal document generated by Complianz | GDPR\/CCPA Cookie Consent https:\/\/wordpress.org\/plugins\/complianz-gdpr -->\n<div id=\"cmplz-document\" class=\"cmplz-document impressum cmplz-document-all\"><p><i>Este aviso legal \/ pie de imprenta fue actualizado por \u00faltima vez el octubre 23, 2024.<\/i><\/p><p class=\"cmplz-subtitle\">El propietario de esta web es:<\/p><p>Klinik Sankt Moritz AG<br>Via del Bagn 12 St. Moritz 7500, Schweiz<br>Suiza<br>Correo electr\u00f3nico:&nbsp;<span class=\"cmplz-obfuscate\">i&#110;&#102;&#111;@<span class=\"cmplz-fmail-domain\">ex.&#099;o&#109;<\/span>&#107;&#108;in&#105;&#107;sa&#110;&#107;&#116;&#109;&#111;&#114;&#105;t&#122;&#046;&#099;h<\/span><br>N\u00famero de tel\u00e9fono +39 327 269 4150<br>CIF (N\u00famero de IVA): CHE-190.003.705<\/p><p class=\"cmplz-subtitle\">El\/Los representante\/s legal\/es de Klinik Sankt Moritz AG:<\/p><p>Sergio Darpa<\/p><h2>1. General<\/h2><p class=\"cmplz-subtitle\">1.1 Estamos registrados en Zuoz bajo el n\u00famero de licencia o registro:<\/p><p><\/p><p>No estamos dispuestos ni obligados a participar en procedimientos de resoluci\u00f3n de conflictos ante una junta de arbitraje de consumo.<\/p><h2>2. La siguiente informaci\u00f3n es obligatoria seg\u00fan la legislaci\u00f3n alemana.<\/h2><p class=\"cmplz-subtitle\">2.1 Ponemos a su disposici\u00f3n contenidos period\u00edsticos y redaccionales.<\/p><p>Por lo tanto, debemos conocer el nombre y la direcci\u00f3n de la persona a la que se refiere este sitio web:<br \/><br \/>Verantwortlich f\u00fcr den Inhalt nach \u00a7 18 Abs. 2 MStV ist 2 MStV ist: Sergio Darpa aus Italy.<\/p><\/div>","protected":false},"excerpt":{"rendered":"","protected":false},"author":1,"featured_media":0,"parent":0,"menu_order":0,"comment_status":"closed","ping_status":"closed","template":"","meta":{"_acf_changed":false,"_breakdance_hide_in_design_set":false,"_breakdance_tags":"","footnotes":"","_wordproof_timestamp":false},"class_list":["post-12849","page","type-page","status-publish","hentry"],"acf":[],"_links":{"self":[{"href":"https:\/\/kliniksanktmoritz.ch\/es\/wp-json\/wp\/v2\/pages\/12849","targetHints":{"allow":["GET"]}}],"collection":[{"href":"https:\/\/kliniksanktmoritz.ch\/es\/wp-json\/wp\/v2\/pages"}],"about":[{"href":"https:\/\/kliniksanktmoritz.ch\/es\/wp-json\/wp\/v2\/types\/page"}],"author":[{"embeddable":true,"href":"https:\/\/kliniksanktmoritz.ch\/es\/wp-json\/wp\/v2\/users\/1"}],"replies":[{"embeddable":true,"href":"https:\/\/kliniksanktmoritz.ch\/es\/wp-json\/wp\/v2\/comments?post=12849"}],"version-history":[{"count":0,"href":"https:\/\/kliniksanktmoritz.ch\/es\/wp-json\/wp\/v2\/pages\/12849\/revisions"}],"wp:attachment":[{"href":"https:\/\/kliniksanktmoritz.ch\/es\/wp-json\/wp\/v2\/media?parent=12849"}],"curies":[{"name":"wp","href":"https:\/\/api.w.org\/{rel}","templated":true}]}}