{"id":17066,"date":"2025-02-26T09:11:00","date_gmt":"2025-02-26T08:11:00","guid":{"rendered":"https:\/\/kliniksanktmoritz.ch\/?page_id=17066"},"modified":"2025-05-14T15:14:52","modified_gmt":"2025-05-14T14:14:52","slug":"worldmedcert","status":"publish","type":"page","link":"https:\/\/kliniksanktmoritz.ch\/es\/worldmedcert\/","title":{"rendered":"Certificado M\u00e9dico Mundial"},"content":{"rendered":"<section class=\"bde-section-17066-100 bde-section\">\n  \n  \n\t\n\n\n\n<div class=\"section-container\"><h1 class=\"bde-dual-heading-17066-101 bde-dual-heading\">\n\n\n            <span data-style=\"primary\" class=\"dual-heading--primary\">Mundo<\/span>\n\n            <span data-style=\"secondary\" class=\"dual-heading--secondary\">MED<\/span>\n\n            <span data-style=\"primary\" class=\"dual-heading--primary\">Cert<\/span>\n\n\n\n<\/h1><\/div>\n<\/section><section class=\"bde-section-17066-102 bde-section\">\n  \n  \n\t\n\n\n\n<div class=\"section-container\"><div class=\"bde-rich-text-17066-103 bde-rich-text breakdance-rich-text-styles\">\n<h2 data-start=\"170\" data-end=\"277\">\ud83c\udf10 <strong data-start=\"173\" data-end=\"214\">World Med Cert por la Klinik Sankt Moritz<\/strong><br data-start=\"214\" data-end=\"217\" \/><strong data-start=\"217\" data-end=\"277\">Certificaci\u00f3n mundial para profesionales de la salud y el bienestar<\/strong><\/h2>\n<p data-start=\"129\" data-end=\"422\">\ud83c\udf0d <strong data-start=\"132\" data-end=\"189\">Convi\u00e9rtete en quien realmente eres. Deja que el mundo lo reconozca.<\/strong><br data-start=\"189\" data-end=\"192\" \/><strong data-start=\"192\" data-end=\"233\">World Med Cert por la Klinik Sankt Moritz<\/strong> es m\u00e1s que una certificaci\u00f3n: es un s\u00edmbolo de excelencia, confianza y credibilidad mundial.<br data-start=\"322\" data-end=\"325\" \/>En una \u00e9poca en la que todo puede cuestionarse, su identidad profesional debe brillar con certeza.<\/p>\n<p data-start=\"424\" data-end=\"680\">Has estudiado. Has curado. Has transformado vidas.<br data-start=\"483\" data-end=\"486\" \/>Ahora es el momento de hacer que su historia sea visible e innegable.<br data-start=\"542\" data-end=\"545\" \/>Con nuestra certificaci\u00f3n, no s\u00f3lo demuestra sus cualificaciones, sino que se une a un ecosistema global basado en la integridad y la experiencia verificada.<\/p>\n<p data-start=\"682\" data-end=\"721\">\ud83d\udca0 <strong data-start=\"685\" data-end=\"721\">Elige tu camino hacia el reconocimiento:<\/strong><\/p>\n<p data-start=\"723\" data-end=\"853\"><a href=\"https:\/\/kliniksanktmoritz.ch\/es\/worldmedcert\/medicos-mds-dos-01\/\">\ud83d\udc68\u200d\u2695\ufe0f <strong data-start=\"729\" data-end=\"756\">M\u00e9dicos (MD\/DO)<\/strong><\/a><br data-start=\"756\" data-end=\"759\" \/>Muestre sus credenciales con una certificaci\u00f3n protegida por blockchain y un perfil p\u00fablico verificado.<\/p>\n<p data-start=\"855\" data-end=\"976\">\ud83e\ude7a <strong data-start=\"858\" data-end=\"895\">Profesionales sanitarios aliados (AHP)<\/strong><br data-start=\"895\" data-end=\"898\" \/>Aproveche las oportunidades internacionales con una identidad digital cre\u00edble y verificada.<\/p>\n<p data-start=\"978\" data-end=\"1096\">\ud83e\udde0 <strong data-start=\"981\" data-end=\"1016\">Especialistas en salud mental<\/strong><br data-start=\"1016\" data-end=\"1019\" \/>Aumente su autoridad y confianza tanto en los espacios terap\u00e9uticos en l\u00ednea como en los presenciales.<\/p>\n<p data-start=\"1098\" data-end=\"1240\">\ud83d\udc86\u200d\u2642\ufe0f <strong data-start=\"1104\" data-end=\"1152\">Profesionales de medicina complementaria y del bienestar (CWP)<\/strong><br data-start=\"1152\" data-end=\"1155\" \/>Destaque en un mercado saturado con una validaci\u00f3n prestigiosa y respetada internacionalmente.<\/p>\n<p data-start=\"1242\" data-end=\"1364\">\ud83c\udfe5 <strong data-start=\"1245\" data-end=\"1277\">Cl\u00ednicas y centros m\u00e9dicos<\/strong><br data-start=\"1277\" data-end=\"1280\" \/>Atraiga a pacientes y socios de todo el mundo con un equipo respaldado por la excelencia certificada.<\/p>\n<p data-start=\"1366\" data-end=\"1428\">\ud83d\udcac <em data-start=\"1369\" data-end=\"1428\">\"No es s\u00f3lo lo que haces. Es c\u00f3mo te ve el mundo\".<\/em><\/p>\n<p data-start=\"1430\" data-end=\"1502\">\u2728 <strong data-start=\"1432\" data-end=\"1502\">Certifique su valor. Ampl\u00ede su alcance. Ejerza con confianza mundial.<\/strong><\/p>\n<p>\u00a0<\/p>\n<\/div><\/div>\n<\/section><section class=\"bde-section-17066-104 bde-section\">\n  \n  \n\t\n\n\n\n<div class=\"section-container\"><div class=\"bde-columns-17066-105 bde-columns\"><div class=\"bde-column-17066-106 bde-column\">\n  \n  \n\t\n\n\n\n<div class=\"bde-pricing-table-17066-107 bde-pricing-table bde-pricing-table--featured\">\n\n  <div class=\"bde-pricing-table__accent-label\" >   \n    <span>Ejemplo<\/span> \n  <\/div>\n\n\n  <div class=\"bde-pricing-table__title\" >\n    Un ejemplo de m\u00e9dico en l\u00ednea\n  <\/div>\n\n\n<div class='bde-pricing-table__price-area'>\n\n  \n  <div class=\"bde-pricing-table__price-area--amount-and-period-wrapper\">\n\n    <div class=\"bde-pricing-table__price-area--amount\">\n      <span class=\"bde-pricing-table__price-area--amount-currency\" >\n        \n      <\/span>\n      <span class=\"bde-pricing-table__price-area--amount-number\">\n        <span class=\"bde-pricing-table__price-area--amount-number-main\" >\n          \n        <\/span>\n              <\/span>\n    <\/div>\n\n    \n  <\/div>\n\n  <\/div>\n\n\n\n  <div class=\"bde-pricing-table__description\" >\n    Usted y sus datos sobre Klinik Sankt Moritz<br>URL oficial<br>kliniksanktmoritz.ch\/md\/jane-doe\n  <\/div>\n\n\n        \n    \n    \n    \n    \n            \n                    \n            \n            \n\n    \n    \n    \n    \n    \n    <a class=\"breakdance-link button-atom button-atom--primary bde-pricing-table__cta-button\" href=\"https:\/\/kliniksanktmoritz.ch\/es\/md\/jane-doe\/\" target=\"_blank\" data-type=\"url\"  >\n\n    \n        <span class=\"button-atom__text\">hacer una prueba<\/span>\n\n        \n        \n                <\/a>\n\n    \n\n\n<\/div>\n<\/div><div class=\"bde-column-17066-108 bde-column\">\n  \n  \n\t\n\n\n\n<div class=\"bde-pricing-table-17066-109 bde-pricing-table bde-pricing-table--featured\">\n\n  <div class=\"bde-pricing-table__accent-label\" >   \n    <span>libro gratuito<\/span> \n  <\/div>\n\n\n  <div class=\"bde-pricing-table__title\" >\n    Por qu\u00e9 la certificaci\u00f3n digital es esencial para los profesionales m\u00e9dicos de hoy en d\u00eda \n  <\/div>\n\n\n<div class='bde-pricing-table__price-area'>\n\n  \n  <div class=\"bde-pricing-table__price-area--amount-and-period-wrapper\">\n\n    <div class=\"bde-pricing-table__price-area--amount\">\n      <span class=\"bde-pricing-table__price-area--amount-currency\" >\n        \n      <\/span>\n      <span class=\"bde-pricing-table__price-area--amount-number\">\n        <span class=\"bde-pricing-table__price-area--amount-number-main\" >\n          \n        <\/span>\n              <\/span>\n    <\/div>\n\n    \n  <\/div>\n\n  <\/div>\n\n\n\n  <div class=\"bde-pricing-table__description\" >\n    \" T\u00cdTULO DE M\u00c9DICO EN L\u00cdNEA<br>OFRECE LA CERTIFICACI\u00d3N<br>NIVEL DE SEGURIDAD PROFESIONAL,<br>PROPORCIONAR UNA \"GARRAPATA AZUL\" CIENT\u00cdFICA<br>PARA LAS REDES SOCIALES E INTERNET\".\n  <\/div>\n\n\n        \n    \n    \n    \n    \n            \n                    \n            \n            \n\n    \n    \n    \n    \n    \n    <a class=\"breakdance-link button-atom button-atom--primary bde-pricing-table__cta-button\" href=\"https:\/\/kliniksanktmoritz.ch\/wp-content\/uploads\/2024\/11\/Why-Digital-Certification-is-Essential-for-Todays-Medical-Professionals-ver-1.0.pdf\" target=\"_self\" data-type=\"url\"  >\n\n    \n        <span class=\"button-atom__text\">Descargar<\/span>\n\n        \n        \n                <\/a>\n\n    \n\n\n<\/div>\n<\/div><div class=\"bde-column-17066-110 bde-column\">\n  \n  \n\t\n\n\n\n\n<\/div><div class=\"bde-column-17066-111 bde-column\">\n  \n  \n\t\n\n\n\n<div class=\"bde-pricing-table-17066-112 bde-pricing-table bde-pricing-table--featured\">\n\n  <div class=\"bde-pricing-table__accent-label\" >   \n    <span>libro gratuito<\/span> \n  <\/div>\n\n\n  <div class=\"bde-pricing-table__title\" >\n    Gemelos digitales en sanidad\n  <\/div>\n\n\n<div class='bde-pricing-table__price-area'>\n\n  \n  <div class=\"bde-pricing-table__price-area--amount-and-period-wrapper\">\n\n    <div class=\"bde-pricing-table__price-area--amount\">\n      <span class=\"bde-pricing-table__price-area--amount-currency\" >\n        \n      <\/span>\n      <span class=\"bde-pricing-table__price-area--amount-number\">\n        <span class=\"bde-pricing-table__price-area--amount-number-main\" >\n          \n        <\/span>\n              <\/span>\n    <\/div>\n\n    \n  <\/div>\n\n  <\/div>\n\n\n\n  <div class=\"bde-pricing-table__description\" >\n    \"LOS DATOS BIOM\u00c9TRICOS PROCEDEN DE UN<br>VARIEDAD DE DISPOSITIVOS, CADA UNO DE LOS CUALES PROPORCIONA<br>INFORMACI\u00d3N ESPEC\u00cdFICA SOBRE EL<br>ESTADO DE SALUD DEL PACIENTE\".\n  <\/div>\n\n\n        \n    \n    \n    \n    \n            \n                    \n            \n            \n\n    \n    \n    \n    \n    \n    <a class=\"breakdance-link button-atom button-atom--primary bde-pricing-table__cta-button\" href=\"https:\/\/kliniksanktmoritz.ch\/wp-content\/uploads\/2024\/11\/Digital-Twin-in-Healthcare-Caldelari.pdf\" target=\"_self\" data-type=\"url\"  >\n\n    \n        <span class=\"button-atom__text\">Descargar<\/span>\n\n        \n        \n                <\/a>\n\n    \n\n\n<\/div>\n<\/div><\/div><div class=\"bde-fancy-divider-17066-113 bde-fancy-divider\">\n\n\n<div class=\"bde-fancy-divider__wrapper\">\n  <div class=\"bde-fancy-divider__separator\">\n  \t  <\/div>\n<\/div>\n\n<\/div><div class=\"bde-fancy-divider-17066-114 bde-fancy-divider\">\n\n\n<div class=\"bde-fancy-divider__wrapper\">\n  <div class=\"bde-fancy-divider__separator\">\n  \t  <\/div>\n<\/div>\n\n<\/div><\/div>\n<\/section>","protected":false},"excerpt":{"rendered":"<p>World MED Cert \ud83c\udf10 World Med Cert by Klinik Sankt MoritzGlobal Certification for Health &amp; Wellness Professionals \ud83c\udf0d Become Who You Truly Are. Let the World Recognize It.World Med Cert by Klinik Sankt Moritz is more than a certification\u2014it\u2019s a symbol of excellence, trust, and global credibility.In an era where anything can be questioned, your [&hellip;]<\/p>\n","protected":false},"author":2,"featured_media":0,"parent":0,"menu_order":0,"comment_status":"closed","ping_status":"closed","template":"","meta":{"_acf_changed":false,"_breakdance_hide_in_design_set":false,"_breakdance_tags":"","footnotes":"","_wordproof_timestamp":false},"class_list":["post-17066","page","type-page","status-publish","hentry"],"acf":[],"_links":{"self":[{"href":"https:\/\/kliniksanktmoritz.ch\/es\/wp-json\/wp\/v2\/pages\/17066","targetHints":{"allow":["GET"]}}],"collection":[{"href":"https:\/\/kliniksanktmoritz.ch\/es\/wp-json\/wp\/v2\/pages"}],"about":[{"href":"https:\/\/kliniksanktmoritz.ch\/es\/wp-json\/wp\/v2\/types\/page"}],"author":[{"embeddable":true,"href":"https:\/\/kliniksanktmoritz.ch\/es\/wp-json\/wp\/v2\/users\/2"}],"replies":[{"embeddable":true,"href":"https:\/\/kliniksanktmoritz.ch\/es\/wp-json\/wp\/v2\/comments?post=17066"}],"version-history":[{"count":5,"href":"https:\/\/kliniksanktmoritz.ch\/es\/wp-json\/wp\/v2\/pages\/17066\/revisions"}],"predecessor-version":[{"id":19892,"href":"https:\/\/kliniksanktmoritz.ch\/es\/wp-json\/wp\/v2\/pages\/17066\/revisions\/19892"}],"wp:attachment":[{"href":"https:\/\/kliniksanktmoritz.ch\/es\/wp-json\/wp\/v2\/media?parent=17066"}],"curies":[{"name":"wp","href":"https:\/\/api.w.org\/{rel}","templated":true}]}}